{"id":1558,"date":"2017-09-21T17:20:14","date_gmt":"2017-09-21T15:20:14","guid":{"rendered":"https:\/\/unser-quartier.de\/oberhausen\/?page_id=1558"},"modified":"2018-08-02T14:42:12","modified_gmt":"2018-08-02T12:42:12","slug":"ziel","status":"publish","type":"page","link":"https:\/\/unser-quartier.de\/oberhausen\/ueber-uns\/ziel\/","title":{"rendered":"Ziel"},"content":{"rendered":"<blockquote>\n<p>Stadtteile sollen f\u00fcr \u00e4ltere Menschen attraktiv bleiben und werden. Dies kann durch ein aktives Miteinander von Jung und Alt gelingen. Eine Hilfe soll dieses B\u00fcrgerportal bilden.<\/p>\n<\/blockquote>\n<p><strong>Das Quartier, der Stadtteil<\/strong> ein sich st\u00e4ndig ver\u00e4ndernden Lebensraum, der sich durch die Bed\u00fcrfnisse der Bewohner entwickelt. \u00a0Das Viertel ist ein \u00fcberschaubarer, kein fest umschriebener Raum. In der \u00e4lter werdenden Gesellschaft kommen durch &#8222;Neues&#8220; und &#8222;Unbekanntes&#8220; \u00c4ngste auf. Der Wunsch\u00a0 so lange wie m\u00f6glich oder bis zum Ende in den eigenen vier W\u00e4nden zu verbleiben, muss keine Utopie bleiben. Die Zukunft gemeinsam mit weiteren engagierten B\u00fcrgern mitzugestalten, von der anonymen Stadtgesellschaft zum nachbarschaftlichen Miteinander ist der Vorsatz. \u00a0<\/p>\n<h2><strong><em>Quartiere sind, neben der eigenen Wohnung, die wichtigsten Aktionsr\u00e4ume f\u00fcr \u00e4ltere Menschen! <\/em><\/strong><\/h2>\n<p><strong>Ziel \u00a0ist es,\u00a0<\/strong>bei dem sich abzeichnenden Pflegenotstand f\u00fcr die Senioren eine neue Art moderner Nachbarschaftshilfe zu schaffen. Die Gemeinschaft und die gegenseitige Hilfe der B\u00fcrger in sozialen Belangen ist und wird zuk\u00fcnftig notwendiger werden. Erg\u00e4nzend zu den bereits vorhandenen Angeboten in der Stadt, sollen Leistungsangebote initiiert, gef\u00f6rdert, selbst erstellt und gef\u00fchrt werden. Mit diesen Anregungen kann und soll ein generations- \u00fcbergreifendes Miteinander und ein breites b\u00fcrgerschaft\u00adliches Engagement gef\u00f6rdert und verstetigt werden.\u00a0<\/p>\n<p><strong>Zielgruppe\u00a0<\/strong>ist vorrangig die immer gr\u00f6\u00dfer werdende Gruppe der \u00e4lteren Bev\u00f6lkerung in den Quartieren und deren Angeh\u00f6rigen. Damit sind gleichzeitig im weitesten Sinne, Kinder, Enkel, Freunde, Nachbarn, insbesondere Jugendliche Mitglieder\u00a0 &#8211; Taschengeldb\u00f6rse \u2013 \u00a0Erwachsene, juristische Personen und rechtsf\u00e4hige Personenvereinigungen \u00a0als bereits bestehende Anbieter von Angeboten, angesprochen mitzuarbeiten.<\/p>\n<p><strong>Diese Plattform<\/strong> soll eine Angebots- und eine Beratungstransparenz in und aus den Stadtteilen bieten. Nur durch vielf\u00e4ltige Mitarbeit aller Interessierten kann die Idee umgesetzt, gepflegt und weiterentwickelt werden. Dienste m\u00fcssen nicht nur angeboten auch angefordert werden. Wir wollen nicht allein auf Angebote warten. Wir m\u00f6chten gleichzeitig die M\u00f6glichkeit der Diskussion bieten.\u00a0<\/p>\n<h2><em><strong>Wie wollen wir im Alter leben?<\/strong><\/em><\/h2>\n<p>Das virtuelle\u00a0 Angebot auf der Homepage \u00fcbernimmt im ersten Schritt bestehende Angebote aus dem <a href=\"https:\/\/www.oberhausen.de\/de\/index\/rathaus\/verwaltung\/familie-bildung-soziales\/soziales\/aeltere-menschen-pflegebeduerftige-und-behinderte-menschen\/material_altenhilfe\/aelter_in_oberhausen.pdf\" class=\"mtli_attachment mtli_pdf ext-link wpel-icon-right\" data-wpel-link=\"external\" target=\"_self\" rel=\"nofollow external noopener noreferrer\" title=\"Externer Link: Wegweiser f\u00fcr \u00e4ltere Menschen und ihre Angeh\u00f6rigen der Stadt Oberhausen\">Wegweiser f\u00fcr \u00e4ltere Menschen und ihre Angeh\u00f6rigen der Stadt Oberhausen<span class=\"wpel-icon wpel-image wpel-icon-6\"><\/span><\/a>\u00a0Aktuelle Beitr\u00e4ge und Hinweise auf Veranstaltungen f\u00f6rdern die Akzeptanz f\u00fcr die digitale Information und die Stadtteile. <strong>Helfen Sie mit, diese Plattform attraktiv zu gestalten, nehmen sie <a href=\"https:\/\/unser-quartier.de\/oberhausen\/kontakt\/\" target=\"_blank\" rel=\"noopener\" data-wpel-link=\"internal\">Kontakt<\/a> auf.<\/strong>\u00a0Die Pflege der Homepage und die Beitr\u00e4ge sollen auf Dauer durch ehrenamtliche Mitglieder\u00a0 gew\u00e4hrleistet werden. Damit dies gelingt, ist ein gemeinn\u00fctziger Verein in der Projektphase zu gr\u00fcnden.<\/p>\n<p>Mitgetragen wird der Aufbau als Betreiber der Seite durch das Kuratorium Deutscher Altershilfe (KDA). Zugesagt\u00a0 wurde die Mitarbeit der Stadt Oberhausen\u00a0und der Quartiersmanager der vier Einrichtungen in:<\/p>\n<ol>\n<li><strong>Schmachtendorf\/K\u00f6nigshardt &#8211;\u00a0<a href=\"http:\/\/www.awo-oberhausen.de\/quartiersentwicklung-hermann-und-luise-albertz-wohndorf.html\" target=\"_blank\" rel=\"noopener nofollow external noreferrer\" data-wpel-link=\"external\" title=\"Externer Link: Julius-Brecht Anger &#8211;\" class=\"ext-link wpel-icon-right\">Julius-Brecht Anger &#8211;<span class=\"wpel-icon wpel-image wpel-icon-6\"><\/span><\/a><\/strong><\/li>\n<li><strong>Sterkrade S\u00fcd &#8211;<\/strong>\u00a0<a href=\"http:\/\/www.gute-hoffnung.de\/quartier\" target=\"_blank\" rel=\"noopener nofollow external noreferrer\" data-wpel-link=\"external\" title=\"Externer Link: &lt;strong&gt;Das Quartier der Guten Hoffnung&lt;\/strong&gt;\" class=\"ext-link wpel-icon-right\"><strong>Das Quartier der Guten Hoffnung<\/strong><span class=\"wpel-icon wpel-image wpel-icon-6\"><\/span><\/a><\/li>\n<li><strong>Oberhausen-Ost &#8211; <a href=\"https:\/\/unser-quartier.de\/oberhausen\/adresse\/knappenviertel-leben-im-pott\/\" target=\"_blank\" rel=\"noopener\" data-wpel-link=\"internal\">Knappenviertel\u00a0-Leben im Pott &#8211;<\/a>\u00a0<\/strong><\/li>\n<li><strong>Alstaden &#8211; <a href=\"https:\/\/unser-quartier.de\/oberhausen\/orte\/drk-seniorenresidenz\/\" target=\"_blank\" rel=\"noopener\" data-wpel-link=\"internal\">Senioren-Residenz Grenzstra\u00dfe &#8211;<\/a><\/strong><\/li>\n<\/ol>\n<h2><em>\u00a0<\/em><strong><em>Menschen<\/em><\/strong><\/h2>\n<p><strong>\u00a0<em>brauchen <\/em><\/strong><\/p>\n<ul>\n<li>ihre vertrautes Wohnumfeld<\/li>\n<li>Kontakt mit vertrauten Personen<\/li>\n<li>Sicherheit und Geborgenheit<\/li>\n<li>verst\u00e4ndnisvolle, sensible und informierte Menschen<\/li>\n<\/ul>\n<p><strong><em>m\u00f6chten <\/em><\/strong><\/p>\n<ul>\n<li>ihre vorhandenen F\u00e4higkeiten erhalten<\/li>\n<li>m\u00f6glichst lange selbst\u00e4ndig bleiben<\/li>\n<li>ihren gewohnten Alltag leben<\/li>\n<li>keine exklusiven Angebote sondern inklusive Angebote<\/li>\n<li>umfassende gesellschaftliche Teilhabe<\/li>\n<\/ul>\n<p><strong><em>Ver- und vorsorgende An- und Zugeh\u00f6rige w\u00fcnschen\u00a0 <\/em><\/strong><\/p>\n<ul>\n<li>Verst\u00e4ndnis<\/li>\n<li>Entlastung<\/li>\n<li>Unterst\u00fctzung und Beratung<\/li>\n<\/ul>\n<h2><em><strong>Gestalten Sie Ihre Zukunft mit, engagieren Sie sich f\u00fcr ein lebenswertes Quartier. Wir warten auf Sie!<\/strong><\/em><\/h2>\n","protected":false},"excerpt":{"rendered":"<p>Stadtteile sollen f\u00fcr \u00e4ltere Menschen attraktiv bleiben und werden. Dies kann durch ein aktives Miteinander von Jung und Alt gelingen. Eine Hilfe soll dieses B\u00fcrgerportal bilden. Das Quartier, der Stadtteil ein sich st\u00e4ndig ver\u00e4ndernden Lebensraum, der sich durch die Bed\u00fcrfnisse der Bewohner entwickelt. \u00a0Das Viertel ist ein \u00fcberschaubarer, kein fest umschriebener Raum. In der \u00e4lter&hellip; <a class=\"continue\" href=\"https:\/\/unser-quartier.de\/oberhausen\/ueber-uns\/ziel\/\" data-wpel-link=\"internal\"> \u00bb weiterlesen: <span> Ziel<\/span><\/a><\/p>\n","protected":false},"author":612,"featured_media":0,"parent":18,"menu_order":1,"comment_status":"closed","ping_status":"closed","template":"","meta":{"_monsterinsights_skip_tracking":false,"_monsterinsights_sitenote_active":false,"_monsterinsights_sitenote_note":"","_monsterinsights_sitenote_category":0,"generate_page_header":"","footnotes":""},"class_list":["post-1558","page","type-page","status-publish"],"_links":{"self":[{"href":"https:\/\/unser-quartier.de\/oberhausen\/wp-json\/wp\/v2\/pages\/1558","targetHints":{"allow":["GET"]}}],"collection":[{"href":"https:\/\/unser-quartier.de\/oberhausen\/wp-json\/wp\/v2\/pages"}],"about":[{"href":"https:\/\/unser-quartier.de\/oberhausen\/wp-json\/wp\/v2\/types\/page"}],"author":[{"embeddable":true,"href":"https:\/\/unser-quartier.de\/oberhausen\/wp-json\/wp\/v2\/users\/612"}],"replies":[{"embeddable":true,"href":"https:\/\/unser-quartier.de\/oberhausen\/wp-json\/wp\/v2\/comments?post=1558"}],"version-history":[{"count":0,"href":"https:\/\/unser-quartier.de\/oberhausen\/wp-json\/wp\/v2\/pages\/1558\/revisions"}],"up":[{"embeddable":true,"href":"https:\/\/unser-quartier.de\/oberhausen\/wp-json\/wp\/v2\/pages\/18"}],"wp:attachment":[{"href":"https:\/\/unser-quartier.de\/oberhausen\/wp-json\/wp\/v2\/media?parent=1558"}],"curies":[{"name":"wp","href":"https:\/\/api.w.org\/{rel}","templated":true}]}}