{"id":1561,"date":"2017-09-21T18:04:08","date_gmt":"2017-09-21T16:04:08","guid":{"rendered":"https:\/\/unser-quartier.de\/oberhausen\/?page_id=1561"},"modified":"2020-11-11T15:54:42","modified_gmt":"2020-11-11T14:54:42","slug":"redaktionsstatut","status":"publish","type":"page","link":"https:\/\/unser-quartier.de\/oberhausen\/ueber-uns\/redaktionsstatut\/","title":{"rendered":"Redaktion"},"content":{"rendered":"<blockquote>\n<p>Die Plattform ist grunds\u00e4tzlich offen f\u00fcr alle Beitr\u00e4ge, Termine und Anbieter, die f\u00fcr die Bewohner\/innen im Quartier relevant sind. Wir erkennen das Internet als einen nicht rechtsfreien Raum an und beachten stets die in Deutschland geltende Rechts- und Gesetzeslage.<\/p>\n<\/blockquote>\n<p><strong>Die Online-Redaktion<\/strong> betreut alle inhaltlichen Bereiche des Portals. Dabei bewahren wir stets das Recht am eigenen Bild und Text und verwenden ausschlie\u00dflich selbst erstelltes, frei verwendbares oder uns zur Verf\u00fcgung gestelltes Material. Inhaltliche Beitr\u00e4ge werden nur von der Redaktion ver\u00f6ffentlicht. \u00a0Beitr\u00e4ge werden in einer Redaktion vorgestellt und abgesprochen, ein <a href=\"https:\/\/unser-quartier.de\/oberhausen\/?page_id=1629&amp;preview=true\" data-wpel-link=\"internal\">vorl\u00e4ufiges Redaktionsstatut<\/a> ist\u00a0 erarbeitet.\u00a0F\u00fcr unsere laufenden Ausgaben haben wir ein Girokonto bei der ING-DiBa eingerichtet:<\/p>\n<p><strong>BIC<\/strong> INGDDEFFXXX\u00a0 \u00a0<strong>IBAN<\/strong> DE88 5001 0517 5429 2071 45<strong>\u00a0 Unterst\u00fctzung erw\u00fcnscht!<\/strong><\/p>\n<blockquote>\n<p><strong>Wir laden jeden zur Mitarbeit ein, Vorkenntnisse sind nicht erforderlich<\/strong><\/p>\n<\/blockquote>\n<p><strong>Ein Beirat<\/strong>\u00a0sollte der Online-Redaktion aus je einem Kooperationsmitglied und einem Mitglied aus dem Bereich der Anbieter zur Seite stehen.<\/p>\n","protected":false},"excerpt":{"rendered":"<p>Die Plattform ist grunds\u00e4tzlich offen f\u00fcr alle Beitr\u00e4ge, Termine und Anbieter, die f\u00fcr die Bewohner\/innen im Quartier relevant sind. Wir erkennen das Internet als einen nicht rechtsfreien Raum an und beachten stets die in Deutschland geltende Rechts- und Gesetzeslage. Die Online-Redaktion betreut alle inhaltlichen Bereiche des Portals. Dabei bewahren wir stets das Recht am eigenen&hellip; <a class=\"continue\" href=\"https:\/\/unser-quartier.de\/oberhausen\/ueber-uns\/redaktionsstatut\/\" data-wpel-link=\"internal\"> \u00bb weiterlesen: <span> Redaktion<\/span><\/a><\/p>\n","protected":false},"author":612,"featured_media":1134,"parent":18,"menu_order":2,"comment_status":"closed","ping_status":"closed","template":"","meta":{"_monsterinsights_skip_tracking":false,"_monsterinsights_sitenote_active":false,"_monsterinsights_sitenote_note":"","_monsterinsights_sitenote_category":0,"generate_page_header":"","footnotes":""},"class_list":["post-1561","page","type-page","status-publish","has-post-thumbnail"],"_links":{"self":[{"href":"https:\/\/unser-quartier.de\/oberhausen\/wp-json\/wp\/v2\/pages\/1561","targetHints":{"allow":["GET"]}}],"collection":[{"href":"https:\/\/unser-quartier.de\/oberhausen\/wp-json\/wp\/v2\/pages"}],"about":[{"href":"https:\/\/unser-quartier.de\/oberhausen\/wp-json\/wp\/v2\/types\/page"}],"author":[{"embeddable":true,"href":"https:\/\/unser-quartier.de\/oberhausen\/wp-json\/wp\/v2\/users\/612"}],"replies":[{"embeddable":true,"href":"https:\/\/unser-quartier.de\/oberhausen\/wp-json\/wp\/v2\/comments?post=1561"}],"version-history":[{"count":0,"href":"https:\/\/unser-quartier.de\/oberhausen\/wp-json\/wp\/v2\/pages\/1561\/revisions"}],"up":[{"embeddable":true,"href":"https:\/\/unser-quartier.de\/oberhausen\/wp-json\/wp\/v2\/pages\/18"}],"wp:featuredmedia":[{"embeddable":true,"href":"https:\/\/unser-quartier.de\/oberhausen\/wp-json\/wp\/v2\/media\/1134"}],"wp:attachment":[{"href":"https:\/\/unser-quartier.de\/oberhausen\/wp-json\/wp\/v2\/media?parent=1561"}],"curies":[{"name":"wp","href":"https:\/\/api.w.org\/{rel}","templated":true}]}}