{"id":1629,"date":"2017-10-07T18:09:19","date_gmt":"2017-10-07T16:09:19","guid":{"rendered":"https:\/\/unser-quartier.de\/oberhausen\/?page_id=1629"},"modified":"2017-12-17T18:22:54","modified_gmt":"2017-12-17T17:22:54","slug":"redaktionsstatut-buerger-fuer-buergern","status":"publish","type":"page","link":"https:\/\/unser-quartier.de\/oberhausen\/ueber-uns\/redaktionsstatut\/redaktionsstatut-buerger-fuer-buergern\/","title":{"rendered":"Redaktionsstatut  \u201eAktiv Altern in Oberhausen\u201c"},"content":{"rendered":"<ul>\n<li>1 DAS REDAKTIONSSTATUT<\/li>\n<\/ul>\n<p>(1) Das Redaktionsstatut \u00a0\u201eAktiv Altern in Oberhausen\u201c, regelt die Beziehungen zwischen Redaktion, Redaktionsbeirat und \u00a0Verantwortlichem nach \u00a7 5 Telemediengesetz der Homepage. \u00a0<u>h<\/u><u>tt<\/u><u>p<\/u><u>s:\/\/unser-quartier.de\/oberhausen\/impressum\/<\/u> und Betreiber.<\/p>\n<p>(2) Das Statut ist in seiner jeweiligen Fassung vertraglicher Bestandteil der freien Mitarbeiter und freien AutorInnen (im Folgenden: RedakteurInnen).<\/p>\n<p>(3) Inhalt und Geltungsdauer dieses Statuts werden durch \u00c4nderungen in den Eigentums- und Besitzverh\u00e4ltnissen des Betreibers der Homepage nicht ber\u00fchrt.<\/p>\n<ul>\n<li>2 SELBSTVERST\u00c4NDNIS<\/li>\n<\/ul>\n<p>(1) Die Homepage ist parteipolitisch unabh\u00e4ngig. Sie versteht sich vorrangig als digitales Medium f\u00fcr die B\u00fcrger der Stadt Oberhausen und die nachbarschaftlichen Quartiere.<\/p>\n<p>(2) Die RedaktuerInnen engagieren sich f\u00fcr eine kritische \u00d6ffentlichkeit, ein nachbarschaftliches Zusammenwachsen und einen Zusammenhalt der B\u00fcrger.<\/p>\n<p>(3) Sie treten ein f\u00fcr die Entwicklung \u00a0altersgerechter Quartiere und artikulieren insbesondere die Stimmen, die gegen\u00fcber den Ratsparteien, Pflegekassen und anderen Kostentr\u00e4gern kein Geh\u00f6r finden.<\/p>\n<p>(4) Die Redaktion ist der wahrheitsgetreuen Berichterstattung verpflichtet. Sie gibt den Beitr\u00e4gen ihrer RedakteurInnen besonderes Gewicht.<\/p>\n<p>(5) Die Redaktion weist jede Einflussnahme, jeden Druck seitens einzelner Personen, politischer Parteien, Unternehmen, \u00f6konomisch, religi\u00f6s oder ideologisch orientierter Gruppen zur\u00fcck.<\/p>\n<p>(6) In der \u00dcberzeugung, dass aus kommunaler, Landes, \u00a0deutscher und auch aus europ\u00e4ischer Sicht allein die soziale Welt nicht ad\u00e4quat beschrieben werden kann, haben Inlands- und Europathemen in der Berichterstattung den gleichen Rang.<\/p>\n<ul>\n<li>3 GRUNDS\u00c4TZE DER REDAKTIONELLEN ARBEIT<\/li>\n<\/ul>\n<p>(1) Im Rahmen der unter \u00a7 1 und 2 genannten Ma\u00dfgaben gestaltet die Redaktion die Homepage frei und selbstst\u00e4ndig.<\/p>\n<p>(2) Kein Redakteur und keine Redakteurin darf gezwungen werden, beim Schreiben eine andere Meinung als die eigene zu vertreten oder gegen die eigene \u00dcberzeugung zu bebildern oder zu schreiben.<\/p>\n<p>(3) Ansichten von Redaktionsmitgliedern, die den in der Redaktion jeweils vorherrschenden Sichtweisen zuwider laufen, werden respektiert. In der Kommentierung finden auch Minderheitsmeinungen innerhalb der Redaktion ihren Platz.<\/p>\n<p>(4) Die Themen und Inhalte der \u00a0aktuellen Beitr\u00e4ge werden auf der Redaktionskonferenz diskutiert. In Konfliktf\u00e4llen liegt die letzte Entscheidung bei dem Verantwortlichen nach \u00a7 55 Abs. 2 Rundfunkstaatsvertrag (RStV); er verantwortet den redaktionellen Teil<strong><em>.<\/em><\/strong><\/p>\n<p>(5) Anzeigenorientierte Online-Beitr\u00e4ge sind als solche kenntlich zu machen und vom redaktionellen Teil deutlich zu trennen.<\/p>\n<p>(6) Ort und Zeit etc. regelt bei Bedarf eine zu erstellende Redaktions-Ordnung<\/p>\n<ul>\n<li>4 DER BEIRAT<\/li>\n<\/ul>\n<p>(1) Der Beirat f\u00fcr die Homepage \u201eB\u00fcrger f\u00fcr B\u00fcrgern\u201c besteht aus bis zu drei Mitgliedern. Er soll das Bindeglied zwischen Redaktion und Anbieter sein.<\/p>\n<p>(2) Der Vorstand des Vereins beruft und\/oder entl\u00e4sst die Mitglieder des Beirates. Er ber\u00e4t sich dar\u00fcber vorher vertraulich mit den anderen Mitgliedern.<\/p>\n<p>(3) Sieht die Redaktion seitens des Beirates bzw. einzelner Mitglieder dauerhafte Verst\u00f6\u00dfe gegen die in \u00a7 2 des Redaktionsstatuts beschriebene publizistische Grundrichtung, hat sie mit einer Ank\u00fcndigungsfrist von mindestens drei Tagen eine au\u00dferordentliche \u00a0Versammlung einzuberufen. Stimmen bei der Versammlung mindestens zwei Drittel der an der Abstimmung teilnehmenden bzw. die vertretenen RedakteurInnen f\u00fcr die Absetzung des Beirates bzw. einzelner Mitglieder, hat der Vorstand die Betreffenden umgehend abzuberufen.<\/p>\n<p>Oberhausen, im Februar\u00a0 \u00a0 2018<\/p>\n","protected":false},"excerpt":{"rendered":"<p>1 DAS REDAKTIONSSTATUT (1) Das Redaktionsstatut \u00a0\u201eAktiv Altern in Oberhausen\u201c, regelt die Beziehungen zwischen Redaktion, Redaktionsbeirat und \u00a0Verantwortlichem nach \u00a7 5 Telemediengesetz der Homepage. \u00a0https:\/\/unser-quartier.de\/oberhausen\/impressum\/ und Betreiber. (2) Das Statut ist in seiner jeweiligen Fassung vertraglicher Bestandteil der freien Mitarbeiter und freien AutorInnen (im Folgenden: RedakteurInnen). (3) Inhalt und Geltungsdauer dieses Statuts werden durch \u00c4nderungen&hellip; <a class=\"continue\" href=\"https:\/\/unser-quartier.de\/oberhausen\/ueber-uns\/redaktionsstatut\/redaktionsstatut-buerger-fuer-buergern\/\" data-wpel-link=\"internal\"> \u00bb weiterlesen: <span> Redaktionsstatut  \u201eAktiv Altern in Oberhausen\u201c<\/span><\/a><\/p>\n","protected":false},"author":612,"featured_media":0,"parent":1561,"menu_order":0,"comment_status":"closed","ping_status":"closed","template":"","meta":{"_monsterinsights_skip_tracking":false,"_monsterinsights_sitenote_active":false,"_monsterinsights_sitenote_note":"","_monsterinsights_sitenote_category":0,"generate_page_header":"","footnotes":""},"class_list":["post-1629","page","type-page","status-publish"],"_links":{"self":[{"href":"https:\/\/unser-quartier.de\/oberhausen\/wp-json\/wp\/v2\/pages\/1629","targetHints":{"allow":["GET"]}}],"collection":[{"href":"https:\/\/unser-quartier.de\/oberhausen\/wp-json\/wp\/v2\/pages"}],"about":[{"href":"https:\/\/unser-quartier.de\/oberhausen\/wp-json\/wp\/v2\/types\/page"}],"author":[{"embeddable":true,"href":"https:\/\/unser-quartier.de\/oberhausen\/wp-json\/wp\/v2\/users\/612"}],"replies":[{"embeddable":true,"href":"https:\/\/unser-quartier.de\/oberhausen\/wp-json\/wp\/v2\/comments?post=1629"}],"version-history":[{"count":0,"href":"https:\/\/unser-quartier.de\/oberhausen\/wp-json\/wp\/v2\/pages\/1629\/revisions"}],"up":[{"embeddable":true,"href":"https:\/\/unser-quartier.de\/oberhausen\/wp-json\/wp\/v2\/pages\/1561"}],"wp:attachment":[{"href":"https:\/\/unser-quartier.de\/oberhausen\/wp-json\/wp\/v2\/media?parent=1629"}],"curies":[{"name":"wp","href":"https:\/\/api.w.org\/{rel}","templated":true}]}}