{"id":3188,"date":"2018-06-25T19:27:39","date_gmt":"2018-06-25T17:27:39","guid":{"rendered":"https:\/\/unser-quartier.de\/oberhausen\/?page_id=3188"},"modified":"2024-05-27T16:35:50","modified_gmt":"2024-05-27T14:35:50","slug":"links-zu","status":"publish","type":"page","link":"https:\/\/unser-quartier.de\/oberhausen\/links\/links-zu\/","title":{"rendered":"weiterf\u00fchrende  L I N K S"},"content":{"rendered":"\n<p>&nbsp;<\/p>\n<h1>Organisationen<\/h1>\n<h2>Beratung &#8211; Info<\/h2>\n<h3><a href=\"https:\/\/www.arzt-auskunft.de\/\" target=\"_blank\" rel=\"noopener nofollow external noreferrer\" data-wpel-link=\"external\" title=\"Externer Link: Arztsuche\u00a0 und mehr\" class=\"ext-link wpel-icon-right\">Arztsuche\u00a0 und mehr<span class=\"wpel-icon wpel-image wpel-icon-6\"><\/span><\/a><\/h3>\n<h3>Pflege-Beratungsstellen (kostenlos) in Ihrer N\u00e4he\u00a0 &gt;&gt;<a href=\"https:\/\/www.zqp.de\/beratung-pflege\/#\/home\" target=\"_blank\" rel=\"noopener nofollow external noreferrer\" data-wpel-link=\"external\" title=\"Externer Link: &gt; HIER &lt;\" class=\"ext-link wpel-icon-right\">&gt; HIER &lt;<span class=\"wpel-icon wpel-image wpel-icon-6\"><\/span><\/a>&lt;&lt;<\/h3>\n<h3>Reisen\u00a0 <b>bedeutet Lebenslust<\/b> pur!<\/h3>\n<p>Wer auf Hilfe oder Pflege angewiesen ist, glaubt oft nicht daran, dass Verreisen mit so stark gesundheitlicher Einschr\u00e4nkung \u00fcberhaupt m\u00f6glich ist. Die Sorgen gelten oft der <b>notwendigen Begleitung,<\/b> der <b>Barrierefreiheit<\/b> bei Reisen im Rollstuhl und einer machbaren <b>Pflege vor Ort.<\/b> Oder der extra Ausstattungen, wie <b>Dialysem\u00f6glichkeit oder Sauerstoffger\u00e4ten<\/b> und vor allem den <b>finanziellen Kosten<\/b> einer solchen Reise. <a href=\"https:\/\/reisemaulwurf.de\/reiseberatung\/\" target=\"_blank\" rel=\"noopener nofollow external noreferrer\" data-wpel-link=\"external\" title=\"Externer Link: Der Reisemaulwurf\" class=\"ext-link wpel-icon-right\">Der Reisemaulwurf<span class=\"wpel-icon wpel-image wpel-icon-6\"><\/span><\/a> hat jede Menge Urlaubsangebote<\/p>\n<h2><a name=\"_Toc517715804\"><\/a>der Pflegekassen<\/h2>\n<p>Sie informiert n\u00e4her \u00fcber Pflegeheime und ambulante Pflegedienste<\/p>\n<h3>Der\u00a0<strong><a href=\"https:\/\/www.pflege-navigator.de\/\" data-wpel-link=\"external\" target=\"_self\" rel=\"nofollow external noopener noreferrer\" title=\"Externer Link: Gesundheitsnavigator der\" class=\"ext-link wpel-icon-right\">Gesundheitsnavigator der<span class=\"wpel-icon wpel-image wpel-icon-6\"><\/span><\/a> AOK<\/strong>\u00a0<\/h3>\n<h3>der\u00a0<strong><a href=\"http:\/\/www.bkk-pflegefinder.de\/\" data-wpel-link=\"external\" target=\"_self\" rel=\"nofollow external noopener noreferrer\" title=\"Externer Link: BKK-Pflegefinder\" class=\"ext-link wpel-icon-right\">BKK-Pflegefinder<span class=\"wpel-icon wpel-image wpel-icon-6\"><\/span><\/a><\/strong>,<\/h3>\n<h3>der <strong><a href=\"http:\/\/www.der-pflegekompass.de\/\" data-wpel-link=\"external\" target=\"_self\" rel=\"nofollow external noopener noreferrer\" title=\"Externer Link: Pflegekompass\" class=\"ext-link wpel-icon-right\">Pflegekompass<span class=\"wpel-icon wpel-image wpel-icon-6\"><\/span><\/a> der Bundes-Knappschaft<\/strong><\/h3>\n<h3><strong>Verband Der Ersatz-Kassen-<a href=\"http:\/\/www.pflegelotse.de\/\" data-wpel-link=\"external\" target=\"_self\" rel=\"nofollow external noopener noreferrer\" title=\"Externer Link: Pflegelotse\" class=\"ext-link wpel-icon-right\">Pflegelotse<span class=\"wpel-icon wpel-image wpel-icon-6\"><\/span><\/a><\/strong><\/h3>\n<p>Informationen zu den\u00a0<strong><a href=\"https:\/\/www.gkv-spitzenverband.de\/pflegeversicherung\/qualitaet_in_der_pflege\/pflegenoten\/pflegenoten.jsp\" data-wpel-link=\"external\" target=\"_self\" rel=\"nofollow external noopener noreferrer\" title=\"Externer Link: MdK-Pflegenoten\u00a0\" class=\"ext-link wpel-icon-right\">MdK-Pflegenoten\u00a0<span class=\"wpel-icon wpel-image wpel-icon-6\"><\/span><\/a><\/strong><\/p>\n<h2><a name=\"_Toc517715805\"><\/a>Selbsthilfe<\/h2>\n<h3><a href=\"http:\/\/www.biva.de\" target=\"_blank\" rel=\"noopener noreferrer nofollow external\" data-wpel-link=\"external\" title=\"Externer Link: &lt;strong&gt;BIVA&lt;\/strong&gt;\" class=\"ext-link wpel-icon-right\"><strong>BIVA<\/strong><span class=\"wpel-icon wpel-image wpel-icon-6\"><\/span><\/a> Interessenvertretung f\u00fcr alte und pflegebed\u00fcrftige Menschen<\/h3>\n<h3><a href=\"https:\/\/unser-quartier.de\/oberhausen\/2021\/03\/news-maerz-2021\/\" target=\"_blank\" rel=\"noopener\" data-wpel-link=\"internal\"><strong>Gruppenangebote in Ihrer N\u00e4he!\u00a0<\/strong>\u00a0<\/a><\/h3>\n<p>Pflegeselbsthilfegruppen bieten Personen, die selbst pflegebed\u00fcrftig sind oder Angeh\u00f6rige pflegen, eine M\u00f6glichkeit sich auszutauschen. Mehr als 290 aktive Gruppenangebote, vom klassischen Gespr\u00e4chskreis bis zum Bewegungs- und Kreativangeboten werden angeboten. Einige der Gruppen sind angeleitet, andere finden selbstorganisiert statt. Finden Sie kein Angebot in Ihrer N\u00e4he, fragen Sie gezielt in Ihrer Kommune nach, beim Sozialamt, dem Seniorenb\u00fcro, den <a href=\"https:\/\/unser-quartier.de\/oberhausen\/senioren-in-den-kommunen\/seniorenvertretung\/\" target=\"_blank\" rel=\"noopener\" data-wpel-link=\"internal\">Seniorenvertretungen<\/a> oder den Seniorenorganisationen der Parteien.<\/p>\n<h3><strong><a href=\"http:\/\/www.heim-mitwirkung.de\/\" data-wpel-link=\"external\" target=\"_self\" rel=\"nofollow external noopener noreferrer\" title=\"Externer Link: Heimmitwirkung\" class=\"ext-link wpel-icon-right\">Heimmitwirkung<span class=\"wpel-icon wpel-image wpel-icon-6\"><\/span><\/a><\/strong> viele\u00a0hilfreiche Links rund um Pflege und Heimaufenthalte<\/h3>\n<h3><a href=\"https:\/\/pflegeselbsthilfe.de\/kops\" target=\"_blank\" rel=\"noopener nofollow external noreferrer\" data-wpel-link=\"external\" title=\"Externer Link: Kontaktb\u00fcros &#8211; Pflegeselbsthilfe in NRW\" class=\"ext-link wpel-icon-right\">Kontaktb\u00fcros &#8211; Pflegeselbsthilfe in NRW<span class=\"wpel-icon wpel-image wpel-icon-6\"><\/span><\/a><\/h3>\n<h3><a href=\"http:\/\/selbsthilfe-oberhausen.org\/content\/\" data-wpel-link=\"external\" target=\"_self\" rel=\"nofollow external noopener noreferrer\" title=\"Externer Link: Selbsthilfekontaktstelle\" class=\"ext-link wpel-icon-right\">Selbsthilfekontaktstelle<span class=\"wpel-icon wpel-image wpel-icon-6\"><\/span><\/a> Oberhausen<\/h3>\n<h3>Seniorenvertretung in NRW <a href=\"https:\/\/lsv-nrw.de\/seniorenvertretungen-in-nrw\" target=\"_blank\" rel=\"noopener nofollow external noreferrer\" data-wpel-link=\"external\" title=\"Externer Link: &#8211; \u00dcbersicht &#8211;\" class=\"ext-link wpel-icon-right\">&#8211; \u00dcbersicht &#8211;<span class=\"wpel-icon wpel-image wpel-icon-6\"><\/span><\/a><\/h3>\n<h3>Sicher online &#8211; <a href=\"https:\/\/www.silver-tipps.de\" target=\"_blank\" rel=\"noopener noreferrer nofollow external\" data-wpel-link=\"external\" title=\"Externer Link: Silver Tipps\" class=\"ext-link wpel-icon-right\">Silver Tipps<span class=\"wpel-icon wpel-image wpel-icon-6\"><\/span><\/a> &#8211;<\/h3>\n<h2><a name=\"_Toc517715806\"><\/a>Staatliche Institutionen\u00a0<\/h2>\n<h3><a href=\"https:\/\/www.unfallkasse-nrw.de\" target=\"_blank\" rel=\"noopener noreferrer nofollow external\" data-wpel-link=\"external\" title=\"Externer Link: Unfallkasse des Landes NRW\" class=\"ext-link wpel-icon-right\">Unfallkasse des Landes NRW<span class=\"wpel-icon wpel-image wpel-icon-6\"><\/span><\/a>\u00a0 \u00a0Informationen Rund um die Pflege und Versicherungsschutz f\u00fcr <a href=\"https:\/\/unser-quartier.de\/oberhausen\/2018\/10\/sind-pflegende-angehoerige-versichert\/\" target=\"_blank\" rel=\"noopener noreferrer\" data-wpel-link=\"internal\">pflegende An- und Zugeh\u00f6rige<\/a><\/h3>\n<h3>Das\u00a0<strong>Bundesministerium f\u00fcr Familie, <a href=\"https:\/\/www.bmfsfj.de\/bmfsfj\/themen\/aeltere-menschen\" data-wpel-link=\"external\" target=\"_self\" rel=\"nofollow external noopener noreferrer\" title=\"Externer Link: Senioren,\" class=\"ext-link wpel-icon-right\">Senioren,<span class=\"wpel-icon wpel-image wpel-icon-6\"><\/span><\/a> Frauen und Jugend\u00a0<\/strong>(BMFSFJ)<\/h3>\n<h3>Das Bundesministerium (BMFSFJ) informiert \u00fcber\u00a0<strong><a href=\"https:\/\/www.serviceportal-zuhause-im-alter.de\/\" data-wpel-link=\"external\" target=\"_self\" rel=\"nofollow external noopener noreferrer\" title=\"Externer Link: Zu Hause im Alter.\u00a0\" class=\"ext-link wpel-icon-right\">Zu Hause im Alter.\u00a0<span class=\"wpel-icon wpel-image wpel-icon-6\"><\/span><\/a><\/strong><\/h3>\n<ul>\n<li>Fragen zu Organisation der Pflege, zur Familienpflegezeit oder Vermittlung des richtigen Ansprechpartners vor Ort \u00a0<a href=\"https:\/\/www.wege-zur-pflege.de\/start.html\" data-wpel-link=\"external\" target=\"_self\" rel=\"nofollow external noopener noreferrer\" title=\"Externer Link: \u201eWege zur Pflege\u201c\" class=\"ext-link wpel-icon-right\">\u201eWege zur Pflege\u201c<span class=\"wpel-icon wpel-image wpel-icon-6\"><\/span><\/a><\/li>\n<\/ul>\n<ul>\n<li>Das\u00a0<strong><a href=\"https:\/\/www.bundesgesundheitsministerium.de\/\" data-wpel-link=\"external\" target=\"_self\" rel=\"nofollow external noopener noreferrer\" title=\"Externer Link: Bundesgesundheitsministerium(BMG\" class=\"ext-link wpel-icon-right\">Bundesgesundheitsministerium(BMG<span class=\"wpel-icon wpel-image wpel-icon-6\"><\/span><\/a><\/strong>)\u00a0 \u00a0Minister Spahn<\/li>\n<li>Der\u00a0<strong><a href=\"http:\/\/www.bmjv.de\/DE\/Startseite\/Startseite_node.html\" target=\"_blank\" rel=\"noopener noreferrer nofollow external\" data-wpel-link=\"external\" title=\"Externer Link: Verbraucherschutz \" class=\"ext-link wpel-icon-right\">Verbraucherschutz <span class=\"wpel-icon wpel-image wpel-icon-6\"><\/span><\/a><\/strong>\u00a0 -neu &#8211; beim Bundesministerium der Justiz und f\u00fcr Verbraucherschutz Ministerin Barly.<\/li>\n<\/ul>\n<h3>WTG-Beh\u00f6rde\u00a0 fr\u00fcher Heimaufsicht<\/h3>\n<p>Suchen Sie nach Ort und Postleitzahl\u00a0 <a href=\"https:\/\/www.socialnet.de\/branchenbuch\/2227.php\" target=\"_blank\" rel=\"noopener noreferrer nofollow external\" data-wpel-link=\"external\" title=\"Externer Link: &gt;&gt;HIER&lt;&lt;\" class=\"ext-link wpel-icon-right\">&gt;&gt;HIER&lt;&lt;<span class=\"wpel-icon wpel-image wpel-icon-6\"><\/span><\/a><\/p>\n<h1>Literatur<\/h1>\n<h2>Brosch\u00fcren<\/h2>\n<h3><a href=\"http:\/\/pflegeethik-initiative.de\/2019\/03\/28\/betreuungswillkuer\/\" target=\"_blank\" rel=\"noopener noreferrer nofollow external\" data-wpel-link=\"external\" title=\"Externer Link: Betreuungsrecht\" class=\"ext-link wpel-icon-right\">Betreuungsrecht<span class=\"wpel-icon wpel-image wpel-icon-6\"><\/span><\/a>\u00a0 mit <a href=\"https:\/\/pflege-prisma.de\/wp-content\/uploads\/2019\/03\/Broschu\u0308re-Betreuungsrecht_WEB_10.pdf\" class=\"mtli_attachment mtli_pdf ext-link wpel-icon-right\" target=\"_blank\" rel=\"noopener noreferrer nofollow external\" data-wpel-link=\"external\" title=\"Externer Link: Leseprobe\">Leseprobe<span class=\"wpel-icon wpel-image wpel-icon-6\"><\/span><\/a><\/h3>\n<h3><a href=\"https:\/\/www.digital-kompass.de\/node\/840\" target=\"_blank\" rel=\"noopener nofollow external noreferrer\" data-wpel-link=\"external\" title=\"Externer Link: Digitaler Nachlass\" class=\"ext-link wpel-icon-right\">Digitaler Nachlass<span class=\"wpel-icon wpel-image wpel-icon-6\"><\/span><\/a>, was passiert mit meinen Daten nach dem Tod<\/h3>\n<h3><a href=\"https:\/\/www.biva.de\/dokumente\/broschueren\/Heimentgelt-in-NRW.pdf\" class=\"mtli_attachment mtli_pdf ext-link wpel-icon-right\" target=\"_blank\" rel=\"noopener noreferrer nofollow external\" data-wpel-link=\"external\" title=\"Externer Link: Heimentgelt in NRW\">Heimentgelt in NRW<span class=\"wpel-icon wpel-image wpel-icon-6\"><\/span><\/a><\/h3>\n<h3><a href=\"http:\/\/library.fes.de\/pdf-files\/akademie\/14060.pdf\" class=\"mtli_attachment mtli_pdf ext-link wpel-icon-right\" target=\"_blank\" rel=\"noopener noreferrer nofollow external\" data-wpel-link=\"external\" title=\"Externer Link: Kommunalpolitik verstehen\">Kommunalpolitik verstehen<span class=\"wpel-icon wpel-image wpel-icon-6\"><\/span><\/a><\/h3>\n<h3><a href=\"https:\/\/www.biva.de\/dokumente\/broschueren\/Mitwirkung-im-Heim.pdf\" class=\"mtli_attachment mtli_pdf ext-link wpel-icon-right\" target=\"_blank\" rel=\"noopener noreferrer nofollow external\" data-wpel-link=\"external\" title=\"Externer Link: Mitwirkung im Heim\">Mitwirkung im Heim<span class=\"wpel-icon wpel-image wpel-icon-6\"><\/span><\/a><\/h3>\n<h3><a href=\"https:\/\/www.bundesregierung.de\/breg-de\/service\/publikationen\/ratgeber-fuer-patientenrechte-726462\" target=\"_blank\" rel=\"noopener nofollow external noreferrer\" data-wpel-link=\"external\" title=\"Externer Link: Patientenrechte\" class=\"ext-link wpel-icon-right\">Patientenrechte<span class=\"wpel-icon wpel-image wpel-icon-6\"><\/span><\/a><\/h3>\n<div id=\"toc-93498\" class=\"row\">\n<div class=\"small-12 large-9 s-large-9 column\">\n<div class=\"c-page-intro  \" data-qa-page-intro=\"\">\n<h3 class=\"c-page-intro__headline\"><a href=\"https:\/\/www.bmj.de\/SharedDocs\/Publikationen\/DE\/Broschueren\/Patientenverfuegung.pdf\" class=\"mtli_attachment mtli_pdf ext-link wpel-icon-right\" target=\"_blank\" rel=\"noopener nofollow external noreferrer\" data-wpel-link=\"external\" title=\"Externer Link: Patientenverf\u00fcgung\">Patientenverf\u00fcgung<span class=\"wpel-icon wpel-image wpel-icon-6\"><\/span><\/a><\/h3>\n<div class=\"c-page-intro__text\">\n<p>Wie sichere ich meine Selbstbestimmung in gesundheitlichen Angelegenheiten?<\/p>\n<\/div>\n<\/div>\n<\/div>\n<\/div>\n<h3><a href=\"https:\/\/www.bundesgesundheitsministerium.de\/fileadmin\/Dateien\/5_Publikationen\/Pflege\/Broschueren\/Ratgeber_Pflege_Okt_2019__barrPDF.pdf\" class=\"mtli_attachment mtli_pdf ext-link wpel-icon-right\" target=\"_blank\" rel=\"noopener nofollow external noreferrer\" data-wpel-link=\"external\" title=\"Externer Link: Ratgeber Pflege\">Ratgeber Pflege<span class=\"wpel-icon wpel-image wpel-icon-6\"><\/span><\/a><\/h3>\n<h3><a href=\"https:\/\/www.zqp.de\/rollator-tipps-umgang\/\" target=\"_blank\" rel=\"noopener nofollow external noreferrer\" data-wpel-link=\"external\" title=\"Externer Link: Rollator \u2013 Tipps zum sicheren Umgang\" class=\"ext-link wpel-icon-right\">Rollator \u2013 Tipps zum sicheren Umgang<span class=\"wpel-icon wpel-image wpel-icon-6\"><\/span><\/a><\/h3>\n<h2><span class=\"markedContent\"><strong><span dir=\"ltr\" role=\"presentation\">Wohnen im Alter<\/span><\/strong><\/span><\/h2>\n<h3><span class=\"markedContent\"><a href=\"https:\/\/www.digital-kompass.de\/sites\/default\/files\/material\/files\/rz_lmz_modul_04_aal_web1.pdf\" class=\"mtli_attachment mtli_pdf ext-link wpel-icon-right\" target=\"_blank\" rel=\"noopener nofollow external noreferrer\" data-wpel-link=\"external\" title=\"Externer Link: &lt;span dir=&quot;ltr&quot; role=&quot;presentation&quot;&gt;Mit digitaler Unterst\u00fctzung&lt;\/span&gt;\"><span dir=\"ltr\" role=\"presentation\">Mit digitaler Unterst\u00fctzung<\/span><span class=\"wpel-icon wpel-image wpel-icon-6\"><\/span><\/a><\/span><\/h3>\n<h3><a href=\"https:\/\/www.digital-kompass.de\/sites\/default\/files\/material\/files\/handbuch_wohnen_mit_technischer_unterstutzung_gerateeinsatzfelderkosten.pdf\" class=\"mtli_attachment mtli_pdf ext-link wpel-icon-right\" target=\"_blank\" rel=\"noopener nofollow external noreferrer\" data-wpel-link=\"external\" title=\"Externer Link: Mit technischer Unterst\u00fctzung\">Mit technischer Unterst\u00fctzung<span class=\"wpel-icon wpel-image wpel-icon-6\"><\/span><\/a><\/h3>\n<h3><a href=\"https:\/\/www.digital-kompass.de\/materialien\/linksammlung-smart-home-vernetztes-zuhause\" target=\"_blank\" rel=\"noopener nofollow external noreferrer\" data-wpel-link=\"external\" title=\"Externer Link: Linksammlung Vernetztes Zuhause\" class=\"ext-link wpel-icon-right\">Linksammlung Vernetztes Zuhause<span class=\"wpel-icon wpel-image wpel-icon-6\"><\/span><\/a><\/h3>\n<h3><a href=\"https:\/\/www.bmwsb.bund.de\/Webs\/BMWSB\/DE\/themen\/stadt-wohnen\/wohnraumfoerderung\/wohnraumfoerderung-node.html\" target=\"_blank\" rel=\"noopener nofollow external noreferrer\" data-wpel-link=\"external\" title=\"Externer Link: Wohngeld &amp; Wohnraumf\u00f6rderung\" class=\"ext-link wpel-icon-right\">Wohngeld &amp; Wohnraumf\u00f6rderung<span class=\"wpel-icon wpel-image wpel-icon-6\"><\/span><\/a><\/h3>\n<h3>\u00a0<\/h3>\n<h2>Gesetze<\/h2>\n<h3><a href=\"http:\/\/www.gesetze-im-internet.de\/fpfzg\/index.html\" target=\"_blank\" rel=\"noopener noreferrer nofollow external\" data-wpel-link=\"external\" title=\"Externer Link: Familienpflegezeitgesetz\" class=\"ext-link wpel-icon-right\">Familienpflegezeitgesetz<span class=\"wpel-icon wpel-image wpel-icon-6\"><\/span><\/a><\/h3>\n<h3><a href=\"http:\/\/www.gesetze-im-internet.de\/pflegezg\/\" target=\"_blank\" rel=\"noopener noreferrer nofollow external\" data-wpel-link=\"external\" title=\"Externer Link: Pflegezeitgesetz\" class=\"ext-link wpel-icon-right\">Pflegezeitgesetz<span class=\"wpel-icon wpel-image wpel-icon-6\"><\/span><\/a><\/h3>\n<h3>Wohn- und Betreuungsgesetz\u00a0<a style=\"font-size: 16px;\" href=\"http:\/\/www.gesetze-im-internet.de\/wbvg\/index.html\" target=\"_blank\" rel=\"noopener noreferrer nofollow external\" data-wpel-link=\"external\" title=\"Externer Link: des Bundes\" class=\"ext-link wpel-icon-right\">des Bundes<span class=\"wpel-icon wpel-image wpel-icon-6\"><\/span><\/a><\/h3>\n<h3><a href=\"https:\/\/www.biva.de\/gesetze\/laender-heimgesetze\/\" target=\"_blank\" rel=\"noopener noreferrer nofollow external\" data-wpel-link=\"external\" title=\"Externer Link: L\u00e4nder Heimgesetze\" class=\"ext-link wpel-icon-right\">L\u00e4nder Heimgesetze<span class=\"wpel-icon wpel-image wpel-icon-6\"><\/span><\/a>\u00a0<\/h3>\n<h2><a name=\"_Toc517715810\"><\/a>Zeitschriften<\/h2>\n<h3><a href=\"https:\/\/www.angehoerige-pflegen.de\/\" target=\"_blank\" rel=\"noopener noreferrer nofollow external\" data-wpel-link=\"external\" title=\"Externer Link: Angeh\u00f6rige pflegen\" class=\"ext-link wpel-icon-right\">Angeh\u00f6rige pflegen<span class=\"wpel-icon wpel-image wpel-icon-6\"><\/span><\/a><\/h3>\n<p>Magazin f\u00fcr die Pflege zu Hause\u00a0 Hrsg. Pflege e.V. mit der Unfallkasse Nordrhein-Westfalen\u00a0<\/p>\n<h3><a href=\"https:\/\/www.springer.com\/journal\/391\" target=\"_blank\" rel=\"noopener noreferrer nofollow external\" data-wpel-link=\"external\" title=\"Externer Link: Zeitschrift f\u00fcr Gerontologie und Geriatrie\" class=\"ext-link wpel-icon-right\">Zeitschrift f\u00fcr Gerontologie und Geriatrie<span class=\"wpel-icon wpel-image wpel-icon-6\"><\/span><\/a><\/h3>\n<p>Der Tatsache, dass immer mehr Menschen immer \u00e4lter werden und das unsere Gesellschaft entscheidend mitpr\u00e4gt, tr\u00e4gt die Zeitschrift f\u00fcr Gerontologie und Geriatrie\u00a0 seit vielen Jahren Rechnung. In einem breiten Themenspektrum werden interessierten Leser \u00fcber zentrale Entwicklungen in den Alternswissenschaften informiert.\u00a0<\/p>\n<h3><strong><a href=\"https:\/\/www.vincentz.net\/verlagsbereiche\/\" target=\"_blank\" rel=\"noopener noreferrer nofollow external\" data-wpel-link=\"external\" title=\"Externer Link: H\u00e4usliche Pflege\u00a0 + Altenpflege\u00a0 + aktivieren + Altenheim\" class=\"ext-link wpel-icon-right\">H\u00e4usliche Pflege\u00a0 + Altenpflege\u00a0 + aktivieren + Altenheim<span class=\"wpel-icon wpel-image wpel-icon-6\"><\/span><\/a><\/strong><\/h3>\n<p>f\u00fcr F\u00fchrungskr\u00e4fte, Leitungen und Fachkr\u00e4fte. Im Verlag erscheint im Auftrag der ambulanten Diensten die Kundenzeitschrift f\u00fcr die Angeh\u00f6rigen<\/p>\n<h3><strong><a href=\"https:\/\/www.pflegepartner.net\" target=\"_blank\" rel=\"noopener noreferrer nofollow external\" data-wpel-link=\"external\" title=\"Externer Link: pflege partner\" class=\"ext-link wpel-icon-right\">pflege partner<span class=\"wpel-icon wpel-image wpel-icon-6\"><\/span><\/a>\u00a0<\/strong><\/h3>\n<h3>\u00a0<\/h3>\n","protected":false},"excerpt":{"rendered":"<p>&nbsp; Organisationen Beratung &#8211; Info Arztsuche\u00a0 und mehr Pflege-Beratungsstellen (kostenlos) in Ihrer N\u00e4he\u00a0 &gt;&gt;&gt; HIER &lt;&lt;&lt; Reisen\u00a0 bedeutet Lebenslust pur! Wer auf Hilfe oder Pflege angewiesen ist, glaubt oft nicht daran, dass Verreisen mit so stark gesundheitlicher Einschr\u00e4nkung \u00fcberhaupt m\u00f6glich ist. Die Sorgen gelten oft der notwendigen Begleitung, der Barrierefreiheit bei Reisen im Rollstuhl und&hellip; <a class=\"continue\" href=\"https:\/\/unser-quartier.de\/oberhausen\/links\/links-zu\/\" data-wpel-link=\"internal\"> \u00bb weiterlesen: <span> weiterf\u00fchrende  L I N K S<\/span><\/a><\/p>\n","protected":false},"author":612,"featured_media":0,"parent":1093,"menu_order":0,"comment_status":"closed","ping_status":"closed","template":"","meta":{"_monsterinsights_skip_tracking":false,"_monsterinsights_sitenote_active":false,"_monsterinsights_sitenote_note":"","_monsterinsights_sitenote_category":0,"generate_page_header":"","footnotes":""},"class_list":["post-3188","page","type-page","status-publish"],"_links":{"self":[{"href":"https:\/\/unser-quartier.de\/oberhausen\/wp-json\/wp\/v2\/pages\/3188","targetHints":{"allow":["GET"]}}],"collection":[{"href":"https:\/\/unser-quartier.de\/oberhausen\/wp-json\/wp\/v2\/pages"}],"about":[{"href":"https:\/\/unser-quartier.de\/oberhausen\/wp-json\/wp\/v2\/types\/page"}],"author":[{"embeddable":true,"href":"https:\/\/unser-quartier.de\/oberhausen\/wp-json\/wp\/v2\/users\/612"}],"replies":[{"embeddable":true,"href":"https:\/\/unser-quartier.de\/oberhausen\/wp-json\/wp\/v2\/comments?post=3188"}],"version-history":[{"count":1,"href":"https:\/\/unser-quartier.de\/oberhausen\/wp-json\/wp\/v2\/pages\/3188\/revisions"}],"predecessor-version":[{"id":20131,"href":"https:\/\/unser-quartier.de\/oberhausen\/wp-json\/wp\/v2\/pages\/3188\/revisions\/20131"}],"up":[{"embeddable":true,"href":"https:\/\/unser-quartier.de\/oberhausen\/wp-json\/wp\/v2\/pages\/1093"}],"wp:attachment":[{"href":"https:\/\/unser-quartier.de\/oberhausen\/wp-json\/wp\/v2\/media?parent=3188"}],"curies":[{"name":"wp","href":"https:\/\/api.w.org\/{rel}","templated":true}]}}