{"id":3375,"date":"2018-07-07T14:31:39","date_gmt":"2018-07-07T12:31:39","guid":{"rendered":"https:\/\/unser-quartier.de\/oberhausen\/?page_id=3375"},"modified":"2022-01-19T18:00:48","modified_gmt":"2022-01-19T17:00:48","slug":"warum-die-homepage","status":"publish","type":"page","link":"https:\/\/unser-quartier.de\/oberhausen\/ueber-uns\/warum-die-homepage\/","title":{"rendered":"Warum die Homepage"},"content":{"rendered":"<p>In Oberhausen und anderen Kommunen gibt es f\u00fcr Senioren manches Angebot. B\u00fcrger kennen, wenn \u00fcberhaupt, zuf\u00e4llige Einzelangebote aus der Presse, der Nachbarschaft oder&#8230;! Wer hat noch eine Tageszeitung, jede( r ) Dritte( r ) hat einen PC, Laptop oder ein Smartphone mit einer gro\u00dfen Informationsflut. Diese Flut d\u00e4mmen die Kommunalverwaltung durch das App-Angebot &#8222;<a href=\"https:\/\/forum-seniorenarbeit.de\/materialie\/gut-versorgt-in\/\" target=\"_blank\" rel=\"noopener nofollow external noreferrer\" data-wpel-link=\"external\" title=\"Externer Link: gut versorgt in &#8230;\" class=\"ext-link wpel-icon-right\">gut versorgt in &#8230;<span class=\"wpel-icon wpel-image wpel-icon-6\"><\/span><\/a>&#8220; ein. Freie Informationen f\u00fcr das Alter sind selten, werden verdr\u00e4ngt; ich bin ja nicht alt. Der Ernstfall kommt unvermittelt, es stellt sich die Frage, wo habe ich was gelesen.<\/p>\n<blockquote>\n<p><img loading=\"lazy\" decoding=\"async\" class=\"wp-image-9706 alignright\" src=\"https:\/\/unser-quartier.de\/oberhausen\/files\/2019\/08\/aaioelypsaue-300x321.jpg\" alt=\"\" width=\"93\" height=\"99\" srcset=\"https:\/\/unser-quartier.de\/oberhausen\/files\/2019\/08\/aaioelypsaue-300x321.jpg 300w, https:\/\/unser-quartier.de\/oberhausen\/files\/2019\/08\/aaioelypsaue-150x161.jpg 150w, https:\/\/unser-quartier.de\/oberhausen\/files\/2019\/08\/aaioelypsaue.jpg 353w\" sizes=\"auto, (max-width: 93px) 100vw, 93px\" \/><\/p>\n<p>Mit dem ehrenamtlichen <strong>Seniorenportal<\/strong> &#8222;aktiv altern in NRW und \u00fcberall&#8220; (vormals &#8222;in Oberhausen&#8220;)<\/p>\n<\/blockquote>\n<p>k\u00f6nnen und wollen wir<\/p>\n<ul>\n<li>die Bandbreite der Veranstaltungen konzentriert nach Quartieren (in und um Oberhausen) aufzeigen und geben den Anbietern damit eine Plattform. Nach den Veranstaltungen kann gezielt nach Kategorien und Orten gesucht werden.<\/li>\n<li>Unser Hauptaugenmerk ist es derzeit, <strong>Betroffenen, An- und Zugeh\u00f6rige<\/strong> weitergehende Informationen <strong>aus der Verbrauchersicht<\/strong> anzubieten. Mit Beitr\u00e4gen sollen Hilfen aktuelle Diskussionen aufgezeigt werden, gemeinsam k\u00f6nnen wir vielleicht die Angst vor dem Alter nehmen oder abmildern und neue M\u00f6glichkeiten erarbeiten. Als konkrete Beispiele nehmen wir die Situationen vor Ort. Je mehr sich beteiligen, je besser wird die \u00dcbersicht und es ergeben sich Ver\u00e4nderungsm\u00f6glichkeiten.<\/li>\n<\/ul>\n\n<h2>Wer kennt<\/h2>\n<h3>Den <a href=\"https:\/\/www.oberhausen.de\/de\/index\/leben-in-oberhausen\/senioren\/kulturelle_angebote\/seniorenbeirat.php\" target=\"_blank\" rel=\"noopener noreferrer nofollow external\" data-wpel-link=\"external\" title=\"Externer Link: Seniorenbeirat\" class=\"ext-link wpel-icon-right\">Seniorenbeirat<span class=\"wpel-icon wpel-image wpel-icon-6\"><\/span><\/a>\u00a0<\/h3>\n<ul>\n<li>Er existiert in Oberhausen seit 1991 und wird von den Parteien \u00fcber den Rat besetzt. Seit 1979 werden solche Gremium geschaffen. Siehe auch die Zusammenstellung unter: <a href=\"https:\/\/unser-quartier.de\/oberhausen\/senioren-in-den-kommunen\/\" target=\"_blank\" rel=\"noopener\" data-wpel-link=\"internal\">Senioren in den Kommunen.<\/a><\/li>\n<li>Das offizielle Organ des Seniorenbeirates in Oberhausen \u201eWir f\u00fcr Euch\u201c, gegr\u00fcndet 1997, erschien bis Ende 2018 drei bis viermal im Jahr in einer Auflage von 8.000 &#8211; 10.000 kostenlosen Exemplaren.<\/li>\n<li>Durch die Einstellung der Zeitschrift hat der Seniorenbeirat in Oberhausen ab 2019 ein j\u00e4hrliches Budget von 10.000 \u20ac. Eine Vergaberichtlinie wurde durch den Rat beschlossen.<\/li>\n<\/ul>\n<h3>Die <a href=\"https:\/\/unser-quartier.de\/oberhausen\/senioren-in-den-kommunen\/bewohnerbeirat\/\" target=\"_blank\" rel=\"noopener\" data-wpel-link=\"internal\">Interessenvertretung der Bewohner<\/a><\/h3>\n<p>in der Pflegeeinrichtung, die alle zwei Jahre gew\u00e4hlt wird und das sich Angeh\u00f6rige, Betreuer und Seniorenvertreter zur Wahl aufstellen lassen k\u00f6nnen.<\/p>\n<h2>Wer wei\u00df,<\/h2>\n<ul>\n<li>der Seniorenbeirat Oberhausen ist Mitglied der Landesseniorenvertretung.<\/li>\n<li>Die <a href=\"https:\/\/www.lsv-nrw.de\/\" data-wpel-link=\"external\" target=\"_self\" rel=\"nofollow external noopener noreferrer\" title=\"Externer Link: Landesseniorenvertretung\" class=\"ext-link wpel-icon-right\">Landesseniorenvertretung<span class=\"wpel-icon wpel-image wpel-icon-6\"><\/span><\/a>, vertritt 168 Seniorenvertretungen, als <strong>\u201e<\/strong>starke Stimme der \u00e4lteren Menschen\u201c Ansprechpartnerin der Landesregierung.<\/li>\n<li>Ein neuer \u00a7 27a ist in die Gemeindeordnung 2016 (16.Wahlperiode) eingef\u00fchrt worden, damit besteht die gesetzliche M\u00f6glichkeit\n<ul>\n<li>der Einbindung gesellschaftlicher Gruppen in den kommunalen Willensbildungsprozess,\u00a0<\/li>\n<li>dass Seniorenvertretungen in Urwahl der \u00e4lteren Mitb\u00fcrger gew\u00e4hlt werden k\u00f6nnen.<\/li>\n<\/ul>\n<\/li>\n<\/ul>\n<p>Seit 40 Jahren wird die K\u00f6lner Seniorenvertretung durch Urwahl demokratisch legitimiert. Neben K\u00f6ln existieren \u00fcber 40 Jahre \u00a0die Seniorenr\u00e4te der Stadt Aachen, der Landeshauptstadt D\u00fcsseldorf,\u00a0 der Stadt Ratingen und der Seniorenbeirat der Stadt Halver und in anderen Kommunen von NRW.<\/p>\n<p>In einigen Bundesl\u00e4ndern wird die T\u00e4tigkeit durch die Regierung als Beitrag zum b\u00fcrgerschaftlichen Engagement systematisch gef\u00f6rdert; z. B. in\u00a0<a title=\"Externer Link: Baden-W\u00fcrttemberg\" href=\"https:\/\/de.wikipedia.org\/wiki\/Baden-W%C3%BCrttemberg\" data-wpel-link=\"external\" target=\"_self\" rel=\"nofollow external noopener noreferrer\" class=\"ext-link wpel-icon-right\">Baden-W\u00fcrttemberg<span class=\"wpel-icon wpel-image wpel-icon-6\"><\/span><\/a>\u00a0(bereits seit 1974),\u00a0<a title=\"Externer Link: Hessen\" href=\"https:\/\/de.wikipedia.org\/wiki\/Hessen\" data-wpel-link=\"external\" target=\"_self\" rel=\"nofollow external noopener noreferrer\" class=\"ext-link wpel-icon-right\">Hessen<span class=\"wpel-icon wpel-image wpel-icon-6\"><\/span><\/a>,\u00a0<a title=\"Externer Link: Niedersachsen\" href=\"https:\/\/de.wikipedia.org\/wiki\/Niedersachsen\" data-wpel-link=\"external\" target=\"_self\" rel=\"nofollow external noopener noreferrer\" class=\"ext-link wpel-icon-right\">Niedersachsen<span class=\"wpel-icon wpel-image wpel-icon-6\"><\/span><\/a>,\u00a0<a title=\"Externer Link: Schleswig-Holstein\" href=\"https:\/\/de.wikipedia.org\/wiki\/Schleswig-Holstein\" data-wpel-link=\"external\" target=\"_self\" rel=\"nofollow external noopener noreferrer\" class=\"ext-link wpel-icon-right\">Schleswig-Holstein<span class=\"wpel-icon wpel-image wpel-icon-6\"><\/span><\/a>\u00a0und\u00a0<a title=\"Externer Link: Sachsen-Anhalt\" href=\"https:\/\/de.wikipedia.org\/wiki\/Sachsen-Anhalt\" data-wpel-link=\"external\" target=\"_self\" rel=\"nofollow external noopener noreferrer\" class=\"ext-link wpel-icon-right\">Sachsen-Anhalt<span class=\"wpel-icon wpel-image wpel-icon-6\"><\/span><\/a>. Auf der Landesebene wird die Arbeit vom <a title=\"Externer Link: Sozialministerium\" href=\"https:\/\/de.wikipedia.org\/wiki\/Sozialministerium\" data-wpel-link=\"external\" target=\"_self\" rel=\"nofollow external noopener noreferrer\" class=\"ext-link wpel-icon-right\">Sozialministerium<span class=\"wpel-icon wpel-image wpel-icon-6\"><\/span><\/a>\u00a0gef\u00f6rdert oder sogar koordiniert.<\/p>\n<h2>Wir wollen<\/h2>\n<ul>\n<li>die Schwellen\u00e4ngste abbauen,<\/li>\n<li>mit entsprechenden Beitr\u00e4gen Informationen und Hilfestellung geben,<\/li>\n<li>auf Veranstaltungen hinweisen,<\/li>\n<li>Ansprechpartner und Anbieter im erlaubten Rahmen auflisten.<\/li>\n<li>M\u00f6glichkeiten zur Diskussion und Anregungen bieten.<\/li>\n<\/ul>\n<h2>Das Ziel<\/h2>\n<p><strong>ist es:<\/strong> die Lebenschancen und die Lebensqualit\u00e4t f\u00fcr die Menschen zu verbessern. Politik kann nur gut und erfolgreich sein, wenn sie rechtzeitig erf\u00e4hrt, was die Menschen wollen und die Beteiligten dabei unterst\u00fctzen. Die Seniorenarbeit ist derzeit in der Kommune keine (notwendige) Pflichtaufgabe. Die \u00e4lteren Mitb\u00fcrger m\u00fcssen ihre Betroffenheit selbst aktiv einbringen, wenn sich zuk\u00fcnftig etwas zwischen Anbieter und B\u00fcrger etwas positiv ver\u00e4ndern soll.\u00a0 Das Beispiel Pflege zeigt die Macht der Anbieter -Privat vor Staat -. Hier wollen wir mit Beitr\u00e4gen und Informationen die M\u00f6glichkeiten zum Gedankenaustausch bieten. Am Ende von Diskussionsbeitr\u00e4gen nutzen Sie bitte direkt die Kommentarm\u00f6glichkeit. F\u00fcr Anregungen, Informationen senden Sie jederzeit eine E-Mail an redaktion(at)raebiger.net. Diskussion und Meinungsaustausch sind das Salz der Demokratie. Bleiben wir gemeinsam aktiv, unterst\u00fctzen Sie das Vorhaben. Werden Sie ein Teil der Redaktion. Gerne geben wir unsere Sicht auch in Diskussionen und Vortr\u00e4gen weiter.<\/p>\n<blockquote>\n<p><em><a href=\"https:\/\/opal.landtag.nrw.de\/portal\/WWW\/dokumentenarchiv\/Dokument\/MMD17-16267.pdf\" class=\"mtli_attachment mtli_pdf ext-link wpel-icon-right\" target=\"_blank\" rel=\"noopener nofollow external noreferrer\" data-wpel-link=\"external\" title=\"Externer Link: Stadtteile\">Stadtteile<span class=\"wpel-icon wpel-image wpel-icon-6\"><\/span><\/a> k\u00f6nnen f\u00fcr \u00e4ltere Menschen attraktiv bleiben und werden. Dies kann nur durch ein aktives Miteinander von Jung und Alt gelingen. Eine Hilfe soll dieses B\u00fcrgerportal bilden.\u00a0 <a href=\"https:\/\/unser-quartier.de\/oberhausen\/ueber-uns\/ziel\/\" data-wpel-link=\"internal\">weiterlesen<\/a><\/em><\/p>\n<\/blockquote>\n","protected":false},"excerpt":{"rendered":"<p>In Oberhausen und anderen Kommunen gibt es f\u00fcr Senioren manches Angebot. B\u00fcrger kennen, wenn \u00fcberhaupt, zuf\u00e4llige Einzelangebote aus der Presse, der Nachbarschaft oder&#8230;! Wer hat noch eine Tageszeitung, jede( r ) Dritte( r ) hat einen PC, Laptop oder ein Smartphone mit einer gro\u00dfen Informationsflut. Diese Flut d\u00e4mmen die Kommunalverwaltung durch das App-Angebot &#8222;gut versorgt&hellip; <a class=\"continue\" href=\"https:\/\/unser-quartier.de\/oberhausen\/ueber-uns\/warum-die-homepage\/\" data-wpel-link=\"internal\"> \u00bb weiterlesen: <span> Warum die Homepage<\/span><\/a><\/p>\n","protected":false},"author":612,"featured_media":0,"parent":18,"menu_order":0,"comment_status":"closed","ping_status":"closed","template":"","meta":{"_monsterinsights_skip_tracking":false,"_monsterinsights_sitenote_active":false,"_monsterinsights_sitenote_note":"","_monsterinsights_sitenote_category":0,"generate_page_header":"","footnotes":""},"class_list":["post-3375","page","type-page","status-publish"],"_links":{"self":[{"href":"https:\/\/unser-quartier.de\/oberhausen\/wp-json\/wp\/v2\/pages\/3375","targetHints":{"allow":["GET"]}}],"collection":[{"href":"https:\/\/unser-quartier.de\/oberhausen\/wp-json\/wp\/v2\/pages"}],"about":[{"href":"https:\/\/unser-quartier.de\/oberhausen\/wp-json\/wp\/v2\/types\/page"}],"author":[{"embeddable":true,"href":"https:\/\/unser-quartier.de\/oberhausen\/wp-json\/wp\/v2\/users\/612"}],"replies":[{"embeddable":true,"href":"https:\/\/unser-quartier.de\/oberhausen\/wp-json\/wp\/v2\/comments?post=3375"}],"version-history":[{"count":0,"href":"https:\/\/unser-quartier.de\/oberhausen\/wp-json\/wp\/v2\/pages\/3375\/revisions"}],"up":[{"embeddable":true,"href":"https:\/\/unser-quartier.de\/oberhausen\/wp-json\/wp\/v2\/pages\/18"}],"wp:attachment":[{"href":"https:\/\/unser-quartier.de\/oberhausen\/wp-json\/wp\/v2\/media?parent=3375"}],"curies":[{"name":"wp","href":"https:\/\/api.w.org\/{rel}","templated":true}]}}