{"id":4096,"date":"2018-12-26T13:12:16","date_gmt":"2018-12-26T12:12:16","guid":{"rendered":"https:\/\/unser-quartier.de\/oberhausen\/?page_id=4096"},"modified":"2021-12-07T18:53:02","modified_gmt":"2021-12-07T17:53:02","slug":"quartiere","status":"publish","type":"page","link":"https:\/\/unser-quartier.de\/oberhausen\/senioren-in-den-kommunen\/quartiere\/","title":{"rendered":"Quartiere"},"content":{"rendered":"<p>Im Alter reduziert sich der Lebensbereich auf einen kleiner werdenden Umkreis mehr oder weniger von einem Kilometer. Im gewachsenen Viertel ist man aufgewachsen und fand alle notwendigen Gesch\u00e4fte und Einrichtungen. Dies hat sich sehr ver\u00e4ndert. <strong>Wer kennt seine Nachbarn, die er bei Bedarf\u00a0 um Hilfe bittet?<\/strong> Die Seniorenpolitik ist in Nordrhein-Westfalen eine freiwillige Aufgabe in der Kommune. Freigew\u00e4hlte Seniorenvertretungen mit aktiven B\u00fcrgern, als Sprachrohr zu den R\u00e4ten mit eigenst\u00e4ndigen Seniorenb\u00fcros, haben in einigen St\u00e4dten Tradition. In Ruhrgebietskommunen werden Seniorenbeir\u00e4te durch die Parteien nominiert. Das Wort <a href=\"https:\/\/www.sozialraum.de\/quartier-und-sicherheit.php\" target=\"_blank\" rel=\"noopener nofollow external noreferrer\" data-wpel-link=\"external\" title=\"Externer Link: Quartier\" class=\"ext-link wpel-icon-right\">Quartier<span class=\"wpel-icon wpel-image wpel-icon-6\"><\/span><\/a> ist in Deutschland sehr schillernd. Es werden verschiedene Arten von Quartieren je nach F\u00f6rderung in der Diskussion.\u00a0<\/p>\n<h2>Quartiere<\/h2>\n<h2>&#8211; der Altenhilfe<\/h2>\n<h2>&#8211; der St\u00e4dtef\u00f6rderung<\/h2>\n<h2>Werbegemeinschaft der Unternehmerschaft<\/h2>\n<h3>Nicht zu vergessen die station\u00e4ren und ambulanten Hilfsdienste der Altenhilfe.\u00a0<\/h3>\n<h2>Ein \u00dcberblick \u00fcber<\/h2>\n<h2><a href=\"https:\/\/wp.me\/P91Zz0-2yu\" target=\"_blank\" rel=\"noopener noreferrer nofollow external\" data-wpel-link=\"external\" title=\"Externer Link: Senioren im Pott\" class=\"ext-link wpel-icon-right\">Senioren im Pott<span class=\"wpel-icon wpel-image wpel-icon-6\"><\/span><\/a><\/h2>\n<h2><a href=\"https:\/\/wp.me\/P91Zz0-2yD\" target=\"_blank\" rel=\"noopener noreferrer nofollow external\" data-wpel-link=\"external\" title=\"Externer Link: Pflegesituation in den St\u00e4dten\" class=\"ext-link wpel-icon-right\">Pflegesituation in den St\u00e4dten<span class=\"wpel-icon wpel-image wpel-icon-6\"><\/span><\/a><\/h2>\n<h2><a href=\"https:\/\/neues-wohnen-nds.de\/neue-wohnformen-und-nachbarschaften\/projekte\/uebersicht-gemeinschaftl-wohnprojekte\/\" target=\"_blank\" rel=\"noopener nofollow external noreferrer\" data-wpel-link=\"external\" title=\"Externer Link: Neue Wohnformen Projekte in\" class=\"ext-link wpel-icon-right\">Neue Wohnformen Projekte in<span class=\"wpel-icon wpel-image wpel-icon-6\"><\/span><\/a><\/h2>\n<p>Wer sich \u00fcber Quartiere in Europa und deren Bedeutung informieren will, <a href=\"https:\/\/www.sozialraum.de\/quartier-und-sicherheit.php\" target=\"_blank\" rel=\"noopener nofollow external noreferrer\" data-wpel-link=\"external\" title=\"Externer Link: hier eine gute Darstellung.\" class=\"ext-link wpel-icon-right\">hier eine gute Darstellung.<span class=\"wpel-icon wpel-image wpel-icon-6\"><\/span><\/a><\/p>\n","protected":false},"excerpt":{"rendered":"<p>Im Alter reduziert sich der Lebensbereich auf einen kleiner werdenden Umkreis mehr oder weniger von einem Kilometer. Im gewachsenen Viertel ist man aufgewachsen und fand alle notwendigen Gesch\u00e4fte und Einrichtungen. Dies hat sich sehr ver\u00e4ndert. Wer kennt seine Nachbarn, die er bei Bedarf\u00a0 um Hilfe bittet? Die Seniorenpolitik ist in Nordrhein-Westfalen eine freiwillige Aufgabe in&hellip; <a class=\"continue\" href=\"https:\/\/unser-quartier.de\/oberhausen\/senioren-in-den-kommunen\/quartiere\/\" data-wpel-link=\"internal\"> \u00bb weiterlesen: <span> Quartiere<\/span><\/a><\/p>\n","protected":false},"author":612,"featured_media":0,"parent":9826,"menu_order":2,"comment_status":"closed","ping_status":"closed","template":"","meta":{"_monsterinsights_skip_tracking":false,"_monsterinsights_sitenote_active":false,"_monsterinsights_sitenote_note":"","_monsterinsights_sitenote_category":0,"generate_page_header":"","footnotes":""},"class_list":["post-4096","page","type-page","status-publish"],"_links":{"self":[{"href":"https:\/\/unser-quartier.de\/oberhausen\/wp-json\/wp\/v2\/pages\/4096","targetHints":{"allow":["GET"]}}],"collection":[{"href":"https:\/\/unser-quartier.de\/oberhausen\/wp-json\/wp\/v2\/pages"}],"about":[{"href":"https:\/\/unser-quartier.de\/oberhausen\/wp-json\/wp\/v2\/types\/page"}],"author":[{"embeddable":true,"href":"https:\/\/unser-quartier.de\/oberhausen\/wp-json\/wp\/v2\/users\/612"}],"replies":[{"embeddable":true,"href":"https:\/\/unser-quartier.de\/oberhausen\/wp-json\/wp\/v2\/comments?post=4096"}],"version-history":[{"count":0,"href":"https:\/\/unser-quartier.de\/oberhausen\/wp-json\/wp\/v2\/pages\/4096\/revisions"}],"up":[{"embeddable":true,"href":"https:\/\/unser-quartier.de\/oberhausen\/wp-json\/wp\/v2\/pages\/9826"}],"wp:attachment":[{"href":"https:\/\/unser-quartier.de\/oberhausen\/wp-json\/wp\/v2\/media?parent=4096"}],"curies":[{"name":"wp","href":"https:\/\/api.w.org\/{rel}","templated":true}]}}