{"id":16,"date":"2014-01-22T08:48:01","date_gmt":"2014-01-22T07:48:01","guid":{"rendered":"http:\/\/unser-quartier.de\/tmp-musterblog3\/?page_id=16"},"modified":"2019-06-05T15:46:40","modified_gmt":"2019-06-05T13:46:40","slug":"impressum","status":"publish","type":"page","link":"https:\/\/unser-quartier.de\/ottelau-in-herford\/impressum\/","title":{"rendered":"Impressum"},"content":{"rendered":"<div class=\"c-page-body__column c-page-body__column--main\">\n<div id=\"c29\" class=\"o-cms-content\">\n<h3 class=\"o-cms-content__headline\">Anbieterkennung nach \u00a7 5 TMG<\/h3>\n<div class=\"o-cms-content__body\">\n<div class=\"o-media o-media--stacked\">\n<div class=\"o-media__body\">\n<p>DRK-Kreisverband Herford-Stadt e.V.<br \/>\nWittekindstra\u00dfe 21<br \/>\n32052 Herford\u00a0<br \/>\nTelefon (0 52 21) 56784<br \/>\nTelefax (0 52 21) 54953<\/p>\n<p>eMail: <a href=\"mailto:info@drk-herford.de\">info@drk-herford.de<\/a><\/p>\n<h3>Vertretungsberechtigte<\/h3>\n<p>Der DRK-Kreisverband Herford-Stadt e.V. wird gesetzlich vertreten durch den Vorsitzenden Christoph B\u00f6ske und den Kreisgesch\u00e4ftsf\u00fchrer Ralf Hoffmann.<\/p>\n<h3>Vereinsregister<\/h3>\n<p>Der DRK-Kreisverband Herford-Stadt e.V. ist im Vereinsregister beim Amtsgericht Herford unter der Registernummer VR 1173 eingetragen.<\/p>\n<h3>Steuerliche Angaben<\/h3>\n<p>Steuernummer: 99\/545\/10999<\/p>\n<\/div>\n<\/div>\n<\/div>\n<\/div>\n<div id=\"c30\" class=\"o-cms-content\">\n<h2 class=\"o-cms-content__headline\">Haftungsausschluss<\/h2>\n<div class=\"o-cms-content__body\">\n<div class=\"o-media o-media--stacked\">\n<div class=\"o-media__body\">\n<h3>1. Inhalt der Seiten<\/h3>\n<p>Der DRK-Kreisverband Herford-Stadt e.V. \u00fcbernimmt keinerlei Gew\u00e4hr f\u00fcr die Aktualit\u00e4t, Korrektheit, Vollst\u00e4ndigkeit oder Qualit\u00e4t der bereitgestellten Inhalte. Haftungsanspr\u00fcche gegen den DRK-Kreisverband Herford-Stadt e.V., welche sich auf Sch\u00e4den materieller oder ideeller Art beziehen, die durch die Nutzung oder Nichtnutzung der dargebotenen Informationen bzw. durch die Nutzung fehlerhafter und unvollst\u00e4ndiger Informationen verursacht wurden, sind grunds\u00e4tzlich ausgeschlossen, sofern seitens des DRK-Kreisverband Herford-Stadt e.V. kein nachweislich vors\u00e4tzliches oder grob fahrl\u00e4ssiges Verschulden vorliegt.<\/p>\n<h3>2. Verweise und Links<\/h3>\n<p>Die Verantwortlichkeit des Diensteanbieters beschr\u00e4nkt sich gem\u00e4\u00df \u00a7 7 Abs. 1 TMG ausschlie\u00dflich auf die vom Diensteanbieter bereitgehaltenen eigenen Inhalte. Dar\u00fcber hinaus enth\u00e4lt die Website auch entsprechend gekennzeichnete Verweise oder Links auf Websites Dritter. Auf die aktuelle und zuk\u00fcnftige Gestaltung, die Inhalte oder die Urheberschaft der verlinkten\/verkn\u00fcpften Seiten hat der DRK-Kreisverband Herford-Stadt e.V. keinerlei Einfluss. F\u00fcr den Inhalt der Seite ist allein der jeweilige Anbieter der Seite verantwortlich, weshalb der DRK-Kreisverband Herford-Stadt e.V. diesbez\u00fcglich keine Gew\u00e4hr \u00fcbernimmt.<\/p>\n<p>Der DRK-Kreisverband Herford-Stadt e.V. erkl\u00e4rt hiermit ausdr\u00fccklich, dass zum Zeitpunkt der Linksetzung keine illegalen Inhalte auf den zu verlinkenden Seiten erkennbar waren. Eine permanente inhaltliche Kontrolle der verlinkten Seiten ohne konkrete Anhaltspunkte einer Rechtsverletzung ist jedoch nicht zumutbar. Bei Bekanntwerden von Rechtsverletzungen werden derartige Links umgehend entfernt.<\/p>\n<h3>3. Urheber- und Kennzeichenrecht<\/h3>\n<p>Der DRK-Kreisverband Herford-Stadt e.V. ist bestrebt, in allen Publikationen die Urheberrechte der verwendeten Bilder, Grafiken, Tondokumente, Videosequenzen und Texte zu beachten, von ihm selbst erstellte Bilder, Grafiken, Tondokumente, Videosequenzen und Texte zu nutzen oder auf lizenzfreie Grafiken, Tondokumente, Videosequenzen und Texte zur\u00fcckzugreifen.<\/p>\n<p>Alle innerhalb des Internetangebotes genannten und ggf. durch Dritte gesch\u00fctzten Marken- und Warenzeichen unterliegen uneingeschr\u00e4nkt den Bestimmungen des jeweils g\u00fcltigen Kennzeichenrechts und den Besitzrechten der jeweiligen eingetragenen Eigent\u00fcmer. Allein aufgrund der blo\u00dfen Nennung ist nicht der Schluss zu ziehen, dass Markenzeichen nicht durch Rechte Dritter gesch\u00fctzt sind!<\/p>\n<p>Das Copyright f\u00fcr ver\u00f6ffentlichte, vom DRK-Kreisverband Herford-Stadt e.V. selbst erstellte Objekte bleibt allein beim Autor der Seiten. Eine Vervielf\u00e4ltigung, Bearbeitung, Verbreitung und jede Art der Verwertung au\u00dferhalb der Grenzen des Urheberrechts solcher Grafiken, Tondokumente, Videosequenzen und Texte in anderen elektronischen oder gedruckten Publikationen bed\u00fcrfen der schriftlichen Zustimmung des Autors. Downloads und Kopien sind nur f\u00fcr den privaten, nicht aber den kommerziellen Gebrauch gestattet.<\/p>\n<h3>4. Datenschutz<\/h3>\n<p>Sofern innerhalb der Website die M\u00f6glichkeit zur Eingabe pers\u00f6nlicher oder gesch\u00e4ftlicher Daten (Mailadressen, Namen, Anschriften) besteht, so erfolgt die Preisgabe dieser Daten seitens des Nutzers auf ausdr\u00fccklich freiwilliger Basis. Die Inanspruchnahme und ggf. Bezahlung aller angebotenen Dienste ist &#8211; soweit technisch m\u00f6glich und zumutbar &#8211; auch ohne Angabe solcher Daten bzw. unter Angabe anonymisierter Daten oder eines Pseudonyms gestattet. Eine Weiterleitung an Dritte erfolgt nicht ohne ausdr\u00fcckliche Zustimmung des Users.<\/p>\n<p>Die Nutzung der im Rahmen des Impressums oder vergleichbarer Angaben ver\u00f6ffentlichten Kontaktdaten wie Postanschriften, Telefon- und Faxnummern sowie Emailadressen durch Dritte zur \u00dcbersendung von nicht ausdr\u00fccklich angeforderten Informationen ist nicht gestattet. Rechtliche Schritte gegen die Versender von sogenannten Spam-Mails bei Verst\u00f6\u00dfen gegen dieses Verbot sind ausdr\u00fccklich vorbehalten.<\/p>\n<h3>5. Rechtswirksamkeit dieses Haftungsausschlusses<\/h3>\n<p>Dieser Haftungsausschluss ist als Teil des Informationsangebotes zu betrachten, von dem aus auf diese Seite verwiesen wurde. Sofern Teile oder einzelne Formulierungen dieses Textes der geltenden Rechtslage nicht, nicht mehr oder nicht vollst\u00e4ndig entsprechen sollten, bleiben die \u00fcbrigen Teile des Dokumentes in ihrem Inhalt und ihrer G\u00fcltigkeit davon unber\u00fchrt.<\/p>\n<h3>6. Hinweis auf EU-Streitschlichtung<\/h3>\n<p>Die Europ\u00e4ische Kommission stellt eine Plattform zur Online-Streitbeilegung (OS) bereit: <a class=\"external-link-new-window ext-link wpel-icon-right\" title=\"Externer Link: ec.europa.eu\/consumers\/odr\/\" href=\"http:\/\/ec.europa.eu\/consumers\/odr\/\" target=\"_blank\" rel=\"noopener noreferrer nofollow external\" data-wpel-link=\"external\">ec.europa.eu\/consumers\/odr\/<span class=\"wpel-icon wpel-image wpel-icon-6\"><\/span><\/a>\u00a0<\/p>\n<p><b>Hinweis<\/b>: Dieser Link f\u00fchrt auf die Seite eines anderen Anbieters und Sie verlassen unsere Webseite.<\/p>\n<p>Unsere E-Mail-Adresse finden Sie oben im Impressum<\/p>\n<p>Hinweis auf Verbraucherstreitbeilegung gem\u00e4\u00df VSBG<br \/>\nDer DRK-Kreisverband Herford-Stadt e.V. nimmt nicht an Streitbeilegungsverfahren vor einer Streitbeilegungsstelle teil.<\/p>\n<\/div>\n<\/div>\n<\/div>\n<\/div>\n<div id=\"c16822\" class=\"o-cms-content\">\n<div class=\"o-cms-content__body\">\n<div class=\"o-media o-media--stacked\">\n<div class=\"o-media__body\">\n<p>Alle Inhalte und Fotos sind urheberrechtlich gesch\u00fctzt.<\/p>\n<p><b> Gestaltung und Technische Umsetzung:<\/b><br \/>\nDRK-Service GmbH, Dienstleistungs- und Database-Marketing (DDM), 12205 Berlin<br \/>\nKontakt: <a class=\"mail\" title=\"E-Mail an .... senden\">Hans J\u00fcrg Ungeheuer<\/a><\/p>\n<\/div>\n<\/div>\n<\/div>\n<\/div>\n<div id=\"c19087\" class=\"o-cms-content\">\n<h4 class=\"o-cms-content__headline\">TYPO3 CMS-WebHosting durch:<\/h4>\n<div class=\"o-cms-content__body\">\n<div class=\"o-media o-media--stacked\">\n<div class=\"o-media__body\">\n<p><a title=\"Externer Link: D&amp;T Internet GmbH\" href=\"http:\/\/www.dt-internet.de\/\" target=\"_self\" rel=\"noopener noreferrer nofollow external\" data-wpel-link=\"external\" class=\"ext-link wpel-icon-right\">D&amp;T Internet GmbH<span class=\"wpel-icon wpel-image wpel-icon-6\"><\/span><\/a><br \/>\nFrankenwerft 1<br \/>\nD-50667 K\u00f6ln<br \/>\nTel. 0221 \/ 96 98 96 &#8211; 50<br \/>\nFax. 0221 \/ 96 98 96 98<br \/>\nMail.\u00a0<a href=\"mailto:drk-hotline@dt-internet.de\">drk-hotline@dt-internet.de<\/a><\/p>\n<\/div>\n<\/div>\n<\/div>\n<\/div>\n<\/div>\n","protected":false},"excerpt":{"rendered":"<p>Anbieterkennung nach \u00a7 5 TMG DRK-Kreisverband Herford-Stadt e.V. Wittekindstra\u00dfe 21 32052 Herford\u00a0 Telefon (0 52 21) 56784 Telefax (0 52 21) 54953 eMail: info@drk-herford.de Vertretungsberechtigte Der DRK-Kreisverband Herford-Stadt e.V. wird gesetzlich vertreten durch den Vorsitzenden Christoph B\u00f6ske und den Kreisgesch\u00e4ftsf\u00fchrer Ralf Hoffmann. Vereinsregister Der DRK-Kreisverband Herford-Stadt e.V. ist im Vereinsregister beim Amtsgericht Herford unter der&hellip; <a class=\"continue\" href=\"https:\/\/unser-quartier.de\/ottelau-in-herford\/impressum\/\" data-wpel-link=\"internal\"> \u00bb weiterlesen: <span> Impressum<\/span><\/a><\/p>\n","protected":false},"author":712,"featured_media":0,"parent":0,"menu_order":10,"comment_status":"closed","ping_status":"closed","template":"","meta":{"generate_page_header":"","footnotes":""},"class_list":["post-16","page","type-page","status-publish"],"_links":{"self":[{"href":"https:\/\/unser-quartier.de\/ottelau-in-herford\/wp-json\/wp\/v2\/pages\/16","targetHints":{"allow":["GET"]}}],"collection":[{"href":"https:\/\/unser-quartier.de\/ottelau-in-herford\/wp-json\/wp\/v2\/pages"}],"about":[{"href":"https:\/\/unser-quartier.de\/ottelau-in-herford\/wp-json\/wp\/v2\/types\/page"}],"author":[{"embeddable":true,"href":"https:\/\/unser-quartier.de\/ottelau-in-herford\/wp-json\/wp\/v2\/users\/712"}],"replies":[{"embeddable":true,"href":"https:\/\/unser-quartier.de\/ottelau-in-herford\/wp-json\/wp\/v2\/comments?post=16"}],"version-history":[{"count":0,"href":"https:\/\/unser-quartier.de\/ottelau-in-herford\/wp-json\/wp\/v2\/pages\/16\/revisions"}],"wp:attachment":[{"href":"https:\/\/unser-quartier.de\/ottelau-in-herford\/wp-json\/wp\/v2\/media?parent=16"}],"curies":[{"name":"wp","href":"https:\/\/api.w.org\/{rel}","templated":true}]}}