{"id":2,"date":"2014-01-22T07:22:37","date_gmt":"2014-01-22T07:22:37","guid":{"rendered":"http:\/\/unser-quartier.de\/tmp-musterblog3\/?page_id=2"},"modified":"2020-04-28T12:28:31","modified_gmt":"2020-04-28T10:28:31","slug":"home","status":"publish","type":"page","link":"https:\/\/unser-quartier.de\/ottelau-in-herford\/","title":{"rendered":"Startseite"},"content":{"rendered":"<div id=\"pl-2\"  class=\"panel-layout\" ><div id=\"pg-2-0\"  class=\"panel-grid panel-no-style\" ><div id=\"pgc-2-0-0\"  class=\"panel-grid-cell\" ><div id=\"panel-2-0-0-0\" class=\"so-panel widget widget_sow-editor panel-first-child panel-last-child\" data-index=\"0\" ><div\n\t\t\t\n\t\t\tclass=\"so-widget-sow-editor so-widget-sow-editor-base\"\n\t\t\t\n\t\t>\n<div class=\"siteorigin-widget-tinymce textwidget\">\n\t<h2><\/h2>\n<h2><img loading=\"lazy\" decoding=\"async\" class=\"size-full wp-image-4326 alignright\" src=\"https:\/\/unser-quartier.de\/ottelau-in-herford\/files\/2020\/03\/Unbenannt.png\" alt=\"Achtung\" width=\"254\" height=\"209\" srcset=\"https:\/\/unser-quartier.de\/ottelau-in-herford\/files\/2020\/03\/Unbenannt.png 254w, https:\/\/unser-quartier.de\/ottelau-in-herford\/files\/2020\/03\/Unbenannt-150x123.png 150w\" sizes=\"auto, (max-width: 254px) 100vw, 254px\" \/><\/h2>\n<h1>Liebe Besucherinnen und Besucher,<\/h1>\n<h2>aufgrund der aktuellen Gefahrenlage werden zu Ihrem Schutze <strong>alle Veranstaltungen<\/strong> des Mehrgenerationenhauses \u201eAlte Schule Ottelau\u201c <strong>bis zum <span style=\"text-decoration: underline;\">03.05.2020<\/span> abgesagt<\/strong>.<\/h2>\n<h2><\/h2>\n<h2>Ihre Gesundheit liegt uns am Herzen, daher bitten wir Sie die <a class=\"ext-link wpel-icon-right\" title=\"Externer Link: Empfehlungen der Bundesregierung\" href=\"https:\/\/www.bundesregierung.de\/breg-de\/themen\/coronavirus\/coronavirus-1725960\" rel=\"nofollow external noopener noreferrer\" data-wpel-link=\"external\" target=\"_self\">Empfehlungen der Bundesregierung<span class=\"wpel-icon wpel-image wpel-icon-6\"><\/span><\/a> zu befolgen.<\/h2>\n<p><img loading=\"lazy\" decoding=\"async\" class=\"aligncenter wp-image-4306\" src=\"https:\/\/unser-quartier.de\/ottelau-in-herford\/files\/2020\/03\/Corona-Hinweis.png\" alt=\"\" width=\"555\" height=\"371\" srcset=\"https:\/\/unser-quartier.de\/ottelau-in-herford\/files\/2020\/03\/Corona-Hinweis.png 1565w, https:\/\/unser-quartier.de\/ottelau-in-herford\/files\/2020\/03\/Corona-Hinweis-300x201.png 300w, https:\/\/unser-quartier.de\/ottelau-in-herford\/files\/2020\/03\/Corona-Hinweis-1024x685.png 1024w, https:\/\/unser-quartier.de\/ottelau-in-herford\/files\/2020\/03\/Corona-Hinweis-150x100.png 150w, https:\/\/unser-quartier.de\/ottelau-in-herford\/files\/2020\/03\/Corona-Hinweis-768x514.png 768w, https:\/\/unser-quartier.de\/ottelau-in-herford\/files\/2020\/03\/Corona-Hinweis-600x400.png 600w, https:\/\/unser-quartier.de\/ottelau-in-herford\/files\/2020\/03\/Corona-Hinweis-1536x1028.png 1536w, https:\/\/unser-quartier.de\/ottelau-in-herford\/files\/2020\/03\/Corona-Hinweis-272x182.png 272w\" sizes=\"auto, (max-width: 555px) 100vw, 555px\" \/><\/p>\n<div class=\"wp-block-image\"><\/div>\n<\/div>\n<\/div><\/div><\/div><\/div><div id=\"pg-2-1\"  class=\"panel-grid panel-has-style\" ><div class=\"panel-row-style panel-row-style-for-2-1\" ><div id=\"pgc-2-1-0\"  class=\"panel-grid-cell\" ><div id=\"panel-2-1-0-0\" class=\"so-panel widget widget_sow-editor panel-first-child panel-last-child\" data-index=\"1\" ><div class=\"panel-widget-style panel-widget-style-for-2-1-0-0\" ><div\n\t\t\t\n\t\t\tclass=\"so-widget-sow-editor so-widget-sow-editor-base\"\n\t\t\t\n\t\t>\n<div class=\"siteorigin-widget-tinymce textwidget\">\n\t<h1>Herzlich Willkommen<\/h1>\n<p><img loading=\"lazy\" decoding=\"async\" class=\"wp-image-2674 alignright\" src=\"https:\/\/unser-quartier.de\/ottelau-in-herford\/files\/2018\/12\/MGH-Logo-neu.png\" alt=\"MGH Logo\" width=\"226\" height=\"147\" srcset=\"https:\/\/unser-quartier.de\/ottelau-in-herford\/files\/2018\/12\/MGH-Logo-neu.png 1846w, https:\/\/unser-quartier.de\/ottelau-in-herford\/files\/2018\/12\/MGH-Logo-neu-150x97.png 150w, https:\/\/unser-quartier.de\/ottelau-in-herford\/files\/2018\/12\/MGH-Logo-neu-300x195.png 300w, https:\/\/unser-quartier.de\/ottelau-in-herford\/files\/2018\/12\/MGH-Logo-neu-768x499.png 768w, https:\/\/unser-quartier.de\/ottelau-in-herford\/files\/2018\/12\/MGH-Logo-neu-1024x665.png 1024w\" sizes=\"auto, (max-width: 226px) 100vw, 226px\" \/>Unsere Quartiersentwicklung im Stadtteil- und Begegnungstreff in der \u201eAlten Schule Ottelau\u201c bietet einen Treffpunkt f\u00fcr Menschen jeden Alters:<\/p>\n<p>Frauen, Kinder, Familien, M\u00e4nner, Jung und Alt sowie Angeh\u00f6rige aller Nationalit\u00e4ten und Glaubensgemeinschaften, Berufst\u00e4tige, Erwerbslose oder Menschen im Ruhestand<\/p>\n<p>Alle sind herzlich eingeladen mitzumachen, in ungezwungener Atmosph\u00e4re Kontakte zu kn\u00fcpfen, Freizeit zu gestalten, gemeinsame Ideen zu verwirklichen und voneinander und miteinander zu lernen.<\/p>\n<p><img loading=\"lazy\" decoding=\"async\" class=\"wp-image-3188 aligncenter\" src=\"https:\/\/unser-quartier.de\/ottelau-in-herford\/files\/2019\/07\/siluette.jpg\" alt=\"Logo Quartiersentwicklung\" width=\"611\" height=\"207\" srcset=\"https:\/\/unser-quartier.de\/ottelau-in-herford\/files\/2019\/07\/siluette.jpg 1038w, https:\/\/unser-quartier.de\/ottelau-in-herford\/files\/2019\/07\/siluette-150x51.jpg 150w, https:\/\/unser-quartier.de\/ottelau-in-herford\/files\/2019\/07\/siluette-300x101.jpg 300w, https:\/\/unser-quartier.de\/ottelau-in-herford\/files\/2019\/07\/siluette-768x260.jpg 768w, https:\/\/unser-quartier.de\/ottelau-in-herford\/files\/2019\/07\/siluette-1024x346.jpg 1024w\" sizes=\"auto, (max-width: 611px) 100vw, 611px\" \/><\/p>\n<\/div>\n<\/div><\/div><\/div><\/div><\/div><\/div><div id=\"pg-2-2\"  class=\"panel-grid panel-no-style\" ><div id=\"pgc-2-2-0\"  class=\"panel-grid-cell\" ><div id=\"panel-2-2-0-0\" class=\"so-panel widget widget_ink-blog panel-first-child panel-last-child\" data-index=\"2\" ><div\n\t\t\t\n\t\t\tclass=\"so-widget-ink-blog so-widget-ink-blog-thumb-above-5c0c4542a6be-2\"\n\t\t\t\n\t\t>\n<h3 class=\"widget-title\">Aktuelle Beitr\u00e4ge<\/h3>\n\n\t<div class=\"iw-so-blog\">\n\n\t\t<div id=\"my-ajax-blog-widget\">\n\n\t\t\t<div class=\"iw-so-blog-container iw-so-blog-equal-height\">\n\n\t\t\t\t\n\t\t\t\t\t<div class=\"iw-so-article iw-so-thumb-above iw-so-blog-three-column iw-so-first-col\">\n\n\t\t\t\t\t\t\n\t\t\t\t\t\t\t<div class=\"iw-so-article-thumb\">\n\n\t\t\t\t\t\t\t\t\n\t\t\t\t\t\t\t\t\t<a href=\"https:\/\/unser-quartier.de\/ottelau-in-herford\/2020\/04\/futtern-wie-bei-muttern-zum-mitnehmen\/\" data-wpel-link=\"internal\">\n\t\t\t\t\t\t\t\t\t\t<img loading=\"lazy\" decoding=\"async\" width=\"272\" height=\"182\" src=\"https:\/\/unser-quartier.de\/ottelau-in-herford\/files\/2019\/09\/Mann-und-Frau-Kochen-Beitragsbild-272x182.jpg\" class=\"attachment-sow-carousel-default size-sow-carousel-default wp-post-image\" alt=\"Frau und Mann beim kochen\" srcset=\"https:\/\/unser-quartier.de\/ottelau-in-herford\/files\/2019\/09\/Mann-und-Frau-Kochen-Beitragsbild-272x182.jpg 272w, https:\/\/unser-quartier.de\/ottelau-in-herford\/files\/2019\/09\/Mann-und-Frau-Kochen-Beitragsbild-600x400.jpg 600w\" sizes=\"auto, (max-width: 272px) 100vw, 272px\" \/>\t\t\t\t\t\t\t\t\t\t\t\t\t\t\t\t\t\t\t<\/a>\n\n\t\t\t\t\t\t\t\t\n\t\t\t\t\t\t\t<\/div>\n\n\t\t\t\t\t\t\n\t\t\t\t\t\t<div class=\"iw-so-article-content\">\n\n\t\t\t\t\t\t\t\n\t\t\t\t\t\t\t<h2 class=\"iw-so-article-title iw-text-left\">\n\t\t\t\t\t\t\t\t<a href=\"https:\/\/unser-quartier.de\/ottelau-in-herford\/2020\/04\/futtern-wie-bei-muttern-zum-mitnehmen\/\" data-wpel-link=\"internal\">\t\t\t\t\t\t\t\t\t&#8222;Futtern wie bei Muttern&#8220; zum Mitnehmen\t\t\t\t\t\t\t\t<\/a>\t\t\t\t\t\t\t<\/h2>\n\n\t\t\t\t\t\t\t\n\t\t\t\t\t\t\t\t<p class=\"iw-so-article-byline-below iw-text-left\">\n\t\t\t\t\t\t\t\t\tvom 20. April 2020\t\t\t\t\t\t\t\t<\/p>\n\n\t\t\t\t\t\t\t\n\t\t\t\t\t\t\t\n\t\t\t\t\t\t\t\t<p class=\"iw-so-article-excerpt iw-text-left\">\n\t\t\t\t\t\t\t\t\t\t\t\t\t\t\t\t\t\t\tAb Freitag den 24.04 startet wieder unser Mittagstisch &#8222;Futtern wie bei Muttern&#8220;\t\t\t\t\t\t\t\t\t\t\t\t\t\t\t\t\t<\/p>\n\n\t\t\t\t\t\t\t\n\t\t\t\t\t\t\t\n\t\t\t\t\t\t\t\n\t\t\t\t\t\t<\/div>\n\n\t\t\t\t\t<\/div>\n\n\t\t\t\t\t\n\t\t\t\t\n\t\t\t\t\t<div class=\"iw-so-article iw-so-thumb-above iw-so-blog-three-column \">\n\n\t\t\t\t\t\t\n\t\t\t\t\t\t\t<div class=\"iw-so-article-thumb\">\n\n\t\t\t\t\t\t\t\t\n\t\t\t\t\t\t\t\t\t<a href=\"https:\/\/unser-quartier.de\/ottelau-in-herford\/2020\/04\/youtube-kanal-drk-demenzberatung-fuer-pflegende-angehoerige\/\" data-wpel-link=\"internal\">\n\t\t\t\t\t\t\t\t\t\t<img loading=\"lazy\" decoding=\"async\" width=\"272\" height=\"182\" src=\"https:\/\/unser-quartier.de\/ottelau-in-herford\/files\/2020\/04\/Youtube-Kanalbild-Karin-Alex-webseite-272x182.png\" class=\"attachment-sow-carousel-default size-sow-carousel-default wp-post-image\" alt=\"Karin Alex\" \/>\t\t\t\t\t\t\t\t\t\t\t\t\t\t\t\t\t\t\t<\/a>\n\n\t\t\t\t\t\t\t\t\n\t\t\t\t\t\t\t<\/div>\n\n\t\t\t\t\t\t\n\t\t\t\t\t\t<div class=\"iw-so-article-content\">\n\n\t\t\t\t\t\t\t\n\t\t\t\t\t\t\t<h2 class=\"iw-so-article-title iw-text-left\">\n\t\t\t\t\t\t\t\t<a href=\"https:\/\/unser-quartier.de\/ottelau-in-herford\/2020\/04\/youtube-kanal-drk-demenzberatung-fuer-pflegende-angehoerige\/\" data-wpel-link=\"internal\">\t\t\t\t\t\t\t\t\tYouTube Kanal DRK-Demenzberatung f\u00fcr pflegende Angeh\u00f6rige\t\t\t\t\t\t\t\t<\/a>\t\t\t\t\t\t\t<\/h2>\n\n\t\t\t\t\t\t\t\n\t\t\t\t\t\t\t\t<p class=\"iw-so-article-byline-below iw-text-left\">\n\t\t\t\t\t\t\t\t\tvom 18. April 2020\t\t\t\t\t\t\t\t<\/p>\n\n\t\t\t\t\t\t\t\n\t\t\t\t\t\t\t\n\t\t\t\t\t\t\t\t<p class=\"iw-so-article-excerpt iw-text-left\">\n\t\t\t\t\t\t\t\t\t\t\t\t\t\t\t\t\t\t\tIn Zeiten der Corona Kriese stehen pflegende Angeh\u00f6rige von Demenzkranken vor besonderen Herausforderungen. Unterst\u00fctzungsstrukturen brechen weg. Aber das DRK Herford-Stadt l\u00e4sst Sie nicht alleine.\t\t\t\t\t\t\t\t\t\t\t\t\t\t\t\t\t<\/p>\n\n\t\t\t\t\t\t\t\n\t\t\t\t\t\t\t\n\t\t\t\t\t\t\t\n\t\t\t\t\t\t<\/div>\n\n\t\t\t\t\t<\/div>\n\n\t\t\t\t\t\n\t\t\t\t\n\t\t\t\t\t<div class=\"iw-so-article iw-so-thumb-above iw-so-blog-three-column iw-so-last-col\">\n\n\t\t\t\t\t\t\n\t\t\t\t\t\t\t<div class=\"iw-so-article-thumb\">\n\n\t\t\t\t\t\t\t\t\n\t\t\t\t\t\t\t\t\t<a href=\"https:\/\/unser-quartier.de\/ottelau-in-herford\/2020\/04\/quartiersstammtisch-ottelau\/\" data-wpel-link=\"internal\">\n\t\t\t\t\t\t\t\t\t\t<img loading=\"lazy\" decoding=\"async\" width=\"272\" height=\"182\" src=\"https:\/\/unser-quartier.de\/ottelau-in-herford\/files\/2020\/04\/call-center-1015273_19203333333-272x182.jpg\" class=\"attachment-sow-carousel-default size-sow-carousel-default wp-post-image\" alt=\"Figuren mit Telefon\" srcset=\"https:\/\/unser-quartier.de\/ottelau-in-herford\/files\/2020\/04\/call-center-1015273_19203333333-272x182.jpg 272w, https:\/\/unser-quartier.de\/ottelau-in-herford\/files\/2020\/04\/call-center-1015273_19203333333-600x400.jpg 600w\" sizes=\"auto, (max-width: 272px) 100vw, 272px\" \/>\t\t\t\t\t\t\t\t\t\t\t\t\t\t\t\t\t\t\t<\/a>\n\n\t\t\t\t\t\t\t\t\n\t\t\t\t\t\t\t<\/div>\n\n\t\t\t\t\t\t\n\t\t\t\t\t\t<div class=\"iw-so-article-content\">\n\n\t\t\t\t\t\t\t\n\t\t\t\t\t\t\t<h2 class=\"iw-so-article-title iw-text-left\">\n\t\t\t\t\t\t\t\t<a href=\"https:\/\/unser-quartier.de\/ottelau-in-herford\/2020\/04\/quartiersstammtisch-ottelau\/\" data-wpel-link=\"internal\">\t\t\t\t\t\t\t\t\tQuartiersstammtisch Ottelau\t\t\t\t\t\t\t\t<\/a>\t\t\t\t\t\t\t<\/h2>\n\n\t\t\t\t\t\t\t\n\t\t\t\t\t\t\t\t<p class=\"iw-so-article-byline-below iw-text-left\">\n\t\t\t\t\t\t\t\t\tvom 15. April 2020\t\t\t\t\t\t\t\t<\/p>\n\n\t\t\t\t\t\t\t\n\t\t\t\t\t\t\t\n\t\t\t\t\t\t\t\t<p class=\"iw-so-article-excerpt iw-text-left\">\n\t\t\t\t\t\t\t\t\t\t\t\t\t\t\t\t\t\t\tIch m\u00f6chte alle Bewohnerinnen und Bewohner des Stadtteils\u00a0zu einem au\u00dfergew\u00f6hnlichen Stammtisch einladen.\t\t\t\t\t\t\t\t\t\t\t\t\t\t\t\t\t<\/p>\n\n\t\t\t\t\t\t\t\n\t\t\t\t\t\t\t\n\t\t\t\t\t\t\t\n\t\t\t\t\t\t<\/div>\n\n\t\t\t\t\t<\/div>\n\n\t\t\t\t\t\n\t\t\t\t\n\t\t\t<\/div>\n\n\t\t\t\n\t\t<\/div>\n\n\t<\/div>\n\n\n<\/div><\/div><\/div><\/div><div id=\"pg-2-3\"  class=\"panel-grid panel-no-style\" ><div id=\"pgc-2-3-0\"  class=\"panel-grid-cell\" ><div id=\"panel-2-3-0-0\" class=\"so-panel widget widget_sow-editor panel-first-child panel-last-child\" data-index=\"3\" ><div class=\"panel-widget-style panel-widget-style-for-2-3-0-0\" ><div\n\t\t\t\n\t\t\tclass=\"so-widget-sow-editor so-widget-sow-editor-base\"\n\t\t\t\n\t\t><h3 class=\"widget-title\">Speiseplan \"Futtern wie bei Muttern\"<\/h3>\n<div class=\"siteorigin-widget-tinymce textwidget\">\n\t<p><a href=\"https:\/\/unser-quartier.de\/ottelau-in-herford\/home\/futtern-wie-bei-muttern-mai-2020\/#main\" data-wpel-link=\"internal\"><img loading=\"lazy\" decoding=\"async\" class=\"aligncenter wp-image-4389\" src=\"https:\/\/unser-quartier.de\/ottelau-in-herford\/files\/2020\/04\/Futtern-wie-bei-Muttern-Mai-2020.jpg\" alt=\"\" width=\"200\" height=\"284\" srcset=\"https:\/\/unser-quartier.de\/ottelau-in-herford\/files\/2020\/04\/Futtern-wie-bei-Muttern-Mai-2020.jpg 844w, https:\/\/unser-quartier.de\/ottelau-in-herford\/files\/2020\/04\/Futtern-wie-bei-Muttern-Mai-2020-300x427.jpg 300w, https:\/\/unser-quartier.de\/ottelau-in-herford\/files\/2020\/04\/Futtern-wie-bei-Muttern-Mai-2020-720x1024.jpg 720w, https:\/\/unser-quartier.de\/ottelau-in-herford\/files\/2020\/04\/Futtern-wie-bei-Muttern-Mai-2020-150x213.jpg 150w, https:\/\/unser-quartier.de\/ottelau-in-herford\/files\/2020\/04\/Futtern-wie-bei-Muttern-Mai-2020-768x1092.jpg 768w\" sizes=\"auto, (max-width: 200px) 100vw, 200px\" \/><\/a><\/p>\n<\/div>\n<\/div><\/div><\/div><\/div><div id=\"pgc-2-3-1\"  class=\"panel-grid-cell\" ><div id=\"panel-2-3-1-0\" class=\"so-panel widget widget_sow-editor panel-first-child panel-last-child\" data-index=\"4\" ><div class=\"panel-widget-style panel-widget-style-for-2-3-1-0\" ><div\n\t\t\t\n\t\t\tclass=\"so-widget-sow-editor so-widget-sow-editor-base\"\n\t\t\t\n\t\t><h3 class=\"widget-title\">Unser Quartier Ottelau<\/h3>\n<div class=\"siteorigin-widget-tinymce textwidget\">\n\t<p><a href=\"https:\/\/unser-quartier.de\/ottelau-in-herford\/home\/qutarier-ottelau-3-2\/#main\" data-wpel-link=\"internal\"><img loading=\"lazy\" decoding=\"async\" class=\"aligncenter wp-image-2997\" src=\"https:\/\/unser-quartier.de\/ottelau-in-herford\/files\/2019\/02\/Qutarier-Ottelau-3.2-300x298.png\" alt=\"Quartierskarte Ottelau\" width=\"282\" height=\"280\" srcset=\"https:\/\/unser-quartier.de\/ottelau-in-herford\/files\/2019\/02\/Qutarier-Ottelau-3.2-300x298.png 300w, https:\/\/unser-quartier.de\/ottelau-in-herford\/files\/2019\/02\/Qutarier-Ottelau-3.2-150x149.png 150w, https:\/\/unser-quartier.de\/ottelau-in-herford\/files\/2019\/02\/Qutarier-Ottelau-3.2-768x762.png 768w, https:\/\/unser-quartier.de\/ottelau-in-herford\/files\/2019\/02\/Qutarier-Ottelau-3.2.png 950w\" sizes=\"auto, (max-width: 282px) 100vw, 282px\" \/><\/a><\/p>\n<\/div>\n<\/div><\/div><\/div><\/div><\/div><div id=\"pg-2-4\"  class=\"panel-grid panel-no-style\" ><div id=\"pgc-2-4-0\"  class=\"panel-grid-cell\" ><div id=\"panel-2-4-0-0\" class=\"so-panel widget widget_em_widget panel-first-child panel-last-child\" data-index=\"5\" ><div class=\"panel-widget-style panel-widget-style-for-2-4-0-0\" ><h3 class=\"widget-title\">N\u00e4chste Veranstaltungen:<\/h3><div class=\"em-list-widget em-events-widget\"><li>Zur Zeit keine Veranstaltungen<\/li><li class=\"all-events-link\"><a href=\"https:\/\/unser-quartier.de\/ottelau-in-herford\/veranstaltungen\/liste\/\" title=\"weitere Veranstaltungen\" data-wpel-link=\"internal\">weitere Veranstaltungen<\/a><\/li><\/div><\/div><\/div><\/div><div id=\"pgc-2-4-1\"  class=\"panel-grid-cell\" ><div id=\"panel-2-4-1-0\" class=\"so-panel widget widget_sow-editor panel-first-child panel-last-child\" data-index=\"6\" ><div class=\"iw-med-up panel-widget-style panel-widget-style-for-2-4-1-0\" ><div\n\t\t\t\n\t\t\tclass=\"so-widget-sow-editor so-widget-sow-editor-base\"\n\t\t\t\n\t\t><h3 class=\"widget-title\">Fragen, Anregungen und W\u00fcnsche?<\/h3>\n<div class=\"siteorigin-widget-tinymce textwidget\">\n\t<p>Sie haben Fragen, Anregungen und W\u00fcnsche?<\/p>\n<p>Wollen Sie sich engagieren und sich mit Ihren F\u00e4higkeiten f\u00fcr Ihre Nachbarn in der Ottelau einsetzten?<\/p>\n<p>Dann kontaktieren Sie uns.<\/p>\n<p><strong><a href=\"https:\/\/unser-quartier.de\/ottelau-in-herford\/kontakt\/\" data-wpel-link=\"internal\">\u00bb Kontakt aufnehmen<\/a><\/strong><\/p>\n<\/div>\n<\/div><\/div><\/div><\/div><\/div><\/div>","protected":false},"excerpt":{"rendered":"<p>Liebe Besucherinnen und Besucher, aufgrund der aktuellen Gefahrenlage werden zu Ihrem Schutze alle Veranstaltungen des Mehrgenerationenhauses \u201eAlte Schule Ottelau\u201c bis zum 03.05.2020 abgesagt. Ihre Gesundheit liegt uns am Herzen, daher bitten wir Sie die Empfehlungen der Bundesregierung zu befolgen. Herzlich Willkommen Unsere Quartiersentwicklung im Stadtteil- und Begegnungstreff in der \u201eAlten Schule Ottelau\u201c bietet einen Treffpunkt&hellip; <a class=\"continue\" href=\"https:\/\/unser-quartier.de\/ottelau-in-herford\/2020\/04\/quartiersstammtisch-ottelau\/\" data-wpel-link=\"internal\"> \u00bb weiterlesen: <span> Quartiersstammtisch Ottelau<\/span><\/a><\/p>\n","protected":false},"author":712,"featured_media":0,"parent":0,"menu_order":1,"comment_status":"closed","ping_status":"closed","template":"","meta":{"generate_page_header":"","footnotes":""},"class_list":["post-2","page","type-page","status-publish","hentry"],"_links":{"self":[{"href":"https:\/\/unser-quartier.de\/ottelau-in-herford\/wp-json\/wp\/v2\/pages\/2","targetHints":{"allow":["GET"]}}],"collection":[{"href":"https:\/\/unser-quartier.de\/ottelau-in-herford\/wp-json\/wp\/v2\/pages"}],"about":[{"href":"https:\/\/unser-quartier.de\/ottelau-in-herford\/wp-json\/wp\/v2\/types\/page"}],"author":[{"embeddable":true,"href":"https:\/\/unser-quartier.de\/ottelau-in-herford\/wp-json\/wp\/v2\/users\/712"}],"replies":[{"embeddable":true,"href":"https:\/\/unser-quartier.de\/ottelau-in-herford\/wp-json\/wp\/v2\/comments?post=2"}],"version-history":[{"count":0,"href":"https:\/\/unser-quartier.de\/ottelau-in-herford\/wp-json\/wp\/v2\/pages\/2\/revisions"}],"wp:attachment":[{"href":"https:\/\/unser-quartier.de\/ottelau-in-herford\/wp-json\/wp\/v2\/media?parent=2"}],"curies":[{"name":"wp","href":"https:\/\/api.w.org\/{rel}","templated":true}]}}