{"id":2002,"date":"2018-10-25T14:36:00","date_gmt":"2018-10-25T12:36:00","guid":{"rendered":"https:\/\/unser-quartier.de\/ottelau-in-herford\/?page_id=2002"},"modified":"2020-02-10T10:12:59","modified_gmt":"2020-02-10T09:12:59","slug":"angebote-und-projekte","status":"publish","type":"page","link":"https:\/\/unser-quartier.de\/ottelau-in-herford\/angebote-und-projekte\/","title":{"rendered":"Angebote und Projekte"},"content":{"rendered":"<p><em>Hier m\u00f6chten wir Ihnen unsere Angebote und Veranstaltungen, die im MGH &#8222;Alte Schule Ottelau&#8220; stattfinden, n\u00e4her bringen.<\/em><br \/>\n<em>F\u00fcr n\u00e4here Informationen klicken Sie bitte auf den Kurs-\/ Angebotsnamen.\u00a0<\/em><\/p>\n<p><a href=\"https:\/\/unser-quartier.de\/ottelau-in-herford\/angebote-und-projekte\/deutschkrus\/\" data-wpel-link=\"internal\"><strong>Deutschkurs<\/strong><\/a><br \/>\nJeden Montag<br \/>\n10:30 &#8211; 12:00 Uhr<\/p>\n<p><a href=\"https:\/\/unser-quartier.de\/ottelau-in-herford\/angebote-und-projekte\/smartphone-sprechstunde\/\" data-wpel-link=\"internal\"><strong>Smartphone Sprechstunde\u00a0<\/strong><\/a><br \/>\nJeden Montag<br \/>\n14:30 &#8211; 16:30 Uhr<\/p>\n<p><a href=\"https:\/\/unser-quartier.de\/ottelau-in-herford\/angebote-und-projekte\/kaffestube\/\" data-wpel-link=\"internal\"><strong>Kaffeestube<\/strong><\/a><br \/>\nJeden 1. + 3. Montag im Monat<br \/>\n14:30 &#8211; 16:30 Uhr<\/p>\n<p><a href=\"https:\/\/unser-quartier.de\/ottelau-in-herford\/angebote-und-projekte\/treffen-des-blindenvereins\/\" data-wpel-link=\"internal\"><strong>Treffen des Blindenvereines<\/strong><\/a><br \/>\nJeden 1. Dienstag im Monat<br \/>\n14:00 &#8211; 16:00 Uhr<\/p>\n<p><a href=\"https:\/\/unser-quartier.de\/ottelau-in-herford\/angebote-und-projekte\/arthrose-selbsthilfegruppe\/\" data-wpel-link=\"internal\"><strong>Arthrose Selbsthilfegruppe<\/strong><\/a><br \/>\nJeden letzten Dienstag Monat<br \/>\n19:30 \u2013 21:00 Uhr<\/p>\n<p><a href=\"https:\/\/unser-quartier.de\/ottelau-in-herford\/angebote-und-projekte\/quartiersfruehstueck\/\" data-wpel-link=\"internal\"><strong>Quartiersfr\u00fchst\u00fcck<\/strong><\/a><br \/>\nJeden Mittwoch<br \/>\n09:00 &#8211; 11:00 Uhr<\/p>\n<p><a href=\"https:\/\/unser-quartier.de\/ottelau-in-herford\/angebote-und-projekte\/seniorengymnastik-55\/\" data-wpel-link=\"internal\"><strong>Seniorengymnastik 55+<\/strong> <\/a>mit anschlie\u00dfendem Fr\u00fchst\u00fcck<br \/>\nJeden Mittwoch<br \/>\n11:00-13:00 Uhr<\/p>\n<p><a href=\"https:\/\/unser-quartier.de\/ottelau-in-herford\/angebote-und-projekte\/fahrdienst-zum-einkaufen-kaufland\/\" data-wpel-link=\"internal\"><strong>Fahrdienst zum Einkaufen<\/strong><\/a><br \/>\nJeden Donnerstag<br \/>\nUm 10:00 Uhr<\/p>\n<p><a href=\"https:\/\/unser-quartier.de\/ottelau-in-herford\/angebote-und-projekte\/englisch-kurs\/\" data-wpel-link=\"internal\"><strong>Englischkurs<\/strong><\/a><br \/>\nJeden Donnerstag<br \/>\n17:30 &#8211; 19:00 Uhr<\/p>\n<p><a href=\"https:\/\/unser-quartier.de\/ottelau-in-herford\/angebote-und-projekte\/futtern-wie-bei-muttern\/\" data-wpel-link=\"internal\"><strong>\u201cFuttern wie bei Muttern\u201c<\/strong><\/a> Mittagstisch<br \/>\nJeden Freitag<br \/>\n12:00 &#8211; 14:00 Uhr<\/p>\n<p><a href=\"https:\/\/unser-quartier.de\/ottelau-in-herford\/angebote-und-projekte\/kinderhotel\/\" data-wpel-link=\"internal\"><strong>Kinderhotel<\/strong><\/a><br \/>\nFreitags 1x im Monat<br \/>\n17:00 &#8211; 10:00 Uhr<\/p>\n<p><a href=\"https:\/\/unser-quartier.de\/ottelau-in-herford\/angebote-und-projekte\/sitzgymnastik\/\" data-wpel-link=\"internal\"><strong>Sitzgymnastik<\/strong><\/a> mit anschlie\u00dfendem Kaffeetrinken<br \/>\nJeden Samstag<br \/>\n11:00 &#8211; 13:00 Uhr<\/p>\n","protected":false},"excerpt":{"rendered":"<p>Hier m\u00f6chten wir Ihnen unsere Angebote und Veranstaltungen, die im MGH &#8222;Alte Schule Ottelau&#8220; stattfinden, n\u00e4her bringen. F\u00fcr n\u00e4here Informationen klicken Sie bitte auf den Kurs-\/ Angebotsnamen.\u00a0 Deutschkurs Jeden Montag 10:30 &#8211; 12:00 Uhr Smartphone Sprechstunde\u00a0 Jeden Montag 14:30 &#8211; 16:30 Uhr Kaffeestube Jeden 1. + 3. Montag im Monat 14:30 &#8211; 16:30 Uhr Treffen&hellip; <a class=\"continue\" href=\"https:\/\/unser-quartier.de\/ottelau-in-herford\/angebote-und-projekte\/\" data-wpel-link=\"internal\"> \u00bb weiterlesen: <span> Angebote und Projekte<\/span><\/a><\/p>\n","protected":false},"author":712,"featured_media":0,"parent":0,"menu_order":5,"comment_status":"closed","ping_status":"closed","template":"","meta":{"generate_page_header":"","footnotes":""},"class_list":["post-2002","page","type-page","status-publish"],"_links":{"self":[{"href":"https:\/\/unser-quartier.de\/ottelau-in-herford\/wp-json\/wp\/v2\/pages\/2002","targetHints":{"allow":["GET"]}}],"collection":[{"href":"https:\/\/unser-quartier.de\/ottelau-in-herford\/wp-json\/wp\/v2\/pages"}],"about":[{"href":"https:\/\/unser-quartier.de\/ottelau-in-herford\/wp-json\/wp\/v2\/types\/page"}],"author":[{"embeddable":true,"href":"https:\/\/unser-quartier.de\/ottelau-in-herford\/wp-json\/wp\/v2\/users\/712"}],"replies":[{"embeddable":true,"href":"https:\/\/unser-quartier.de\/ottelau-in-herford\/wp-json\/wp\/v2\/comments?post=2002"}],"version-history":[{"count":0,"href":"https:\/\/unser-quartier.de\/ottelau-in-herford\/wp-json\/wp\/v2\/pages\/2002\/revisions"}],"wp:attachment":[{"href":"https:\/\/unser-quartier.de\/ottelau-in-herford\/wp-json\/wp\/v2\/media?parent=2002"}],"curies":[{"name":"wp","href":"https:\/\/api.w.org\/{rel}","templated":true}]}}