{"id":2105,"date":"2018-11-06T12:42:21","date_gmt":"2018-11-06T11:42:21","guid":{"rendered":"https:\/\/unser-quartier.de\/ottelau-in-herford\/?page_id=2105"},"modified":"2018-12-18T09:54:39","modified_gmt":"2018-12-18T08:54:39","slug":"kaffestube","status":"publish","type":"page","link":"https:\/\/unser-quartier.de\/ottelau-in-herford\/angebote-und-projekte\/kaffestube\/","title":{"rendered":"Kaffeestube"},"content":{"rendered":"<p><strong>Tag\/Zeit<\/strong><br \/>\nJeden 1. und 3. Montag<br \/>\n<i>14:30 &#8211; 16:30<\/i><\/p>\n<p><strong>Jeden 1. und 3. Montag findet im Mehrgenerationenhaus \u201eAlte Schule Ottelau\u201c\u00a0unsere Kaffeestube f\u00fcr die Bewohner der Ottelau statt.<\/strong><\/p>\n<p>Bei einer leckeren Tasse Kaffee und einem St\u00fcck Kuchen ist Zeit zum Quatschen, Kl\u00f6nen und gemeinsam Lachen.<\/p>\n<p><img loading=\"lazy\" decoding=\"async\" class=\"aligncenter wp-image-2650 size-medium\" src=\"https:\/\/unser-quartier.de\/ottelau-in-herford\/files\/2018\/12\/cafe-3699337_1920-1-300x359.jpg\" alt=\"Bild von einer Tasse Kaffee und einem St\u00fcck Kuchen\" width=\"300\" height=\"359\" srcset=\"https:\/\/unser-quartier.de\/ottelau-in-herford\/files\/2018\/12\/cafe-3699337_1920-1-300x359.jpg 300w, https:\/\/unser-quartier.de\/ottelau-in-herford\/files\/2018\/12\/cafe-3699337_1920-1-150x179.jpg 150w, https:\/\/unser-quartier.de\/ottelau-in-herford\/files\/2018\/12\/cafe-3699337_1920-1-768x918.jpg 768w, https:\/\/unser-quartier.de\/ottelau-in-herford\/files\/2018\/12\/cafe-3699337_1920-1-857x1024.jpg 857w, https:\/\/unser-quartier.de\/ottelau-in-herford\/files\/2018\/12\/cafe-3699337_1920-1.jpg 1004w\" sizes=\"auto, (max-width: 300px) 100vw, 300px\" \/><\/p>\n<div id=\"gallery-3\" class=\"gallery galleryid-1721 gallery-columns-2 gallery-size-medium\" data-carousel-extra=\"{&quot;blog_id&quot;:195,&quot;permalink&quot;:&quot;https:\\\/\\\/unser-quartier.de\\\/ottelau-in-herford\\\/events\\\/kaffestube-2019-01-07\\\/&quot;}\">\n<figure class=\"gallery-item\">\n<div class=\"gallery-icon portrait\">\u00a0<\/div>\n<\/figure>\n<figure class=\"gallery-item\">\n<div class=\"gallery-icon portrait\">\u00a0<\/div>\n<\/figure>\n<\/div>\n","protected":false},"excerpt":{"rendered":"<p>Tag\/Zeit Jeden 1. und 3. Montag 14:30 &#8211; 16:30 Jeden 1. und 3. Montag findet im Mehrgenerationenhaus \u201eAlte Schule Ottelau\u201c\u00a0unsere Kaffeestube f\u00fcr die Bewohner der Ottelau statt. Bei einer leckeren Tasse Kaffee und einem St\u00fcck Kuchen ist Zeit zum Quatschen, Kl\u00f6nen und gemeinsam Lachen. \u00a0 \u00a0<\/p>\n","protected":false},"author":712,"featured_media":0,"parent":2002,"menu_order":7,"comment_status":"closed","ping_status":"closed","template":"","meta":{"generate_page_header":"","footnotes":""},"class_list":["post-2105","page","type-page","status-publish"],"_links":{"self":[{"href":"https:\/\/unser-quartier.de\/ottelau-in-herford\/wp-json\/wp\/v2\/pages\/2105","targetHints":{"allow":["GET"]}}],"collection":[{"href":"https:\/\/unser-quartier.de\/ottelau-in-herford\/wp-json\/wp\/v2\/pages"}],"about":[{"href":"https:\/\/unser-quartier.de\/ottelau-in-herford\/wp-json\/wp\/v2\/types\/page"}],"author":[{"embeddable":true,"href":"https:\/\/unser-quartier.de\/ottelau-in-herford\/wp-json\/wp\/v2\/users\/712"}],"replies":[{"embeddable":true,"href":"https:\/\/unser-quartier.de\/ottelau-in-herford\/wp-json\/wp\/v2\/comments?post=2105"}],"version-history":[{"count":0,"href":"https:\/\/unser-quartier.de\/ottelau-in-herford\/wp-json\/wp\/v2\/pages\/2105\/revisions"}],"up":[{"embeddable":true,"href":"https:\/\/unser-quartier.de\/ottelau-in-herford\/wp-json\/wp\/v2\/pages\/2002"}],"wp:attachment":[{"href":"https:\/\/unser-quartier.de\/ottelau-in-herford\/wp-json\/wp\/v2\/media?parent=2105"}],"curies":[{"name":"wp","href":"https:\/\/api.w.org\/{rel}","templated":true}]}}