{"id":2125,"date":"2018-11-06T16:24:01","date_gmt":"2018-11-06T15:24:01","guid":{"rendered":"https:\/\/unser-quartier.de\/ottelau-in-herford\/?page_id=2125"},"modified":"2018-12-18T10:26:34","modified_gmt":"2018-12-18T09:26:34","slug":"quartiersfruehstueck","status":"publish","type":"page","link":"https:\/\/unser-quartier.de\/ottelau-in-herford\/angebote-und-projekte\/quartiersfruehstueck\/","title":{"rendered":"Quartiersfr\u00fchst\u00fcck"},"content":{"rendered":"<p><strong>Tag\/Zeit<\/strong><br \/>\nJeden Mittwoch<br \/>\n<i>09:00 &#8211; 11:00<\/i><\/p>\n<p><strong>Jeden Mittwoch findet im Mehrgenerationenhaus \u201eAlte Schule Ottelau\u201c ein Fr\u00fchst\u00fccksbuffet f\u00fcr die Bewohner der Ottelau statt.<\/strong><\/p>\n<p>Unser Quartiersfr\u00fchst\u00fcck bietet in lockerer Atmosph\u00e4re die M\u00f6glichkeit sich mit seinen Nachbarn zu treffen und neue Bekanntschaften zu machen. Neben den \u201ealten Hasen\u201c in der Nachbarschaft sind auch Neulinge jeder Zeit Willkommen und wir freuen uns \u00fcber jedes neue Gesicht.<\/p>\n<p>Bei R\u00fcckfragen k\u00f6nnen Sie uns jederzeit ansprechen<\/p>\n<p>oder unter 05221 \u2013 27 58 679 anrufen.<\/p>\n<div id=\"gallery-3\" class=\"gallery galleryid-1614 gallery-columns-3 gallery-size-medium\" data-carousel-extra=\"{&quot;blog_id&quot;:195,&quot;permalink&quot;:&quot;https:\\\/\\\/unser-quartier.de\\\/ottelau-in-herford\\\/events\\\/quartiersfruehstueck-2019-01-09\\\/&quot;}\">\n<figure class=\"gallery-item\">\n<div class=\"gallery-icon landscape\"><a href=\"https:\/\/unser-quartier.de\/ottelau-in-herford\/events\/quartiersfruehstueck-2019-01-09\/p1020016\/#main\" data-slb-active=\"1\" data-slb-asset=\"1890458268\" data-slb-internal=\"2163\" data-slb-group=\"1614\" data-wpel-link=\"internal\"><img loading=\"lazy\" decoding=\"async\" class=\"attachment-medium size-medium\" src=\"https:\/\/i0.wp.com\/unser-quartier.de\/ottelau-in-herford\/files\/2018\/09\/P1020016.jpg?fit=300%2C171&amp;ssl=1\" sizes=\"auto, (max-width: 300px) 100vw, 300px\" srcset=\"https:\/\/i0.wp.com\/unser-quartier.de\/ottelau-in-herford\/files\/2018\/09\/P1020016.jpg?w=1200&amp;ssl=1 1200w, https:\/\/i0.wp.com\/unser-quartier.de\/ottelau-in-herford\/files\/2018\/09\/P1020016.jpg?resize=150%2C86&amp;ssl=1 150w, https:\/\/i0.wp.com\/unser-quartier.de\/ottelau-in-herford\/files\/2018\/09\/P1020016.jpg?resize=300%2C171&amp;ssl=1 300w, https:\/\/i0.wp.com\/unser-quartier.de\/ottelau-in-herford\/files\/2018\/09\/P1020016.jpg?resize=768%2C438&amp;ssl=1 768w, https:\/\/i0.wp.com\/unser-quartier.de\/ottelau-in-herford\/files\/2018\/09\/P1020016.jpg?resize=1024%2C585&amp;ssl=1 1024w\" alt=\"Bild Fr\u00fchst\u00fcck 1\" width=\"300\" height=\"171\" data-attachment-id=\"2163\" data-permalink=\"https:\/\/unser-quartier.de\/ottelau-in-herford\/events\/quartiersfruehstueck-2019-01-09\/p1020016\/#main\" data-orig-file=\"https:\/\/i0.wp.com\/unser-quartier.de\/ottelau-in-herford\/files\/2018\/09\/P1020016.jpg?fit=1200%2C685&amp;ssl=1\" data-orig-size=\"1200,685\" data-comments-opened=\"0\" data-image-meta=\"{&quot;aperture&quot;:&quot;0&quot;,&quot;credit&quot;:&quot;&quot;,&quot;camera&quot;:&quot;&quot;,&quot;caption&quot;:&quot;&quot;,&quot;created_timestamp&quot;:&quot;0&quot;,&quot;copyright&quot;:&quot;&quot;,&quot;focal_length&quot;:&quot;0&quot;,&quot;iso&quot;:&quot;0&quot;,&quot;shutter_speed&quot;:&quot;0&quot;,&quot;title&quot;:&quot;&quot;,&quot;orientation&quot;:&quot;0&quot;}\" data-image-=\"\" data-image-description=\"\" data-medium-file=\"https:\/\/i0.wp.com\/unser-quartier.de\/ottelau-in-herford\/files\/2018\/09\/P1020016.jpg?fit=300%2C171&amp;ssl=1\" data-large-file=\"https:\/\/i0.wp.com\/unser-quartier.de\/ottelau-in-herford\/files\/2018\/09\/P1020016.jpg?fit=715%2C408&amp;ssl=1\" \/><\/a><\/div>\n<\/figure>\n<figure class=\"gallery-item\">\n<div class=\"gallery-icon landscape\"><a href=\"https:\/\/unser-quartier.de\/ottelau-in-herford\/events\/quartiersfruehstueck-2019-01-09\/p1020025\/#main\" data-slb-active=\"1\" data-slb-asset=\"255387548\" data-slb-internal=\"2164\" data-slb-group=\"1614\" data-wpel-link=\"internal\"><img loading=\"lazy\" decoding=\"async\" class=\"attachment-medium size-medium\" src=\"https:\/\/i2.wp.com\/unser-quartier.de\/ottelau-in-herford\/files\/2018\/09\/P1020025.jpg?fit=300%2C184&amp;ssl=1\" sizes=\"auto, (max-width: 300px) 100vw, 300px\" srcset=\"https:\/\/i2.wp.com\/unser-quartier.de\/ottelau-in-herford\/files\/2018\/09\/P1020025.jpg?w=1200&amp;ssl=1 1200w, https:\/\/i2.wp.com\/unser-quartier.de\/ottelau-in-herford\/files\/2018\/09\/P1020025.jpg?resize=150%2C92&amp;ssl=1 150w, https:\/\/i2.wp.com\/unser-quartier.de\/ottelau-in-herford\/files\/2018\/09\/P1020025.jpg?resize=300%2C184&amp;ssl=1 300w, https:\/\/i2.wp.com\/unser-quartier.de\/ottelau-in-herford\/files\/2018\/09\/P1020025.jpg?resize=768%2C472&amp;ssl=1 768w, https:\/\/i2.wp.com\/unser-quartier.de\/ottelau-in-herford\/files\/2018\/09\/P1020025.jpg?resize=1024%2C629&amp;ssl=1 1024w\" alt=\"Bild Fr\u00fchst\u00fcck 2\" width=\"300\" height=\"184\" data-attachment-id=\"2164\" data-permalink=\"https:\/\/unser-quartier.de\/ottelau-in-herford\/events\/quartiersfruehstueck-2019-01-09\/p1020025\/#main\" data-orig-file=\"https:\/\/i2.wp.com\/unser-quartier.de\/ottelau-in-herford\/files\/2018\/09\/P1020025.jpg?fit=1200%2C737&amp;ssl=1\" data-orig-size=\"1200,737\" data-comments-opened=\"0\" data-image-meta=\"{&quot;aperture&quot;:&quot;0&quot;,&quot;credit&quot;:&quot;&quot;,&quot;camera&quot;:&quot;&quot;,&quot;caption&quot;:&quot;&quot;,&quot;created_timestamp&quot;:&quot;0&quot;,&quot;copyright&quot;:&quot;&quot;,&quot;focal_length&quot;:&quot;0&quot;,&quot;iso&quot;:&quot;0&quot;,&quot;shutter_speed&quot;:&quot;0&quot;,&quot;title&quot;:&quot;&quot;,&quot;orientation&quot;:&quot;0&quot;}\" data-image-=\"\" data-image-description=\"\" data-medium-file=\"https:\/\/i2.wp.com\/unser-quartier.de\/ottelau-in-herford\/files\/2018\/09\/P1020025.jpg?fit=300%2C184&amp;ssl=1\" data-large-file=\"https:\/\/i2.wp.com\/unser-quartier.de\/ottelau-in-herford\/files\/2018\/09\/P1020025.jpg?fit=715%2C439&amp;ssl=1\" \/><\/a><\/div>\n<\/figure>\n<figure class=\"gallery-item\">\n<div class=\"gallery-icon landscape\"><a href=\"https:\/\/unser-quartier.de\/ottelau-in-herford\/events\/quartiersfruehstueck-2019-01-09\/p1020027\/#main\" data-slb-active=\"1\" data-slb-asset=\"897380757\" data-slb-internal=\"2165\" data-slb-group=\"1614\" data-wpel-link=\"internal\"><img loading=\"lazy\" decoding=\"async\" class=\"attachment-medium size-medium\" src=\"https:\/\/i0.wp.com\/unser-quartier.de\/ottelau-in-herford\/files\/2018\/09\/P1020027.jpg?fit=300%2C208&amp;ssl=1\" sizes=\"auto, (max-width: 300px) 100vw, 300px\" srcset=\"https:\/\/i0.wp.com\/unser-quartier.de\/ottelau-in-herford\/files\/2018\/09\/P1020027.jpg?w=1200&amp;ssl=1 1200w, https:\/\/i0.wp.com\/unser-quartier.de\/ottelau-in-herford\/files\/2018\/09\/P1020027.jpg?resize=150%2C104&amp;ssl=1 150w, https:\/\/i0.wp.com\/unser-quartier.de\/ottelau-in-herford\/files\/2018\/09\/P1020027.jpg?resize=300%2C208&amp;ssl=1 300w, https:\/\/i0.wp.com\/unser-quartier.de\/ottelau-in-herford\/files\/2018\/09\/P1020027.jpg?resize=768%2C533&amp;ssl=1 768w, https:\/\/i0.wp.com\/unser-quartier.de\/ottelau-in-herford\/files\/2018\/09\/P1020027.jpg?resize=1024%2C711&amp;ssl=1 1024w\" alt=\"Bild Fr\u00fchst\u00fcck 3\" width=\"300\" height=\"208\" data-attachment-id=\"2165\" data-permalink=\"https:\/\/unser-quartier.de\/ottelau-in-herford\/events\/quartiersfruehstueck-2019-01-09\/p1020027\/#main\" data-orig-file=\"https:\/\/i0.wp.com\/unser-quartier.de\/ottelau-in-herford\/files\/2018\/09\/P1020027.jpg?fit=1200%2C833&amp;ssl=1\" data-orig-size=\"1200,833\" data-comments-opened=\"0\" data-image-meta=\"{&quot;aperture&quot;:&quot;0&quot;,&quot;credit&quot;:&quot;&quot;,&quot;camera&quot;:&quot;&quot;,&quot;caption&quot;:&quot;&quot;,&quot;created_timestamp&quot;:&quot;0&quot;,&quot;copyright&quot;:&quot;&quot;,&quot;focal_length&quot;:&quot;0&quot;,&quot;iso&quot;:&quot;0&quot;,&quot;shutter_speed&quot;:&quot;0&quot;,&quot;title&quot;:&quot;&quot;,&quot;orientation&quot;:&quot;0&quot;}\" data-image-=\"\" data-image-description=\"\" data-medium-file=\"https:\/\/i0.wp.com\/unser-quartier.de\/ottelau-in-herford\/files\/2018\/09\/P1020027.jpg?fit=300%2C208&amp;ssl=1\" data-large-file=\"https:\/\/i0.wp.com\/unser-quartier.de\/ottelau-in-herford\/files\/2018\/09\/P1020027.jpg?fit=715%2C496&amp;ssl=1\" \/><\/a><\/div>\n<\/figure>\n<\/div>\n","protected":false},"excerpt":{"rendered":"<p>Tag\/Zeit Jeden Mittwoch 09:00 &#8211; 11:00 Jeden Mittwoch findet im Mehrgenerationenhaus \u201eAlte Schule Ottelau\u201c ein Fr\u00fchst\u00fccksbuffet f\u00fcr die Bewohner der Ottelau statt. Unser Quartiersfr\u00fchst\u00fcck bietet in lockerer Atmosph\u00e4re die M\u00f6glichkeit sich mit seinen Nachbarn zu treffen und neue Bekanntschaften zu machen. Neben den \u201ealten Hasen\u201c in der Nachbarschaft sind auch Neulinge jeder Zeit Willkommen und&hellip; <a class=\"continue\" href=\"https:\/\/unser-quartier.de\/ottelau-in-herford\/angebote-und-projekte\/quartiersfruehstueck\/\" data-wpel-link=\"internal\"> \u00bb weiterlesen: <span> Quartiersfr\u00fchst\u00fcck<\/span><\/a><\/p>\n","protected":false},"author":712,"featured_media":0,"parent":2002,"menu_order":9,"comment_status":"closed","ping_status":"closed","template":"","meta":{"generate_page_header":"","footnotes":""},"class_list":["post-2125","page","type-page","status-publish"],"_links":{"self":[{"href":"https:\/\/unser-quartier.de\/ottelau-in-herford\/wp-json\/wp\/v2\/pages\/2125","targetHints":{"allow":["GET"]}}],"collection":[{"href":"https:\/\/unser-quartier.de\/ottelau-in-herford\/wp-json\/wp\/v2\/pages"}],"about":[{"href":"https:\/\/unser-quartier.de\/ottelau-in-herford\/wp-json\/wp\/v2\/types\/page"}],"author":[{"embeddable":true,"href":"https:\/\/unser-quartier.de\/ottelau-in-herford\/wp-json\/wp\/v2\/users\/712"}],"replies":[{"embeddable":true,"href":"https:\/\/unser-quartier.de\/ottelau-in-herford\/wp-json\/wp\/v2\/comments?post=2125"}],"version-history":[{"count":0,"href":"https:\/\/unser-quartier.de\/ottelau-in-herford\/wp-json\/wp\/v2\/pages\/2125\/revisions"}],"up":[{"embeddable":true,"href":"https:\/\/unser-quartier.de\/ottelau-in-herford\/wp-json\/wp\/v2\/pages\/2002"}],"wp:attachment":[{"href":"https:\/\/unser-quartier.de\/ottelau-in-herford\/wp-json\/wp\/v2\/media?parent=2125"}],"curies":[{"name":"wp","href":"https:\/\/api.w.org\/{rel}","templated":true}]}}