{"id":2127,"date":"2018-11-06T16:24:56","date_gmt":"2018-11-06T15:24:56","guid":{"rendered":"https:\/\/unser-quartier.de\/ottelau-in-herford\/?page_id=2127"},"modified":"2018-12-18T15:49:14","modified_gmt":"2018-12-18T14:49:14","slug":"seniorengymnastik-55","status":"publish","type":"page","link":"https:\/\/unser-quartier.de\/ottelau-in-herford\/angebote-und-projekte\/seniorengymnastik-55\/","title":{"rendered":"Seniorengymnastik 55+"},"content":{"rendered":"<p><strong>Tag\/Zeit<\/strong><br \/>\nJeden Mittwoch<br \/>\n<i>11:00 &#8211; 11:45<\/i><\/p>\n<p><strong>Jeden Mittwoch findet\u00a0im Mehrgenerationenhaus \u201cAlte Schule Ottelau\u201d ein Seniorengymnastikkurs statt.<\/strong><\/p>\n<p>Unter Anleitung von Frau Kelch werden Senioren noch mal aktiv.<br \/>\nJeden Mittwoch um 11 Uhr findet ein Gymnastikkurs nur f\u00fcr Senioren statt.<\/p>\n<p>10er Karten f\u00fcr den Gymnastikurs k\u00f6nnen bei Frau Kelch erworben werden.\u00a0<br \/>\nF\u00fcr DRK-Mitglieder: 12\u20ac<br \/>\nF\u00fcr Nichtmitglieder: 14\u20ac\u00a0<\/p>\n<p>Nach dem Kurs l\u00e4dt Frau Kelch zu gemeinsamen Gymnastikfr\u00fchst\u00fcck ein.\u00a0<\/p>\n<p>Alle B\u00fcrger und B\u00fcrgerinnen ab 55 Jahren sind herzlich zu einer Schnupper-Stunde eingeladen.<br \/>\n<img loading=\"lazy\" decoding=\"async\" class=\" wp-image-2324 aligncenter\" src=\"https:\/\/unser-quartier.de\/ottelau-in-herford\/files\/2018\/11\/dumbbells-2465478_1920-300x200.jpg\" alt=\"Bild von Sportutensilien\" width=\"384\" height=\"256\" srcset=\"https:\/\/unser-quartier.de\/ottelau-in-herford\/files\/2018\/11\/dumbbells-2465478_1920-300x200.jpg 300w, https:\/\/unser-quartier.de\/ottelau-in-herford\/files\/2018\/11\/dumbbells-2465478_1920-150x100.jpg 150w, https:\/\/unser-quartier.de\/ottelau-in-herford\/files\/2018\/11\/dumbbells-2465478_1920-768x512.jpg 768w, https:\/\/unser-quartier.de\/ottelau-in-herford\/files\/2018\/11\/dumbbells-2465478_1920-1024x683.jpg 1024w, https:\/\/unser-quartier.de\/ottelau-in-herford\/files\/2018\/11\/dumbbells-2465478_1920-600x400.jpg 600w, https:\/\/unser-quartier.de\/ottelau-in-herford\/files\/2018\/11\/dumbbells-2465478_1920-272x182.jpg 272w, https:\/\/unser-quartier.de\/ottelau-in-herford\/files\/2018\/11\/dumbbells-2465478_1920.jpg 1200w\" sizes=\"auto, (max-width: 384px) 100vw, 384px\" \/><\/p>\n","protected":false},"excerpt":{"rendered":"<p>Tag\/Zeit Jeden Mittwoch 11:00 &#8211; 11:45 Jeden Mittwoch findet\u00a0im Mehrgenerationenhaus \u201cAlte Schule Ottelau\u201d ein Seniorengymnastikkurs statt. Unter Anleitung von Frau Kelch werden Senioren noch mal aktiv. Jeden Mittwoch um 11 Uhr findet ein Gymnastikkurs nur f\u00fcr Senioren statt. 10er Karten f\u00fcr den Gymnastikurs k\u00f6nnen bei Frau Kelch erworben werden.\u00a0 F\u00fcr DRK-Mitglieder: 12\u20ac F\u00fcr Nichtmitglieder: 14\u20ac\u00a0&hellip; <a class=\"continue\" href=\"https:\/\/unser-quartier.de\/ottelau-in-herford\/angebote-und-projekte\/seniorengymnastik-55\/\" data-wpel-link=\"internal\"> \u00bb weiterlesen: <span> Seniorengymnastik 55+<\/span><\/a><\/p>\n","protected":false},"author":712,"featured_media":0,"parent":2002,"menu_order":10,"comment_status":"closed","ping_status":"closed","template":"","meta":{"generate_page_header":"","footnotes":""},"class_list":["post-2127","page","type-page","status-publish"],"_links":{"self":[{"href":"https:\/\/unser-quartier.de\/ottelau-in-herford\/wp-json\/wp\/v2\/pages\/2127","targetHints":{"allow":["GET"]}}],"collection":[{"href":"https:\/\/unser-quartier.de\/ottelau-in-herford\/wp-json\/wp\/v2\/pages"}],"about":[{"href":"https:\/\/unser-quartier.de\/ottelau-in-herford\/wp-json\/wp\/v2\/types\/page"}],"author":[{"embeddable":true,"href":"https:\/\/unser-quartier.de\/ottelau-in-herford\/wp-json\/wp\/v2\/users\/712"}],"replies":[{"embeddable":true,"href":"https:\/\/unser-quartier.de\/ottelau-in-herford\/wp-json\/wp\/v2\/comments?post=2127"}],"version-history":[{"count":0,"href":"https:\/\/unser-quartier.de\/ottelau-in-herford\/wp-json\/wp\/v2\/pages\/2127\/revisions"}],"up":[{"embeddable":true,"href":"https:\/\/unser-quartier.de\/ottelau-in-herford\/wp-json\/wp\/v2\/pages\/2002"}],"wp:attachment":[{"href":"https:\/\/unser-quartier.de\/ottelau-in-herford\/wp-json\/wp\/v2\/media?parent=2127"}],"curies":[{"name":"wp","href":"https:\/\/api.w.org\/{rel}","templated":true}]}}