{"id":2133,"date":"2018-11-06T16:27:22","date_gmt":"2018-11-06T15:27:22","guid":{"rendered":"https:\/\/unser-quartier.de\/ottelau-in-herford\/?page_id=2133"},"modified":"2019-06-07T16:40:17","modified_gmt":"2019-06-07T14:40:17","slug":"futtern-wie-bei-muttern","status":"publish","type":"page","link":"https:\/\/unser-quartier.de\/ottelau-in-herford\/angebote-und-projekte\/futtern-wie-bei-muttern\/","title":{"rendered":"&#8222;Futtern wie bei Muttern&#8220;"},"content":{"rendered":"<p><strong>Tag\/Zeit<\/strong><br \/>\njeden Freitag<br \/>\n<i>12:00 &#8211; 13:00<\/i><\/p>\n<p><strong>Jeden Freitag findet im Mehrgenerationenhaus \u201eAlte Schule Ottelau\u201c ein Mittagstisch f\u00fcr die Bewohner der Ottelau statt.<\/strong><\/p>\n<p>Nach dem Motto: \u201cFuttern wie bei Muttern\u201d<\/p>\n<p>bietet das\u00a0Mehrgenerationenhaus \u201eAlte Schule Ottelau\u201c in lockerer Atmosph\u00e4re einen Mittagstisch. Sie haben die M\u00f6glichkeit sich mit Ihren Nachbarn zu treffen und neue Bekanntschaften zu machen. Neben den \u201ealten Hasen\u201c in der Nachbarschaft sind auch Neulinge jederzeit willkommen und wir freuen uns \u00fcber jedes neue Gesicht.<\/p>\n<p>Das \u201cFuttern wie bei Muttern\u201d wird von flei\u00dfigen Ehrenamtlichen liebevoll zubereitet.<br \/>\nF\u00fcr Rezeptvorschl\u00e4ge und tatkr\u00e4ftige Unterst\u00fctzung sind wir jederzeit dankbar.\u00a0<\/p>\n<p>Bei R\u00fcckfragen k\u00f6nnen Sie uns jederzeit ansprechen.<\/p>\n","protected":false},"excerpt":{"rendered":"<p>Tag\/Zeit jeden Freitag 12:00 &#8211; 13:00 Jeden Freitag findet im Mehrgenerationenhaus \u201eAlte Schule Ottelau\u201c ein Mittagstisch f\u00fcr die Bewohner der Ottelau statt. Nach dem Motto: \u201cFuttern wie bei Muttern\u201d bietet das\u00a0Mehrgenerationenhaus \u201eAlte Schule Ottelau\u201c in lockerer Atmosph\u00e4re einen Mittagstisch. Sie haben die M\u00f6glichkeit sich mit Ihren Nachbarn zu treffen und neue Bekanntschaften zu machen. Neben&hellip; <a class=\"continue\" href=\"https:\/\/unser-quartier.de\/ottelau-in-herford\/angebote-und-projekte\/futtern-wie-bei-muttern\/\" data-wpel-link=\"internal\"> \u00bb weiterlesen: <span> &#8222;Futtern wie bei Muttern&#8220;<\/span><\/a><\/p>\n","protected":false},"author":712,"featured_media":0,"parent":2002,"menu_order":1,"comment_status":"closed","ping_status":"closed","template":"","meta":{"generate_page_header":"","footnotes":""},"class_list":["post-2133","page","type-page","status-publish"],"_links":{"self":[{"href":"https:\/\/unser-quartier.de\/ottelau-in-herford\/wp-json\/wp\/v2\/pages\/2133","targetHints":{"allow":["GET"]}}],"collection":[{"href":"https:\/\/unser-quartier.de\/ottelau-in-herford\/wp-json\/wp\/v2\/pages"}],"about":[{"href":"https:\/\/unser-quartier.de\/ottelau-in-herford\/wp-json\/wp\/v2\/types\/page"}],"author":[{"embeddable":true,"href":"https:\/\/unser-quartier.de\/ottelau-in-herford\/wp-json\/wp\/v2\/users\/712"}],"replies":[{"embeddable":true,"href":"https:\/\/unser-quartier.de\/ottelau-in-herford\/wp-json\/wp\/v2\/comments?post=2133"}],"version-history":[{"count":0,"href":"https:\/\/unser-quartier.de\/ottelau-in-herford\/wp-json\/wp\/v2\/pages\/2133\/revisions"}],"up":[{"embeddable":true,"href":"https:\/\/unser-quartier.de\/ottelau-in-herford\/wp-json\/wp\/v2\/pages\/2002"}],"wp:attachment":[{"href":"https:\/\/unser-quartier.de\/ottelau-in-herford\/wp-json\/wp\/v2\/media?parent=2133"}],"curies":[{"name":"wp","href":"https:\/\/api.w.org\/{rel}","templated":true}]}}