{"id":2150,"date":"2018-11-07T14:54:14","date_gmt":"2018-11-07T13:54:14","guid":{"rendered":"https:\/\/unser-quartier.de\/ottelau-in-herford\/?page_id=2150"},"modified":"2019-12-11T12:58:10","modified_gmt":"2019-12-11T11:58:10","slug":"kinderhotel","status":"publish","type":"page","link":"https:\/\/unser-quartier.de\/ottelau-in-herford\/angebote-und-projekte\/kinderhotel\/","title":{"rendered":"Kinderhotel"},"content":{"rendered":"<p><strong>Tag\/Zeit<\/strong><br \/>\n1x im Monat Freitags (genauer Termin finden Sie in unserem Monatsflyer)<br \/>\n<i>17:00 &#8211; 10:00<\/i><\/p>\n<h4>Das DRK Familienzentrum &#8222;Ottelau&#8220; bietet den <strong>Aufenthalt<\/strong> in einem Kinderhotel an.<\/h4>\n<p>In der Zeit von 17:00-10:00 Uhr k\u00f6nnen Kinder im Alter von 4-10 Jahren im Familienzentrum \u00fcbernachten.<br \/>\nSie werden dort von einer Erzieherin betreut.<br \/>\nDer Kostenbeitrag pro Kind betr\u00e4gt 20\u20ac.<\/p>\n<p><img loading=\"lazy\" decoding=\"async\" class=\"alignnone size-medium wp-image-2151\" src=\"https:\/\/unser-quartier.de\/ottelau-in-herford\/files\/2018\/11\/sleeping-1311784_1920-300x200.jpg\" alt=\"Bild schlafendes Kind\" width=\"300\" height=\"200\" srcset=\"https:\/\/unser-quartier.de\/ottelau-in-herford\/files\/2018\/11\/sleeping-1311784_1920-300x200.jpg 300w, https:\/\/unser-quartier.de\/ottelau-in-herford\/files\/2018\/11\/sleeping-1311784_1920-150x100.jpg 150w, https:\/\/unser-quartier.de\/ottelau-in-herford\/files\/2018\/11\/sleeping-1311784_1920-768x512.jpg 768w, https:\/\/unser-quartier.de\/ottelau-in-herford\/files\/2018\/11\/sleeping-1311784_1920-1024x683.jpg 1024w, https:\/\/unser-quartier.de\/ottelau-in-herford\/files\/2018\/11\/sleeping-1311784_1920-600x400.jpg 600w, https:\/\/unser-quartier.de\/ottelau-in-herford\/files\/2018\/11\/sleeping-1311784_1920-272x182.jpg 272w, https:\/\/unser-quartier.de\/ottelau-in-herford\/files\/2018\/11\/sleeping-1311784_1920.jpg 1200w\" sizes=\"auto, (max-width: 300px) 100vw, 300px\" \/><\/p>\n<p>f\u00fcr n\u00e4here Informationen und zur Anmeldung:<br \/>\nFrau Mrosla<br \/>\n05221 &#8211; 689 497<\/p>\n","protected":false},"excerpt":{"rendered":"<p>Tag\/Zeit 1x im Monat Freitags (genauer Termin finden Sie in unserem Monatsflyer) 17:00 &#8211; 10:00 Das DRK Familienzentrum &#8222;Ottelau&#8220; bietet den Aufenthalt in einem Kinderhotel an. In der Zeit von 17:00-10:00 Uhr k\u00f6nnen Kinder im Alter von 4-10 Jahren im Familienzentrum \u00fcbernachten. Sie werden dort von einer Erzieherin betreut. Der Kostenbeitrag pro Kind betr\u00e4gt 20\u20ac.&hellip; <a class=\"continue\" href=\"https:\/\/unser-quartier.de\/ottelau-in-herford\/angebote-und-projekte\/kinderhotel\/\" data-wpel-link=\"internal\"> \u00bb weiterlesen: <span> Kinderhotel<\/span><\/a><\/p>\n","protected":false},"author":712,"featured_media":0,"parent":2002,"menu_order":8,"comment_status":"closed","ping_status":"closed","template":"","meta":{"generate_page_header":"","footnotes":""},"class_list":["post-2150","page","type-page","status-publish"],"_links":{"self":[{"href":"https:\/\/unser-quartier.de\/ottelau-in-herford\/wp-json\/wp\/v2\/pages\/2150","targetHints":{"allow":["GET"]}}],"collection":[{"href":"https:\/\/unser-quartier.de\/ottelau-in-herford\/wp-json\/wp\/v2\/pages"}],"about":[{"href":"https:\/\/unser-quartier.de\/ottelau-in-herford\/wp-json\/wp\/v2\/types\/page"}],"author":[{"embeddable":true,"href":"https:\/\/unser-quartier.de\/ottelau-in-herford\/wp-json\/wp\/v2\/users\/712"}],"replies":[{"embeddable":true,"href":"https:\/\/unser-quartier.de\/ottelau-in-herford\/wp-json\/wp\/v2\/comments?post=2150"}],"version-history":[{"count":0,"href":"https:\/\/unser-quartier.de\/ottelau-in-herford\/wp-json\/wp\/v2\/pages\/2150\/revisions"}],"up":[{"embeddable":true,"href":"https:\/\/unser-quartier.de\/ottelau-in-herford\/wp-json\/wp\/v2\/pages\/2002"}],"wp:attachment":[{"href":"https:\/\/unser-quartier.de\/ottelau-in-herford\/wp-json\/wp\/v2\/media?parent=2150"}],"curies":[{"name":"wp","href":"https:\/\/api.w.org\/{rel}","templated":true}]}}