{"id":4281,"date":"2020-02-10T10:02:20","date_gmt":"2020-02-10T09:02:20","guid":{"rendered":"https:\/\/unser-quartier.de\/ottelau-in-herford\/?page_id=4281"},"modified":"2020-02-10T13:53:22","modified_gmt":"2020-02-10T12:53:22","slug":"smartphone-sprechstunde","status":"publish","type":"page","link":"https:\/\/unser-quartier.de\/ottelau-in-herford\/angebote-und-projekte\/smartphone-sprechstunde\/","title":{"rendered":"Smartphone Sprechstunde"},"content":{"rendered":"<p><strong>Datum\/Zeit<\/strong><br \/>\njeden Montag<br \/>\n14:30-16:00 Uhr<\/p>\n<p><strong>\u201cSenioren ans Handy\u201d hei\u00dft es in der \u201cAlten Schule Ottelau\u201d<\/strong><\/p>\n<p>Sie haben einen Smartphone Einstiegskurs gemacht und m\u00f6chten Ihr erlerntes Wissen anwenden, vertiefen und sich gemeinsam mit gleichgesinnten in Ruhe mit diesem neuen Medium ausprobieren? Sie m\u00f6chten bei einer Tasse Kaffee Erfahrungen mit dem Smartphone sammeln und die M\u00f6glichkeit haben Fragen zu stellen und Unterst\u00fctzung zu bekommen?<\/p>\n<p>In Kooperation mit zwei Sch\u00fclerinnen der Otto-Hahn-Realschule m\u00f6chten wir Sie unterst\u00fctzen und eine Plattform bieten in der Sie sich ausprobieren k\u00f6nnen.<img loading=\"lazy\" decoding=\"async\" class=\"aligncenter  wp-image-4282\" src=\"https:\/\/unser-quartier.de\/ottelau-in-herford\/files\/2020\/02\/Handy-kennenlernen.png\" alt=\"Handy\" width=\"693\" height=\"289\" srcset=\"https:\/\/unser-quartier.de\/ottelau-in-herford\/files\/2020\/02\/Handy-kennenlernen.png 1200w, https:\/\/unser-quartier.de\/ottelau-in-herford\/files\/2020\/02\/Handy-kennenlernen-300x125.png 300w, https:\/\/unser-quartier.de\/ottelau-in-herford\/files\/2020\/02\/Handy-kennenlernen-1024x426.png 1024w, https:\/\/unser-quartier.de\/ottelau-in-herford\/files\/2020\/02\/Handy-kennenlernen-150x62.png 150w, https:\/\/unser-quartier.de\/ottelau-in-herford\/files\/2020\/02\/Handy-kennenlernen-768x320.png 768w, https:\/\/unser-quartier.de\/ottelau-in-herford\/files\/2020\/02\/Handy-kennenlernen-1536x640.png 1536w, https:\/\/unser-quartier.de\/ottelau-in-herford\/files\/2020\/02\/Handy-kennenlernen-2048x853.png 2048w\" sizes=\"auto, (max-width: 693px) 100vw, 693px\" \/><\/p>\n<p>Bei R\u00fcckfragen wenden Sie sich an:<br \/>\nFrau Melanie Reuter oder Frau Finkeldey-Reinhold<br \/>\nTel.: 05221 \u2013 27 58 679<\/p>\n","protected":false},"excerpt":{"rendered":"<p>Datum\/Zeit jeden Montag 14:30-16:00 Uhr \u201cSenioren ans Handy\u201d hei\u00dft es in der \u201cAlten Schule Ottelau\u201d Sie haben einen Smartphone Einstiegskurs gemacht und m\u00f6chten Ihr erlerntes Wissen anwenden, vertiefen und sich gemeinsam mit gleichgesinnten in Ruhe mit diesem neuen Medium ausprobieren? Sie m\u00f6chten bei einer Tasse Kaffee Erfahrungen mit dem Smartphone sammeln und die M\u00f6glichkeit haben&hellip; <a class=\"continue\" href=\"https:\/\/unser-quartier.de\/ottelau-in-herford\/angebote-und-projekte\/smartphone-sprechstunde\/\" data-wpel-link=\"internal\"> \u00bb weiterlesen: <span> Smartphone Sprechstunde<\/span><\/a><\/p>\n","protected":false},"author":712,"featured_media":0,"parent":2002,"menu_order":-1,"comment_status":"closed","ping_status":"closed","template":"","meta":{"generate_page_header":"","footnotes":""},"class_list":["post-4281","page","type-page","status-publish"],"_links":{"self":[{"href":"https:\/\/unser-quartier.de\/ottelau-in-herford\/wp-json\/wp\/v2\/pages\/4281","targetHints":{"allow":["GET"]}}],"collection":[{"href":"https:\/\/unser-quartier.de\/ottelau-in-herford\/wp-json\/wp\/v2\/pages"}],"about":[{"href":"https:\/\/unser-quartier.de\/ottelau-in-herford\/wp-json\/wp\/v2\/types\/page"}],"author":[{"embeddable":true,"href":"https:\/\/unser-quartier.de\/ottelau-in-herford\/wp-json\/wp\/v2\/users\/712"}],"replies":[{"embeddable":true,"href":"https:\/\/unser-quartier.de\/ottelau-in-herford\/wp-json\/wp\/v2\/comments?post=4281"}],"version-history":[{"count":0,"href":"https:\/\/unser-quartier.de\/ottelau-in-herford\/wp-json\/wp\/v2\/pages\/4281\/revisions"}],"up":[{"embeddable":true,"href":"https:\/\/unser-quartier.de\/ottelau-in-herford\/wp-json\/wp\/v2\/pages\/2002"}],"wp:attachment":[{"href":"https:\/\/unser-quartier.de\/ottelau-in-herford\/wp-json\/wp\/v2\/media?parent=4281"}],"curies":[{"name":"wp","href":"https:\/\/api.w.org\/{rel}","templated":true}]}}