{"id":126,"date":"2021-08-12T17:42:59","date_gmt":"2021-08-12T15:42:59","guid":{"rendered":"https:\/\/unser-quartier.de\/radundtat-barkenberg\/?page_id=126"},"modified":"2021-08-12T17:42:59","modified_gmt":"2021-08-12T15:42:59","slug":"copyright","status":"publish","type":"page","link":"https:\/\/unser-quartier.de\/radundtat-barkenberg\/copyright\/","title":{"rendered":"Copyright"},"content":{"rendered":"<p><strong>Alle Fotos, Texte und Logos auf unserer Website d\u00fcrfen nur mit unserer Genehmigung genutzt werden.\u00a0<\/strong><\/p>\n<p>Urheberrecht<br \/>\nDie auf unserer Internetseite enthaltenen Inhalte sind, soweit m\u00f6glich, urheberrechtlich gesch\u00fctzt. Es bedarf einer schriftlichen Genehmigung des Erstellers f\u00fcr denjenigen, der die Inhalte vervielf\u00e4ltigt, bearbeitet, verbreitet oder n\u00fctzt.<br \/>\nDas Herunterladen und Kopieren unserer Internetseite ist sowohl f\u00fcr den privaten als auch den kommerziellen Gebrauch von uns schriftlich zu gestatten. Wir weisen darauf hin, dass wir hinsichtlich der Inhalte auf unserer Internetseite, soweit sie nicht von uns erstellt worden sind, das Urheberrecht von Dritten jederzeit beachtet hatten.<br \/>\nWenn Sie uns mitteilen w\u00fcrden, dass Sie trotzdem eine Urheberrechtsverletzung gefunden haben, w\u00fcrden wir das sehr sch\u00e4tzen. Dann k\u00f6nnen wir den entsprechenden Inhalt sofort entfernen und w\u00fcrden damit das Urheberrecht nicht mehr verletzen, einen rechtswidrigen Zustand also nicht fortsetzen.<\/p>\n<p>Muster-Impressum von der Flegl Rechtsanw\u00e4lte GmbH<\/p>\n","protected":false},"excerpt":{"rendered":"<p>Alle Fotos, Texte und Logos auf unserer Website d\u00fcrfen nur mit unserer Genehmigung genutzt werden.\u00a0 Urheberrecht Die auf unserer Internetseite enthaltenen Inhalte sind, soweit m\u00f6glich, urheberrechtlich gesch\u00fctzt. Es bedarf einer schriftlichen Genehmigung des Erstellers f\u00fcr denjenigen, der die Inhalte vervielf\u00e4ltigt, bearbeitet, verbreitet oder n\u00fctzt. Das Herunterladen und Kopieren unserer Internetseite ist sowohl f\u00fcr den privaten [&hellip;]<\/p>\n","protected":false},"author":748,"featured_media":0,"parent":0,"menu_order":0,"comment_status":"closed","ping_status":"closed","template":"","meta":{"footnotes":""},"class_list":["post-126","page","type-page","status-publish","hentry"],"_links":{"self":[{"href":"https:\/\/unser-quartier.de\/radundtat-barkenberg\/wp-json\/wp\/v2\/pages\/126","targetHints":{"allow":["GET"]}}],"collection":[{"href":"https:\/\/unser-quartier.de\/radundtat-barkenberg\/wp-json\/wp\/v2\/pages"}],"about":[{"href":"https:\/\/unser-quartier.de\/radundtat-barkenberg\/wp-json\/wp\/v2\/types\/page"}],"author":[{"embeddable":true,"href":"https:\/\/unser-quartier.de\/radundtat-barkenberg\/wp-json\/wp\/v2\/users\/748"}],"replies":[{"embeddable":true,"href":"https:\/\/unser-quartier.de\/radundtat-barkenberg\/wp-json\/wp\/v2\/comments?post=126"}],"version-history":[{"count":0,"href":"https:\/\/unser-quartier.de\/radundtat-barkenberg\/wp-json\/wp\/v2\/pages\/126\/revisions"}],"wp:attachment":[{"href":"https:\/\/unser-quartier.de\/radundtat-barkenberg\/wp-json\/wp\/v2\/media?parent=126"}],"curies":[{"name":"wp","href":"https:\/\/api.w.org\/{rel}","templated":true}]}}