{"id":208,"date":"2019-03-17T08:53:11","date_gmt":"2019-03-17T07:53:11","guid":{"rendered":"https:\/\/unser-quartier.de\/rc-wulfen\/?page_id=208"},"modified":"2019-03-18T15:50:19","modified_gmt":"2019-03-18T14:50:19","slug":"haftungsausschluss","status":"publish","type":"page","link":"https:\/\/unser-quartier.de\/rc-wulfen\/haftungsausschluss\/","title":{"rendered":"Haftungsausschlu\u00df"},"content":{"rendered":"<p>Wir weisen darauf hin, dass mit der Erlaubnis zur Teilnahme an der Veranstaltung des Repair Caf\u00e9s Wulfen keine rechtsgesch\u00e4ftliche Bindung eingegangen, also kein Vertrag abgeschlossen wird.<br \/>\nEintritt und Reparatur bzw. die ehrenamtliche Hilfestellung hierzu sind kostenlos. Die Werkzeuge sind vor Ort vorhanden. Deren Gebrauch ist ebenfalls kostenlos. Dennoch sind wir kein kostenloser Reparaturdienstleister, sondern es geht um die in Ihrem Interesse liegende Hilfe zur Selbsthilfe.<br \/>\nUnsere Reparaturfachleute geben keine Garantie auf die mit Ihrer Hilfe durchgef\u00fchrten Reparaturen und sind nicht daf\u00fcr haftbar, wenn Gegenst\u00e4nde, die im Repair Caf\u00e9 repariert wurden, zuhause nicht funktionieren.<br \/>\nWir bitten deshalb um Verst\u00e4ndnis, dass wir nur im Falle des Vorliegens von Vorsatz oder grober Fahrl\u00e4ssigkeit f\u00fcr Sch\u00e4den Ihres Eigentums, Ihres K\u00f6rpers, Ihres Lebens oder Ihrer Gesundheit Haftung \u00fcbernehmen k\u00f6nnen.<br \/>\nDamit erkl\u00e4ren Sie sich bei der Auftragsvergabe durch Unterschrift einverstanden.<\/p>\n","protected":false},"excerpt":{"rendered":"<p>Wir weisen darauf hin, dass mit der Erlaubnis zur Teilnahme an der Veranstaltung des Repair Caf\u00e9s Wulfen keine rechtsgesch\u00e4ftliche Bindung eingegangen, also kein Vertrag abgeschlossen wird. Eintritt und Reparatur bzw. die ehrenamtliche Hilfestellung hierzu sind kostenlos. Die Werkzeuge sind vor Ort vorhanden. Deren Gebrauch ist ebenfalls kostenlos. Dennoch sind wir kein kostenloser Reparaturdienstleister, sondern es [&hellip;]<\/p>\n","protected":false},"author":748,"featured_media":0,"parent":0,"menu_order":0,"comment_status":"closed","ping_status":"closed","template":"","meta":{"footnotes":""},"class_list":["post-208","page","type-page","status-publish","hentry"],"_links":{"self":[{"href":"https:\/\/unser-quartier.de\/rc-wulfen\/wp-json\/wp\/v2\/pages\/208","targetHints":{"allow":["GET"]}}],"collection":[{"href":"https:\/\/unser-quartier.de\/rc-wulfen\/wp-json\/wp\/v2\/pages"}],"about":[{"href":"https:\/\/unser-quartier.de\/rc-wulfen\/wp-json\/wp\/v2\/types\/page"}],"author":[{"embeddable":true,"href":"https:\/\/unser-quartier.de\/rc-wulfen\/wp-json\/wp\/v2\/users\/748"}],"replies":[{"embeddable":true,"href":"https:\/\/unser-quartier.de\/rc-wulfen\/wp-json\/wp\/v2\/comments?post=208"}],"version-history":[{"count":0,"href":"https:\/\/unser-quartier.de\/rc-wulfen\/wp-json\/wp\/v2\/pages\/208\/revisions"}],"wp:attachment":[{"href":"https:\/\/unser-quartier.de\/rc-wulfen\/wp-json\/wp\/v2\/media?parent=208"}],"curies":[{"name":"wp","href":"https:\/\/api.w.org\/{rel}","templated":true}]}}