{"id":211,"date":"2019-03-17T08:54:25","date_gmt":"2019-03-17T07:54:25","guid":{"rendered":"https:\/\/unser-quartier.de\/rc-wulfen\/?page_id=211"},"modified":"2019-03-22T00:17:59","modified_gmt":"2019-03-21T23:17:59","slug":"hausordnung","status":"publish","type":"page","link":"https:\/\/unser-quartier.de\/rc-wulfen\/hausordnung\/","title":{"rendered":"Hausordnung"},"content":{"rendered":"<h2>Reparieren macht Spa\u00df!<\/h2>\n<p>Wir freuen uns mit Ihnen in unserem Repair Caf\u00e9 eine interessante, lehrreiche und stressfreie Zeit genie\u00dfen\u00a0 zu k\u00f6nnen. Die Voraussetzungen f\u00fcr den gemeinsamen Umgang haben in der nachfolgenden <strong>Hausordnung f\u00fcr das Repair Caf\u00e9 Wulfen<\/strong> mit der Bitte um Beachtung zusammengefasst:<\/p>\n<h2>Hausordnung<\/h2>\n<ul>\n<li>Die Aktivit\u00e4ten des Repair Caf\u00e9s werden kostenlos und auf ehrenamtlicher Basis von den Reparaturexperten vor Ort ausgef\u00fchrt.<\/li>\n<li>Reparaturen werden soweit wie m\u00f6glich vom Besucher selbst durchgef\u00fchrt, erforderlichenfalls mit Hilfe der vor Ort anwesenden Reparaturfachleute.<\/li>\n<li>Das Repair Caf\u00e9 ist kein kostenloser Reparaturdienstleister. Es geht im Repair Caf\u00e9 um Hilfe zur Selbsthilfe. Die Organisatoren und Reparaturexperten k\u00f6nnen darum nur im Falle des Vorliegens von Vorsatz oder grober Fahrl\u00e4ssigkeit f\u00fcr Sch\u00e4den an Eigentum, K\u00f6rper, Gesundheit oder Leben, Haftung \u00fcbernehmen.<\/li>\n<li>Ein freiwilliger Beitrag wird sehr gesch\u00e4tzt.<\/li>\n<li>Neue Materialien wie Elektrizit\u00e4tskabel, Stecker, Sicherungen usw. sind nicht kostenlos und m\u00fcssen gesondert bezahlt werden.<\/li>\n<li>Das Anbieten von kaputten Gegenst\u00e4nden zur Reparatur geschieht auf eigenes Risiko.<\/li>\n<li>Die Reparaturfachleute geben keine Garantie auf die mit ihrer Hilfe durchgef\u00fchrten Reparaturen und sind nicht daf\u00fcr haftbar, wenn Gegenst\u00e4nde, die im Repair Caf\u00e9 repariert wurden, zuhause nicht funktionieren.<\/li>\n<li>Die Reparaturfachleute behalten sich das Recht vor, bestimmte Gegenst\u00e4nde nicht zu reparieren.<\/li>\n<li>Die Reparaturfachleute sind nicht dazu verpflichtet, demontierte Ger\u00e4te, die nicht repariert werden k\u00f6nnen, wieder zusammenzusetzen.<\/li>\n<li>Besucher des Repair Caf\u00e9s sind selbst f\u00fcr die ordnungsgem\u00e4\u00dfe Entsorgung oder Beseitigung von kaputten oder funktionsunt\u00fcchtigen Gegenst\u00e4nden verantwortlich, die nicht repariert werden konnten.<\/li>\n<li>Zur Vermeidung langer Wartezeiten wird bei starkem Zulauf h\u00f6chstens ein Gegenstand je Besucher repariert. F\u00fcr jeden weiteren Gegenstand stellt sich der Besucher wieder hinten in der Reihe an.<\/li>\n<\/ul>\n","protected":false},"excerpt":{"rendered":"<p>Reparieren macht Spa\u00df! Wir freuen uns mit Ihnen in unserem Repair Caf\u00e9 eine interessante, lehrreiche und stressfreie Zeit genie\u00dfen\u00a0 zu k\u00f6nnen. Die Voraussetzungen f\u00fcr den gemeinsamen Umgang haben in der nachfolgenden Hausordnung f\u00fcr das Repair Caf\u00e9 Wulfen mit der Bitte um Beachtung zusammengefasst: Hausordnung Die Aktivit\u00e4ten des Repair Caf\u00e9s werden kostenlos und auf ehrenamtlicher Basis [&hellip;]<\/p>\n","protected":false},"author":748,"featured_media":58,"parent":0,"menu_order":0,"comment_status":"closed","ping_status":"closed","template":"","meta":{"footnotes":""},"class_list":["post-211","page","type-page","status-publish","has-post-thumbnail","hentry"],"_links":{"self":[{"href":"https:\/\/unser-quartier.de\/rc-wulfen\/wp-json\/wp\/v2\/pages\/211","targetHints":{"allow":["GET"]}}],"collection":[{"href":"https:\/\/unser-quartier.de\/rc-wulfen\/wp-json\/wp\/v2\/pages"}],"about":[{"href":"https:\/\/unser-quartier.de\/rc-wulfen\/wp-json\/wp\/v2\/types\/page"}],"author":[{"embeddable":true,"href":"https:\/\/unser-quartier.de\/rc-wulfen\/wp-json\/wp\/v2\/users\/748"}],"replies":[{"embeddable":true,"href":"https:\/\/unser-quartier.de\/rc-wulfen\/wp-json\/wp\/v2\/comments?post=211"}],"version-history":[{"count":0,"href":"https:\/\/unser-quartier.de\/rc-wulfen\/wp-json\/wp\/v2\/pages\/211\/revisions"}],"wp:featuredmedia":[{"embeddable":true,"href":"https:\/\/unser-quartier.de\/rc-wulfen\/wp-json\/wp\/v2\/media\/58"}],"wp:attachment":[{"href":"https:\/\/unser-quartier.de\/rc-wulfen\/wp-json\/wp\/v2\/media?parent=211"}],"curies":[{"name":"wp","href":"https:\/\/api.w.org\/{rel}","templated":true}]}}