{"id":312,"date":"2019-03-19T15:11:09","date_gmt":"2019-03-19T14:11:09","guid":{"rendered":"https:\/\/unser-quartier.de\/rc-wulfen\/?page_id=312"},"modified":"2022-10-23T17:56:46","modified_gmt":"2022-10-23T15:56:46","slug":"kontakt","status":"publish","type":"page","link":"https:\/\/unser-quartier.de\/rc-wulfen\/kontakt\/","title":{"rendered":"Kontakt"},"content":{"rendered":"<p>Wenn Sie Fragen zu unserem Reparaturangebot\u00a0 haben, nicht sicher sind, ob wir Ihr defektes Ger\u00e4t annehmen und reparieren k\u00f6nnen, wenn Sie wissen m\u00f6chten, ob und wie Sie sich\u00a0 beim Repair Caf\u00e9 beteiligen k\u00f6nnen, melden Sie sich im Repair Caf\u00e9 oder schreiben Sie uns eine Nachricht:<\/p>\n<p>wolfdorsten(at)gmail.com<\/p>\n","protected":false},"excerpt":{"rendered":"<p>Wenn Sie Fragen zu unserem Reparaturangebot\u00a0 haben, nicht sicher sind, ob wir Ihr defektes Ger\u00e4t annehmen und reparieren k\u00f6nnen, wenn Sie wissen m\u00f6chten, ob und wie Sie sich\u00a0 beim Repair Caf\u00e9 beteiligen k\u00f6nnen, melden Sie sich im Repair Caf\u00e9 oder schreiben Sie uns eine Nachricht: wolfdorsten(at)gmail.com<\/p>\n","protected":false},"author":748,"featured_media":66,"parent":0,"menu_order":0,"comment_status":"closed","ping_status":"closed","template":"","meta":{"footnotes":""},"class_list":["post-312","page","type-page","status-publish","has-post-thumbnail","hentry"],"_links":{"self":[{"href":"https:\/\/unser-quartier.de\/rc-wulfen\/wp-json\/wp\/v2\/pages\/312","targetHints":{"allow":["GET"]}}],"collection":[{"href":"https:\/\/unser-quartier.de\/rc-wulfen\/wp-json\/wp\/v2\/pages"}],"about":[{"href":"https:\/\/unser-quartier.de\/rc-wulfen\/wp-json\/wp\/v2\/types\/page"}],"author":[{"embeddable":true,"href":"https:\/\/unser-quartier.de\/rc-wulfen\/wp-json\/wp\/v2\/users\/748"}],"replies":[{"embeddable":true,"href":"https:\/\/unser-quartier.de\/rc-wulfen\/wp-json\/wp\/v2\/comments?post=312"}],"version-history":[{"count":0,"href":"https:\/\/unser-quartier.de\/rc-wulfen\/wp-json\/wp\/v2\/pages\/312\/revisions"}],"wp:featuredmedia":[{"embeddable":true,"href":"https:\/\/unser-quartier.de\/rc-wulfen\/wp-json\/wp\/v2\/media\/66"}],"wp:attachment":[{"href":"https:\/\/unser-quartier.de\/rc-wulfen\/wp-json\/wp\/v2\/media?parent=312"}],"curies":[{"name":"wp","href":"https:\/\/api.w.org\/{rel}","templated":true}]}}