{"id":316,"date":"2019-03-19T15:14:33","date_gmt":"2019-03-19T14:14:33","guid":{"rendered":"https:\/\/unser-quartier.de\/rc-wulfen\/?page_id=316"},"modified":"2021-08-22T22:12:20","modified_gmt":"2021-08-22T20:12:20","slug":"adresse-lageplan","status":"publish","type":"page","link":"https:\/\/unser-quartier.de\/rc-wulfen\/adresse-lageplan\/","title":{"rendered":"Anfahrt"},"content":{"rendered":"<p>Das Repair Caf\u00e9 findet ab August 2021 im <strong>Pfarrsaal<\/strong> neben der Kirche St. Barbara, Barbaraplatz 1 statt (nicht mehr im &#8222;Caf\u00e9 Pott&#8220; des Jugendheimes).<\/p>\n<h3>Mit dem Auto:<\/h3>\n<p>Folgen Sie von der <strong>B 58<\/strong> den Schildern &#8222;Kirchen&#8220; \u00fcber die Stra\u00dfen &#8222;Wittenberger Damm&#8220; und &#8222;Barkenberger Allee&#8220;. Am Kirchengeb\u00e4ude\/Kindergarten biegen Sie links auf den Parkplatz. Das Repair Caf\u00e9 im Pfarrsaal liegt zwischen Kirche und Kindergarten und ist nur fu\u00dfl\u00e4ufig zu erreichen. Zu unseren \u00d6ffnungszeiten ist das Repair Caf\u00e9 mit einem Banner &#8222;Reparatur Caf\u00e9 Wulfen&#8220; kenntlich gemacht.<\/p>\n<h3>Mit \u00f6ffentlichen Verkehrsmitteln<\/h3>\n<p>Nehmen Sie die <a href=\"https:\/\/www.vestische.de\/files\/medien\/fahrplan\/stadtlinien\/200-219\/V_Downloadbroschuere_208.pdf\">Stadtlinie 208<\/a> der Vestischen oder den <a href=\"https:\/\/www.vestische.de\/files\/medien\/fahrplan\/sb-linien\/V_Downloadbroschuere_SB26.pdf\">Schnellbus SB 26<\/a>\u00a0 bis zur Haltestelle <strong>Talaue<\/strong> (siehe Lageplan). Gehen Sie \u00fcber den Parkplatz zur Kirche. Das Repair Caf\u00e9\u00a0 befindet sich im Pfarrsaal zwischen Kirche und Kindergarten und ist zu unseren \u00d6ffnungszeiten mit einem Banner &#8222;Reparatur Caf\u00e9 Wulfen&#8220; kenntlich gemacht.<\/p>\n<h2>Postanschrift:<\/h2>\n<p>Repair Caf\u00e9 Wulfen<img loading=\"lazy\" decoding=\"async\" class=\"size-medium wp-image-235 alignleft\" src=\"https:\/\/unser-quartier.de\/rc-wulfen\/files\/2019\/03\/RC-LogoButton-198x200.png\" alt=\"\" width=\"198\" height=\"200\" srcset=\"https:\/\/unser-quartier.de\/rc-wulfen\/files\/2019\/03\/RC-LogoButton-198x200.png 198w, https:\/\/unser-quartier.de\/rc-wulfen\/files\/2019\/03\/RC-LogoButton-60x60.png 60w, https:\/\/unser-quartier.de\/rc-wulfen\/files\/2019\/03\/RC-LogoButton.png 234w\" sizes=\"auto, (max-width: 198px) 100vw, 198px\" \/><\/p>\n<p>Barbaraplatz 1<br \/>\n46286 Dorsten<\/p>\n<p>&nbsp;<\/p>\n","protected":false},"excerpt":{"rendered":"<p>Das Repair Caf\u00e9 findet ab August 2021 im Pfarrsaal neben der Kirche St. Barbara, Barbaraplatz 1 statt (nicht mehr im &#8222;Caf\u00e9 Pott&#8220; des Jugendheimes). Mit dem Auto: Folgen Sie von der B 58 den Schildern &#8222;Kirchen&#8220; \u00fcber die Stra\u00dfen &#8222;Wittenberger Damm&#8220; und &#8222;Barkenberger Allee&#8220;. Am Kirchengeb\u00e4ude\/Kindergarten biegen Sie links auf den Parkplatz. Das Repair Caf\u00e9 [&hellip;]<\/p>\n","protected":false},"author":748,"featured_media":0,"parent":0,"menu_order":0,"comment_status":"closed","ping_status":"closed","template":"","meta":{"footnotes":""},"class_list":["post-316","page","type-page","status-publish","hentry"],"_links":{"self":[{"href":"https:\/\/unser-quartier.de\/rc-wulfen\/wp-json\/wp\/v2\/pages\/316","targetHints":{"allow":["GET"]}}],"collection":[{"href":"https:\/\/unser-quartier.de\/rc-wulfen\/wp-json\/wp\/v2\/pages"}],"about":[{"href":"https:\/\/unser-quartier.de\/rc-wulfen\/wp-json\/wp\/v2\/types\/page"}],"author":[{"embeddable":true,"href":"https:\/\/unser-quartier.de\/rc-wulfen\/wp-json\/wp\/v2\/users\/748"}],"replies":[{"embeddable":true,"href":"https:\/\/unser-quartier.de\/rc-wulfen\/wp-json\/wp\/v2\/comments?post=316"}],"version-history":[{"count":0,"href":"https:\/\/unser-quartier.de\/rc-wulfen\/wp-json\/wp\/v2\/pages\/316\/revisions"}],"wp:attachment":[{"href":"https:\/\/unser-quartier.de\/rc-wulfen\/wp-json\/wp\/v2\/media?parent=316"}],"curies":[{"name":"wp","href":"https:\/\/api.w.org\/{rel}","templated":true}]}}