{"id":87,"date":"2019-02-26T12:16:01","date_gmt":"2019-02-26T11:16:01","guid":{"rendered":"https:\/\/unser-quartier.de\/rc-wulfen\/?page_id=87"},"modified":"2023-10-16T18:34:51","modified_gmt":"2023-10-16T16:34:51","slug":"testseite-2","status":"publish","type":"page","link":"https:\/\/unser-quartier.de\/rc-wulfen\/","title":{"rendered":"Willkommen im Repair Caf\u00e9 Wulfen"},"content":{"rendered":"<p><span style=\"color: #ff0000;\">\u00a0<\/span>Wir reparieren Dinge, die sonst weggeworfen werden<\/p>\n<p>An jedem letzten Freitag im Monat von 15:30 Uhr bis 18:00 Uhr reparieren wir, vom Team Repair Caf\u00e9 Wulfen, die Dinge, die sonst weggeworfen werden.<\/p>\n<p>Gemeinsam mit unseren Besucherinnen und Besuchern m\u00f6chten wir bei Kaffee und Kuchen defekte Ger\u00e4te reparieren und damit einen nachhaltigen Beitrag zum Schutz der Umwelt leisten.<\/p>\n<h2>Wegwerfen? Denkste!<\/h2>\n<p>Kleinger\u00e4te, Elektronik, Spielzeug und viele Dinge mehr sind viel l\u00e4nger brauchbar und m\u00fcssen nicht weggeworfen werden, nur weil sie niemand mehr repariert.<\/p>\n<p>Dinge reparieren macht Spa\u00df, vermeidet M\u00fcll, schont die Ressourcen der Erde und Ihren Geldbeutel.<\/p>\n<p><img loading=\"lazy\" decoding=\"async\" class=\"alignnone size-medium wp-image-263\" src=\"https:\/\/unser-quartier.de\/rc-wulfen\/files\/2019\/03\/N\u00e4hmaschine2-1-750x293.jpg\" alt=\"\" width=\"750\" height=\"293\" srcset=\"https:\/\/unser-quartier.de\/rc-wulfen\/files\/2019\/03\/N\u00e4hmaschine2-1-750x293.jpg 750w, https:\/\/unser-quartier.de\/rc-wulfen\/files\/2019\/03\/N\u00e4hmaschine2-1-150x59.jpg 150w, https:\/\/unser-quartier.de\/rc-wulfen\/files\/2019\/03\/N\u00e4hmaschine2-1-768x300.jpg 768w, https:\/\/unser-quartier.de\/rc-wulfen\/files\/2019\/03\/N\u00e4hmaschine2-1.jpg 1920w\" sizes=\"auto, (max-width: 750px) 100vw, 750px\" \/><\/p>\n<p>&nbsp;<\/p>\n","protected":false},"excerpt":{"rendered":"<p>\u00a0Wir reparieren Dinge, die sonst weggeworfen werden An jedem letzten Freitag im Monat von 15:30 Uhr bis 18:00 Uhr reparieren wir, vom Team Repair Caf\u00e9 Wulfen, die Dinge, die sonst weggeworfen werden. Gemeinsam mit unseren Besucherinnen und Besuchern m\u00f6chten wir bei Kaffee und Kuchen defekte Ger\u00e4te reparieren und damit einen nachhaltigen Beitrag zum Schutz der [&hellip;]<\/p>\n","protected":false},"author":748,"featured_media":0,"parent":0,"menu_order":0,"comment_status":"closed","ping_status":"closed","template":"","meta":{"footnotes":""},"class_list":["post-87","page","type-page","status-publish","hentry"],"_links":{"self":[{"href":"https:\/\/unser-quartier.de\/rc-wulfen\/wp-json\/wp\/v2\/pages\/87","targetHints":{"allow":["GET"]}}],"collection":[{"href":"https:\/\/unser-quartier.de\/rc-wulfen\/wp-json\/wp\/v2\/pages"}],"about":[{"href":"https:\/\/unser-quartier.de\/rc-wulfen\/wp-json\/wp\/v2\/types\/page"}],"author":[{"embeddable":true,"href":"https:\/\/unser-quartier.de\/rc-wulfen\/wp-json\/wp\/v2\/users\/748"}],"replies":[{"embeddable":true,"href":"https:\/\/unser-quartier.de\/rc-wulfen\/wp-json\/wp\/v2\/comments?post=87"}],"version-history":[{"count":4,"href":"https:\/\/unser-quartier.de\/rc-wulfen\/wp-json\/wp\/v2\/pages\/87\/revisions"}],"predecessor-version":[{"id":457,"href":"https:\/\/unser-quartier.de\/rc-wulfen\/wp-json\/wp\/v2\/pages\/87\/revisions\/457"}],"wp:attachment":[{"href":"https:\/\/unser-quartier.de\/rc-wulfen\/wp-json\/wp\/v2\/media?parent=87"}],"curies":[{"name":"wp","href":"https:\/\/api.w.org\/{rel}","templated":true}]}}