{"id":16,"date":"2014-01-22T08:48:01","date_gmt":"2014-01-22T07:48:01","guid":{"rendered":"http:\/\/unser-quartier.de\/roehlinghausen\/?page_id=16"},"modified":"2025-02-22T22:34:56","modified_gmt":"2025-02-22T21:34:56","slug":"impressum","status":"publish","type":"page","link":"https:\/\/unser-quartier.de\/roehlinghausen\/impressum\/","title":{"rendered":"Impressum"},"content":{"rendered":"<p>Die Website \u201eunser-quartier.de\/R\u00f6hlinghausen\u201c ist Teil der Internet-Plattform \u201eunser-quartier.de.\u201c Generell gilt das Impressum dieser Plattform\u00a0<a href=\"https:\/\/unser-quartier.de\/kontakt-impressum\/\" target=\"_blank\" rel=\"noopener noreferrer\" data-wpel-link=\"exclude\"> unser-quartier.de\/kontakt-impressum<\/a>\/<\/p>\n<h2>Angaben gem\u00e4\u00df \u00a7 5 TMG:<\/h2>\n<p>DRK-Kreisverband Herne und Wanne-Eickel e.V.<br \/>\nHarkortstra\u00dfe 29<br \/>\n44652 Herne<\/p>\n<h2>Vertreten durch:<\/h2>\n<p>Der DRK-Kreisverband Herne und Wanne-Eickel e.V. wird gesetzlich vertreten durch <br \/>\nDr. Martin Krause (Pr\u00e4sident)<br \/>\nHerrn Malte Wewers (Kreisgesch\u00e4ftsf\u00fchrer)<\/p>\n<h2>Kontakt:<\/h2>\n<table style=\"border-collapse: collapse; width: 100%;\" border=\"1\">\n<tbody>\n<tr style=\"height: 24px;\">\n<td style=\"width: 5.36945%; height: 24px;\">Telefon:<\/td>\n<td style=\"width: 45.2984%; height: 24px;\">+49 2325 969 &#8211; 500<\/td>\n<\/tr>\n<tr style=\"height: 24px;\">\n<td style=\"width: 5.36945%; height: 24px;\">Telefax:<\/td>\n<td style=\"width: 45.2984%; height: 24px;\">+49 2325 969 &#8211; 1520<\/td>\n<\/tr>\n<tr style=\"height: 96px;\">\n<td style=\"width: 5.36945%; height: 96px;\">eMail:<\/td>\n<td style=\"width: 45.2984%; height: 96px;\"><a class=\"mail\" href=\"mailto:info@drk-herne.de\">info@drk-herne.de <\/a><br \/>\n<a href=\"https:\/\/www.drk-herne.de\/das-drk\/kontakt\/kontaktformular.html\" data-wpel-link=\"external\" target=\"_blank\" rel=\"follow external noopener noreferrer\" title=\"Externer Link: \" class=\"ext-link wpel-icon-right\">Kontaktformular<span class=\"wpel-icon wpel-image wpel-icon-6\"><\/span><\/a><\/td>\n<\/tr>\n<\/tbody>\n<\/table>\n<h2>Registereintrag<\/h2>\n<p>Der DRK-Kreisverband Herne und Wanne-Eickel e.V. ist im Vereinsregister beim Amtsgericht Bochum unter der Registernummer VR 30262 eingetragen.<\/p>\n<h2>Haben Sie noch Fragen?<\/h2>\n<p>DRK-Kreisverband Herne und Wanne-Eickel e.V.<br \/>\nHarkortstra\u00dfe 29<br \/>\n44652 Herne<\/p>\n<p>Edeltraut Krause<br \/>\nTel. + 49 2325 75562<\/p>\n<p>Siehe auch:<\/p>\n<ul>\n<li><a href=\"https:\/\/unser-quartier.de\/roehlinghausen\/datenschutzerklaerung\/\" data-wpel-link=\"internal\">Datenschutzerkl\u00e4rung<\/a><\/li>\n<li><a href=\"https:\/\/unser-quartier.de\/roehlinghausen\/impressum\/haftungsausschluss-disclaimer\/\" data-wpel-link=\"internal\">Haftungsausschlu\u00df<\/a><\/li>\n<\/ul>\n<p>&nbsp;<\/p>\n","protected":false},"excerpt":{"rendered":"<p>Die Website \u201eunser-quartier.de\/R\u00f6hlinghausen\u201c ist Teil der Internet-Plattform \u201eunser-quartier.de.\u201c Generell gilt das Impressum dieser Plattform\u00a0 unser-quartier.de\/kontakt-impressum\/ Angaben gem\u00e4\u00df \u00a7 5 TMG: DRK-Kreisverband Herne und Wanne-Eickel e.V. Harkortstra\u00dfe 29 44652 Herne Vertreten durch: Der DRK-Kreisverband Herne und Wanne-Eickel e.V. wird gesetzlich vertreten durch Dr. Martin Krause (Pr\u00e4sident) Herrn Malte Wewers (Kreisgesch\u00e4ftsf\u00fchrer) Kontakt: Telefon: +49 2325 969 &#8211;&hellip; <a class=\"continue\" href=\"https:\/\/unser-quartier.de\/roehlinghausen\/impressum\/\" data-wpel-link=\"internal\">\u2192 weiter lesen:<span> Impressum<\/span><\/a><\/p>\n","protected":false},"author":440,"featured_media":0,"parent":0,"menu_order":18,"comment_status":"closed","ping_status":"closed","template":"","meta":{"generate_page_header":"","footnotes":""},"class_list":["post-16","page","type-page","status-publish"],"_links":{"self":[{"href":"https:\/\/unser-quartier.de\/roehlinghausen\/wp-json\/wp\/v2\/pages\/16","targetHints":{"allow":["GET"]}}],"collection":[{"href":"https:\/\/unser-quartier.de\/roehlinghausen\/wp-json\/wp\/v2\/pages"}],"about":[{"href":"https:\/\/unser-quartier.de\/roehlinghausen\/wp-json\/wp\/v2\/types\/page"}],"author":[{"embeddable":true,"href":"https:\/\/unser-quartier.de\/roehlinghausen\/wp-json\/wp\/v2\/users\/440"}],"replies":[{"embeddable":true,"href":"https:\/\/unser-quartier.de\/roehlinghausen\/wp-json\/wp\/v2\/comments?post=16"}],"version-history":[{"count":2,"href":"https:\/\/unser-quartier.de\/roehlinghausen\/wp-json\/wp\/v2\/pages\/16\/revisions"}],"predecessor-version":[{"id":28919,"href":"https:\/\/unser-quartier.de\/roehlinghausen\/wp-json\/wp\/v2\/pages\/16\/revisions\/28919"}],"wp:attachment":[{"href":"https:\/\/unser-quartier.de\/roehlinghausen\/wp-json\/wp\/v2\/media?parent=16"}],"curies":[{"name":"wp","href":"https:\/\/api.w.org\/{rel}","templated":true}]}}