{"id":17639,"date":"2019-02-27T17:34:26","date_gmt":"2019-02-27T16:34:26","guid":{"rendered":"https:\/\/unser-quartier.de\/roehlinghausen\/?page_id=17639"},"modified":"2025-03-02T13:32:02","modified_gmt":"2025-03-02T12:32:02","slug":"spielegruppe-dienstag","status":"publish","type":"page","link":"https:\/\/unser-quartier.de\/roehlinghausen\/zwar\/gruppe-gesellschaftsspiele\/spielegruppe-dienstag\/","title":{"rendered":"Spielegruppe Dienstag"},"content":{"rendered":"<p>Alles au\u00dfer Schach und Skat! Kniffeln, SkipBo oder auch mal Mensch \u00e4rgere dich nicht, Halma oder M\u00fchle. Und Spa\u00df gibt&#8217;s auch in unserer Gemeinschaft.<\/p>\n<div id='gallery-1' class='gallery galleryid-17639 gallery-columns-3 gallery-size-large'><figure class='gallery-item'>\n\t\t\t<div class='gallery-icon landscape'>\n\t\t\t\t<a href=\"https:\/\/unser-quartier.de\/roehlinghausen\/zwar\/gruppe-gesellschaftsspiele\/spielegruppe-dienstag\/spilegruppe-dienstag-2\/#main\" data-wpel-link=\"internal\"><img loading=\"lazy\" decoding=\"async\" width=\"1024\" height=\"575\" src=\"https:\/\/unser-quartier.de\/roehlinghausen\/files\/2019\/02\/Spilegruppe-Dienstag-2-1024x575.jpg\" class=\"attachment-large size-large\" alt=\"ZWAR Gruppe Gesellschftsspiele\" aria-describedby=\"gallery-1-17641\" srcset=\"https:\/\/unser-quartier.de\/roehlinghausen\/files\/2019\/02\/Spilegruppe-Dienstag-2-1024x575.jpg 1024w, https:\/\/unser-quartier.de\/roehlinghausen\/files\/2019\/02\/Spilegruppe-Dienstag-2-150x84.jpg 150w, https:\/\/unser-quartier.de\/roehlinghausen\/files\/2019\/02\/Spilegruppe-Dienstag-2-300x169.jpg 300w, https:\/\/unser-quartier.de\/roehlinghausen\/files\/2019\/02\/Spilegruppe-Dienstag-2-768x431.jpg 768w, https:\/\/unser-quartier.de\/roehlinghausen\/files\/2019\/02\/Spilegruppe-Dienstag-2.jpg 1200w\" sizes=\"auto, (max-width: 1024px) 100vw, 1024px\" \/><\/a>\n\t\t\t<\/div>\n\t\t\t\t<figcaption class='wp-caption-text gallery-caption' id='gallery-1-17641'>\n\t\t\t\terst einmal ankommen\n\t\t\t\t<\/figcaption><\/figure><figure class='gallery-item'>\n\t\t\t<div class='gallery-icon landscape'>\n\t\t\t\t<a href=\"https:\/\/unser-quartier.de\/roehlinghausen\/zwar\/gruppe-gesellschaftsspiele\/spielegruppe-dienstag\/spilegruppe-dienstag-3\/#main\" data-wpel-link=\"internal\"><img loading=\"lazy\" decoding=\"async\" width=\"1024\" height=\"575\" src=\"https:\/\/unser-quartier.de\/roehlinghausen\/files\/2019\/02\/Spilegruppe-Dienstag-3-1024x575.jpg\" class=\"attachment-large size-large\" alt=\"ZWAR Gruppe Gesellschftsspiele\" aria-describedby=\"gallery-1-17642\" srcset=\"https:\/\/unser-quartier.de\/roehlinghausen\/files\/2019\/02\/Spilegruppe-Dienstag-3-1024x575.jpg 1024w, https:\/\/unser-quartier.de\/roehlinghausen\/files\/2019\/02\/Spilegruppe-Dienstag-3-150x84.jpg 150w, https:\/\/unser-quartier.de\/roehlinghausen\/files\/2019\/02\/Spilegruppe-Dienstag-3-300x169.jpg 300w, https:\/\/unser-quartier.de\/roehlinghausen\/files\/2019\/02\/Spilegruppe-Dienstag-3-768x431.jpg 768w, https:\/\/unser-quartier.de\/roehlinghausen\/files\/2019\/02\/Spilegruppe-Dienstag-3.jpg 1200w\" sizes=\"auto, (max-width: 1024px) 100vw, 1024px\" \/><\/a>\n\t\t\t<\/div>\n\t\t\t\t<figcaption class='wp-caption-text gallery-caption' id='gallery-1-17642'>\n\t\t\t\tdie Spieleauswahl ist gro\u00df\n\t\t\t\t<\/figcaption><\/figure><figure class='gallery-item'>\n\t\t\t<div class='gallery-icon landscape'>\n\t\t\t\t<a href=\"https:\/\/unser-quartier.de\/roehlinghausen\/zwar\/gruppe-gesellschaftsspiele\/spielegruppe-dienstag\/spilegruppe-dienstag-5\/#main\" data-wpel-link=\"internal\"><img loading=\"lazy\" decoding=\"async\" width=\"1024\" height=\"575\" src=\"https:\/\/unser-quartier.de\/roehlinghausen\/files\/2019\/02\/Spilegruppe-Dienstag-5-1024x575.jpg\" class=\"attachment-large size-large\" alt=\"ZWAR Gruppe Gesellschftsspiele\" aria-describedby=\"gallery-1-17644\" srcset=\"https:\/\/unser-quartier.de\/roehlinghausen\/files\/2019\/02\/Spilegruppe-Dienstag-5-1024x575.jpg 1024w, https:\/\/unser-quartier.de\/roehlinghausen\/files\/2019\/02\/Spilegruppe-Dienstag-5-150x84.jpg 150w, https:\/\/unser-quartier.de\/roehlinghausen\/files\/2019\/02\/Spilegruppe-Dienstag-5-300x169.jpg 300w, https:\/\/unser-quartier.de\/roehlinghausen\/files\/2019\/02\/Spilegruppe-Dienstag-5-768x431.jpg 768w, https:\/\/unser-quartier.de\/roehlinghausen\/files\/2019\/02\/Spilegruppe-Dienstag-5.jpg 1200w\" sizes=\"auto, (max-width: 1024px) 100vw, 1024px\" \/><\/a>\n\t\t\t<\/div>\n\t\t\t\t<figcaption class='wp-caption-text gallery-caption' id='gallery-1-17644'>\n\t\t\t\tPl\u00e4tzchen gibt es auch&#8230;\n\t\t\t\t<\/figcaption><\/figure><figure class='gallery-item'>\n\t\t\t<div class='gallery-icon landscape'>\n\t\t\t\t<a href=\"https:\/\/unser-quartier.de\/roehlinghausen\/zwar\/gruppe-gesellschaftsspiele\/spielegruppe-dienstag\/spilegruppe-dienstag-8\/#main\" data-wpel-link=\"internal\"><img loading=\"lazy\" decoding=\"async\" width=\"1024\" height=\"575\" src=\"https:\/\/unser-quartier.de\/roehlinghausen\/files\/2019\/02\/Spilegruppe-Dienstag-8-1024x575.jpg\" class=\"attachment-large size-large\" alt=\"ZWAR Gruppe Gesellschftsspiele\" aria-describedby=\"gallery-1-17647\" srcset=\"https:\/\/unser-quartier.de\/roehlinghausen\/files\/2019\/02\/Spilegruppe-Dienstag-8-1024x575.jpg 1024w, https:\/\/unser-quartier.de\/roehlinghausen\/files\/2019\/02\/Spilegruppe-Dienstag-8-150x84.jpg 150w, https:\/\/unser-quartier.de\/roehlinghausen\/files\/2019\/02\/Spilegruppe-Dienstag-8-300x169.jpg 300w, https:\/\/unser-quartier.de\/roehlinghausen\/files\/2019\/02\/Spilegruppe-Dienstag-8-768x431.jpg 768w, https:\/\/unser-quartier.de\/roehlinghausen\/files\/2019\/02\/Spilegruppe-Dienstag-8.jpg 1200w\" sizes=\"auto, (max-width: 1024px) 100vw, 1024px\" \/><\/a>\n\t\t\t<\/div>\n\t\t\t\t<figcaption class='wp-caption-text gallery-caption' id='gallery-1-17647'>\n\t\t\t\tGedankenaustausch\n\t\t\t\t<\/figcaption><\/figure><figure class='gallery-item'>\n\t\t\t<div class='gallery-icon landscape'>\n\t\t\t\t<a href=\"https:\/\/unser-quartier.de\/roehlinghausen\/zwar\/gruppe-gesellschaftsspiele\/spielegruppe-dienstag\/spilegruppe-dienstag-7\/#main\" data-wpel-link=\"internal\"><img loading=\"lazy\" decoding=\"async\" width=\"1024\" height=\"575\" src=\"https:\/\/unser-quartier.de\/roehlinghausen\/files\/2019\/02\/Spilegruppe-Dienstag-7-1024x575.jpg\" class=\"attachment-large size-large\" alt=\"ZWAR Gruppe Gesellschftsspiele\" aria-describedby=\"gallery-1-17646\" srcset=\"https:\/\/unser-quartier.de\/roehlinghausen\/files\/2019\/02\/Spilegruppe-Dienstag-7-1024x575.jpg 1024w, https:\/\/unser-quartier.de\/roehlinghausen\/files\/2019\/02\/Spilegruppe-Dienstag-7-150x84.jpg 150w, https:\/\/unser-quartier.de\/roehlinghausen\/files\/2019\/02\/Spilegruppe-Dienstag-7-300x169.jpg 300w, https:\/\/unser-quartier.de\/roehlinghausen\/files\/2019\/02\/Spilegruppe-Dienstag-7-768x431.jpg 768w, https:\/\/unser-quartier.de\/roehlinghausen\/files\/2019\/02\/Spilegruppe-Dienstag-7.jpg 1200w\" sizes=\"auto, (max-width: 1024px) 100vw, 1024px\" \/><\/a>\n\t\t\t<\/div>\n\t\t\t\t<figcaption class='wp-caption-text gallery-caption' id='gallery-1-17646'>\n\t\t\t\tHinh\u00f6ren und Zuh\u00f6ren\n\t\t\t\t<\/figcaption><\/figure><figure class='gallery-item'>\n\t\t\t<div class='gallery-icon landscape'>\n\t\t\t\t<a href=\"https:\/\/unser-quartier.de\/roehlinghausen\/zwar\/gruppe-gesellschaftsspiele\/spielegruppe-dienstag\/spilegruppe-dienstag-6\/#main\" data-wpel-link=\"internal\"><img loading=\"lazy\" decoding=\"async\" width=\"1024\" height=\"575\" src=\"https:\/\/unser-quartier.de\/roehlinghausen\/files\/2019\/02\/Spilegruppe-Dienstag-6-1024x575.jpg\" class=\"attachment-large size-large\" alt=\"ZWAR Gruppe Gesellschftsspiele\" aria-describedby=\"gallery-1-17645\" srcset=\"https:\/\/unser-quartier.de\/roehlinghausen\/files\/2019\/02\/Spilegruppe-Dienstag-6-1024x575.jpg 1024w, https:\/\/unser-quartier.de\/roehlinghausen\/files\/2019\/02\/Spilegruppe-Dienstag-6-150x84.jpg 150w, https:\/\/unser-quartier.de\/roehlinghausen\/files\/2019\/02\/Spilegruppe-Dienstag-6-300x169.jpg 300w, https:\/\/unser-quartier.de\/roehlinghausen\/files\/2019\/02\/Spilegruppe-Dienstag-6-768x431.jpg 768w, https:\/\/unser-quartier.de\/roehlinghausen\/files\/2019\/02\/Spilegruppe-Dienstag-6.jpg 1200w\" sizes=\"auto, (max-width: 1024px) 100vw, 1024px\" \/><\/a>\n\t\t\t<\/div>\n\t\t\t\t<figcaption class='wp-caption-text gallery-caption' id='gallery-1-17645'>\n\t\t\t\tgute Bilder mit Stativ\n\t\t\t\t<\/figcaption><\/figure><figure class='gallery-item'>\n\t\t\t<div class='gallery-icon landscape'>\n\t\t\t\t<a href=\"https:\/\/unser-quartier.de\/roehlinghausen\/zwar\/gruppe-gesellschaftsspiele\/spielegruppe-dienstag\/spilegruppe-dienstag-1\/#main\" data-wpel-link=\"internal\"><img loading=\"lazy\" decoding=\"async\" width=\"1024\" height=\"575\" src=\"https:\/\/unser-quartier.de\/roehlinghausen\/files\/2019\/02\/Spilegruppe-Dienstag-1-1024x575.jpg\" class=\"attachment-large size-large\" alt=\"ZWAR Gruppe Gesellschftsspiele\" aria-describedby=\"gallery-1-17640\" srcset=\"https:\/\/unser-quartier.de\/roehlinghausen\/files\/2019\/02\/Spilegruppe-Dienstag-1-1024x575.jpg 1024w, https:\/\/unser-quartier.de\/roehlinghausen\/files\/2019\/02\/Spilegruppe-Dienstag-1-150x84.jpg 150w, https:\/\/unser-quartier.de\/roehlinghausen\/files\/2019\/02\/Spilegruppe-Dienstag-1-300x169.jpg 300w, https:\/\/unser-quartier.de\/roehlinghausen\/files\/2019\/02\/Spilegruppe-Dienstag-1-768x431.jpg 768w, https:\/\/unser-quartier.de\/roehlinghausen\/files\/2019\/02\/Spilegruppe-Dienstag-1.jpg 1200w\" sizes=\"auto, (max-width: 1024px) 100vw, 1024px\" \/><\/a>\n\t\t\t<\/div>\n\t\t\t\t<figcaption class='wp-caption-text gallery-caption' id='gallery-1-17640'>\n\t\t\t\teine gem\u00fctlicher Abend \n\t\t\t\t<\/figcaption><\/figure>\n\t\t<\/div>\n\n","protected":false},"excerpt":{"rendered":"<p>Alles au\u00dfer Schach und Skat! Kniffeln, SkipBo oder auch mal Mensch \u00e4rgere dich nicht, Halma oder M\u00fchle. Und Spa\u00df gibt&#8217;s auch in unserer Gemeinschaft.<\/p>\n","protected":false},"author":441,"featured_media":0,"parent":8041,"menu_order":1,"comment_status":"closed","ping_status":"closed","template":"","meta":{"generate_page_header":"","footnotes":""},"class_list":["post-17639","page","type-page","status-publish"],"_links":{"self":[{"href":"https:\/\/unser-quartier.de\/roehlinghausen\/wp-json\/wp\/v2\/pages\/17639","targetHints":{"allow":["GET"]}}],"collection":[{"href":"https:\/\/unser-quartier.de\/roehlinghausen\/wp-json\/wp\/v2\/pages"}],"about":[{"href":"https:\/\/unser-quartier.de\/roehlinghausen\/wp-json\/wp\/v2\/types\/page"}],"author":[{"embeddable":true,"href":"https:\/\/unser-quartier.de\/roehlinghausen\/wp-json\/wp\/v2\/users\/441"}],"replies":[{"embeddable":true,"href":"https:\/\/unser-quartier.de\/roehlinghausen\/wp-json\/wp\/v2\/comments?post=17639"}],"version-history":[{"count":3,"href":"https:\/\/unser-quartier.de\/roehlinghausen\/wp-json\/wp\/v2\/pages\/17639\/revisions"}],"predecessor-version":[{"id":29221,"href":"https:\/\/unser-quartier.de\/roehlinghausen\/wp-json\/wp\/v2\/pages\/17639\/revisions\/29221"}],"up":[{"embeddable":true,"href":"https:\/\/unser-quartier.de\/roehlinghausen\/wp-json\/wp\/v2\/pages\/8041"}],"wp:attachment":[{"href":"https:\/\/unser-quartier.de\/roehlinghausen\/wp-json\/wp\/v2\/media?parent=17639"}],"curies":[{"name":"wp","href":"https:\/\/api.w.org\/{rel}","templated":true}]}}