{"id":17808,"date":"2019-03-19T14:36:37","date_gmt":"2019-03-19T13:36:37","guid":{"rendered":"https:\/\/unser-quartier.de\/roehlinghausen\/?page_id=17808"},"modified":"2021-07-30T09:09:23","modified_gmt":"2021-07-30T07:09:23","slug":"einjahresfeier-des-zwar-netzwerkes-eickel-roehlinghausen","status":"publish","type":"page","link":"https:\/\/unser-quartier.de\/roehlinghausen\/zwar\/top-veranstaltungen\/in-2019\/einjahresfeier-des-zwar-netzwerkes-eickel-roehlinghausen\/","title":{"rendered":"Einjahresfeier des ZWAR Netzwerkes Eickel\/R\u00f6hlinghausen"},"content":{"rendered":"<p>Wir haben unseren ersten Geburtstag gefeiert. Mit Musik und Tanz und einem leckeren Mitbringbuffet waren es ein paar sch\u00f6ne Stunden im Volkshaus R\u00f6hlinghausen. Unser Fest h\u00e4tte l\u00e4nger dauern k\u00f6nnen&#8230;<\/p>\n<div id='gallery-1' class='gallery galleryid-17808 gallery-columns-3 gallery-size-thumbnail'><figure class='gallery-item'>\n\t\t\t<div class='gallery-icon landscape'>\n\t\t\t\t<a href=\"https:\/\/unser-quartier.de\/roehlinghausen\/zwar\/top-veranstaltungen\/in-2019\/einjahresfeier-des-zwar-netzwerkes-eickel-roehlinghausen\/jahresfeier-10\/#main\" data-wpel-link=\"internal\"><img loading=\"lazy\" decoding=\"async\" width=\"150\" height=\"84\" src=\"https:\/\/unser-quartier.de\/roehlinghausen\/files\/2019\/03\/Jahresfeier-10-150x84.jpg\" class=\"attachment-thumbnail size-thumbnail\" alt=\"ZWAR Netzwerk\" aria-describedby=\"gallery-1-17818\" srcset=\"https:\/\/unser-quartier.de\/roehlinghausen\/files\/2019\/03\/Jahresfeier-10-150x84.jpg 150w, https:\/\/unser-quartier.de\/roehlinghausen\/files\/2019\/03\/Jahresfeier-10-300x169.jpg 300w, https:\/\/unser-quartier.de\/roehlinghausen\/files\/2019\/03\/Jahresfeier-10-768x431.jpg 768w, https:\/\/unser-quartier.de\/roehlinghausen\/files\/2019\/03\/Jahresfeier-10-1024x575.jpg 1024w, https:\/\/unser-quartier.de\/roehlinghausen\/files\/2019\/03\/Jahresfeier-10.jpg 1200w\" sizes=\"auto, (max-width: 150px) 100vw, 150px\" \/><\/a>\n\t\t\t<\/div>\n\t\t\t\t<figcaption class='wp-caption-text gallery-caption' id='gallery-1-17818'>\n\t\t\t\tBegr\u00fc\u00dfung durch den Gesch\u00e4ftsf\u00fchrer des DRK, Dr. Martin Krause\n\t\t\t\t<\/figcaption><\/figure><figure class='gallery-item'>\n\t\t\t<div class='gallery-icon landscape'>\n\t\t\t\t<a href=\"https:\/\/unser-quartier.de\/roehlinghausen\/zwar\/top-veranstaltungen\/in-2019\/einjahresfeier-des-zwar-netzwerkes-eickel-roehlinghausen\/jahresfeier-12\/#main\" data-wpel-link=\"internal\"><img loading=\"lazy\" decoding=\"async\" width=\"150\" height=\"84\" src=\"https:\/\/unser-quartier.de\/roehlinghausen\/files\/2019\/03\/Jahresfeier-12-150x84.jpg\" class=\"attachment-thumbnail size-thumbnail\" alt=\"ZWAR Netzwerk\" aria-describedby=\"gallery-1-17820\" srcset=\"https:\/\/unser-quartier.de\/roehlinghausen\/files\/2019\/03\/Jahresfeier-12-150x84.jpg 150w, https:\/\/unser-quartier.de\/roehlinghausen\/files\/2019\/03\/Jahresfeier-12-300x169.jpg 300w, https:\/\/unser-quartier.de\/roehlinghausen\/files\/2019\/03\/Jahresfeier-12-768x431.jpg 768w, https:\/\/unser-quartier.de\/roehlinghausen\/files\/2019\/03\/Jahresfeier-12-1024x575.jpg 1024w, https:\/\/unser-quartier.de\/roehlinghausen\/files\/2019\/03\/Jahresfeier-12.jpg 1200w\" sizes=\"auto, (max-width: 150px) 100vw, 150px\" \/><\/a>\n\t\t\t<\/div>\n\t\t\t\t<figcaption class='wp-caption-text gallery-caption' id='gallery-1-17820'>\n\t\t\t\tSaine Bonk begr\u00fc\u00dft die G\u00e4ste\n\t\t\t\t<\/figcaption><\/figure><figure class='gallery-item'>\n\t\t\t<div class='gallery-icon landscape'>\n\t\t\t\t<a href=\"https:\/\/unser-quartier.de\/roehlinghausen\/zwar\/top-veranstaltungen\/in-2019\/einjahresfeier-des-zwar-netzwerkes-eickel-roehlinghausen\/jahresfeier-1\/#main\" data-wpel-link=\"internal\"><img loading=\"lazy\" decoding=\"async\" width=\"150\" height=\"84\" src=\"https:\/\/unser-quartier.de\/roehlinghausen\/files\/2019\/03\/Jahresfeier-1-150x84.jpg\" class=\"attachment-thumbnail size-thumbnail\" alt=\"ZWAR Netzwerk\" aria-describedby=\"gallery-1-17809\" srcset=\"https:\/\/unser-quartier.de\/roehlinghausen\/files\/2019\/03\/Jahresfeier-1-150x84.jpg 150w, https:\/\/unser-quartier.de\/roehlinghausen\/files\/2019\/03\/Jahresfeier-1-300x169.jpg 300w, https:\/\/unser-quartier.de\/roehlinghausen\/files\/2019\/03\/Jahresfeier-1-768x431.jpg 768w, https:\/\/unser-quartier.de\/roehlinghausen\/files\/2019\/03\/Jahresfeier-1-1024x575.jpg 1024w, https:\/\/unser-quartier.de\/roehlinghausen\/files\/2019\/03\/Jahresfeier-1.jpg 1200w\" sizes=\"auto, (max-width: 150px) 100vw, 150px\" \/><\/a>\n\t\t\t<\/div>\n\t\t\t\t<figcaption class='wp-caption-text gallery-caption' id='gallery-1-17809'>\n\t\t\t\tBegr\u00fc\u00dfung untereinander&#8230;\n\t\t\t\t<\/figcaption><\/figure><figure class='gallery-item'>\n\t\t\t<div class='gallery-icon landscape'>\n\t\t\t\t<a href=\"https:\/\/unser-quartier.de\/roehlinghausen\/zwar\/top-veranstaltungen\/in-2019\/einjahresfeier-des-zwar-netzwerkes-eickel-roehlinghausen\/jahresfeier-2\/#main\" data-wpel-link=\"internal\"><img loading=\"lazy\" decoding=\"async\" width=\"150\" height=\"84\" src=\"https:\/\/unser-quartier.de\/roehlinghausen\/files\/2019\/03\/Jahresfeier-2-150x84.jpg\" class=\"attachment-thumbnail size-thumbnail\" alt=\"ZWAR Netzwerk\" aria-describedby=\"gallery-1-17810\" srcset=\"https:\/\/unser-quartier.de\/roehlinghausen\/files\/2019\/03\/Jahresfeier-2-150x84.jpg 150w, https:\/\/unser-quartier.de\/roehlinghausen\/files\/2019\/03\/Jahresfeier-2-300x169.jpg 300w, https:\/\/unser-quartier.de\/roehlinghausen\/files\/2019\/03\/Jahresfeier-2-768x431.jpg 768w, https:\/\/unser-quartier.de\/roehlinghausen\/files\/2019\/03\/Jahresfeier-2-1024x575.jpg 1024w, https:\/\/unser-quartier.de\/roehlinghausen\/files\/2019\/03\/Jahresfeier-2.jpg 1200w\" sizes=\"auto, (max-width: 150px) 100vw, 150px\" \/><\/a>\n\t\t\t<\/div>\n\t\t\t\t<figcaption class='wp-caption-text gallery-caption' id='gallery-1-17810'>\n\t\t\t\tschnell noch die Bl\u00fcmchen auf die Tische&#8230;\n\t\t\t\t<\/figcaption><\/figure><figure class='gallery-item'>\n\t\t\t<div class='gallery-icon landscape'>\n\t\t\t\t<a href=\"https:\/\/unser-quartier.de\/roehlinghausen\/zwar\/top-veranstaltungen\/in-2019\/einjahresfeier-des-zwar-netzwerkes-eickel-roehlinghausen\/jahresfeier-3\/#main\" data-wpel-link=\"internal\"><img loading=\"lazy\" decoding=\"async\" width=\"150\" height=\"84\" src=\"https:\/\/unser-quartier.de\/roehlinghausen\/files\/2019\/03\/Jahresfeier-3-150x84.jpg\" class=\"attachment-thumbnail size-thumbnail\" alt=\"ZWAR Netzwerk\" aria-describedby=\"gallery-1-17811\" srcset=\"https:\/\/unser-quartier.de\/roehlinghausen\/files\/2019\/03\/Jahresfeier-3-150x84.jpg 150w, https:\/\/unser-quartier.de\/roehlinghausen\/files\/2019\/03\/Jahresfeier-3-300x169.jpg 300w, https:\/\/unser-quartier.de\/roehlinghausen\/files\/2019\/03\/Jahresfeier-3-768x431.jpg 768w, https:\/\/unser-quartier.de\/roehlinghausen\/files\/2019\/03\/Jahresfeier-3-1024x575.jpg 1024w, https:\/\/unser-quartier.de\/roehlinghausen\/files\/2019\/03\/Jahresfeier-3.jpg 1200w\" sizes=\"auto, (max-width: 150px) 100vw, 150px\" \/><\/a>\n\t\t\t<\/div>\n\t\t\t\t<figcaption class='wp-caption-text gallery-caption' id='gallery-1-17811'>\n\t\t\t\tjetzt kann es los gehen&#8230;\n\t\t\t\t<\/figcaption><\/figure><figure class='gallery-item'>\n\t\t\t<div class='gallery-icon landscape'>\n\t\t\t\t<a href=\"https:\/\/unser-quartier.de\/roehlinghausen\/zwar\/top-veranstaltungen\/in-2019\/einjahresfeier-des-zwar-netzwerkes-eickel-roehlinghausen\/jahresfeier-5\/#main\" data-wpel-link=\"internal\"><img loading=\"lazy\" decoding=\"async\" width=\"150\" height=\"84\" src=\"https:\/\/unser-quartier.de\/roehlinghausen\/files\/2019\/03\/Jahresfeier-5-150x84.jpg\" class=\"attachment-thumbnail size-thumbnail\" alt=\"ZWAR Netzwerk\" aria-describedby=\"gallery-1-17813\" srcset=\"https:\/\/unser-quartier.de\/roehlinghausen\/files\/2019\/03\/Jahresfeier-5-150x84.jpg 150w, https:\/\/unser-quartier.de\/roehlinghausen\/files\/2019\/03\/Jahresfeier-5-300x169.jpg 300w, https:\/\/unser-quartier.de\/roehlinghausen\/files\/2019\/03\/Jahresfeier-5-768x431.jpg 768w, https:\/\/unser-quartier.de\/roehlinghausen\/files\/2019\/03\/Jahresfeier-5-1024x575.jpg 1024w, https:\/\/unser-quartier.de\/roehlinghausen\/files\/2019\/03\/Jahresfeier-5.jpg 1200w\" sizes=\"auto, (max-width: 150px) 100vw, 150px\" \/><\/a>\n\t\t\t<\/div>\n\t\t\t\t<figcaption class='wp-caption-text gallery-caption' id='gallery-1-17813'>\n\t\t\t\tguten Appetit&#8230;\n\t\t\t\t<\/figcaption><\/figure><figure class='gallery-item'>\n\t\t\t<div class='gallery-icon landscape'>\n\t\t\t\t<a href=\"https:\/\/unser-quartier.de\/roehlinghausen\/zwar\/top-veranstaltungen\/in-2019\/einjahresfeier-des-zwar-netzwerkes-eickel-roehlinghausen\/jahresfeier-7\/#main\" data-wpel-link=\"internal\"><img loading=\"lazy\" decoding=\"async\" width=\"150\" height=\"84\" src=\"https:\/\/unser-quartier.de\/roehlinghausen\/files\/2019\/03\/Jahresfeier-7-150x84.jpg\" class=\"attachment-thumbnail size-thumbnail\" alt=\"ZWAR Netzwerk\" aria-describedby=\"gallery-1-17815\" srcset=\"https:\/\/unser-quartier.de\/roehlinghausen\/files\/2019\/03\/Jahresfeier-7-150x84.jpg 150w, https:\/\/unser-quartier.de\/roehlinghausen\/files\/2019\/03\/Jahresfeier-7-300x169.jpg 300w, https:\/\/unser-quartier.de\/roehlinghausen\/files\/2019\/03\/Jahresfeier-7-768x431.jpg 768w, https:\/\/unser-quartier.de\/roehlinghausen\/files\/2019\/03\/Jahresfeier-7-1024x575.jpg 1024w, https:\/\/unser-quartier.de\/roehlinghausen\/files\/2019\/03\/Jahresfeier-7.jpg 1200w\" sizes=\"auto, (max-width: 150px) 100vw, 150px\" \/><\/a>\n\t\t\t<\/div>\n\t\t\t\t<figcaption class='wp-caption-text gallery-caption' id='gallery-1-17815'>\n\t\t\t\teine reichlich gedeckte Tafel\n\t\t\t\t<\/figcaption><\/figure><figure class='gallery-item'>\n\t\t\t<div class='gallery-icon landscape'>\n\t\t\t\t<a href=\"https:\/\/unser-quartier.de\/roehlinghausen\/zwar\/top-veranstaltungen\/in-2019\/einjahresfeier-des-zwar-netzwerkes-eickel-roehlinghausen\/jahresfeier-6\/#main\" data-wpel-link=\"internal\"><img loading=\"lazy\" decoding=\"async\" width=\"150\" height=\"84\" src=\"https:\/\/unser-quartier.de\/roehlinghausen\/files\/2019\/03\/Jahresfeier-6-150x84.jpg\" class=\"attachment-thumbnail size-thumbnail\" alt=\"ZWAR Netzwerk\" aria-describedby=\"gallery-1-17814\" srcset=\"https:\/\/unser-quartier.de\/roehlinghausen\/files\/2019\/03\/Jahresfeier-6-150x84.jpg 150w, https:\/\/unser-quartier.de\/roehlinghausen\/files\/2019\/03\/Jahresfeier-6-300x169.jpg 300w, https:\/\/unser-quartier.de\/roehlinghausen\/files\/2019\/03\/Jahresfeier-6-768x431.jpg 768w, https:\/\/unser-quartier.de\/roehlinghausen\/files\/2019\/03\/Jahresfeier-6-1024x575.jpg 1024w, https:\/\/unser-quartier.de\/roehlinghausen\/files\/2019\/03\/Jahresfeier-6.jpg 1200w\" sizes=\"auto, (max-width: 150px) 100vw, 150px\" \/><\/a>\n\t\t\t<\/div>\n\t\t\t\t<figcaption class='wp-caption-text gallery-caption' id='gallery-1-17814'>\n\t\t\t\tes sieht alles so lecker aus&#8230;\n\t\t\t\t<\/figcaption><\/figure><figure class='gallery-item'>\n\t\t\t<div class='gallery-icon landscape'>\n\t\t\t\t<a href=\"https:\/\/unser-quartier.de\/roehlinghausen\/zwar\/top-veranstaltungen\/in-2019\/einjahresfeier-des-zwar-netzwerkes-eickel-roehlinghausen\/jahresfeier-17\/#main\" data-wpel-link=\"internal\"><img loading=\"lazy\" decoding=\"async\" width=\"150\" height=\"84\" src=\"https:\/\/unser-quartier.de\/roehlinghausen\/files\/2019\/03\/Jahresfeier-17-150x84.jpg\" class=\"attachment-thumbnail size-thumbnail\" alt=\"ZWAR Netzwerk\" aria-describedby=\"gallery-1-17825\" srcset=\"https:\/\/unser-quartier.de\/roehlinghausen\/files\/2019\/03\/Jahresfeier-17-150x84.jpg 150w, https:\/\/unser-quartier.de\/roehlinghausen\/files\/2019\/03\/Jahresfeier-17-300x169.jpg 300w, https:\/\/unser-quartier.de\/roehlinghausen\/files\/2019\/03\/Jahresfeier-17-768x431.jpg 768w, https:\/\/unser-quartier.de\/roehlinghausen\/files\/2019\/03\/Jahresfeier-17-1024x575.jpg 1024w, https:\/\/unser-quartier.de\/roehlinghausen\/files\/2019\/03\/Jahresfeier-17.jpg 1200w\" sizes=\"auto, (max-width: 150px) 100vw, 150px\" \/><\/a>\n\t\t\t<\/div>\n\t\t\t\t<figcaption class='wp-caption-text gallery-caption' id='gallery-1-17825'>\n\t\t\t\tlecker war es&#8230;\n\n\t\t\t\t<\/figcaption><\/figure><figure class='gallery-item'>\n\t\t\t<div class='gallery-icon landscape'>\n\t\t\t\t<a href=\"https:\/\/unser-quartier.de\/roehlinghausen\/zwar\/top-veranstaltungen\/in-2019\/einjahresfeier-des-zwar-netzwerkes-eickel-roehlinghausen\/jahresfeier-15\/#main\" data-wpel-link=\"internal\"><img loading=\"lazy\" decoding=\"async\" width=\"150\" height=\"84\" src=\"https:\/\/unser-quartier.de\/roehlinghausen\/files\/2019\/03\/Jahresfeier-15-150x84.jpg\" class=\"attachment-thumbnail size-thumbnail\" alt=\"ZWAR Netzwerk\" aria-describedby=\"gallery-1-17823\" srcset=\"https:\/\/unser-quartier.de\/roehlinghausen\/files\/2019\/03\/Jahresfeier-15-150x84.jpg 150w, https:\/\/unser-quartier.de\/roehlinghausen\/files\/2019\/03\/Jahresfeier-15-300x169.jpg 300w, https:\/\/unser-quartier.de\/roehlinghausen\/files\/2019\/03\/Jahresfeier-15-768x431.jpg 768w, https:\/\/unser-quartier.de\/roehlinghausen\/files\/2019\/03\/Jahresfeier-15-1024x575.jpg 1024w, https:\/\/unser-quartier.de\/roehlinghausen\/files\/2019\/03\/Jahresfeier-15.jpg 1200w\" sizes=\"auto, (max-width: 150px) 100vw, 150px\" \/><\/a>\n\t\t\t<\/div>\n\t\t\t\t<figcaption class='wp-caption-text gallery-caption' id='gallery-1-17823'>\n\t\t\t\tnach dem Essen in Bewegung\n\t\t\t\t<\/figcaption><\/figure><figure class='gallery-item'>\n\t\t\t<div class='gallery-icon landscape'>\n\t\t\t\t<a href=\"https:\/\/unser-quartier.de\/roehlinghausen\/zwar\/top-veranstaltungen\/in-2019\/einjahresfeier-des-zwar-netzwerkes-eickel-roehlinghausen\/jahresfeier-16\/#main\" data-wpel-link=\"internal\"><img loading=\"lazy\" decoding=\"async\" width=\"150\" height=\"84\" src=\"https:\/\/unser-quartier.de\/roehlinghausen\/files\/2019\/03\/Jahresfeier-16-150x84.jpg\" class=\"attachment-thumbnail size-thumbnail\" alt=\"ZWAR Netzwerk\" aria-describedby=\"gallery-1-17824\" srcset=\"https:\/\/unser-quartier.de\/roehlinghausen\/files\/2019\/03\/Jahresfeier-16-150x84.jpg 150w, https:\/\/unser-quartier.de\/roehlinghausen\/files\/2019\/03\/Jahresfeier-16-300x169.jpg 300w, https:\/\/unser-quartier.de\/roehlinghausen\/files\/2019\/03\/Jahresfeier-16-768x431.jpg 768w, https:\/\/unser-quartier.de\/roehlinghausen\/files\/2019\/03\/Jahresfeier-16-1024x575.jpg 1024w, https:\/\/unser-quartier.de\/roehlinghausen\/files\/2019\/03\/Jahresfeier-16.jpg 1200w\" sizes=\"auto, (max-width: 150px) 100vw, 150px\" \/><\/a>\n\t\t\t<\/div>\n\t\t\t\t<figcaption class='wp-caption-text gallery-caption' id='gallery-1-17824'>\n\t\t\t\tdas war unser Jahr&#8230;\n\t\t\t\t<\/figcaption><\/figure><figure class='gallery-item'>\n\t\t\t<div class='gallery-icon landscape'>\n\t\t\t\t<a href=\"https:\/\/unser-quartier.de\/roehlinghausen\/zwar\/top-veranstaltungen\/in-2019\/einjahresfeier-des-zwar-netzwerkes-eickel-roehlinghausen\/jahresfeier-18\/#main\" data-wpel-link=\"internal\"><img loading=\"lazy\" decoding=\"async\" width=\"150\" height=\"84\" src=\"https:\/\/unser-quartier.de\/roehlinghausen\/files\/2019\/03\/Jahresfeier-18-150x84.jpg\" class=\"attachment-thumbnail size-thumbnail\" alt=\"ZWAR Netzwerk\" aria-describedby=\"gallery-1-17826\" srcset=\"https:\/\/unser-quartier.de\/roehlinghausen\/files\/2019\/03\/Jahresfeier-18-150x84.jpg 150w, https:\/\/unser-quartier.de\/roehlinghausen\/files\/2019\/03\/Jahresfeier-18-300x169.jpg 300w, https:\/\/unser-quartier.de\/roehlinghausen\/files\/2019\/03\/Jahresfeier-18-768x431.jpg 768w, https:\/\/unser-quartier.de\/roehlinghausen\/files\/2019\/03\/Jahresfeier-18-1024x575.jpg 1024w, https:\/\/unser-quartier.de\/roehlinghausen\/files\/2019\/03\/Jahresfeier-18.jpg 1200w\" sizes=\"auto, (max-width: 150px) 100vw, 150px\" \/><\/a>\n\t\t\t<\/div>\n\t\t\t\t<figcaption class='wp-caption-text gallery-caption' id='gallery-1-17826'>\n\t\t\t\teine sch\u00f6ne Veranstaltungsgalerie\n\t\t\t\t<\/figcaption><\/figure><figure class='gallery-item'>\n\t\t\t<div class='gallery-icon landscape'>\n\t\t\t\t<a href=\"https:\/\/unser-quartier.de\/roehlinghausen\/zwar\/top-veranstaltungen\/in-2019\/einjahresfeier-des-zwar-netzwerkes-eickel-roehlinghausen\/jahresfeier-19\/#main\" data-wpel-link=\"internal\"><img loading=\"lazy\" decoding=\"async\" width=\"150\" height=\"84\" src=\"https:\/\/unser-quartier.de\/roehlinghausen\/files\/2019\/03\/Jahresfeier-19-150x84.jpg\" class=\"attachment-thumbnail size-thumbnail\" alt=\"ZWAR-Netzwerk\" aria-describedby=\"gallery-1-17827\" srcset=\"https:\/\/unser-quartier.de\/roehlinghausen\/files\/2019\/03\/Jahresfeier-19-150x84.jpg 150w, https:\/\/unser-quartier.de\/roehlinghausen\/files\/2019\/03\/Jahresfeier-19-300x169.jpg 300w, https:\/\/unser-quartier.de\/roehlinghausen\/files\/2019\/03\/Jahresfeier-19-768x431.jpg 768w, https:\/\/unser-quartier.de\/roehlinghausen\/files\/2019\/03\/Jahresfeier-19-1024x575.jpg 1024w, https:\/\/unser-quartier.de\/roehlinghausen\/files\/2019\/03\/Jahresfeier-19.jpg 1200w\" sizes=\"auto, (max-width: 150px) 100vw, 150px\" \/><\/a>\n\t\t\t<\/div>\n\t\t\t\t<figcaption class='wp-caption-text gallery-caption' id='gallery-1-17827'>\n\t\t\t\twas gibt es neues?\n\t\t\t\t<\/figcaption><\/figure><figure class='gallery-item'>\n\t\t\t<div class='gallery-icon landscape'>\n\t\t\t\t<a href=\"https:\/\/unser-quartier.de\/roehlinghausen\/zwar\/top-veranstaltungen\/in-2019\/einjahresfeier-des-zwar-netzwerkes-eickel-roehlinghausen\/jahresfeier-21\/#main\" data-wpel-link=\"internal\"><img loading=\"lazy\" decoding=\"async\" width=\"150\" height=\"84\" src=\"https:\/\/unser-quartier.de\/roehlinghausen\/files\/2019\/03\/Jahresfeier-21-150x84.jpg\" class=\"attachment-thumbnail size-thumbnail\" alt=\"unsere Gruppe Eickel R\u00f6hlinghausen\" aria-describedby=\"gallery-1-17829\" srcset=\"https:\/\/unser-quartier.de\/roehlinghausen\/files\/2019\/03\/Jahresfeier-21-150x84.jpg 150w, https:\/\/unser-quartier.de\/roehlinghausen\/files\/2019\/03\/Jahresfeier-21-300x169.jpg 300w, https:\/\/unser-quartier.de\/roehlinghausen\/files\/2019\/03\/Jahresfeier-21-768x431.jpg 768w, https:\/\/unser-quartier.de\/roehlinghausen\/files\/2019\/03\/Jahresfeier-21-1024x575.jpg 1024w, https:\/\/unser-quartier.de\/roehlinghausen\/files\/2019\/03\/Jahresfeier-21.jpg 1200w\" sizes=\"auto, (max-width: 150px) 100vw, 150px\" \/><\/a>\n\t\t\t<\/div>\n\t\t\t\t<figcaption class='wp-caption-text gallery-caption' id='gallery-1-17829'>\n\t\t\t\talle Festteilnehmer im Gruppenbild\n\t\t\t\t<\/figcaption><\/figure>\n\t\t<\/div>\n\n","protected":false},"excerpt":{"rendered":"<p>Wir haben unseren ersten Geburtstag gefeiert. Mit Musik und Tanz und einem leckeren Mitbringbuffet waren es ein paar sch\u00f6ne Stunden im Volkshaus R\u00f6hlinghausen. Unser Fest h\u00e4tte l\u00e4nger dauern k\u00f6nnen&#8230;<\/p>\n","protected":false},"author":441,"featured_media":0,"parent":23184,"menu_order":1,"comment_status":"closed","ping_status":"closed","template":"","meta":{"generate_page_header":"","footnotes":""},"class_list":["post-17808","page","type-page","status-publish"],"_links":{"self":[{"href":"https:\/\/unser-quartier.de\/roehlinghausen\/wp-json\/wp\/v2\/pages\/17808","targetHints":{"allow":["GET"]}}],"collection":[{"href":"https:\/\/unser-quartier.de\/roehlinghausen\/wp-json\/wp\/v2\/pages"}],"about":[{"href":"https:\/\/unser-quartier.de\/roehlinghausen\/wp-json\/wp\/v2\/types\/page"}],"author":[{"embeddable":true,"href":"https:\/\/unser-quartier.de\/roehlinghausen\/wp-json\/wp\/v2\/users\/441"}],"replies":[{"embeddable":true,"href":"https:\/\/unser-quartier.de\/roehlinghausen\/wp-json\/wp\/v2\/comments?post=17808"}],"version-history":[{"count":0,"href":"https:\/\/unser-quartier.de\/roehlinghausen\/wp-json\/wp\/v2\/pages\/17808\/revisions"}],"up":[{"embeddable":true,"href":"https:\/\/unser-quartier.de\/roehlinghausen\/wp-json\/wp\/v2\/pages\/23184"}],"wp:attachment":[{"href":"https:\/\/unser-quartier.de\/roehlinghausen\/wp-json\/wp\/v2\/media?parent=17808"}],"curies":[{"name":"wp","href":"https:\/\/api.w.org\/{rel}","templated":true}]}}