{"id":18827,"date":"2019-06-06T10:25:07","date_gmt":"2019-06-06T08:25:07","guid":{"rendered":"https:\/\/unser-quartier.de\/roehlinghausen\/?page_id=18827"},"modified":"2025-03-18T22:31:17","modified_gmt":"2025-03-18T21:31:17","slug":"die-zweite-kleine-radtour","status":"publish","type":"page","link":"https:\/\/unser-quartier.de\/roehlinghausen\/zwar\/gruppe-radfahren\/unsere-kleinen-radtouren-2019\/die-zweite-kleine-radtour\/","title":{"rendered":"Die zweite kleine Radtour"},"content":{"rendered":"<h2>Am 01.06.2019<\/h2>\n<div>Zehn gutgelaunte Radlerinnnen und Radler machten sich bei gutem Radlerwetter auf den Weg zum Ewaldsee. Die Tour f\u00fchrte \u00fcber die Erzbahntrasse Richtung Kanal zur Sichelbr\u00fccke und gem\u00fctlich durch den Resser Wald bis zum Ewaldsee! Und dann?&#8230; zum Caf\u00e9! Nach einer ausgiebigen Pause im Ewald-Caf\u00e9, den Kuchen dort kann man wirklich empfehlen, konnten wir gest\u00e4rkt und bei bester Laune den Heimweg antreten. Die Strecke war ca. 22 Km lang und relativ leicht zu fahren! Es steht fest, wir machen so weiter!<\/div>\n<div>\u00a0<\/div>\n<div>\n<div id='gallery-1' class='gallery galleryid-18827 gallery-columns-3 gallery-size-thumbnail'><figure class='gallery-item'>\n\t\t\t<div class='gallery-icon landscape'>\n\t\t\t\t<a href=\"https:\/\/unser-quartier.de\/roehlinghausen\/zwar\/gruppe-radfahren\/unsere-kleinen-radtouren-2019\/die-zweite-kleine-radtour\/radeln-2-1\/#main\" data-wpel-link=\"internal\"><img loading=\"lazy\" decoding=\"async\" width=\"150\" height=\"150\" src=\"https:\/\/unser-quartier.de\/roehlinghausen\/files\/2019\/06\/radeln-2-1-150x150.jpg\" class=\"attachment-thumbnail size-thumbnail\" alt=\"\" aria-describedby=\"gallery-1-18829\" srcset=\"https:\/\/unser-quartier.de\/roehlinghausen\/files\/2019\/06\/radeln-2-1-150x150.jpg 150w, https:\/\/unser-quartier.de\/roehlinghausen\/files\/2019\/06\/radeln-2-1-300x300.jpg 300w, https:\/\/unser-quartier.de\/roehlinghausen\/files\/2019\/06\/radeln-2-1-768x767.jpg 768w, https:\/\/unser-quartier.de\/roehlinghausen\/files\/2019\/06\/radeln-2-1-1024x1024.jpg 1024w, https:\/\/unser-quartier.de\/roehlinghausen\/files\/2019\/06\/radeln-2-1.jpg 1200w\" sizes=\"auto, (max-width: 150px) 100vw, 150px\" \/><\/a>\n\t\t\t<\/div>\n\t\t\t\t<figcaption class='wp-caption-text gallery-caption' id='gallery-1-18829'>\n\t\t\t\tab und zu mu\u00df auch geschoben werden\n\t\t\t\t<\/figcaption><\/figure><figure class='gallery-item'>\n\t\t\t<div class='gallery-icon landscape'>\n\t\t\t\t<a href=\"https:\/\/unser-quartier.de\/roehlinghausen\/zwar\/gruppe-radfahren\/unsere-kleinen-radtouren-2019\/die-zweite-kleine-radtour\/radeln-2-2\/#main\" data-wpel-link=\"internal\"><img loading=\"lazy\" decoding=\"async\" width=\"150\" height=\"84\" src=\"https:\/\/unser-quartier.de\/roehlinghausen\/files\/2019\/06\/radeln-2-2-150x84.jpg\" class=\"attachment-thumbnail size-thumbnail\" alt=\"\" aria-describedby=\"gallery-1-18830\" srcset=\"https:\/\/unser-quartier.de\/roehlinghausen\/files\/2019\/06\/radeln-2-2-150x84.jpg 150w, https:\/\/unser-quartier.de\/roehlinghausen\/files\/2019\/06\/radeln-2-2-300x169.jpg 300w, https:\/\/unser-quartier.de\/roehlinghausen\/files\/2019\/06\/radeln-2-2-768x432.jpg 768w, https:\/\/unser-quartier.de\/roehlinghausen\/files\/2019\/06\/radeln-2-2-1024x576.jpg 1024w, https:\/\/unser-quartier.de\/roehlinghausen\/files\/2019\/06\/radeln-2-2.jpg 1200w\" sizes=\"auto, (max-width: 150px) 100vw, 150px\" \/><\/a>\n\t\t\t<\/div>\n\t\t\t\t<figcaption class='wp-caption-text gallery-caption' id='gallery-1-18830'>\n\t\t\t\tsind wir hier noch richtig?\n\t\t\t\t<\/figcaption><\/figure><figure class='gallery-item'>\n\t\t\t<div class='gallery-icon landscape'>\n\t\t\t\t<a href=\"https:\/\/unser-quartier.de\/roehlinghausen\/zwar\/gruppe-radfahren\/unsere-kleinen-radtouren-2019\/die-zweite-kleine-radtour\/radeln-2-3\/#main\" data-wpel-link=\"internal\"><img loading=\"lazy\" decoding=\"async\" width=\"150\" height=\"84\" src=\"https:\/\/unser-quartier.de\/roehlinghausen\/files\/2019\/06\/radeln-2-3-150x84.jpg\" class=\"attachment-thumbnail size-thumbnail\" alt=\"\" aria-describedby=\"gallery-1-18831\" srcset=\"https:\/\/unser-quartier.de\/roehlinghausen\/files\/2019\/06\/radeln-2-3-150x84.jpg 150w, https:\/\/unser-quartier.de\/roehlinghausen\/files\/2019\/06\/radeln-2-3-300x169.jpg 300w, https:\/\/unser-quartier.de\/roehlinghausen\/files\/2019\/06\/radeln-2-3-768x431.jpg 768w, https:\/\/unser-quartier.de\/roehlinghausen\/files\/2019\/06\/radeln-2-3-1024x575.jpg 1024w, https:\/\/unser-quartier.de\/roehlinghausen\/files\/2019\/06\/radeln-2-3.jpg 1200w\" sizes=\"auto, (max-width: 150px) 100vw, 150px\" \/><\/a>\n\t\t\t<\/div>\n\t\t\t\t<figcaption class='wp-caption-text gallery-caption' id='gallery-1-18831'>\n\t\t\t\tPause\n\t\t\t\t<\/figcaption><\/figure><figure class='gallery-item'>\n\t\t\t<div class='gallery-icon landscape'>\n\t\t\t\t<a href=\"https:\/\/unser-quartier.de\/roehlinghausen\/zwar\/gruppe-radfahren\/unsere-kleinen-radtouren-2019\/die-zweite-kleine-radtour\/radeln-2-4\/#main\" data-wpel-link=\"internal\"><img loading=\"lazy\" decoding=\"async\" width=\"150\" height=\"84\" src=\"https:\/\/unser-quartier.de\/roehlinghausen\/files\/2019\/06\/radeln-2-4-150x84.jpg\" class=\"attachment-thumbnail size-thumbnail\" alt=\"\" aria-describedby=\"gallery-1-18832\" srcset=\"https:\/\/unser-quartier.de\/roehlinghausen\/files\/2019\/06\/radeln-2-4-150x84.jpg 150w, https:\/\/unser-quartier.de\/roehlinghausen\/files\/2019\/06\/radeln-2-4-300x169.jpg 300w, https:\/\/unser-quartier.de\/roehlinghausen\/files\/2019\/06\/radeln-2-4-768x431.jpg 768w, https:\/\/unser-quartier.de\/roehlinghausen\/files\/2019\/06\/radeln-2-4-1024x575.jpg 1024w, https:\/\/unser-quartier.de\/roehlinghausen\/files\/2019\/06\/radeln-2-4.jpg 1200w\" sizes=\"auto, (max-width: 150px) 100vw, 150px\" \/><\/a>\n\t\t\t<\/div>\n\t\t\t\t<figcaption class='wp-caption-text gallery-caption' id='gallery-1-18832'>\n\t\t\t\tein Orientierungsfoto&#8230;\n\t\t\t\t<\/figcaption><\/figure><figure class='gallery-item'>\n\t\t\t<div class='gallery-icon landscape'>\n\t\t\t\t<a href=\"https:\/\/unser-quartier.de\/roehlinghausen\/zwar\/gruppe-radfahren\/unsere-kleinen-radtouren-2019\/die-zweite-kleine-radtour\/radeln-2-5\/#main\" data-wpel-link=\"internal\"><img loading=\"lazy\" decoding=\"async\" width=\"150\" height=\"84\" src=\"https:\/\/unser-quartier.de\/roehlinghausen\/files\/2019\/06\/radeln-2-5-150x84.jpg\" class=\"attachment-thumbnail size-thumbnail\" alt=\"\" aria-describedby=\"gallery-1-18833\" srcset=\"https:\/\/unser-quartier.de\/roehlinghausen\/files\/2019\/06\/radeln-2-5-150x84.jpg 150w, https:\/\/unser-quartier.de\/roehlinghausen\/files\/2019\/06\/radeln-2-5-300x169.jpg 300w, https:\/\/unser-quartier.de\/roehlinghausen\/files\/2019\/06\/radeln-2-5-768x432.jpg 768w, https:\/\/unser-quartier.de\/roehlinghausen\/files\/2019\/06\/radeln-2-5-1024x576.jpg 1024w, https:\/\/unser-quartier.de\/roehlinghausen\/files\/2019\/06\/radeln-2-5.jpg 1200w\" sizes=\"auto, (max-width: 150px) 100vw, 150px\" \/><\/a>\n\t\t\t<\/div>\n\t\t\t\t<figcaption class='wp-caption-text gallery-caption' id='gallery-1-18833'>\n\t\t\t\tein bischen Kl\u00f6nschnack&#8230;\n\t\t\t\t<\/figcaption><\/figure><figure class='gallery-item'>\n\t\t\t<div class='gallery-icon landscape'>\n\t\t\t\t<a href=\"https:\/\/unser-quartier.de\/roehlinghausen\/zwar\/gruppe-radfahren\/unsere-kleinen-radtouren-2019\/die-zweite-kleine-radtour\/radeln-2-6\/#main\" data-wpel-link=\"internal\"><img loading=\"lazy\" decoding=\"async\" width=\"150\" height=\"150\" src=\"https:\/\/unser-quartier.de\/roehlinghausen\/files\/2019\/06\/radeln-2-6-150x150.jpg\" class=\"attachment-thumbnail size-thumbnail\" alt=\"\" aria-describedby=\"gallery-1-18834\" srcset=\"https:\/\/unser-quartier.de\/roehlinghausen\/files\/2019\/06\/radeln-2-6-150x150.jpg 150w, https:\/\/unser-quartier.de\/roehlinghausen\/files\/2019\/06\/radeln-2-6-300x300.jpg 300w, https:\/\/unser-quartier.de\/roehlinghausen\/files\/2019\/06\/radeln-2-6-768x767.jpg 768w, https:\/\/unser-quartier.de\/roehlinghausen\/files\/2019\/06\/radeln-2-6-1024x1024.jpg 1024w, https:\/\/unser-quartier.de\/roehlinghausen\/files\/2019\/06\/radeln-2-6.jpg 1200w\" sizes=\"auto, (max-width: 150px) 100vw, 150px\" \/><\/a>\n\t\t\t<\/div>\n\t\t\t\t<figcaption class='wp-caption-text gallery-caption' id='gallery-1-18834'>\n\t\t\t\tund die beliebte Pause im Ewald-Caf\u00e9\n\t\t\t\t<\/figcaption><\/figure>\n\t\t<\/div>\n\n<\/div>\n<div>Beitrag und Bilder von Reinhard Sch\u00f6ngarth<\/div>\n","protected":false},"excerpt":{"rendered":"<p>Am 01.06.2019 Zehn gutgelaunte Radlerinnnen und Radler machten sich bei gutem Radlerwetter auf den Weg zum Ewaldsee. Die Tour f\u00fchrte \u00fcber die Erzbahntrasse Richtung Kanal zur Sichelbr\u00fccke und gem\u00fctlich durch den Resser Wald bis zum Ewaldsee! Und dann?&#8230; zum Caf\u00e9! Nach einer ausgiebigen Pause im Ewald-Caf\u00e9, den Kuchen dort kann man wirklich empfehlen, konnten wir&hellip; <a class=\"continue\" href=\"https:\/\/unser-quartier.de\/roehlinghausen\/zwar\/gruppe-radfahren\/unsere-kleinen-radtouren-2019\/die-zweite-kleine-radtour\/\" data-wpel-link=\"internal\">\u2192 weiter lesen:<span> Die zweite kleine Radtour<\/span><\/a><\/p>\n","protected":false},"author":441,"featured_media":0,"parent":23280,"menu_order":7,"comment_status":"closed","ping_status":"closed","template":"","meta":{"generate_page_header":"","footnotes":""},"class_list":["post-18827","page","type-page","status-publish"],"_links":{"self":[{"href":"https:\/\/unser-quartier.de\/roehlinghausen\/wp-json\/wp\/v2\/pages\/18827","targetHints":{"allow":["GET"]}}],"collection":[{"href":"https:\/\/unser-quartier.de\/roehlinghausen\/wp-json\/wp\/v2\/pages"}],"about":[{"href":"https:\/\/unser-quartier.de\/roehlinghausen\/wp-json\/wp\/v2\/types\/page"}],"author":[{"embeddable":true,"href":"https:\/\/unser-quartier.de\/roehlinghausen\/wp-json\/wp\/v2\/users\/441"}],"replies":[{"embeddable":true,"href":"https:\/\/unser-quartier.de\/roehlinghausen\/wp-json\/wp\/v2\/comments?post=18827"}],"version-history":[{"count":1,"href":"https:\/\/unser-quartier.de\/roehlinghausen\/wp-json\/wp\/v2\/pages\/18827\/revisions"}],"predecessor-version":[{"id":29343,"href":"https:\/\/unser-quartier.de\/roehlinghausen\/wp-json\/wp\/v2\/pages\/18827\/revisions\/29343"}],"up":[{"embeddable":true,"href":"https:\/\/unser-quartier.de\/roehlinghausen\/wp-json\/wp\/v2\/pages\/23280"}],"wp:attachment":[{"href":"https:\/\/unser-quartier.de\/roehlinghausen\/wp-json\/wp\/v2\/media?parent=18827"}],"curies":[{"name":"wp","href":"https:\/\/api.w.org\/{rel}","templated":true}]}}