{"id":19302,"date":"2019-07-14T11:33:51","date_gmt":"2019-07-14T09:33:51","guid":{"rendered":"https:\/\/unser-quartier.de\/roehlinghausen\/?page_id=19302"},"modified":"2025-03-18T22:31:56","modified_gmt":"2025-03-18T21:31:56","slug":"die-dritte-kleine-radtour","status":"publish","type":"page","link":"https:\/\/unser-quartier.de\/roehlinghausen\/zwar\/gruppe-radfahren\/unsere-kleinen-radtouren-2019\/die-dritte-kleine-radtour\/","title":{"rendered":"Die dritte kleine Radtour"},"content":{"rendered":"<h2>am 07.07. 2019<\/h2>\n<p>Wir sind bei sch\u00f6nem Wetter entspannt geradelt, vorbei an bunten Blumenwiesen und an einer pr\u00e4chtigen Streuobstwiese. Dort machten wir eine kleine Pause. Die Apfelb\u00e4ume hingen so richtig voll. Leider waren sie noch nicht erntereif!<\/p>\n<p>Weiter fuhren wir zum Kanal und zur Schleuse Crange. Spannend war eine\u00a0 Schiffsschleusung, die wir mit ansehen konnten. Das Wetter hat toll mitgespielt, eine leichte Briese und immer wieder schien die Sonne. Bei bester Laune fuhren wir nach Hause. Die Strecke war sch\u00f6n zu radeln und dabei kamen wir noch nicht einmal ins schwitzen!<\/p>\n<div id='gallery-1' class='gallery galleryid-19302 gallery-columns-3 gallery-size-thumbnail'><figure class='gallery-item'>\n\t\t\t<div class='gallery-icon landscape'>\n\t\t\t\t<a href=\"https:\/\/unser-quartier.de\/roehlinghausen\/zwar\/gruppe-radfahren\/unsere-kleinen-radtouren-2019\/die-dritte-kleine-radtour\/feldblumen\/#main\" data-wpel-link=\"internal\"><img loading=\"lazy\" decoding=\"async\" width=\"150\" height=\"100\" src=\"https:\/\/unser-quartier.de\/roehlinghausen\/files\/2019\/07\/feldblumen-150x100.jpg\" class=\"attachment-thumbnail size-thumbnail\" alt=\"\" aria-describedby=\"gallery-1-19305\" srcset=\"https:\/\/unser-quartier.de\/roehlinghausen\/files\/2019\/07\/feldblumen-150x100.jpg 150w, https:\/\/unser-quartier.de\/roehlinghausen\/files\/2019\/07\/feldblumen-300x200.jpg 300w, https:\/\/unser-quartier.de\/roehlinghausen\/files\/2019\/07\/feldblumen-768x512.jpg 768w, https:\/\/unser-quartier.de\/roehlinghausen\/files\/2019\/07\/feldblumen-1024x683.jpg 1024w, https:\/\/unser-quartier.de\/roehlinghausen\/files\/2019\/07\/feldblumen-600x400.jpg 600w, https:\/\/unser-quartier.de\/roehlinghausen\/files\/2019\/07\/feldblumen-272x182.jpg 272w, https:\/\/unser-quartier.de\/roehlinghausen\/files\/2019\/07\/feldblumen.jpg 1200w\" sizes=\"auto, (max-width: 150px) 100vw, 150px\" \/><\/a>\n\t\t\t<\/div>\n\t\t\t\t<figcaption class='wp-caption-text gallery-caption' id='gallery-1-19305'>\n\t\t\t\tlebendige Vielfalt\n\t\t\t\t<\/figcaption><\/figure><figure class='gallery-item'>\n\t\t\t<div class='gallery-icon landscape'>\n\t\t\t\t<a href=\"https:\/\/unser-quartier.de\/roehlinghausen\/zwar\/gruppe-radfahren\/unsere-kleinen-radtouren-2019\/die-dritte-kleine-radtour\/blumenteppich\/#main\" data-wpel-link=\"internal\"><img loading=\"lazy\" decoding=\"async\" width=\"150\" height=\"100\" src=\"https:\/\/unser-quartier.de\/roehlinghausen\/files\/2019\/07\/blumenteppich-150x100.jpg\" class=\"attachment-thumbnail size-thumbnail\" alt=\"kleine Radtour\" aria-describedby=\"gallery-1-19303\" srcset=\"https:\/\/unser-quartier.de\/roehlinghausen\/files\/2019\/07\/blumenteppich-150x100.jpg 150w, https:\/\/unser-quartier.de\/roehlinghausen\/files\/2019\/07\/blumenteppich-300x200.jpg 300w, https:\/\/unser-quartier.de\/roehlinghausen\/files\/2019\/07\/blumenteppich-768x512.jpg 768w, https:\/\/unser-quartier.de\/roehlinghausen\/files\/2019\/07\/blumenteppich-1024x683.jpg 1024w, https:\/\/unser-quartier.de\/roehlinghausen\/files\/2019\/07\/blumenteppich-600x400.jpg 600w, https:\/\/unser-quartier.de\/roehlinghausen\/files\/2019\/07\/blumenteppich-272x182.jpg 272w, https:\/\/unser-quartier.de\/roehlinghausen\/files\/2019\/07\/blumenteppich.jpg 1200w\" sizes=\"auto, (max-width: 150px) 100vw, 150px\" \/><\/a>\n\t\t\t<\/div>\n\t\t\t\t<figcaption class='wp-caption-text gallery-caption' id='gallery-1-19303'>\n\t\t\t\tbunte Bauernblumen\n\t\t\t\t<\/figcaption><\/figure><figure class='gallery-item'>\n\t\t\t<div class='gallery-icon landscape'>\n\t\t\t\t<a href=\"https:\/\/unser-quartier.de\/roehlinghausen\/zwar\/gruppe-radfahren\/unsere-kleinen-radtouren-2019\/die-dritte-kleine-radtour\/streuobstwiese\/#main\" data-wpel-link=\"internal\"><img loading=\"lazy\" decoding=\"async\" width=\"150\" height=\"84\" src=\"https:\/\/unser-quartier.de\/roehlinghausen\/files\/2019\/07\/streuobstwiese-150x84.jpg\" class=\"attachment-thumbnail size-thumbnail\" alt=\"\" aria-describedby=\"gallery-1-19306\" srcset=\"https:\/\/unser-quartier.de\/roehlinghausen\/files\/2019\/07\/streuobstwiese-150x84.jpg 150w, https:\/\/unser-quartier.de\/roehlinghausen\/files\/2019\/07\/streuobstwiese-300x169.jpg 300w, https:\/\/unser-quartier.de\/roehlinghausen\/files\/2019\/07\/streuobstwiese-768x431.jpg 768w, https:\/\/unser-quartier.de\/roehlinghausen\/files\/2019\/07\/streuobstwiese-1024x575.jpg 1024w, https:\/\/unser-quartier.de\/roehlinghausen\/files\/2019\/07\/streuobstwiese.jpg 1200w\" sizes=\"auto, (max-width: 150px) 100vw, 150px\" \/><\/a>\n\t\t\t<\/div>\n\t\t\t\t<figcaption class='wp-caption-text gallery-caption' id='gallery-1-19306'>\n\t\t\t\tObstwiese\n\t\t\t\t<\/figcaption><\/figure>\n\t\t<\/div>\n\n<p>Die Radler wollten diesmal nicht auf\u00b4s Foto, daf\u00fcr aber viele Blumen.<\/p>\n","protected":false},"excerpt":{"rendered":"<p>am 07.07. 2019 Wir sind bei sch\u00f6nem Wetter entspannt geradelt, vorbei an bunten Blumenwiesen und an einer pr\u00e4chtigen Streuobstwiese. Dort machten wir eine kleine Pause. Die Apfelb\u00e4ume hingen so richtig voll. Leider waren sie noch nicht erntereif! Weiter fuhren wir zum Kanal und zur Schleuse Crange. Spannend war eine\u00a0 Schiffsschleusung, die wir mit ansehen konnten.&hellip; <a class=\"continue\" href=\"https:\/\/unser-quartier.de\/roehlinghausen\/zwar\/gruppe-radfahren\/unsere-kleinen-radtouren-2019\/die-dritte-kleine-radtour\/\" data-wpel-link=\"internal\">\u2192 weiter lesen:<span> Die dritte kleine Radtour<\/span><\/a><\/p>\n","protected":false},"author":441,"featured_media":0,"parent":23280,"menu_order":8,"comment_status":"closed","ping_status":"closed","template":"","meta":{"generate_page_header":"","footnotes":""},"class_list":["post-19302","page","type-page","status-publish"],"_links":{"self":[{"href":"https:\/\/unser-quartier.de\/roehlinghausen\/wp-json\/wp\/v2\/pages\/19302","targetHints":{"allow":["GET"]}}],"collection":[{"href":"https:\/\/unser-quartier.de\/roehlinghausen\/wp-json\/wp\/v2\/pages"}],"about":[{"href":"https:\/\/unser-quartier.de\/roehlinghausen\/wp-json\/wp\/v2\/types\/page"}],"author":[{"embeddable":true,"href":"https:\/\/unser-quartier.de\/roehlinghausen\/wp-json\/wp\/v2\/users\/441"}],"replies":[{"embeddable":true,"href":"https:\/\/unser-quartier.de\/roehlinghausen\/wp-json\/wp\/v2\/comments?post=19302"}],"version-history":[{"count":1,"href":"https:\/\/unser-quartier.de\/roehlinghausen\/wp-json\/wp\/v2\/pages\/19302\/revisions"}],"predecessor-version":[{"id":29344,"href":"https:\/\/unser-quartier.de\/roehlinghausen\/wp-json\/wp\/v2\/pages\/19302\/revisions\/29344"}],"up":[{"embeddable":true,"href":"https:\/\/unser-quartier.de\/roehlinghausen\/wp-json\/wp\/v2\/pages\/23280"}],"wp:attachment":[{"href":"https:\/\/unser-quartier.de\/roehlinghausen\/wp-json\/wp\/v2\/media?parent=19302"}],"curies":[{"name":"wp","href":"https:\/\/api.w.org\/{rel}","templated":true}]}}