{"id":20531,"date":"2019-11-10T19:33:57","date_gmt":"2019-11-10T18:33:57","guid":{"rendered":"https:\/\/unser-quartier.de\/roehlinghausen\/?page_id=20531"},"modified":"2021-07-30T13:18:42","modified_gmt":"2021-07-30T11:18:42","slug":"besuch-bei-der-islamischen-gemeinde","status":"publish","type":"page","link":"https:\/\/unser-quartier.de\/roehlinghausen\/zwar\/top-veranstaltungen\/in-2019\/besuch-bei-der-islamischen-gemeinde\/","title":{"rendered":"Besuch bei der Islamischen Gemeinde"},"content":{"rendered":"<p>Das ZWAR-Netzwerk Eickel\/R\u00f6hlinghausen hat am 6. November 2019 mit 14 Netzwerkerinnen und Netzwerker die Islamische Gemeinde in R\u00f6hlinghausen besucht.<\/p>\n<p>Es war ein fr\u00f6hlicher Empfang und der stellvertretende Imam Tuncay Nazik stellte das umfangreiche Engagement der Gemeinde vor, ein durchaus beachtliches Weiterbildungsprogramm. Viele Fragen wurden beantwortet und bei einem leckeren Buffet endete dieser sehr informative Abend. Das ZWAR-Netzwerk sagt herzlichen Dank!<\/p>\n<h3>Bildergalerie<\/h3>\n<div id='gallery-1' class='gallery galleryid-20531 gallery-columns-3 gallery-size-thumbnail'><figure class='gallery-item'>\n\t\t\t<div class='gallery-icon portrait'>\n\t\t\t\t<a href=\"https:\/\/unser-quartier.de\/roehlinghausen\/zwar\/top-veranstaltungen\/in-2019\/besuch-bei-der-islamischen-gemeinde\/islamische_gemeinde-1\/#main\" data-wpel-link=\"internal\"><img loading=\"lazy\" decoding=\"async\" width=\"150\" height=\"200\" src=\"https:\/\/unser-quartier.de\/roehlinghausen\/files\/2019\/11\/islamische_gemeinde-1-150x200.jpg\" class=\"attachment-thumbnail size-thumbnail\" alt=\"\" aria-describedby=\"gallery-1-20535\" srcset=\"https:\/\/unser-quartier.de\/roehlinghausen\/files\/2019\/11\/islamische_gemeinde-1-150x200.jpg 150w, https:\/\/unser-quartier.de\/roehlinghausen\/files\/2019\/11\/islamische_gemeinde-1-300x400.jpg 300w, https:\/\/unser-quartier.de\/roehlinghausen\/files\/2019\/11\/islamische_gemeinde-1-768x1024.jpg 768w, https:\/\/unser-quartier.de\/roehlinghausen\/files\/2019\/11\/islamische_gemeinde-1.jpg 900w\" sizes=\"auto, (max-width: 150px) 100vw, 150px\" \/><\/a>\n\t\t\t<\/div>\n\t\t\t\t<figcaption class='wp-caption-text gallery-caption' id='gallery-1-20535'>\n\t\t\t\tein fr\u00f6hlicher Empfang\n\t\t\t\t<\/figcaption><\/figure><figure class='gallery-item'>\n\t\t\t<div class='gallery-icon landscape'>\n\t\t\t\t<a href=\"https:\/\/unser-quartier.de\/roehlinghausen\/zwar\/top-veranstaltungen\/in-2019\/besuch-bei-der-islamischen-gemeinde\/islamische_gemeinde-2\/#main\" data-wpel-link=\"internal\"><img loading=\"lazy\" decoding=\"async\" width=\"150\" height=\"113\" src=\"https:\/\/unser-quartier.de\/roehlinghausen\/files\/2019\/11\/islamische_gemeinde-2-150x113.jpg\" class=\"attachment-thumbnail size-thumbnail\" alt=\"\" aria-describedby=\"gallery-1-20536\" srcset=\"https:\/\/unser-quartier.de\/roehlinghausen\/files\/2019\/11\/islamische_gemeinde-2-150x113.jpg 150w, https:\/\/unser-quartier.de\/roehlinghausen\/files\/2019\/11\/islamische_gemeinde-2-300x225.jpg 300w, https:\/\/unser-quartier.de\/roehlinghausen\/files\/2019\/11\/islamische_gemeinde-2-768x576.jpg 768w, https:\/\/unser-quartier.de\/roehlinghausen\/files\/2019\/11\/islamische_gemeinde-2-1024x768.jpg 1024w, https:\/\/unser-quartier.de\/roehlinghausen\/files\/2019\/11\/islamische_gemeinde-2.jpg 1200w\" sizes=\"auto, (max-width: 150px) 100vw, 150px\" \/><\/a>\n\t\t\t<\/div>\n\t\t\t\t<figcaption class='wp-caption-text gallery-caption' id='gallery-1-20536'>\n\t\t\t\tschnell noch ein Gruppenfoto\n\t\t\t\t<\/figcaption><\/figure><figure class='gallery-item'>\n\t\t\t<div class='gallery-icon landscape'>\n\t\t\t\t<a href=\"https:\/\/unser-quartier.de\/roehlinghausen\/zwar\/top-veranstaltungen\/in-2019\/besuch-bei-der-islamischen-gemeinde\/islamische_gemeinde-3\/#main\" data-wpel-link=\"internal\"><img loading=\"lazy\" decoding=\"async\" width=\"150\" height=\"113\" src=\"https:\/\/unser-quartier.de\/roehlinghausen\/files\/2019\/11\/islamische_gemeinde-3-150x113.jpg\" class=\"attachment-thumbnail size-thumbnail\" alt=\"\" aria-describedby=\"gallery-1-20537\" srcset=\"https:\/\/unser-quartier.de\/roehlinghausen\/files\/2019\/11\/islamische_gemeinde-3-150x113.jpg 150w, https:\/\/unser-quartier.de\/roehlinghausen\/files\/2019\/11\/islamische_gemeinde-3-300x225.jpg 300w, https:\/\/unser-quartier.de\/roehlinghausen\/files\/2019\/11\/islamische_gemeinde-3-768x576.jpg 768w, https:\/\/unser-quartier.de\/roehlinghausen\/files\/2019\/11\/islamische_gemeinde-3-1024x768.jpg 1024w, https:\/\/unser-quartier.de\/roehlinghausen\/files\/2019\/11\/islamische_gemeinde-3.jpg 1200w\" sizes=\"auto, (max-width: 150px) 100vw, 150px\" \/><\/a>\n\t\t\t<\/div>\n\t\t\t\t<figcaption class='wp-caption-text gallery-caption' id='gallery-1-20537'>\n\t\t\t\tviele Verse im Koran\n\t\t\t\t<\/figcaption><\/figure><figure class='gallery-item'>\n\t\t\t<div class='gallery-icon portrait'>\n\t\t\t\t<a href=\"https:\/\/unser-quartier.de\/roehlinghausen\/zwar\/top-veranstaltungen\/in-2019\/besuch-bei-der-islamischen-gemeinde\/islamische_gemeinde-4\/#main\" data-wpel-link=\"internal\"><img loading=\"lazy\" decoding=\"async\" width=\"150\" height=\"200\" src=\"https:\/\/unser-quartier.de\/roehlinghausen\/files\/2019\/11\/islamische_gemeinde-4-150x200.jpg\" class=\"attachment-thumbnail size-thumbnail\" alt=\"\" aria-describedby=\"gallery-1-20538\" srcset=\"https:\/\/unser-quartier.de\/roehlinghausen\/files\/2019\/11\/islamische_gemeinde-4-150x200.jpg 150w, https:\/\/unser-quartier.de\/roehlinghausen\/files\/2019\/11\/islamische_gemeinde-4-300x400.jpg 300w, https:\/\/unser-quartier.de\/roehlinghausen\/files\/2019\/11\/islamische_gemeinde-4-768x1024.jpg 768w, https:\/\/unser-quartier.de\/roehlinghausen\/files\/2019\/11\/islamische_gemeinde-4.jpg 900w\" sizes=\"auto, (max-width: 150px) 100vw, 150px\" \/><\/a>\n\t\t\t<\/div>\n\t\t\t\t<figcaption class='wp-caption-text gallery-caption' id='gallery-1-20538'>\n\t\t\t\tdie Gruppe im Gebetsraum\n\t\t\t\t<\/figcaption><\/figure><figure class='gallery-item'>\n\t\t\t<div class='gallery-icon landscape'>\n\t\t\t\t<a href=\"https:\/\/unser-quartier.de\/roehlinghausen\/zwar\/top-veranstaltungen\/in-2019\/besuch-bei-der-islamischen-gemeinde\/islamische_gemeinde-5\/#main\" data-wpel-link=\"internal\"><img loading=\"lazy\" decoding=\"async\" width=\"150\" height=\"84\" src=\"https:\/\/unser-quartier.de\/roehlinghausen\/files\/2019\/11\/islamische_gemeinde-5-150x84.jpg\" class=\"attachment-thumbnail size-thumbnail\" alt=\"\" aria-describedby=\"gallery-1-20539\" srcset=\"https:\/\/unser-quartier.de\/roehlinghausen\/files\/2019\/11\/islamische_gemeinde-5-150x84.jpg 150w, https:\/\/unser-quartier.de\/roehlinghausen\/files\/2019\/11\/islamische_gemeinde-5-300x169.jpg 300w, https:\/\/unser-quartier.de\/roehlinghausen\/files\/2019\/11\/islamische_gemeinde-5-768x431.jpg 768w, https:\/\/unser-quartier.de\/roehlinghausen\/files\/2019\/11\/islamische_gemeinde-5-1024x575.jpg 1024w, https:\/\/unser-quartier.de\/roehlinghausen\/files\/2019\/11\/islamische_gemeinde-5.jpg 1200w\" sizes=\"auto, (max-width: 150px) 100vw, 150px\" \/><\/a>\n\t\t\t<\/div>\n\t\t\t\t<figcaption class='wp-caption-text gallery-caption' id='gallery-1-20539'>\n\t\t\t\tdigitaler Helfer f\u00fcr das Gebet\n\t\t\t\t<\/figcaption><\/figure><figure class='gallery-item'>\n\t\t\t<div class='gallery-icon landscape'>\n\t\t\t\t<a href=\"https:\/\/unser-quartier.de\/roehlinghausen\/zwar\/top-veranstaltungen\/in-2019\/besuch-bei-der-islamischen-gemeinde\/islamische_gemeinde-6\/#main\" data-wpel-link=\"internal\"><img loading=\"lazy\" decoding=\"async\" width=\"150\" height=\"84\" src=\"https:\/\/unser-quartier.de\/roehlinghausen\/files\/2019\/11\/islamische_gemeinde-6-150x84.jpg\" class=\"attachment-thumbnail size-thumbnail\" alt=\"\" aria-describedby=\"gallery-1-20540\" srcset=\"https:\/\/unser-quartier.de\/roehlinghausen\/files\/2019\/11\/islamische_gemeinde-6-150x84.jpg 150w, https:\/\/unser-quartier.de\/roehlinghausen\/files\/2019\/11\/islamische_gemeinde-6-300x169.jpg 300w, https:\/\/unser-quartier.de\/roehlinghausen\/files\/2019\/11\/islamische_gemeinde-6-768x431.jpg 768w, https:\/\/unser-quartier.de\/roehlinghausen\/files\/2019\/11\/islamische_gemeinde-6-1024x575.jpg 1024w, https:\/\/unser-quartier.de\/roehlinghausen\/files\/2019\/11\/islamische_gemeinde-6.jpg 1200w\" sizes=\"auto, (max-width: 150px) 100vw, 150px\" \/><\/a>\n\t\t\t<\/div>\n\t\t\t\t<figcaption class='wp-caption-text gallery-caption' id='gallery-1-20540'>\n\t\t\t\twie oft wird gebetet?\n\t\t\t\t<\/figcaption><\/figure><figure class='gallery-item'>\n\t\t\t<div class='gallery-icon landscape'>\n\t\t\t\t<a href=\"https:\/\/unser-quartier.de\/roehlinghausen\/zwar\/top-veranstaltungen\/in-2019\/besuch-bei-der-islamischen-gemeinde\/islamische_gemeinde-7\/#main\" data-wpel-link=\"internal\"><img loading=\"lazy\" decoding=\"async\" width=\"150\" height=\"84\" src=\"https:\/\/unser-quartier.de\/roehlinghausen\/files\/2019\/11\/islamische_gemeinde-7-150x84.jpg\" class=\"attachment-thumbnail size-thumbnail\" alt=\"\" aria-describedby=\"gallery-1-20541\" srcset=\"https:\/\/unser-quartier.de\/roehlinghausen\/files\/2019\/11\/islamische_gemeinde-7-150x84.jpg 150w, https:\/\/unser-quartier.de\/roehlinghausen\/files\/2019\/11\/islamische_gemeinde-7-300x169.jpg 300w, https:\/\/unser-quartier.de\/roehlinghausen\/files\/2019\/11\/islamische_gemeinde-7-768x431.jpg 768w, https:\/\/unser-quartier.de\/roehlinghausen\/files\/2019\/11\/islamische_gemeinde-7-1024x575.jpg 1024w, https:\/\/unser-quartier.de\/roehlinghausen\/files\/2019\/11\/islamische_gemeinde-7.jpg 1200w\" sizes=\"auto, (max-width: 150px) 100vw, 150px\" \/><\/a>\n\t\t\t<\/div>\n\t\t\t\t<figcaption class='wp-caption-text gallery-caption' id='gallery-1-20541'>\n\t\t\t\tder stellvertretende Imam Tuncay Nazik\n\t\t\t\t<\/figcaption><\/figure><figure class='gallery-item'>\n\t\t\t<div class='gallery-icon landscape'>\n\t\t\t\t<a href=\"https:\/\/unser-quartier.de\/roehlinghausen\/zwar\/top-veranstaltungen\/in-2019\/besuch-bei-der-islamischen-gemeinde\/islamische_gemeinde-8\/#main\" data-wpel-link=\"internal\"><img loading=\"lazy\" decoding=\"async\" width=\"150\" height=\"84\" src=\"https:\/\/unser-quartier.de\/roehlinghausen\/files\/2019\/11\/islamische_gemeinde-8-150x84.jpg\" class=\"attachment-thumbnail size-thumbnail\" alt=\"\" aria-describedby=\"gallery-1-20542\" srcset=\"https:\/\/unser-quartier.de\/roehlinghausen\/files\/2019\/11\/islamische_gemeinde-8-150x84.jpg 150w, https:\/\/unser-quartier.de\/roehlinghausen\/files\/2019\/11\/islamische_gemeinde-8-300x169.jpg 300w, https:\/\/unser-quartier.de\/roehlinghausen\/files\/2019\/11\/islamische_gemeinde-8-768x431.jpg 768w, https:\/\/unser-quartier.de\/roehlinghausen\/files\/2019\/11\/islamische_gemeinde-8-1024x575.jpg 1024w, https:\/\/unser-quartier.de\/roehlinghausen\/files\/2019\/11\/islamische_gemeinde-8.jpg 1200w\" sizes=\"auto, (max-width: 150px) 100vw, 150px\" \/><\/a>\n\t\t\t<\/div>\n\t\t\t\t<figcaption class='wp-caption-text gallery-caption' id='gallery-1-20542'>\n\t\t\t\taufmerksame Zuh\u00f6rer&#8230;\n\t\t\t\t<\/figcaption><\/figure><figure class='gallery-item'>\n\t\t\t<div class='gallery-icon landscape'>\n\t\t\t\t<a href=\"https:\/\/unser-quartier.de\/roehlinghausen\/zwar\/top-veranstaltungen\/in-2019\/besuch-bei-der-islamischen-gemeinde\/islamische_gemeinde-11\/#main\" data-wpel-link=\"internal\"><img loading=\"lazy\" decoding=\"async\" width=\"150\" height=\"84\" src=\"https:\/\/unser-quartier.de\/roehlinghausen\/files\/2019\/11\/islamische_gemeinde-11-150x84.jpg\" class=\"attachment-thumbnail size-thumbnail\" alt=\"\" aria-describedby=\"gallery-1-20545\" srcset=\"https:\/\/unser-quartier.de\/roehlinghausen\/files\/2019\/11\/islamische_gemeinde-11-150x84.jpg 150w, https:\/\/unser-quartier.de\/roehlinghausen\/files\/2019\/11\/islamische_gemeinde-11-300x169.jpg 300w, https:\/\/unser-quartier.de\/roehlinghausen\/files\/2019\/11\/islamische_gemeinde-11-768x431.jpg 768w, https:\/\/unser-quartier.de\/roehlinghausen\/files\/2019\/11\/islamische_gemeinde-11-1024x575.jpg 1024w, https:\/\/unser-quartier.de\/roehlinghausen\/files\/2019\/11\/islamische_gemeinde-11.jpg 1200w\" sizes=\"auto, (max-width: 150px) 100vw, 150px\" \/><\/a>\n\t\t\t<\/div>\n\t\t\t\t<figcaption class='wp-caption-text gallery-caption' id='gallery-1-20545'>\n\t\t\t\tdie heilige Schrift des Islams,\n\t\t\t\t<\/figcaption><\/figure><figure class='gallery-item'>\n\t\t\t<div class='gallery-icon landscape'>\n\t\t\t\t<a href=\"https:\/\/unser-quartier.de\/roehlinghausen\/zwar\/top-veranstaltungen\/in-2019\/besuch-bei-der-islamischen-gemeinde\/islamische_gemeinde-12\/#main\" data-wpel-link=\"internal\"><img loading=\"lazy\" decoding=\"async\" width=\"150\" height=\"84\" src=\"https:\/\/unser-quartier.de\/roehlinghausen\/files\/2019\/11\/islamische_gemeinde-12-150x84.jpg\" class=\"attachment-thumbnail size-thumbnail\" alt=\"\" aria-describedby=\"gallery-1-20546\" srcset=\"https:\/\/unser-quartier.de\/roehlinghausen\/files\/2019\/11\/islamische_gemeinde-12-150x84.jpg 150w, https:\/\/unser-quartier.de\/roehlinghausen\/files\/2019\/11\/islamische_gemeinde-12-300x169.jpg 300w, https:\/\/unser-quartier.de\/roehlinghausen\/files\/2019\/11\/islamische_gemeinde-12-768x431.jpg 768w, https:\/\/unser-quartier.de\/roehlinghausen\/files\/2019\/11\/islamische_gemeinde-12-1024x575.jpg 1024w, https:\/\/unser-quartier.de\/roehlinghausen\/files\/2019\/11\/islamische_gemeinde-12.jpg 1200w\" sizes=\"auto, (max-width: 150px) 100vw, 150px\" \/><\/a>\n\t\t\t<\/div>\n\t\t\t\t<figcaption class='wp-caption-text gallery-caption' id='gallery-1-20546'>\n\t\t\t\tdas arabische Alphabet \n\t\t\t\t<\/figcaption><\/figure><figure class='gallery-item'>\n\t\t\t<div class='gallery-icon landscape'>\n\t\t\t\t<a href=\"https:\/\/unser-quartier.de\/roehlinghausen\/zwar\/top-veranstaltungen\/in-2019\/besuch-bei-der-islamischen-gemeinde\/islamische_gemeinde-13\/#main\" data-wpel-link=\"internal\"><img loading=\"lazy\" decoding=\"async\" width=\"150\" height=\"84\" src=\"https:\/\/unser-quartier.de\/roehlinghausen\/files\/2019\/11\/islamische_gemeinde-13-150x84.jpg\" class=\"attachment-thumbnail size-thumbnail\" alt=\"\" aria-describedby=\"gallery-1-20547\" srcset=\"https:\/\/unser-quartier.de\/roehlinghausen\/files\/2019\/11\/islamische_gemeinde-13-150x84.jpg 150w, https:\/\/unser-quartier.de\/roehlinghausen\/files\/2019\/11\/islamische_gemeinde-13-300x169.jpg 300w, https:\/\/unser-quartier.de\/roehlinghausen\/files\/2019\/11\/islamische_gemeinde-13-768x431.jpg 768w, https:\/\/unser-quartier.de\/roehlinghausen\/files\/2019\/11\/islamische_gemeinde-13-1024x575.jpg 1024w, https:\/\/unser-quartier.de\/roehlinghausen\/files\/2019\/11\/islamische_gemeinde-13.jpg 1200w\" sizes=\"auto, (max-width: 150px) 100vw, 150px\" \/><\/a>\n\t\t\t<\/div>\n\t\t\t\t<figcaption class='wp-caption-text gallery-caption' id='gallery-1-20547'>\n\t\t\t\tdie gut sortierte Bibliothek\n\t\t\t\t<\/figcaption><\/figure><figure class='gallery-item'>\n\t\t\t<div class='gallery-icon landscape'>\n\t\t\t\t<a href=\"https:\/\/unser-quartier.de\/roehlinghausen\/zwar\/top-veranstaltungen\/in-2019\/besuch-bei-der-islamischen-gemeinde\/islamische_gemeinde-14\/#main\" data-wpel-link=\"internal\"><img loading=\"lazy\" decoding=\"async\" width=\"150\" height=\"84\" src=\"https:\/\/unser-quartier.de\/roehlinghausen\/files\/2019\/11\/islamische_gemeinde-14-150x84.jpg\" class=\"attachment-thumbnail size-thumbnail\" alt=\"\" aria-describedby=\"gallery-1-20548\" srcset=\"https:\/\/unser-quartier.de\/roehlinghausen\/files\/2019\/11\/islamische_gemeinde-14-150x84.jpg 150w, https:\/\/unser-quartier.de\/roehlinghausen\/files\/2019\/11\/islamische_gemeinde-14-300x169.jpg 300w, https:\/\/unser-quartier.de\/roehlinghausen\/files\/2019\/11\/islamische_gemeinde-14-768x431.jpg 768w, https:\/\/unser-quartier.de\/roehlinghausen\/files\/2019\/11\/islamische_gemeinde-14-1024x575.jpg 1024w, https:\/\/unser-quartier.de\/roehlinghausen\/files\/2019\/11\/islamische_gemeinde-14.jpg 1200w\" sizes=\"auto, (max-width: 150px) 100vw, 150px\" \/><\/a>\n\t\t\t<\/div>\n\t\t\t\t<figcaption class='wp-caption-text gallery-caption' id='gallery-1-20548'>\n\t\t\t\tvielf\u00e4ltige Koranausgaben\n\t\t\t\t<\/figcaption><\/figure><figure class='gallery-item'>\n\t\t\t<div class='gallery-icon landscape'>\n\t\t\t\t<a href=\"https:\/\/unser-quartier.de\/roehlinghausen\/zwar\/top-veranstaltungen\/in-2019\/besuch-bei-der-islamischen-gemeinde\/islamische_gemeinde-9\/#main\" data-wpel-link=\"internal\"><img loading=\"lazy\" decoding=\"async\" width=\"150\" height=\"84\" src=\"https:\/\/unser-quartier.de\/roehlinghausen\/files\/2019\/11\/islamische_gemeinde-9-150x84.jpg\" class=\"attachment-thumbnail size-thumbnail\" alt=\"\" aria-describedby=\"gallery-1-20543\" srcset=\"https:\/\/unser-quartier.de\/roehlinghausen\/files\/2019\/11\/islamische_gemeinde-9-150x84.jpg 150w, https:\/\/unser-quartier.de\/roehlinghausen\/files\/2019\/11\/islamische_gemeinde-9-300x169.jpg 300w, https:\/\/unser-quartier.de\/roehlinghausen\/files\/2019\/11\/islamische_gemeinde-9-768x431.jpg 768w, https:\/\/unser-quartier.de\/roehlinghausen\/files\/2019\/11\/islamische_gemeinde-9-1024x575.jpg 1024w, https:\/\/unser-quartier.de\/roehlinghausen\/files\/2019\/11\/islamische_gemeinde-9.jpg 1200w\" sizes=\"auto, (max-width: 150px) 100vw, 150px\" \/><\/a>\n\t\t\t<\/div>\n\t\t\t\t<figcaption class='wp-caption-text gallery-caption' id='gallery-1-20543'>\n\t\t\t\tist ein Koran auf Deutsch dabei?\n\t\t\t\t<\/figcaption><\/figure><figure class='gallery-item'>\n\t\t\t<div class='gallery-icon landscape'>\n\t\t\t\t<a href=\"https:\/\/unser-quartier.de\/roehlinghausen\/zwar\/top-veranstaltungen\/in-2019\/besuch-bei-der-islamischen-gemeinde\/islamische_gemeinde-10\/#main\" data-wpel-link=\"internal\"><img loading=\"lazy\" decoding=\"async\" width=\"150\" height=\"84\" src=\"https:\/\/unser-quartier.de\/roehlinghausen\/files\/2019\/11\/islamische_gemeinde-10-150x84.jpg\" class=\"attachment-thumbnail size-thumbnail\" alt=\"\" aria-describedby=\"gallery-1-20544\" srcset=\"https:\/\/unser-quartier.de\/roehlinghausen\/files\/2019\/11\/islamische_gemeinde-10-150x84.jpg 150w, https:\/\/unser-quartier.de\/roehlinghausen\/files\/2019\/11\/islamische_gemeinde-10-300x169.jpg 300w, https:\/\/unser-quartier.de\/roehlinghausen\/files\/2019\/11\/islamische_gemeinde-10-768x431.jpg 768w, https:\/\/unser-quartier.de\/roehlinghausen\/files\/2019\/11\/islamische_gemeinde-10-1024x575.jpg 1024w, https:\/\/unser-quartier.de\/roehlinghausen\/files\/2019\/11\/islamische_gemeinde-10.jpg 1200w\" sizes=\"auto, (max-width: 150px) 100vw, 150px\" \/><\/a>\n\t\t\t<\/div>\n\t\t\t\t<figcaption class='wp-caption-text gallery-caption' id='gallery-1-20544'>\n\t\t\t\thier mit einem edlen Einband\n\t\t\t\t<\/figcaption><\/figure><figure class='gallery-item'>\n\t\t\t<div class='gallery-icon landscape'>\n\t\t\t\t<a href=\"https:\/\/unser-quartier.de\/roehlinghausen\/zwar\/top-veranstaltungen\/in-2019\/besuch-bei-der-islamischen-gemeinde\/islamische_gemeinde-15\/#main\" data-wpel-link=\"internal\"><img loading=\"lazy\" decoding=\"async\" width=\"150\" height=\"84\" src=\"https:\/\/unser-quartier.de\/roehlinghausen\/files\/2019\/11\/islamische_gemeinde-15-150x84.jpg\" class=\"attachment-thumbnail size-thumbnail\" alt=\"\" aria-describedby=\"gallery-1-20549\" srcset=\"https:\/\/unser-quartier.de\/roehlinghausen\/files\/2019\/11\/islamische_gemeinde-15-150x84.jpg 150w, https:\/\/unser-quartier.de\/roehlinghausen\/files\/2019\/11\/islamische_gemeinde-15-300x169.jpg 300w, https:\/\/unser-quartier.de\/roehlinghausen\/files\/2019\/11\/islamische_gemeinde-15-768x431.jpg 768w, https:\/\/unser-quartier.de\/roehlinghausen\/files\/2019\/11\/islamische_gemeinde-15-1024x575.jpg 1024w, https:\/\/unser-quartier.de\/roehlinghausen\/files\/2019\/11\/islamische_gemeinde-15.jpg 1200w\" sizes=\"auto, (max-width: 150px) 100vw, 150px\" \/><\/a>\n\t\t\t<\/div>\n\t\t\t\t<figcaption class='wp-caption-text gallery-caption' id='gallery-1-20549'>\n\t\t\t\tGruppenbild im Gebetsraum\n\t\t\t\t<\/figcaption><\/figure>\n\t\t<\/div>\n\n","protected":false},"excerpt":{"rendered":"<p>Das ZWAR-Netzwerk Eickel\/R\u00f6hlinghausen hat am 6. November 2019 mit 14 Netzwerkerinnen und Netzwerker die Islamische Gemeinde in R\u00f6hlinghausen besucht. Es war ein fr\u00f6hlicher Empfang und der stellvertretende Imam Tuncay Nazik stellte das umfangreiche Engagement der Gemeinde vor, ein durchaus beachtliches Weiterbildungsprogramm. Viele Fragen wurden beantwortet und bei einem leckeren Buffet endete dieser sehr informative Abend.&hellip; <a class=\"continue\" href=\"https:\/\/unser-quartier.de\/roehlinghausen\/zwar\/top-veranstaltungen\/in-2019\/besuch-bei-der-islamischen-gemeinde\/\" data-wpel-link=\"internal\">\u2192 weiter lesen:<span> Besuch bei der Islamischen Gemeinde<\/span><\/a><\/p>\n","protected":false},"author":441,"featured_media":0,"parent":23184,"menu_order":6,"comment_status":"closed","ping_status":"closed","template":"","meta":{"generate_page_header":"","footnotes":""},"class_list":["post-20531","page","type-page","status-publish"],"_links":{"self":[{"href":"https:\/\/unser-quartier.de\/roehlinghausen\/wp-json\/wp\/v2\/pages\/20531","targetHints":{"allow":["GET"]}}],"collection":[{"href":"https:\/\/unser-quartier.de\/roehlinghausen\/wp-json\/wp\/v2\/pages"}],"about":[{"href":"https:\/\/unser-quartier.de\/roehlinghausen\/wp-json\/wp\/v2\/types\/page"}],"author":[{"embeddable":true,"href":"https:\/\/unser-quartier.de\/roehlinghausen\/wp-json\/wp\/v2\/users\/441"}],"replies":[{"embeddable":true,"href":"https:\/\/unser-quartier.de\/roehlinghausen\/wp-json\/wp\/v2\/comments?post=20531"}],"version-history":[{"count":0,"href":"https:\/\/unser-quartier.de\/roehlinghausen\/wp-json\/wp\/v2\/pages\/20531\/revisions"}],"up":[{"embeddable":true,"href":"https:\/\/unser-quartier.de\/roehlinghausen\/wp-json\/wp\/v2\/pages\/23184"}],"wp:attachment":[{"href":"https:\/\/unser-quartier.de\/roehlinghausen\/wp-json\/wp\/v2\/media?parent=20531"}],"curies":[{"name":"wp","href":"https:\/\/api.w.org\/{rel}","templated":true}]}}