{"id":20570,"date":"2019-11-13T15:56:07","date_gmt":"2019-11-13T14:56:07","guid":{"rendered":"https:\/\/unser-quartier.de\/roehlinghausen\/?page_id=20570"},"modified":"2021-07-30T10:26:15","modified_gmt":"2021-07-30T08:26:15","slug":"recklinghausen-leuchtet","status":"publish","type":"page","link":"https:\/\/unser-quartier.de\/roehlinghausen\/zwar\/top-veranstaltungen\/in-2019\/recklinghausen-leuchtet\/","title":{"rendered":"Recklinghausen leuchtet"},"content":{"rendered":"<h2>Bildergalerie<\/h2>\n<p>Das ZWAR Netzwerk Eickel\/R\u00f6hlinghausen spazierte durch die Recklingh\u00e4user Altstadt. Mehr als 100 Geb\u00e4ude und Attraktionen wurden illuminiert. Eine einzigartige Licht-Erlebniswelt. Neben Gesch\u00e4fts- und Privath\u00e4usern wurden auch Kirchen und st\u00e4dtische Geb\u00e4ude in Szene gesetzt \u2013 allen voran nat\u00fcrlich das Recklingh\u00e4user Rathaus. In der aufwendig inszenierten Rathaus-Show wurde die Recklingh\u00e4user Sage \u201cWie ein Baumeister den Teufel \u00fcberlistete\u201d illustriert.\u00a0<\/p>\n<div id='gallery-1' class='gallery galleryid-20570 gallery-columns-3 gallery-size-thumbnail'><figure class='gallery-item'>\n\t\t\t<div class='gallery-icon landscape'>\n\t\t\t\t<a href=\"https:\/\/unser-quartier.de\/roehlinghausen\/zwar\/top-veranstaltungen\/in-2019\/recklinghausen-leuchtet\/20191101-1\/#main\" data-wpel-link=\"internal\"><img loading=\"lazy\" decoding=\"async\" width=\"150\" height=\"84\" src=\"https:\/\/unser-quartier.de\/roehlinghausen\/files\/2019\/11\/20191101-1-150x84.jpg\" class=\"attachment-thumbnail size-thumbnail\" alt=\"\" aria-describedby=\"gallery-1-20571\" srcset=\"https:\/\/unser-quartier.de\/roehlinghausen\/files\/2019\/11\/20191101-1-150x84.jpg 150w, https:\/\/unser-quartier.de\/roehlinghausen\/files\/2019\/11\/20191101-1-300x169.jpg 300w, https:\/\/unser-quartier.de\/roehlinghausen\/files\/2019\/11\/20191101-1-768x432.jpg 768w, https:\/\/unser-quartier.de\/roehlinghausen\/files\/2019\/11\/20191101-1-1024x576.jpg 1024w, https:\/\/unser-quartier.de\/roehlinghausen\/files\/2019\/11\/20191101-1.jpg 1200w\" sizes=\"auto, (max-width: 150px) 100vw, 150px\" \/><\/a>\n\t\t\t<\/div>\n\t\t\t\t<figcaption class='wp-caption-text gallery-caption' id='gallery-1-20571'>\n\t\t\t\tWanne-Eickel Hbf\n\t\t\t\t<\/figcaption><\/figure><figure class='gallery-item'>\n\t\t\t<div class='gallery-icon landscape'>\n\t\t\t\t<a href=\"https:\/\/unser-quartier.de\/roehlinghausen\/zwar\/top-veranstaltungen\/in-2019\/recklinghausen-leuchtet\/20191101-3\/#main\" data-wpel-link=\"internal\"><img loading=\"lazy\" decoding=\"async\" width=\"150\" height=\"84\" src=\"https:\/\/unser-quartier.de\/roehlinghausen\/files\/2019\/11\/20191101-3-150x84.jpg\" class=\"attachment-thumbnail size-thumbnail\" alt=\"\" aria-describedby=\"gallery-1-20573\" srcset=\"https:\/\/unser-quartier.de\/roehlinghausen\/files\/2019\/11\/20191101-3-150x84.jpg 150w, https:\/\/unser-quartier.de\/roehlinghausen\/files\/2019\/11\/20191101-3-300x169.jpg 300w, https:\/\/unser-quartier.de\/roehlinghausen\/files\/2019\/11\/20191101-3-768x432.jpg 768w, https:\/\/unser-quartier.de\/roehlinghausen\/files\/2019\/11\/20191101-3-1024x576.jpg 1024w, https:\/\/unser-quartier.de\/roehlinghausen\/files\/2019\/11\/20191101-3.jpg 1200w\" sizes=\"auto, (max-width: 150px) 100vw, 150px\" \/><\/a>\n\t\t\t<\/div>\n\t\t\t\t<figcaption class='wp-caption-text gallery-caption' id='gallery-1-20573'>\n\t\t\t\timposant&#8230;\n\t\t\t\t<\/figcaption><\/figure><figure class='gallery-item'>\n\t\t\t<div class='gallery-icon landscape'>\n\t\t\t\t<a href=\"https:\/\/unser-quartier.de\/roehlinghausen\/zwar\/top-veranstaltungen\/in-2019\/recklinghausen-leuchtet\/20191101-4\/#main\" data-wpel-link=\"internal\"><img loading=\"lazy\" decoding=\"async\" width=\"150\" height=\"84\" src=\"https:\/\/unser-quartier.de\/roehlinghausen\/files\/2019\/11\/20191101-4-150x84.jpg\" class=\"attachment-thumbnail size-thumbnail\" alt=\"\" aria-describedby=\"gallery-1-20574\" srcset=\"https:\/\/unser-quartier.de\/roehlinghausen\/files\/2019\/11\/20191101-4-150x84.jpg 150w, https:\/\/unser-quartier.de\/roehlinghausen\/files\/2019\/11\/20191101-4-300x169.jpg 300w, https:\/\/unser-quartier.de\/roehlinghausen\/files\/2019\/11\/20191101-4-768x432.jpg 768w, https:\/\/unser-quartier.de\/roehlinghausen\/files\/2019\/11\/20191101-4-1024x576.jpg 1024w, https:\/\/unser-quartier.de\/roehlinghausen\/files\/2019\/11\/20191101-4.jpg 1200w\" sizes=\"auto, (max-width: 150px) 100vw, 150px\" \/><\/a>\n\t\t\t<\/div>\n\t\t\t\t<figcaption class='wp-caption-text gallery-caption' id='gallery-1-20574'>\n\t\t\t\teine kleine Kirche\n\t\t\t\t<\/figcaption><\/figure><figure class='gallery-item'>\n\t\t\t<div class='gallery-icon landscape'>\n\t\t\t\t<a href=\"https:\/\/unser-quartier.de\/roehlinghausen\/zwar\/top-veranstaltungen\/in-2019\/recklinghausen-leuchtet\/20191101-5\/#main\" data-wpel-link=\"internal\"><img loading=\"lazy\" decoding=\"async\" width=\"150\" height=\"84\" src=\"https:\/\/unser-quartier.de\/roehlinghausen\/files\/2019\/11\/20191101-5-150x84.jpg\" class=\"attachment-thumbnail size-thumbnail\" alt=\"\" aria-describedby=\"gallery-1-20575\" srcset=\"https:\/\/unser-quartier.de\/roehlinghausen\/files\/2019\/11\/20191101-5-150x84.jpg 150w, https:\/\/unser-quartier.de\/roehlinghausen\/files\/2019\/11\/20191101-5-300x169.jpg 300w, https:\/\/unser-quartier.de\/roehlinghausen\/files\/2019\/11\/20191101-5-768x431.jpg 768w, https:\/\/unser-quartier.de\/roehlinghausen\/files\/2019\/11\/20191101-5-1024x575.jpg 1024w, https:\/\/unser-quartier.de\/roehlinghausen\/files\/2019\/11\/20191101-5.jpg 1200w\" sizes=\"auto, (max-width: 150px) 100vw, 150px\" \/><\/a>\n\t\t\t<\/div>\n\t\t\t\t<figcaption class='wp-caption-text gallery-caption' id='gallery-1-20575'>\n\t\t\t\tMax und Moritz wandern \u00fcber die Fassade\n\t\t\t\t<\/figcaption><\/figure><figure class='gallery-item'>\n\t\t\t<div class='gallery-icon landscape'>\n\t\t\t\t<a href=\"https:\/\/unser-quartier.de\/roehlinghausen\/zwar\/top-veranstaltungen\/in-2019\/recklinghausen-leuchtet\/20191101-6\/#main\" data-wpel-link=\"internal\"><img loading=\"lazy\" decoding=\"async\" width=\"150\" height=\"84\" src=\"https:\/\/unser-quartier.de\/roehlinghausen\/files\/2019\/11\/20191101-6-150x84.jpg\" class=\"attachment-thumbnail size-thumbnail\" alt=\"\" aria-describedby=\"gallery-1-20576\" srcset=\"https:\/\/unser-quartier.de\/roehlinghausen\/files\/2019\/11\/20191101-6-150x84.jpg 150w, https:\/\/unser-quartier.de\/roehlinghausen\/files\/2019\/11\/20191101-6-300x169.jpg 300w, https:\/\/unser-quartier.de\/roehlinghausen\/files\/2019\/11\/20191101-6-768x432.jpg 768w, https:\/\/unser-quartier.de\/roehlinghausen\/files\/2019\/11\/20191101-6-1024x576.jpg 1024w, https:\/\/unser-quartier.de\/roehlinghausen\/files\/2019\/11\/20191101-6.jpg 1200w\" sizes=\"auto, (max-width: 150px) 100vw, 150px\" \/><\/a>\n\t\t\t<\/div>\n\t\t\t\t<figcaption class='wp-caption-text gallery-caption' id='gallery-1-20576'>\n\t\t\t\tdas Rathaus leuchtet\n\t\t\t\t<\/figcaption><\/figure><figure class='gallery-item'>\n\t\t\t<div class='gallery-icon landscape'>\n\t\t\t\t<a href=\"https:\/\/unser-quartier.de\/roehlinghausen\/zwar\/top-veranstaltungen\/in-2019\/recklinghausen-leuchtet\/20191101-7\/#main\" data-wpel-link=\"internal\"><img loading=\"lazy\" decoding=\"async\" width=\"150\" height=\"84\" src=\"https:\/\/unser-quartier.de\/roehlinghausen\/files\/2019\/11\/20191101-7-150x84.jpg\" class=\"attachment-thumbnail size-thumbnail\" alt=\"\" aria-describedby=\"gallery-1-20577\" srcset=\"https:\/\/unser-quartier.de\/roehlinghausen\/files\/2019\/11\/20191101-7-150x84.jpg 150w, https:\/\/unser-quartier.de\/roehlinghausen\/files\/2019\/11\/20191101-7-300x169.jpg 300w, https:\/\/unser-quartier.de\/roehlinghausen\/files\/2019\/11\/20191101-7-768x432.jpg 768w, https:\/\/unser-quartier.de\/roehlinghausen\/files\/2019\/11\/20191101-7-1024x576.jpg 1024w, https:\/\/unser-quartier.de\/roehlinghausen\/files\/2019\/11\/20191101-7.jpg 1200w\" sizes=\"auto, (max-width: 150px) 100vw, 150px\" \/><\/a>\n\t\t\t<\/div>\n\t\t\t\t<figcaption class='wp-caption-text gallery-caption' id='gallery-1-20577'>\n\t\t\t\tRathaus-Show\n\t\t\t\t<\/figcaption><\/figure><figure class='gallery-item'>\n\t\t\t<div class='gallery-icon landscape'>\n\t\t\t\t<a href=\"https:\/\/unser-quartier.de\/roehlinghausen\/zwar\/top-veranstaltungen\/in-2019\/recklinghausen-leuchtet\/20191101-8\/#main\" data-wpel-link=\"internal\"><img loading=\"lazy\" decoding=\"async\" width=\"150\" height=\"84\" src=\"https:\/\/unser-quartier.de\/roehlinghausen\/files\/2019\/11\/20191101-8-150x84.jpg\" class=\"attachment-thumbnail size-thumbnail\" alt=\"\" aria-describedby=\"gallery-1-20578\" srcset=\"https:\/\/unser-quartier.de\/roehlinghausen\/files\/2019\/11\/20191101-8-150x84.jpg 150w, https:\/\/unser-quartier.de\/roehlinghausen\/files\/2019\/11\/20191101-8-300x169.jpg 300w, https:\/\/unser-quartier.de\/roehlinghausen\/files\/2019\/11\/20191101-8-768x432.jpg 768w, https:\/\/unser-quartier.de\/roehlinghausen\/files\/2019\/11\/20191101-8-1024x576.jpg 1024w, https:\/\/unser-quartier.de\/roehlinghausen\/files\/2019\/11\/20191101-8.jpg 1200w\" sizes=\"auto, (max-width: 150px) 100vw, 150px\" \/><\/a>\n\t\t\t<\/div>\n\t\t\t\t<figcaption class='wp-caption-text gallery-caption' id='gallery-1-20578'>\n\t\t\t\tgut beschirmt&#8230;\n\t\t\t\t<\/figcaption><\/figure><figure class='gallery-item'>\n\t\t\t<div class='gallery-icon landscape'>\n\t\t\t\t<a href=\"https:\/\/unser-quartier.de\/roehlinghausen\/zwar\/top-veranstaltungen\/in-2019\/recklinghausen-leuchtet\/20191101-9\/#main\" data-wpel-link=\"internal\"><img loading=\"lazy\" decoding=\"async\" width=\"150\" height=\"84\" src=\"https:\/\/unser-quartier.de\/roehlinghausen\/files\/2019\/11\/20191101-9-150x84.jpg\" class=\"attachment-thumbnail size-thumbnail\" alt=\"\" aria-describedby=\"gallery-1-20579\" srcset=\"https:\/\/unser-quartier.de\/roehlinghausen\/files\/2019\/11\/20191101-9-150x84.jpg 150w, https:\/\/unser-quartier.de\/roehlinghausen\/files\/2019\/11\/20191101-9-300x169.jpg 300w, https:\/\/unser-quartier.de\/roehlinghausen\/files\/2019\/11\/20191101-9-768x432.jpg 768w, https:\/\/unser-quartier.de\/roehlinghausen\/files\/2019\/11\/20191101-9-1024x576.jpg 1024w, https:\/\/unser-quartier.de\/roehlinghausen\/files\/2019\/11\/20191101-9.jpg 1200w\" sizes=\"auto, (max-width: 150px) 100vw, 150px\" \/><\/a>\n\t\t\t<\/div>\n\t\t\t\t<figcaption class='wp-caption-text gallery-caption' id='gallery-1-20579'>\n\t\t\t\tdort hinein&#8230;\n\t\t\t\t<\/figcaption><\/figure><figure class='gallery-item'>\n\t\t\t<div class='gallery-icon landscape'>\n\t\t\t\t<a href=\"https:\/\/unser-quartier.de\/roehlinghausen\/zwar\/top-veranstaltungen\/in-2019\/recklinghausen-leuchtet\/20191101-10\/#main\" data-wpel-link=\"internal\"><img loading=\"lazy\" decoding=\"async\" width=\"150\" height=\"84\" src=\"https:\/\/unser-quartier.de\/roehlinghausen\/files\/2019\/11\/20191101-10-150x84.jpg\" class=\"attachment-thumbnail size-thumbnail\" alt=\"\" aria-describedby=\"gallery-1-20580\" srcset=\"https:\/\/unser-quartier.de\/roehlinghausen\/files\/2019\/11\/20191101-10-150x84.jpg 150w, https:\/\/unser-quartier.de\/roehlinghausen\/files\/2019\/11\/20191101-10-300x169.jpg 300w, https:\/\/unser-quartier.de\/roehlinghausen\/files\/2019\/11\/20191101-10-768x431.jpg 768w, https:\/\/unser-quartier.de\/roehlinghausen\/files\/2019\/11\/20191101-10-1024x575.jpg 1024w, https:\/\/unser-quartier.de\/roehlinghausen\/files\/2019\/11\/20191101-10.jpg 1200w\" sizes=\"auto, (max-width: 150px) 100vw, 150px\" \/><\/a>\n\t\t\t<\/div>\n\t\t\t\t<figcaption class='wp-caption-text gallery-caption' id='gallery-1-20580'>\n\t\t\t\tLicht-Erlebniswelt\n\t\t\t\t<\/figcaption><\/figure><figure class='gallery-item'>\n\t\t\t<div class='gallery-icon landscape'>\n\t\t\t\t<a href=\"https:\/\/unser-quartier.de\/roehlinghausen\/zwar\/top-veranstaltungen\/in-2019\/recklinghausen-leuchtet\/20191101-11\/#main\" data-wpel-link=\"internal\"><img loading=\"lazy\" decoding=\"async\" width=\"150\" height=\"84\" src=\"https:\/\/unser-quartier.de\/roehlinghausen\/files\/2019\/11\/20191101-11-150x84.jpg\" class=\"attachment-thumbnail size-thumbnail\" alt=\"\" aria-describedby=\"gallery-1-20581\" srcset=\"https:\/\/unser-quartier.de\/roehlinghausen\/files\/2019\/11\/20191101-11-150x84.jpg 150w, https:\/\/unser-quartier.de\/roehlinghausen\/files\/2019\/11\/20191101-11-300x169.jpg 300w, https:\/\/unser-quartier.de\/roehlinghausen\/files\/2019\/11\/20191101-11-768x432.jpg 768w, https:\/\/unser-quartier.de\/roehlinghausen\/files\/2019\/11\/20191101-11-1024x576.jpg 1024w, https:\/\/unser-quartier.de\/roehlinghausen\/files\/2019\/11\/20191101-11.jpg 1200w\" sizes=\"auto, (max-width: 150px) 100vw, 150px\" \/><\/a>\n\t\t\t<\/div>\n\t\t\t\t<figcaption class='wp-caption-text gallery-caption' id='gallery-1-20581'>\n\t\t\t\tEinkehr im Dr\u00fcbbelken\n\t\t\t\t<\/figcaption><\/figure><figure class='gallery-item'>\n\t\t\t<div class='gallery-icon landscape'>\n\t\t\t\t<a href=\"https:\/\/unser-quartier.de\/roehlinghausen\/zwar\/top-veranstaltungen\/in-2019\/recklinghausen-leuchtet\/20191101-12\/#main\" data-wpel-link=\"internal\"><img loading=\"lazy\" decoding=\"async\" width=\"150\" height=\"84\" src=\"https:\/\/unser-quartier.de\/roehlinghausen\/files\/2019\/11\/20191101-12-150x84.jpg\" class=\"attachment-thumbnail size-thumbnail\" alt=\"\" aria-describedby=\"gallery-1-20582\" srcset=\"https:\/\/unser-quartier.de\/roehlinghausen\/files\/2019\/11\/20191101-12-150x84.jpg 150w, https:\/\/unser-quartier.de\/roehlinghausen\/files\/2019\/11\/20191101-12-300x169.jpg 300w, https:\/\/unser-quartier.de\/roehlinghausen\/files\/2019\/11\/20191101-12-768x432.jpg 768w, https:\/\/unser-quartier.de\/roehlinghausen\/files\/2019\/11\/20191101-12-1024x576.jpg 1024w, https:\/\/unser-quartier.de\/roehlinghausen\/files\/2019\/11\/20191101-12.jpg 1200w\" sizes=\"auto, (max-width: 150px) 100vw, 150px\" \/><\/a>\n\t\t\t<\/div>\n\t\t\t\t<figcaption class='wp-caption-text gallery-caption' id='gallery-1-20582'>\n\t\t\t\tmit Speis und Trank\n\t\t\t\t<\/figcaption><\/figure><figure class='gallery-item'>\n\t\t\t<div class='gallery-icon landscape'>\n\t\t\t\t<a href=\"https:\/\/unser-quartier.de\/roehlinghausen\/zwar\/top-veranstaltungen\/in-2019\/recklinghausen-leuchtet\/20191101-13\/#main\" data-wpel-link=\"internal\"><img loading=\"lazy\" decoding=\"async\" width=\"150\" height=\"84\" src=\"https:\/\/unser-quartier.de\/roehlinghausen\/files\/2019\/11\/20191101-13-150x84.jpg\" class=\"attachment-thumbnail size-thumbnail\" alt=\"\" aria-describedby=\"gallery-1-20583\" srcset=\"https:\/\/unser-quartier.de\/roehlinghausen\/files\/2019\/11\/20191101-13-150x84.jpg 150w, https:\/\/unser-quartier.de\/roehlinghausen\/files\/2019\/11\/20191101-13-300x169.jpg 300w, https:\/\/unser-quartier.de\/roehlinghausen\/files\/2019\/11\/20191101-13-768x432.jpg 768w, https:\/\/unser-quartier.de\/roehlinghausen\/files\/2019\/11\/20191101-13-1024x576.jpg 1024w, https:\/\/unser-quartier.de\/roehlinghausen\/files\/2019\/11\/20191101-13.jpg 1200w\" sizes=\"auto, (max-width: 150px) 100vw, 150px\" \/><\/a>\n\t\t\t<\/div>\n\t\t\t\t<figcaption class='wp-caption-text gallery-caption' id='gallery-1-20583'>\n\t\t\t\tjetzt geht es heim&#8230;\n\t\t\t\t<\/figcaption><\/figure>\n\t\t<\/div>\n\n<p>&nbsp;<\/p>\n","protected":false},"excerpt":{"rendered":"<p>Bildergalerie Das ZWAR Netzwerk Eickel\/R\u00f6hlinghausen spazierte durch die Recklingh\u00e4user Altstadt. Mehr als 100 Geb\u00e4ude und Attraktionen wurden illuminiert. Eine einzigartige Licht-Erlebniswelt. Neben Gesch\u00e4fts- und Privath\u00e4usern wurden auch Kirchen und st\u00e4dtische Geb\u00e4ude in Szene gesetzt \u2013 allen voran nat\u00fcrlich das Recklingh\u00e4user Rathaus. In der aufwendig inszenierten Rathaus-Show wurde die Recklingh\u00e4user Sage \u201cWie ein Baumeister den Teufel&hellip; <a class=\"continue\" href=\"https:\/\/unser-quartier.de\/roehlinghausen\/zwar\/top-veranstaltungen\/in-2019\/recklinghausen-leuchtet\/\" data-wpel-link=\"internal\">\u2192 weiter lesen:<span> Recklinghausen leuchtet<\/span><\/a><\/p>\n","protected":false},"author":441,"featured_media":0,"parent":23184,"menu_order":5,"comment_status":"closed","ping_status":"closed","template":"","meta":{"generate_page_header":"","footnotes":""},"class_list":["post-20570","page","type-page","status-publish"],"_links":{"self":[{"href":"https:\/\/unser-quartier.de\/roehlinghausen\/wp-json\/wp\/v2\/pages\/20570","targetHints":{"allow":["GET"]}}],"collection":[{"href":"https:\/\/unser-quartier.de\/roehlinghausen\/wp-json\/wp\/v2\/pages"}],"about":[{"href":"https:\/\/unser-quartier.de\/roehlinghausen\/wp-json\/wp\/v2\/types\/page"}],"author":[{"embeddable":true,"href":"https:\/\/unser-quartier.de\/roehlinghausen\/wp-json\/wp\/v2\/users\/441"}],"replies":[{"embeddable":true,"href":"https:\/\/unser-quartier.de\/roehlinghausen\/wp-json\/wp\/v2\/comments?post=20570"}],"version-history":[{"count":0,"href":"https:\/\/unser-quartier.de\/roehlinghausen\/wp-json\/wp\/v2\/pages\/20570\/revisions"}],"up":[{"embeddable":true,"href":"https:\/\/unser-quartier.de\/roehlinghausen\/wp-json\/wp\/v2\/pages\/23184"}],"wp:attachment":[{"href":"https:\/\/unser-quartier.de\/roehlinghausen\/wp-json\/wp\/v2\/media?parent=20570"}],"curies":[{"name":"wp","href":"https:\/\/api.w.org\/{rel}","templated":true}]}}