{"id":21856,"date":"2020-09-03T18:30:11","date_gmt":"2020-09-03T16:30:11","guid":{"rendered":"https:\/\/unser-quartier.de\/roehlinghausen\/?page_id=21856"},"modified":"2025-03-02T10:50:04","modified_gmt":"2025-03-02T09:50:04","slug":"gaertnern-im-therapiegarten","status":"publish","type":"page","link":"https:\/\/unser-quartier.de\/roehlinghausen\/zwar\/top-veranstaltungen\/in-2020\/gaertnern-im-therapiegarten\/","title":{"rendered":"G\u00e4rtnern im Therapiegarten"},"content":{"rendered":"<h2>Sommerzeit ist Gartenzeit<\/h2>\n<p>Einige Mitglieder unserer\u00a0 ZWAR Gruppe R\u00f6hlinghausen\/Eickel haben mit einem tollen Engagement den Therapiegarten des DRK Altenhilfezentrums auf Vordermann gebracht. An drei Tagen Unkraut entfernt, B\u00fcsche und B\u00e4ume zur\u00fcckgeschnitten, alte Zaunelemente entfernt und die Wege gefegt.<\/p>\n<div id='gallery-1' class='gallery galleryid-21856 gallery-columns-3 gallery-size-thumbnail'><figure class='gallery-item'>\n\t\t\t<div class='gallery-icon landscape'>\n\t\t\t\t<a href=\"https:\/\/unser-quartier.de\/roehlinghausen\/zwar\/top-veranstaltungen\/in-2020\/gaertnern-im-therapiegarten\/drk_therapiegarten-1\/#main\" data-wpel-link=\"internal\"><img loading=\"lazy\" decoding=\"async\" width=\"150\" height=\"84\" src=\"https:\/\/unser-quartier.de\/roehlinghausen\/files\/2020\/09\/drk_therapiegarten-1-150x84.jpg\" class=\"attachment-thumbnail size-thumbnail\" alt=\"\" srcset=\"https:\/\/unser-quartier.de\/roehlinghausen\/files\/2020\/09\/drk_therapiegarten-1-150x84.jpg 150w, https:\/\/unser-quartier.de\/roehlinghausen\/files\/2020\/09\/drk_therapiegarten-1-300x169.jpg 300w, https:\/\/unser-quartier.de\/roehlinghausen\/files\/2020\/09\/drk_therapiegarten-1-1024x575.jpg 1024w, https:\/\/unser-quartier.de\/roehlinghausen\/files\/2020\/09\/drk_therapiegarten-1-768x431.jpg 768w, https:\/\/unser-quartier.de\/roehlinghausen\/files\/2020\/09\/drk_therapiegarten-1.jpg 1200w\" sizes=\"auto, (max-width: 150px) 100vw, 150px\" \/><\/a>\n\t\t\t<\/div><\/figure><figure class='gallery-item'>\n\t\t\t<div class='gallery-icon landscape'>\n\t\t\t\t<a href=\"https:\/\/unser-quartier.de\/roehlinghausen\/zwar\/top-veranstaltungen\/in-2020\/gaertnern-im-therapiegarten\/drk_therapiegarten-2-2\/#main\" data-wpel-link=\"internal\"><img loading=\"lazy\" decoding=\"async\" width=\"150\" height=\"84\" src=\"https:\/\/unser-quartier.de\/roehlinghausen\/files\/2020\/09\/drk_therapiegarten-2-150x84.jpg\" class=\"attachment-thumbnail size-thumbnail\" alt=\"\" srcset=\"https:\/\/unser-quartier.de\/roehlinghausen\/files\/2020\/09\/drk_therapiegarten-2-150x84.jpg 150w, https:\/\/unser-quartier.de\/roehlinghausen\/files\/2020\/09\/drk_therapiegarten-2-300x169.jpg 300w, https:\/\/unser-quartier.de\/roehlinghausen\/files\/2020\/09\/drk_therapiegarten-2-1024x576.jpg 1024w, https:\/\/unser-quartier.de\/roehlinghausen\/files\/2020\/09\/drk_therapiegarten-2-768x432.jpg 768w, https:\/\/unser-quartier.de\/roehlinghausen\/files\/2020\/09\/drk_therapiegarten-2.jpg 1200w\" sizes=\"auto, (max-width: 150px) 100vw, 150px\" \/><\/a>\n\t\t\t<\/div><\/figure><figure class='gallery-item'>\n\t\t\t<div class='gallery-icon landscape'>\n\t\t\t\t<a href=\"https:\/\/unser-quartier.de\/roehlinghausen\/zwar\/top-veranstaltungen\/in-2020\/gaertnern-im-therapiegarten\/drk_therapiegarten-3\/#main\" data-wpel-link=\"internal\"><img loading=\"lazy\" decoding=\"async\" width=\"150\" height=\"84\" src=\"https:\/\/unser-quartier.de\/roehlinghausen\/files\/2020\/09\/drk_therapiegarten-3-150x84.jpg\" class=\"attachment-thumbnail size-thumbnail\" alt=\"\" srcset=\"https:\/\/unser-quartier.de\/roehlinghausen\/files\/2020\/09\/drk_therapiegarten-3-150x84.jpg 150w, https:\/\/unser-quartier.de\/roehlinghausen\/files\/2020\/09\/drk_therapiegarten-3-300x169.jpg 300w, https:\/\/unser-quartier.de\/roehlinghausen\/files\/2020\/09\/drk_therapiegarten-3-1024x576.jpg 1024w, https:\/\/unser-quartier.de\/roehlinghausen\/files\/2020\/09\/drk_therapiegarten-3-768x432.jpg 768w, https:\/\/unser-quartier.de\/roehlinghausen\/files\/2020\/09\/drk_therapiegarten-3.jpg 1200w\" sizes=\"auto, (max-width: 150px) 100vw, 150px\" \/><\/a>\n\t\t\t<\/div><\/figure><figure class='gallery-item'>\n\t\t\t<div class='gallery-icon landscape'>\n\t\t\t\t<a href=\"https:\/\/unser-quartier.de\/roehlinghausen\/zwar\/top-veranstaltungen\/in-2020\/gaertnern-im-therapiegarten\/drk_therapiegarten-4\/#main\" data-wpel-link=\"internal\"><img loading=\"lazy\" decoding=\"async\" width=\"150\" height=\"84\" src=\"https:\/\/unser-quartier.de\/roehlinghausen\/files\/2020\/09\/drk_therapiegarten-4-150x84.jpg\" class=\"attachment-thumbnail size-thumbnail\" alt=\"\" srcset=\"https:\/\/unser-quartier.de\/roehlinghausen\/files\/2020\/09\/drk_therapiegarten-4-150x84.jpg 150w, https:\/\/unser-quartier.de\/roehlinghausen\/files\/2020\/09\/drk_therapiegarten-4-300x169.jpg 300w, https:\/\/unser-quartier.de\/roehlinghausen\/files\/2020\/09\/drk_therapiegarten-4-1024x576.jpg 1024w, https:\/\/unser-quartier.de\/roehlinghausen\/files\/2020\/09\/drk_therapiegarten-4-768x432.jpg 768w, https:\/\/unser-quartier.de\/roehlinghausen\/files\/2020\/09\/drk_therapiegarten-4.jpg 1200w\" sizes=\"auto, (max-width: 150px) 100vw, 150px\" \/><\/a>\n\t\t\t<\/div><\/figure><figure class='gallery-item'>\n\t\t\t<div class='gallery-icon portrait'>\n\t\t\t\t<a href=\"https:\/\/unser-quartier.de\/roehlinghausen\/zwar\/top-veranstaltungen\/in-2020\/gaertnern-im-therapiegarten\/drk_therapiegarten-5\/#main\" data-wpel-link=\"internal\"><img loading=\"lazy\" decoding=\"async\" width=\"150\" height=\"267\" src=\"https:\/\/unser-quartier.de\/roehlinghausen\/files\/2020\/09\/drk_therapiegarten-5-150x267.jpg\" class=\"attachment-thumbnail size-thumbnail\" alt=\"\" srcset=\"https:\/\/unser-quartier.de\/roehlinghausen\/files\/2020\/09\/drk_therapiegarten-5-150x267.jpg 150w, https:\/\/unser-quartier.de\/roehlinghausen\/files\/2020\/09\/drk_therapiegarten-5-300x533.jpg 300w, https:\/\/unser-quartier.de\/roehlinghausen\/files\/2020\/09\/drk_therapiegarten-5-576x1024.jpg 576w, https:\/\/unser-quartier.de\/roehlinghausen\/files\/2020\/09\/drk_therapiegarten-5.jpg 675w\" sizes=\"auto, (max-width: 150px) 100vw, 150px\" \/><\/a>\n\t\t\t<\/div><\/figure><figure class='gallery-item'>\n\t\t\t<div class='gallery-icon landscape'>\n\t\t\t\t<a href=\"https:\/\/unser-quartier.de\/roehlinghausen\/zwar\/top-veranstaltungen\/in-2020\/gaertnern-im-therapiegarten\/drk_therapiegarten-6\/#main\" data-wpel-link=\"internal\"><img loading=\"lazy\" decoding=\"async\" width=\"150\" height=\"84\" src=\"https:\/\/unser-quartier.de\/roehlinghausen\/files\/2020\/09\/drk_therapiegarten-6-150x84.jpg\" class=\"attachment-thumbnail size-thumbnail\" alt=\"\" srcset=\"https:\/\/unser-quartier.de\/roehlinghausen\/files\/2020\/09\/drk_therapiegarten-6-150x84.jpg 150w, https:\/\/unser-quartier.de\/roehlinghausen\/files\/2020\/09\/drk_therapiegarten-6-300x169.jpg 300w, https:\/\/unser-quartier.de\/roehlinghausen\/files\/2020\/09\/drk_therapiegarten-6-1024x576.jpg 1024w, https:\/\/unser-quartier.de\/roehlinghausen\/files\/2020\/09\/drk_therapiegarten-6-768x432.jpg 768w, https:\/\/unser-quartier.de\/roehlinghausen\/files\/2020\/09\/drk_therapiegarten-6.jpg 1200w\" sizes=\"auto, (max-width: 150px) 100vw, 150px\" \/><\/a>\n\t\t\t<\/div><\/figure><figure class='gallery-item'>\n\t\t\t<div class='gallery-icon landscape'>\n\t\t\t\t<a href=\"https:\/\/unser-quartier.de\/roehlinghausen\/zwar\/top-veranstaltungen\/in-2020\/gaertnern-im-therapiegarten\/drk_therapiegarten-7\/#main\" data-wpel-link=\"internal\"><img loading=\"lazy\" decoding=\"async\" width=\"150\" height=\"84\" src=\"https:\/\/unser-quartier.de\/roehlinghausen\/files\/2020\/09\/drk_therapiegarten-7-150x84.jpg\" class=\"attachment-thumbnail size-thumbnail\" alt=\"\" srcset=\"https:\/\/unser-quartier.de\/roehlinghausen\/files\/2020\/09\/drk_therapiegarten-7-150x84.jpg 150w, https:\/\/unser-quartier.de\/roehlinghausen\/files\/2020\/09\/drk_therapiegarten-7-300x169.jpg 300w, https:\/\/unser-quartier.de\/roehlinghausen\/files\/2020\/09\/drk_therapiegarten-7-1024x576.jpg 1024w, https:\/\/unser-quartier.de\/roehlinghausen\/files\/2020\/09\/drk_therapiegarten-7-768x432.jpg 768w, https:\/\/unser-quartier.de\/roehlinghausen\/files\/2020\/09\/drk_therapiegarten-7.jpg 1200w\" sizes=\"auto, (max-width: 150px) 100vw, 150px\" \/><\/a>\n\t\t\t<\/div><\/figure><figure class='gallery-item'>\n\t\t\t<div class='gallery-icon landscape'>\n\t\t\t\t<a href=\"https:\/\/unser-quartier.de\/roehlinghausen\/zwar\/top-veranstaltungen\/in-2020\/gaertnern-im-therapiegarten\/drk_therapiegarten-8\/#main\" data-wpel-link=\"internal\"><img loading=\"lazy\" decoding=\"async\" width=\"150\" height=\"84\" src=\"https:\/\/unser-quartier.de\/roehlinghausen\/files\/2020\/09\/drk_therapiegarten-8-150x84.jpg\" class=\"attachment-thumbnail size-thumbnail\" alt=\"\" srcset=\"https:\/\/unser-quartier.de\/roehlinghausen\/files\/2020\/09\/drk_therapiegarten-8-150x84.jpg 150w, https:\/\/unser-quartier.de\/roehlinghausen\/files\/2020\/09\/drk_therapiegarten-8-300x169.jpg 300w, https:\/\/unser-quartier.de\/roehlinghausen\/files\/2020\/09\/drk_therapiegarten-8-1024x576.jpg 1024w, https:\/\/unser-quartier.de\/roehlinghausen\/files\/2020\/09\/drk_therapiegarten-8-768x432.jpg 768w, https:\/\/unser-quartier.de\/roehlinghausen\/files\/2020\/09\/drk_therapiegarten-8.jpg 1200w\" sizes=\"auto, (max-width: 150px) 100vw, 150px\" \/><\/a>\n\t\t\t<\/div><\/figure><figure class='gallery-item'>\n\t\t\t<div class='gallery-icon landscape'>\n\t\t\t\t<a href=\"https:\/\/unser-quartier.de\/roehlinghausen\/zwar\/top-veranstaltungen\/in-2020\/gaertnern-im-therapiegarten\/drk_therapiegarten-9\/#main\" data-wpel-link=\"internal\"><img loading=\"lazy\" decoding=\"async\" width=\"150\" height=\"84\" src=\"https:\/\/unser-quartier.de\/roehlinghausen\/files\/2020\/09\/drk_therapiegarten-9-150x84.jpg\" class=\"attachment-thumbnail size-thumbnail\" alt=\"\" srcset=\"https:\/\/unser-quartier.de\/roehlinghausen\/files\/2020\/09\/drk_therapiegarten-9-150x84.jpg 150w, https:\/\/unser-quartier.de\/roehlinghausen\/files\/2020\/09\/drk_therapiegarten-9-300x169.jpg 300w, https:\/\/unser-quartier.de\/roehlinghausen\/files\/2020\/09\/drk_therapiegarten-9-1024x576.jpg 1024w, https:\/\/unser-quartier.de\/roehlinghausen\/files\/2020\/09\/drk_therapiegarten-9-768x432.jpg 768w, https:\/\/unser-quartier.de\/roehlinghausen\/files\/2020\/09\/drk_therapiegarten-9.jpg 1200w\" sizes=\"auto, (max-width: 150px) 100vw, 150px\" \/><\/a>\n\t\t\t<\/div><\/figure><figure class='gallery-item'>\n\t\t\t<div class='gallery-icon landscape'>\n\t\t\t\t<a href=\"https:\/\/unser-quartier.de\/roehlinghausen\/zwar\/top-veranstaltungen\/in-2020\/gaertnern-im-therapiegarten\/drk_therapiegarten-10\/#main\" data-wpel-link=\"internal\"><img loading=\"lazy\" decoding=\"async\" width=\"150\" height=\"84\" src=\"https:\/\/unser-quartier.de\/roehlinghausen\/files\/2020\/09\/drk_therapiegarten-10-150x84.jpg\" class=\"attachment-thumbnail size-thumbnail\" alt=\"\" srcset=\"https:\/\/unser-quartier.de\/roehlinghausen\/files\/2020\/09\/drk_therapiegarten-10-150x84.jpg 150w, https:\/\/unser-quartier.de\/roehlinghausen\/files\/2020\/09\/drk_therapiegarten-10-300x169.jpg 300w, https:\/\/unser-quartier.de\/roehlinghausen\/files\/2020\/09\/drk_therapiegarten-10-1024x575.jpg 1024w, https:\/\/unser-quartier.de\/roehlinghausen\/files\/2020\/09\/drk_therapiegarten-10-768x431.jpg 768w, https:\/\/unser-quartier.de\/roehlinghausen\/files\/2020\/09\/drk_therapiegarten-10.jpg 1200w\" sizes=\"auto, (max-width: 150px) 100vw, 150px\" \/><\/a>\n\t\t\t<\/div><\/figure>\n\t\t<\/div>\n\n<p>Dar\u00fcber haben wir uns gefreut. Und f\u00fcr unser Basisgruppentreffen am 25.06.2020 haben wir eine Platte mit gebratenen Leckereien bekommen. Das war eine tolle \u00dcberraschung. Wir sagen auch Danke!<\/p>\n<div id='gallery-2' class='gallery galleryid-21856 gallery-columns-3 gallery-size-thumbnail'><figure class='gallery-item'>\n\t\t\t<div class='gallery-icon landscape'>\n\t\t\t\t<a href=\"https:\/\/unser-quartier.de\/roehlinghausen\/zwar\/top-veranstaltungen\/in-2020\/gaertnern-im-therapiegarten\/danke-3\/#main\" data-wpel-link=\"internal\"><img loading=\"lazy\" decoding=\"async\" width=\"150\" height=\"112\" src=\"https:\/\/unser-quartier.de\/roehlinghausen\/files\/2020\/09\/danke-150x112.jpg\" class=\"attachment-thumbnail size-thumbnail\" alt=\"\" srcset=\"https:\/\/unser-quartier.de\/roehlinghausen\/files\/2020\/09\/danke-150x112.jpg 150w, https:\/\/unser-quartier.de\/roehlinghausen\/files\/2020\/09\/danke-300x225.jpg 300w, https:\/\/unser-quartier.de\/roehlinghausen\/files\/2020\/09\/danke-1024x767.jpg 1024w, https:\/\/unser-quartier.de\/roehlinghausen\/files\/2020\/09\/danke-768x575.jpg 768w, https:\/\/unser-quartier.de\/roehlinghausen\/files\/2020\/09\/danke.jpg 1200w\" sizes=\"auto, (max-width: 150px) 100vw, 150px\" \/><\/a>\n\t\t\t<\/div><\/figure><figure class='gallery-item'>\n\t\t\t<div class='gallery-icon portrait'>\n\t\t\t\t<a href=\"https:\/\/unser-quartier.de\/roehlinghausen\/zwar\/top-veranstaltungen\/in-2020\/gaertnern-im-therapiegarten\/dankeschoen\/#main\" data-wpel-link=\"internal\"><img loading=\"lazy\" decoding=\"async\" width=\"150\" height=\"267\" src=\"https:\/\/unser-quartier.de\/roehlinghausen\/files\/2020\/09\/dankeschoen-150x267.jpg\" class=\"attachment-thumbnail size-thumbnail\" alt=\"\" srcset=\"https:\/\/unser-quartier.de\/roehlinghausen\/files\/2020\/09\/dankeschoen-150x267.jpg 150w, https:\/\/unser-quartier.de\/roehlinghausen\/files\/2020\/09\/dankeschoen-300x533.jpg 300w, https:\/\/unser-quartier.de\/roehlinghausen\/files\/2020\/09\/dankeschoen-576x1024.jpg 576w, https:\/\/unser-quartier.de\/roehlinghausen\/files\/2020\/09\/dankeschoen.jpg 675w\" sizes=\"auto, (max-width: 150px) 100vw, 150px\" \/><\/a>\n\t\t\t<\/div><\/figure>\n\t\t<\/div>\n\n","protected":false},"excerpt":{"rendered":"<p>Sommerzeit ist Gartenzeit Einige Mitglieder unserer\u00a0 ZWAR Gruppe R\u00f6hlinghausen\/Eickel haben mit einem tollen Engagement den Therapiegarten des DRK Altenhilfezentrums auf Vordermann gebracht. An drei Tagen Unkraut entfernt, B\u00fcsche und B\u00e4ume zur\u00fcckgeschnitten, alte Zaunelemente entfernt und die Wege gefegt. Dar\u00fcber haben wir uns gefreut. Und f\u00fcr unser Basisgruppentreffen am 25.06.2020 haben wir eine Platte mit gebratenen&hellip; <a class=\"continue\" href=\"https:\/\/unser-quartier.de\/roehlinghausen\/zwar\/top-veranstaltungen\/in-2020\/gaertnern-im-therapiegarten\/\" data-wpel-link=\"internal\">\u2192 weiter lesen:<span> G\u00e4rtnern im Therapiegarten<\/span><\/a><\/p>\n","protected":false},"author":441,"featured_media":0,"parent":23145,"menu_order":2,"comment_status":"closed","ping_status":"closed","template":"","meta":{"generate_page_header":"","footnotes":""},"class_list":["post-21856","page","type-page","status-publish"],"_links":{"self":[{"href":"https:\/\/unser-quartier.de\/roehlinghausen\/wp-json\/wp\/v2\/pages\/21856","targetHints":{"allow":["GET"]}}],"collection":[{"href":"https:\/\/unser-quartier.de\/roehlinghausen\/wp-json\/wp\/v2\/pages"}],"about":[{"href":"https:\/\/unser-quartier.de\/roehlinghausen\/wp-json\/wp\/v2\/types\/page"}],"author":[{"embeddable":true,"href":"https:\/\/unser-quartier.de\/roehlinghausen\/wp-json\/wp\/v2\/users\/441"}],"replies":[{"embeddable":true,"href":"https:\/\/unser-quartier.de\/roehlinghausen\/wp-json\/wp\/v2\/comments?post=21856"}],"version-history":[{"count":1,"href":"https:\/\/unser-quartier.de\/roehlinghausen\/wp-json\/wp\/v2\/pages\/21856\/revisions"}],"predecessor-version":[{"id":29203,"href":"https:\/\/unser-quartier.de\/roehlinghausen\/wp-json\/wp\/v2\/pages\/21856\/revisions\/29203"}],"up":[{"embeddable":true,"href":"https:\/\/unser-quartier.de\/roehlinghausen\/wp-json\/wp\/v2\/pages\/23145"}],"wp:attachment":[{"href":"https:\/\/unser-quartier.de\/roehlinghausen\/wp-json\/wp\/v2\/media?parent=21856"}],"curies":[{"name":"wp","href":"https:\/\/api.w.org\/{rel}","templated":true}]}}