{"id":23038,"date":"2021-07-20T17:31:11","date_gmt":"2021-07-20T15:31:11","guid":{"rendered":"https:\/\/unser-quartier.de\/roehlinghausen\/?page_id=23038"},"modified":"2021-08-18T17:37:41","modified_gmt":"2021-08-18T15:37:41","slug":"der-schwedischste-aller-feiertage-in-roehlinghausen","status":"publish","type":"page","link":"https:\/\/unser-quartier.de\/roehlinghausen\/zwar\/top-veranstaltungen\/in-2021\/der-schwedischste-aller-feiertage-in-roehlinghausen\/","title":{"rendered":"Der schwedischste aller Feiertage in R\u00f6hlinghausen"},"content":{"rendered":"<p>Am 26. Juni 2021 genie\u00dfen 33 ZWARler*innen die Zeit mit Freunden und feiern rein kulinarisch ohne Tanz und Gesang den Mittsommertag, eine <strong>Jeder Bringt Was Mit Party. <\/strong>Der Therapiegarten des DRK-Altenhilfezentrums an der Bergmannstrasse in R\u00f6hlinghausen, unter einer Pergola aus Holz und einem Bl\u00e4tterdach aus Weinranken, war ein perfekter Platz zum gem\u00fctlichen Beisammensein.<\/p>\n<div id='gallery-1' class='gallery galleryid-23038 gallery-columns-3 gallery-size-thumbnail'><figure class='gallery-item'>\n\t\t\t<div class='gallery-icon landscape'>\n\t\t\t\t<a href=\"https:\/\/unser-quartier.de\/roehlinghausen\/zwar\/top-veranstaltungen\/in-2021\/der-schwedischste-aller-feiertage-in-roehlinghausen\/mittsommer_2021_1\/#main\" data-wpel-link=\"internal\"><img loading=\"lazy\" decoding=\"async\" width=\"150\" height=\"112\" src=\"https:\/\/unser-quartier.de\/roehlinghausen\/files\/2021\/07\/mittsommer_2021_1-150x112.jpg\" class=\"attachment-thumbnail size-thumbnail\" alt=\"\" srcset=\"https:\/\/unser-quartier.de\/roehlinghausen\/files\/2021\/07\/mittsommer_2021_1-150x112.jpg 150w, https:\/\/unser-quartier.de\/roehlinghausen\/files\/2021\/07\/mittsommer_2021_1-300x225.jpg 300w, https:\/\/unser-quartier.de\/roehlinghausen\/files\/2021\/07\/mittsommer_2021_1-1024x767.jpg 1024w, https:\/\/unser-quartier.de\/roehlinghausen\/files\/2021\/07\/mittsommer_2021_1-768x575.jpg 768w, https:\/\/unser-quartier.de\/roehlinghausen\/files\/2021\/07\/mittsommer_2021_1.jpg 1200w\" sizes=\"auto, (max-width: 150px) 100vw, 150px\" \/><\/a>\n\t\t\t<\/div><\/figure><figure class='gallery-item'>\n\t\t\t<div class='gallery-icon landscape'>\n\t\t\t\t<a href=\"https:\/\/unser-quartier.de\/roehlinghausen\/zwar\/top-veranstaltungen\/in-2021\/der-schwedischste-aller-feiertage-in-roehlinghausen\/mittsommer_2021_2\/#main\" data-wpel-link=\"internal\"><img loading=\"lazy\" decoding=\"async\" width=\"150\" height=\"113\" src=\"https:\/\/unser-quartier.de\/roehlinghausen\/files\/2021\/07\/mittsommer_2021_2-150x113.jpg\" class=\"attachment-thumbnail size-thumbnail\" alt=\"\" srcset=\"https:\/\/unser-quartier.de\/roehlinghausen\/files\/2021\/07\/mittsommer_2021_2-150x113.jpg 150w, https:\/\/unser-quartier.de\/roehlinghausen\/files\/2021\/07\/mittsommer_2021_2-300x225.jpg 300w, https:\/\/unser-quartier.de\/roehlinghausen\/files\/2021\/07\/mittsommer_2021_2-1024x768.jpg 1024w, https:\/\/unser-quartier.de\/roehlinghausen\/files\/2021\/07\/mittsommer_2021_2-768x576.jpg 768w, https:\/\/unser-quartier.de\/roehlinghausen\/files\/2021\/07\/mittsommer_2021_2.jpg 1200w\" sizes=\"auto, (max-width: 150px) 100vw, 150px\" \/><\/a>\n\t\t\t<\/div><\/figure><figure class='gallery-item'>\n\t\t\t<div class='gallery-icon landscape'>\n\t\t\t\t<a href=\"https:\/\/unser-quartier.de\/roehlinghausen\/zwar\/top-veranstaltungen\/in-2021\/der-schwedischste-aller-feiertage-in-roehlinghausen\/mittsommer_2021_3\/#main\" data-wpel-link=\"internal\"><img loading=\"lazy\" decoding=\"async\" width=\"150\" height=\"113\" src=\"https:\/\/unser-quartier.de\/roehlinghausen\/files\/2021\/07\/mittsommer_2021_3-150x113.jpg\" class=\"attachment-thumbnail size-thumbnail\" alt=\"\" srcset=\"https:\/\/unser-quartier.de\/roehlinghausen\/files\/2021\/07\/mittsommer_2021_3-150x113.jpg 150w, https:\/\/unser-quartier.de\/roehlinghausen\/files\/2021\/07\/mittsommer_2021_3-300x225.jpg 300w, https:\/\/unser-quartier.de\/roehlinghausen\/files\/2021\/07\/mittsommer_2021_3-1024x768.jpg 1024w, https:\/\/unser-quartier.de\/roehlinghausen\/files\/2021\/07\/mittsommer_2021_3-768x576.jpg 768w, https:\/\/unser-quartier.de\/roehlinghausen\/files\/2021\/07\/mittsommer_2021_3.jpg 1200w\" sizes=\"auto, (max-width: 150px) 100vw, 150px\" \/><\/a>\n\t\t\t<\/div><\/figure><figure class='gallery-item'>\n\t\t\t<div class='gallery-icon landscape'>\n\t\t\t\t<a href=\"https:\/\/unser-quartier.de\/roehlinghausen\/zwar\/top-veranstaltungen\/in-2021\/der-schwedischste-aller-feiertage-in-roehlinghausen\/mittsommer_2021_4\/#main\" data-wpel-link=\"internal\"><img loading=\"lazy\" decoding=\"async\" width=\"150\" height=\"113\" src=\"https:\/\/unser-quartier.de\/roehlinghausen\/files\/2021\/07\/mittsommer_2021_4-150x113.jpg\" class=\"attachment-thumbnail size-thumbnail\" alt=\"\" srcset=\"https:\/\/unser-quartier.de\/roehlinghausen\/files\/2021\/07\/mittsommer_2021_4-150x113.jpg 150w, https:\/\/unser-quartier.de\/roehlinghausen\/files\/2021\/07\/mittsommer_2021_4-300x225.jpg 300w, https:\/\/unser-quartier.de\/roehlinghausen\/files\/2021\/07\/mittsommer_2021_4-1024x768.jpg 1024w, https:\/\/unser-quartier.de\/roehlinghausen\/files\/2021\/07\/mittsommer_2021_4-768x576.jpg 768w, https:\/\/unser-quartier.de\/roehlinghausen\/files\/2021\/07\/mittsommer_2021_4.jpg 1200w\" sizes=\"auto, (max-width: 150px) 100vw, 150px\" \/><\/a>\n\t\t\t<\/div><\/figure><figure class='gallery-item'>\n\t\t\t<div class='gallery-icon landscape'>\n\t\t\t\t<a href=\"https:\/\/unser-quartier.de\/roehlinghausen\/zwar\/top-veranstaltungen\/in-2021\/der-schwedischste-aller-feiertage-in-roehlinghausen\/mittsommer_2021_5\/#main\" data-wpel-link=\"internal\"><img loading=\"lazy\" decoding=\"async\" width=\"150\" height=\"113\" src=\"https:\/\/unser-quartier.de\/roehlinghausen\/files\/2021\/07\/mittsommer_2021_5-150x113.jpg\" class=\"attachment-thumbnail size-thumbnail\" alt=\"\" srcset=\"https:\/\/unser-quartier.de\/roehlinghausen\/files\/2021\/07\/mittsommer_2021_5-150x113.jpg 150w, https:\/\/unser-quartier.de\/roehlinghausen\/files\/2021\/07\/mittsommer_2021_5-300x225.jpg 300w, https:\/\/unser-quartier.de\/roehlinghausen\/files\/2021\/07\/mittsommer_2021_5-1024x768.jpg 1024w, https:\/\/unser-quartier.de\/roehlinghausen\/files\/2021\/07\/mittsommer_2021_5-768x576.jpg 768w, https:\/\/unser-quartier.de\/roehlinghausen\/files\/2021\/07\/mittsommer_2021_5.jpg 1200w\" sizes=\"auto, (max-width: 150px) 100vw, 150px\" \/><\/a>\n\t\t\t<\/div><\/figure><figure class='gallery-item'>\n\t\t\t<div class='gallery-icon landscape'>\n\t\t\t\t<a href=\"https:\/\/unser-quartier.de\/roehlinghausen\/zwar\/top-veranstaltungen\/in-2021\/der-schwedischste-aller-feiertage-in-roehlinghausen\/mittsommer_2021_6\/#main\" data-wpel-link=\"internal\"><img loading=\"lazy\" decoding=\"async\" width=\"150\" height=\"112\" src=\"https:\/\/unser-quartier.de\/roehlinghausen\/files\/2021\/07\/mittsommer_2021_6-150x112.jpg\" class=\"attachment-thumbnail size-thumbnail\" alt=\"\" srcset=\"https:\/\/unser-quartier.de\/roehlinghausen\/files\/2021\/07\/mittsommer_2021_6-150x112.jpg 150w, https:\/\/unser-quartier.de\/roehlinghausen\/files\/2021\/07\/mittsommer_2021_6-300x225.jpg 300w, https:\/\/unser-quartier.de\/roehlinghausen\/files\/2021\/07\/mittsommer_2021_6-1024x767.jpg 1024w, https:\/\/unser-quartier.de\/roehlinghausen\/files\/2021\/07\/mittsommer_2021_6-768x575.jpg 768w, https:\/\/unser-quartier.de\/roehlinghausen\/files\/2021\/07\/mittsommer_2021_6.jpg 1200w\" sizes=\"auto, (max-width: 150px) 100vw, 150px\" \/><\/a>\n\t\t\t<\/div><\/figure><figure class='gallery-item'>\n\t\t\t<div class='gallery-icon landscape'>\n\t\t\t\t<a href=\"https:\/\/unser-quartier.de\/roehlinghausen\/zwar\/top-veranstaltungen\/in-2021\/der-schwedischste-aller-feiertage-in-roehlinghausen\/mittsommer_2021_7\/#main\" data-wpel-link=\"internal\"><img loading=\"lazy\" decoding=\"async\" width=\"150\" height=\"113\" src=\"https:\/\/unser-quartier.de\/roehlinghausen\/files\/2021\/07\/mittsommer_2021_7-150x113.jpg\" class=\"attachment-thumbnail size-thumbnail\" alt=\"\" srcset=\"https:\/\/unser-quartier.de\/roehlinghausen\/files\/2021\/07\/mittsommer_2021_7-150x113.jpg 150w, https:\/\/unser-quartier.de\/roehlinghausen\/files\/2021\/07\/mittsommer_2021_7-300x225.jpg 300w, https:\/\/unser-quartier.de\/roehlinghausen\/files\/2021\/07\/mittsommer_2021_7-1024x768.jpg 1024w, https:\/\/unser-quartier.de\/roehlinghausen\/files\/2021\/07\/mittsommer_2021_7-768x576.jpg 768w, https:\/\/unser-quartier.de\/roehlinghausen\/files\/2021\/07\/mittsommer_2021_7.jpg 1200w\" sizes=\"auto, (max-width: 150px) 100vw, 150px\" \/><\/a>\n\t\t\t<\/div><\/figure><figure class='gallery-item'>\n\t\t\t<div class='gallery-icon landscape'>\n\t\t\t\t<a href=\"https:\/\/unser-quartier.de\/roehlinghausen\/zwar\/top-veranstaltungen\/in-2021\/der-schwedischste-aller-feiertage-in-roehlinghausen\/mittsommer_2021_8\/#main\" data-wpel-link=\"internal\"><img loading=\"lazy\" decoding=\"async\" width=\"150\" height=\"113\" src=\"https:\/\/unser-quartier.de\/roehlinghausen\/files\/2021\/07\/mittsommer_2021_8-150x113.jpg\" class=\"attachment-thumbnail size-thumbnail\" alt=\"\" srcset=\"https:\/\/unser-quartier.de\/roehlinghausen\/files\/2021\/07\/mittsommer_2021_8-150x113.jpg 150w, https:\/\/unser-quartier.de\/roehlinghausen\/files\/2021\/07\/mittsommer_2021_8-300x225.jpg 300w, https:\/\/unser-quartier.de\/roehlinghausen\/files\/2021\/07\/mittsommer_2021_8-1024x768.jpg 1024w, https:\/\/unser-quartier.de\/roehlinghausen\/files\/2021\/07\/mittsommer_2021_8-768x576.jpg 768w, https:\/\/unser-quartier.de\/roehlinghausen\/files\/2021\/07\/mittsommer_2021_8.jpg 1200w\" sizes=\"auto, (max-width: 150px) 100vw, 150px\" \/><\/a>\n\t\t\t<\/div><\/figure>\n\t\t<\/div>\n\n","protected":false},"excerpt":{"rendered":"<p>Am 26. Juni 2021 genie\u00dfen 33 ZWARler*innen die Zeit mit Freunden und feiern rein kulinarisch ohne Tanz und Gesang den Mittsommertag, eine Jeder Bringt Was Mit Party. Der Therapiegarten des DRK-Altenhilfezentrums an der Bergmannstrasse in R\u00f6hlinghausen, unter einer Pergola aus Holz und einem Bl\u00e4tterdach aus Weinranken, war ein perfekter Platz zum gem\u00fctlichen Beisammensein.<\/p>\n","protected":false},"author":441,"featured_media":0,"parent":23359,"menu_order":2,"comment_status":"closed","ping_status":"closed","template":"","meta":{"generate_page_header":"","footnotes":""},"class_list":["post-23038","page","type-page","status-publish"],"_links":{"self":[{"href":"https:\/\/unser-quartier.de\/roehlinghausen\/wp-json\/wp\/v2\/pages\/23038","targetHints":{"allow":["GET"]}}],"collection":[{"href":"https:\/\/unser-quartier.de\/roehlinghausen\/wp-json\/wp\/v2\/pages"}],"about":[{"href":"https:\/\/unser-quartier.de\/roehlinghausen\/wp-json\/wp\/v2\/types\/page"}],"author":[{"embeddable":true,"href":"https:\/\/unser-quartier.de\/roehlinghausen\/wp-json\/wp\/v2\/users\/441"}],"replies":[{"embeddable":true,"href":"https:\/\/unser-quartier.de\/roehlinghausen\/wp-json\/wp\/v2\/comments?post=23038"}],"version-history":[{"count":0,"href":"https:\/\/unser-quartier.de\/roehlinghausen\/wp-json\/wp\/v2\/pages\/23038\/revisions"}],"up":[{"embeddable":true,"href":"https:\/\/unser-quartier.de\/roehlinghausen\/wp-json\/wp\/v2\/pages\/23359"}],"wp:attachment":[{"href":"https:\/\/unser-quartier.de\/roehlinghausen\/wp-json\/wp\/v2\/media?parent=23038"}],"curies":[{"name":"wp","href":"https:\/\/api.w.org\/{rel}","templated":true}]}}