{"id":23280,"date":"2021-08-12T17:32:13","date_gmt":"2021-08-12T15:32:13","guid":{"rendered":"https:\/\/unser-quartier.de\/roehlinghausen\/?page_id=23280"},"modified":"2025-03-18T21:57:51","modified_gmt":"2025-03-18T20:57:51","slug":"unsere-kleinen-radtouren-2019","status":"publish","type":"page","link":"https:\/\/unser-quartier.de\/roehlinghausen\/zwar\/gruppe-radfahren\/unsere-kleinen-radtouren-2019\/","title":{"rendered":"Unsere kleinen Radtouren 2019"},"content":{"rendered":"<p><strong>Eine kleine Radtour am 12.10.2019<\/strong><\/p>\n<div id='gallery-1' class='gallery galleryid-23280 gallery-columns-3 gallery-size-thumbnail'><figure class='gallery-item'>\n\t\t\t<div class='gallery-icon landscape'>\n\t\t\t\t<a href=\"https:\/\/unser-quartier.de\/roehlinghausen\/zwar\/gruppe-radfahren\/20191012-1\/#main\" data-wpel-link=\"internal\"><img loading=\"lazy\" decoding=\"async\" width=\"150\" height=\"116\" src=\"https:\/\/unser-quartier.de\/roehlinghausen\/files\/2019\/10\/20191012-1-150x116.jpg\" class=\"attachment-thumbnail size-thumbnail\" alt=\"\" aria-describedby=\"gallery-1-20183\" srcset=\"https:\/\/unser-quartier.de\/roehlinghausen\/files\/2019\/10\/20191012-1-150x116.jpg 150w, https:\/\/unser-quartier.de\/roehlinghausen\/files\/2019\/10\/20191012-1-300x232.jpg 300w, https:\/\/unser-quartier.de\/roehlinghausen\/files\/2019\/10\/20191012-1-768x595.jpg 768w, https:\/\/unser-quartier.de\/roehlinghausen\/files\/2019\/10\/20191012-1-1024x793.jpg 1024w, https:\/\/unser-quartier.de\/roehlinghausen\/files\/2019\/10\/20191012-1.jpg 1200w\" sizes=\"auto, (max-width: 150px) 100vw, 150px\" \/><\/a>\n\t\t\t<\/div>\n\t\t\t\t<figcaption class='wp-caption-text gallery-caption' id='gallery-1-20183'>\n\t\t\t\tv. l. Evi, Angelika, Barbara\n\t\t\t\t<\/figcaption><\/figure><figure class='gallery-item'>\n\t\t\t<div class='gallery-icon landscape'>\n\t\t\t\t<a href=\"https:\/\/unser-quartier.de\/roehlinghausen\/zwar\/gruppe-radfahren\/attachment\/201910123\/#main\" data-wpel-link=\"internal\"><img loading=\"lazy\" decoding=\"async\" width=\"150\" height=\"84\" src=\"https:\/\/unser-quartier.de\/roehlinghausen\/files\/2019\/10\/201910123-150x84.jpg\" class=\"attachment-thumbnail size-thumbnail\" alt=\"\" aria-describedby=\"gallery-1-20185\" srcset=\"https:\/\/unser-quartier.de\/roehlinghausen\/files\/2019\/10\/201910123-150x84.jpg 150w, https:\/\/unser-quartier.de\/roehlinghausen\/files\/2019\/10\/201910123-300x169.jpg 300w, https:\/\/unser-quartier.de\/roehlinghausen\/files\/2019\/10\/201910123-768x432.jpg 768w, https:\/\/unser-quartier.de\/roehlinghausen\/files\/2019\/10\/201910123-1024x576.jpg 1024w, https:\/\/unser-quartier.de\/roehlinghausen\/files\/2019\/10\/201910123.jpg 1200w\" sizes=\"auto, (max-width: 150px) 100vw, 150px\" \/><\/a>\n\t\t\t<\/div>\n\t\t\t\t<figcaption class='wp-caption-text gallery-caption' id='gallery-1-20185'>\n\t\t\t\tIndustrielok\n\t\t\t\t<\/figcaption><\/figure><figure class='gallery-item'>\n\t\t\t<div class='gallery-icon landscape'>\n\t\t\t\t<a href=\"https:\/\/unser-quartier.de\/roehlinghausen\/zwar\/gruppe-radfahren\/attachment\/201910122\/#main\" data-wpel-link=\"internal\"><img loading=\"lazy\" decoding=\"async\" width=\"150\" height=\"150\" src=\"https:\/\/unser-quartier.de\/roehlinghausen\/files\/2019\/10\/201910122-150x150.jpg\" class=\"attachment-thumbnail size-thumbnail\" alt=\"\" aria-describedby=\"gallery-1-20184\" srcset=\"https:\/\/unser-quartier.de\/roehlinghausen\/files\/2019\/10\/201910122-150x150.jpg 150w, https:\/\/unser-quartier.de\/roehlinghausen\/files\/2019\/10\/201910122-300x300.jpg 300w, https:\/\/unser-quartier.de\/roehlinghausen\/files\/2019\/10\/201910122-768x768.jpg 768w, https:\/\/unser-quartier.de\/roehlinghausen\/files\/2019\/10\/201910122-1024x1024.jpg 1024w, https:\/\/unser-quartier.de\/roehlinghausen\/files\/2019\/10\/201910122.jpg 1200w\" sizes=\"auto, (max-width: 150px) 100vw, 150px\" \/><\/a>\n\t\t\t<\/div>\n\t\t\t\t<figcaption class='wp-caption-text gallery-caption' id='gallery-1-20184'>\n\t\t\t\tNachbau der Jungfrau vom Brunnen in Eickel \n\t\t\t\t<\/figcaption><\/figure><figure class='gallery-item'>\n\t\t\t<div class='gallery-icon landscape'>\n\t\t\t\t<a href=\"https:\/\/unser-quartier.de\/roehlinghausen\/zwar\/gruppe-radfahren\/attachment\/201910124\/#main\" data-wpel-link=\"internal\"><img loading=\"lazy\" decoding=\"async\" width=\"150\" height=\"84\" src=\"https:\/\/unser-quartier.de\/roehlinghausen\/files\/2019\/10\/201910124-150x84.jpg\" class=\"attachment-thumbnail size-thumbnail\" alt=\"\" aria-describedby=\"gallery-1-20186\" srcset=\"https:\/\/unser-quartier.de\/roehlinghausen\/files\/2019\/10\/201910124-150x84.jpg 150w, https:\/\/unser-quartier.de\/roehlinghausen\/files\/2019\/10\/201910124-300x169.jpg 300w, https:\/\/unser-quartier.de\/roehlinghausen\/files\/2019\/10\/201910124-768x432.jpg 768w, https:\/\/unser-quartier.de\/roehlinghausen\/files\/2019\/10\/201910124-1024x576.jpg 1024w, https:\/\/unser-quartier.de\/roehlinghausen\/files\/2019\/10\/201910124.jpg 1200w\" sizes=\"auto, (max-width: 150px) 100vw, 150px\" \/><\/a>\n\t\t\t<\/div>\n\t\t\t\t<figcaption class='wp-caption-text gallery-caption' id='gallery-1-20186'>\n\t\t\t\tOldtimer der Fa. Deutz\n\t\t\t\t<\/figcaption><\/figure>\n\t\t<\/div>\n\n<p>Bei idealem Radfahrwetter radelten wir am Samstag zu viert auf der Erzbahntrasse in Richtung Kanal \u00fcber die Sichelbr\u00fccke bis Unser Fritz. Im Gleiscaf\u00e9 am Heimatmuseum bei \u201eGraf Hotte\u201c g\u00f6nnten wir uns eine kleine Erfrischung. Weiter ging es entlang des Kanals, vorbei an der Schleuse Crange, nach Herne. Bei einem Getr\u00e4nk, das durch G\u00e4rung aus st\u00e4rkehaltigen Stoffen gewonnen und nicht destilliert wird, und Pommes in einem gem\u00fctlichen Biergarten konnte diese sch\u00f6ne Tour ausklingen bevor wir in Richtung Heimat nach Wanne-Eickel fuhren. Eine rundum gelungene kleine Radtour.<\/p>\n<p><strong>Eine kleine Radtour am 07.09.2019<\/strong><\/p>\n<div id='gallery-2' class='gallery galleryid-23280 gallery-columns-3 gallery-size-thumbnail'><figure class='gallery-item'>\n\t\t\t<div class='gallery-icon landscape'>\n\t\t\t\t<a href=\"https:\/\/unser-quartier.de\/roehlinghausen\/zwar\/gruppe-radfahren\/20190907-2\/#main\" data-wpel-link=\"internal\"><img loading=\"lazy\" decoding=\"async\" width=\"150\" height=\"84\" src=\"https:\/\/unser-quartier.de\/roehlinghausen\/files\/2019\/10\/20190907-2-150x84.jpg\" class=\"attachment-thumbnail size-thumbnail\" alt=\"\" aria-describedby=\"gallery-2-20175\" srcset=\"https:\/\/unser-quartier.de\/roehlinghausen\/files\/2019\/10\/20190907-2-150x84.jpg 150w, https:\/\/unser-quartier.de\/roehlinghausen\/files\/2019\/10\/20190907-2-300x169.jpg 300w, https:\/\/unser-quartier.de\/roehlinghausen\/files\/2019\/10\/20190907-2-768x432.jpg 768w, https:\/\/unser-quartier.de\/roehlinghausen\/files\/2019\/10\/20190907-2-1024x576.jpg 1024w, https:\/\/unser-quartier.de\/roehlinghausen\/files\/2019\/10\/20190907-2.jpg 1200w\" sizes=\"auto, (max-width: 150px) 100vw, 150px\" \/><\/a>\n\t\t\t<\/div>\n\t\t\t\t<figcaption class='wp-caption-text gallery-caption' id='gallery-2-20175'>\n\t\t\t\tzarte Farben&#8230;\n\t\t\t\t<\/figcaption><\/figure><figure class='gallery-item'>\n\t\t\t<div class='gallery-icon landscape'>\n\t\t\t\t<a href=\"https:\/\/unser-quartier.de\/roehlinghausen\/zwar\/gruppe-radfahren\/20190907-1\/#main\" data-wpel-link=\"internal\"><img loading=\"lazy\" decoding=\"async\" width=\"150\" height=\"84\" src=\"https:\/\/unser-quartier.de\/roehlinghausen\/files\/2019\/10\/20190907-1-150x84.jpg\" class=\"attachment-thumbnail size-thumbnail\" alt=\"\" aria-describedby=\"gallery-2-20174\" srcset=\"https:\/\/unser-quartier.de\/roehlinghausen\/files\/2019\/10\/20190907-1-150x84.jpg 150w, https:\/\/unser-quartier.de\/roehlinghausen\/files\/2019\/10\/20190907-1-300x169.jpg 300w, https:\/\/unser-quartier.de\/roehlinghausen\/files\/2019\/10\/20190907-1-768x432.jpg 768w, https:\/\/unser-quartier.de\/roehlinghausen\/files\/2019\/10\/20190907-1-1024x576.jpg 1024w, https:\/\/unser-quartier.de\/roehlinghausen\/files\/2019\/10\/20190907-1.jpg 1200w\" sizes=\"auto, (max-width: 150px) 100vw, 150px\" \/><\/a>\n\t\t\t<\/div>\n\t\t\t\t<figcaption class='wp-caption-text gallery-caption' id='gallery-2-20174'>\n\t\t\t\tduftende Blumenwiesen&#8230;\n\t\t\t\t<\/figcaption><\/figure><figure class='gallery-item'>\n\t\t\t<div class='gallery-icon landscape'>\n\t\t\t\t<a href=\"https:\/\/unser-quartier.de\/roehlinghausen\/zwar\/gruppe-radfahren\/20190907-4\/#main\" data-wpel-link=\"internal\"><img loading=\"lazy\" decoding=\"async\" width=\"150\" height=\"84\" src=\"https:\/\/unser-quartier.de\/roehlinghausen\/files\/2019\/10\/20190907-4-150x84.jpg\" class=\"attachment-thumbnail size-thumbnail\" alt=\"\" aria-describedby=\"gallery-2-20177\" srcset=\"https:\/\/unser-quartier.de\/roehlinghausen\/files\/2019\/10\/20190907-4-150x84.jpg 150w, https:\/\/unser-quartier.de\/roehlinghausen\/files\/2019\/10\/20190907-4-300x169.jpg 300w, https:\/\/unser-quartier.de\/roehlinghausen\/files\/2019\/10\/20190907-4-768x432.jpg 768w, https:\/\/unser-quartier.de\/roehlinghausen\/files\/2019\/10\/20190907-4-1024x576.jpg 1024w, https:\/\/unser-quartier.de\/roehlinghausen\/files\/2019\/10\/20190907-4.jpg 1200w\" sizes=\"auto, (max-width: 150px) 100vw, 150px\" \/><\/a>\n\t\t\t<\/div>\n\t\t\t\t<figcaption class='wp-caption-text gallery-caption' id='gallery-2-20177'>\n\t\t\t\tv. l. : Gerd, Barbara, Reinhard\n\t\t\t\t<\/figcaption><\/figure><figure class='gallery-item'>\n\t\t\t<div class='gallery-icon landscape'>\n\t\t\t\t<a href=\"https:\/\/unser-quartier.de\/roehlinghausen\/zwar\/gruppe-radfahren\/20190907-3\/#main\" data-wpel-link=\"internal\"><img loading=\"lazy\" decoding=\"async\" width=\"150\" height=\"84\" src=\"https:\/\/unser-quartier.de\/roehlinghausen\/files\/2019\/10\/20190907-3-150x84.jpg\" class=\"attachment-thumbnail size-thumbnail\" alt=\"\" aria-describedby=\"gallery-2-20176\" srcset=\"https:\/\/unser-quartier.de\/roehlinghausen\/files\/2019\/10\/20190907-3-150x84.jpg 150w, https:\/\/unser-quartier.de\/roehlinghausen\/files\/2019\/10\/20190907-3-300x169.jpg 300w, https:\/\/unser-quartier.de\/roehlinghausen\/files\/2019\/10\/20190907-3-768x432.jpg 768w, https:\/\/unser-quartier.de\/roehlinghausen\/files\/2019\/10\/20190907-3-1024x576.jpg 1024w, https:\/\/unser-quartier.de\/roehlinghausen\/files\/2019\/10\/20190907-3.jpg 1200w\" sizes=\"auto, (max-width: 150px) 100vw, 150px\" \/><\/a>\n\t\t\t<\/div>\n\t\t\t\t<figcaption class='wp-caption-text gallery-caption' id='gallery-2-20176'>\n\t\t\t\tv. l. : Gerd, Angelika, Barbara\n\t\t\t\t<\/figcaption><\/figure>\n\t\t<\/div>\n\n<p>Trotz Regenvorhersage eine trockene, sch\u00f6ne und entspannte Radtour durch Herne. Vorbei an den wundersch\u00f6nen Blumenwiesen mit einer ausgiebigen Rast in einem angenehmen Herner Biergarten mit zivilen Preisen! Gefahren sind wir zwar nur zu viert, aber die Sonne war auf unserer Seite!<\/p>\n<figure id=\"attachment_19573\" aria-describedby=\"caption-attachment-19573\" style=\"width: 290px\" class=\"wp-caption alignleft\"><a href=\"https:\/\/unser-quartier.de\/roehlinghausen\/zwar\/gruppe-radfahren\/die-vierte-kleine-radtour\/\" data-wpel-link=\"internal\"><img loading=\"lazy\" decoding=\"async\" id=\"longdesc-return-19573\" class=\"image-border wp-image-19573 size-medium\" tabindex=\"-1\" src=\"https:\/\/unser-quartier.de\/roehlinghausen\/files\/2019\/08\/bismarckturm-300x231.jpg\" alt=\"eine kleine Radtour\" width=\"300\" height=\"231\" longdesc=\"https:\/\/unser-quartier.de\/roehlinghausen?longdesc=19573&amp;referrer=23280\" srcset=\"https:\/\/unser-quartier.de\/roehlinghausen\/files\/2019\/08\/bismarckturm-300x231.jpg 300w, https:\/\/unser-quartier.de\/roehlinghausen\/files\/2019\/08\/bismarckturm-150x116.jpg 150w, https:\/\/unser-quartier.de\/roehlinghausen\/files\/2019\/08\/bismarckturm.jpg 462w\" sizes=\"auto, (max-width: 300px) 100vw, 300px\" \/><\/a><figcaption id=\"caption-attachment-19573\" class=\"wp-caption-text\">Bismarckturm am Mechtenberg<\/figcaption><\/figure>\n<p><strong>Eine kleine Radtour am 04.08.2019<\/strong><\/p>\n<p>zum Mechtenberg in Gelsenkirchen<\/p>\n<p>mit Klick auf das Bild zum Beitrag<\/p>\n<p>&nbsp;<\/p>\n<p>&nbsp;<\/p>\n<p>&nbsp;<\/p>\n<figure id=\"attachment_19289\" aria-describedby=\"caption-attachment-19289\" style=\"width: 290px\" class=\"wp-caption alignleft\"><a href=\"https:\/\/unser-quartier.de\/roehlinghausen\/zwar\/gruppe-radfahren\/die-dritte-kleine-radtour\/\" data-wpel-link=\"internal\"><img loading=\"lazy\" decoding=\"async\" id=\"longdesc-return-19289\" class=\"image-border wp-image-19289 size-medium\" tabindex=\"-1\" src=\"https:\/\/unser-quartier.de\/roehlinghausen\/files\/2019\/07\/blumenwiese-300x169.jpg\" alt=\"Radtourn ins Gr\u00fcne\" width=\"300\" height=\"169\" longdesc=\"https:\/\/unser-quartier.de\/roehlinghausen?longdesc=19289&amp;referrer=23280\" srcset=\"https:\/\/unser-quartier.de\/roehlinghausen\/files\/2019\/07\/blumenwiese-300x169.jpg 300w, https:\/\/unser-quartier.de\/roehlinghausen\/files\/2019\/07\/blumenwiese-150x84.jpg 150w, https:\/\/unser-quartier.de\/roehlinghausen\/files\/2019\/07\/blumenwiese-768x431.jpg 768w, https:\/\/unser-quartier.de\/roehlinghausen\/files\/2019\/07\/blumenwiese-1024x575.jpg 1024w, https:\/\/unser-quartier.de\/roehlinghausen\/files\/2019\/07\/blumenwiese.jpg 1200w\" sizes=\"auto, (max-width: 300px) 100vw, 300px\" \/><\/a><figcaption id=\"caption-attachment-19289\" class=\"wp-caption-text\">leuchtende Farben&#8230;<\/figcaption><\/figure>\n<p><strong>Eine kleine Radtour am 07.07.2019<\/strong><\/p>\n<p>mit Klick auf das Bild zum Beitrag<\/p>\n<p>&nbsp;<\/p>\n<p>&nbsp;<\/p>\n<p>&nbsp;<\/p>\n<figure id=\"attachment_18825\" aria-describedby=\"caption-attachment-18825\" style=\"width: 290px\" class=\"wp-caption alignleft\"><a href=\"https:\/\/unser-quartier.de\/roehlinghausen\/zwar\/gruppe-radfahren\/die-zweite-kleine-radtour\/\" data-wpel-link=\"internal\"><img loading=\"lazy\" decoding=\"async\" id=\"longdesc-return-18825\" class=\"image-border wp-image-18825 size-medium\" tabindex=\"-1\" src=\"https:\/\/unser-quartier.de\/roehlinghausen\/files\/2019\/06\/radeln-2-7-300x225.jpg\" alt=\"der Ewaldsee, Ziel der Radtour\" width=\"300\" height=\"225\" longdesc=\"https:\/\/unser-quartier.de\/roehlinghausen?longdesc=18825&amp;referrer=23280\" srcset=\"https:\/\/unser-quartier.de\/roehlinghausen\/files\/2019\/06\/radeln-2-7-300x225.jpg 300w, https:\/\/unser-quartier.de\/roehlinghausen\/files\/2019\/06\/radeln-2-7-150x113.jpg 150w, https:\/\/unser-quartier.de\/roehlinghausen\/files\/2019\/06\/radeln-2-7-768x576.jpg 768w, https:\/\/unser-quartier.de\/roehlinghausen\/files\/2019\/06\/radeln-2-7-1024x768.jpg 1024w, https:\/\/unser-quartier.de\/roehlinghausen\/files\/2019\/06\/radeln-2-7.jpg 1200w\" sizes=\"auto, (max-width: 300px) 100vw, 300px\" \/><\/a><figcaption id=\"caption-attachment-18825\" class=\"wp-caption-text\">Natur pur, der Ewaldsee<\/figcaption><\/figure>\n<p><strong>Eine kleine Radtour am 01.06.2019<\/strong><\/p>\n<p>mit Klick auf das Bild zum Beitrag<\/p>\n<p>&nbsp;<\/p>\n<p>&nbsp;<\/p>\n<p>&nbsp;<\/p>\n<p>&nbsp;<\/p>\n<figure id=\"attachment_18482\" aria-describedby=\"caption-attachment-18482\" style=\"width: 290px\" class=\"wp-caption alignleft\"><a href=\"https:\/\/unser-quartier.de\/roehlinghausen\/zwar\/gruppe-radfahren\/erste-kleine-radtour\/\" data-wpel-link=\"internal\"><img loading=\"lazy\" decoding=\"async\" id=\"longdesc-return-18482\" class=\"image-border wp-image-18482 size-medium\" tabindex=\"-1\" src=\"https:\/\/unser-quartier.de\/roehlinghausen\/files\/2019\/05\/kleine-radtour-300x208.png\" alt=\"Bild mit der Fahrstrecke\" width=\"300\" height=\"208\" longdesc=\"https:\/\/unser-quartier.de\/roehlinghausen?longdesc=18482&amp;referrer=23280\" srcset=\"https:\/\/unser-quartier.de\/roehlinghausen\/files\/2019\/05\/kleine-radtour-300x208.png 300w, https:\/\/unser-quartier.de\/roehlinghausen\/files\/2019\/05\/kleine-radtour-150x104.png 150w, https:\/\/unser-quartier.de\/roehlinghausen\/files\/2019\/05\/kleine-radtour-768x532.png 768w, https:\/\/unser-quartier.de\/roehlinghausen\/files\/2019\/05\/kleine-radtour-1024x710.png 1024w, https:\/\/unser-quartier.de\/roehlinghausen\/files\/2019\/05\/kleine-radtour.png 1222w\" sizes=\"auto, (max-width: 300px) 100vw, 300px\" \/><\/a><figcaption id=\"caption-attachment-18482\" class=\"wp-caption-text\">eine leichte Radtour<\/figcaption><\/figure>\n<p><strong>Eine kleine Radtour am 18. 05.2019<\/strong><\/p>\n<p>mit Klick auf das Bild zum Beitrag<\/p>\n<p>&nbsp;<\/p>\n<p>&nbsp;<\/p>\n<p>&nbsp;<\/p>\n<p>&nbsp;<\/p>\n","protected":false},"excerpt":{"rendered":"<p>Eine kleine Radtour am 12.10.2019 Bei idealem Radfahrwetter radelten wir am Samstag zu viert auf der Erzbahntrasse in Richtung Kanal \u00fcber die Sichelbr\u00fccke bis Unser Fritz. Im Gleiscaf\u00e9 am Heimatmuseum bei \u201eGraf Hotte\u201c g\u00f6nnten wir uns eine kleine Erfrischung. Weiter ging es entlang des Kanals, vorbei an der Schleuse Crange, nach Herne. Bei einem Getr\u00e4nk,&hellip; <a class=\"continue\" href=\"https:\/\/unser-quartier.de\/roehlinghausen\/zwar\/gruppe-radfahren\/unsere-kleinen-radtouren-2019\/\" data-wpel-link=\"internal\">\u2192 weiter lesen:<span> Unsere kleinen Radtouren 2019<\/span><\/a><\/p>\n","protected":false},"author":441,"featured_media":0,"parent":8032,"menu_order":4,"comment_status":"closed","ping_status":"closed","template":"","meta":{"generate_page_header":"","footnotes":""},"class_list":["post-23280","page","type-page","status-publish"],"_links":{"self":[{"href":"https:\/\/unser-quartier.de\/roehlinghausen\/wp-json\/wp\/v2\/pages\/23280","targetHints":{"allow":["GET"]}}],"collection":[{"href":"https:\/\/unser-quartier.de\/roehlinghausen\/wp-json\/wp\/v2\/pages"}],"about":[{"href":"https:\/\/unser-quartier.de\/roehlinghausen\/wp-json\/wp\/v2\/types\/page"}],"author":[{"embeddable":true,"href":"https:\/\/unser-quartier.de\/roehlinghausen\/wp-json\/wp\/v2\/users\/441"}],"replies":[{"embeddable":true,"href":"https:\/\/unser-quartier.de\/roehlinghausen\/wp-json\/wp\/v2\/comments?post=23280"}],"version-history":[{"count":1,"href":"https:\/\/unser-quartier.de\/roehlinghausen\/wp-json\/wp\/v2\/pages\/23280\/revisions"}],"predecessor-version":[{"id":29193,"href":"https:\/\/unser-quartier.de\/roehlinghausen\/wp-json\/wp\/v2\/pages\/23280\/revisions\/29193"}],"up":[{"embeddable":true,"href":"https:\/\/unser-quartier.de\/roehlinghausen\/wp-json\/wp\/v2\/pages\/8032"}],"wp:attachment":[{"href":"https:\/\/unser-quartier.de\/roehlinghausen\/wp-json\/wp\/v2\/media?parent=23280"}],"curies":[{"name":"wp","href":"https:\/\/api.w.org\/{rel}","templated":true}]}}