{"id":23335,"date":"2021-08-18T17:05:15","date_gmt":"2021-08-18T15:05:15","guid":{"rendered":"https:\/\/unser-quartier.de\/roehlinghausen\/?page_id=23335"},"modified":"2025-03-02T10:46:44","modified_gmt":"2025-03-02T09:46:44","slug":"fotogalerie-minigolf","status":"publish","type":"page","link":"https:\/\/unser-quartier.de\/roehlinghausen\/zwar\/top-veranstaltungen\/in-2021\/fotogalerie-minigolf\/","title":{"rendered":"Fotogalerie Minigolf"},"content":{"rendered":"<p>Das Ziel des Spiels ist, den Ball mit Hilfe des Schl\u00e4gers mit m\u00f6glichst wenigen Schl\u00e4gen in das Loch zu bewegen. Das haben wir geschafft und hatten viel Spass dabei.<\/p>\n<div id='gallery-1' class='gallery galleryid-23335 gallery-columns-3 gallery-size-thumbnail'><figure class='gallery-item'>\n\t\t\t<div class='gallery-icon portrait'>\n\t\t\t\t<a href=\"https:\/\/unser-quartier.de\/roehlinghausen\/zwar\/top-veranstaltungen\/in-2021\/fotogalerie-minigolf\/mini_golf_aug_2021-1\/#main\" data-wpel-link=\"internal\"><img loading=\"lazy\" decoding=\"async\" width=\"150\" height=\"150\" src=\"https:\/\/unser-quartier.de\/roehlinghausen\/files\/2021\/08\/mini_golf_aug_2021-1-150x150.jpg\" class=\"attachment-thumbnail size-thumbnail\" alt=\"\" srcset=\"https:\/\/unser-quartier.de\/roehlinghausen\/files\/2021\/08\/mini_golf_aug_2021-1-150x150.jpg 150w, https:\/\/unser-quartier.de\/roehlinghausen\/files\/2021\/08\/mini_golf_aug_2021-1-300x301.jpg 300w, https:\/\/unser-quartier.de\/roehlinghausen\/files\/2021\/08\/mini_golf_aug_2021-1.jpg 574w\" sizes=\"auto, (max-width: 150px) 100vw, 150px\" \/><\/a>\n\t\t\t<\/div><\/figure><figure class='gallery-item'>\n\t\t\t<div class='gallery-icon landscape'>\n\t\t\t\t<a href=\"https:\/\/unser-quartier.de\/roehlinghausen\/zwar\/top-veranstaltungen\/in-2021\/fotogalerie-minigolf\/mini_golf_aug_2021-3\/#main\" data-wpel-link=\"internal\"><img loading=\"lazy\" decoding=\"async\" width=\"150\" height=\"84\" src=\"https:\/\/unser-quartier.de\/roehlinghausen\/files\/2021\/08\/mini_golf_aug_2021-3-150x84.jpg\" class=\"attachment-thumbnail size-thumbnail\" alt=\"\" srcset=\"https:\/\/unser-quartier.de\/roehlinghausen\/files\/2021\/08\/mini_golf_aug_2021-3-150x84.jpg 150w, https:\/\/unser-quartier.de\/roehlinghausen\/files\/2021\/08\/mini_golf_aug_2021-3-300x169.jpg 300w, https:\/\/unser-quartier.de\/roehlinghausen\/files\/2021\/08\/mini_golf_aug_2021-3-768x432.jpg 768w, https:\/\/unser-quartier.de\/roehlinghausen\/files\/2021\/08\/mini_golf_aug_2021-3.jpg 793w\" sizes=\"auto, (max-width: 150px) 100vw, 150px\" \/><\/a>\n\t\t\t<\/div><\/figure><figure class='gallery-item'>\n\t\t\t<div class='gallery-icon landscape'>\n\t\t\t\t<a href=\"https:\/\/unser-quartier.de\/roehlinghausen\/zwar\/top-veranstaltungen\/in-2021\/fotogalerie-minigolf\/mini_golf_aug_2021-4\/#main\" data-wpel-link=\"internal\"><img loading=\"lazy\" decoding=\"async\" width=\"150\" height=\"84\" src=\"https:\/\/unser-quartier.de\/roehlinghausen\/files\/2021\/08\/mini_golf_aug_2021-4-150x84.jpg\" class=\"attachment-thumbnail size-thumbnail\" alt=\"\" srcset=\"https:\/\/unser-quartier.de\/roehlinghausen\/files\/2021\/08\/mini_golf_aug_2021-4-150x84.jpg 150w, https:\/\/unser-quartier.de\/roehlinghausen\/files\/2021\/08\/mini_golf_aug_2021-4-300x169.jpg 300w, https:\/\/unser-quartier.de\/roehlinghausen\/files\/2021\/08\/mini_golf_aug_2021-4-768x432.jpg 768w, https:\/\/unser-quartier.de\/roehlinghausen\/files\/2021\/08\/mini_golf_aug_2021-4.jpg 1024w\" sizes=\"auto, (max-width: 150px) 100vw, 150px\" \/><\/a>\n\t\t\t<\/div><\/figure><figure class='gallery-item'>\n\t\t\t<div class='gallery-icon portrait'>\n\t\t\t\t<a href=\"https:\/\/unser-quartier.de\/roehlinghausen\/zwar\/top-veranstaltungen\/in-2021\/fotogalerie-minigolf\/mini_golf_aug_2021-5\/#main\" data-wpel-link=\"internal\"><img loading=\"lazy\" decoding=\"async\" width=\"150\" height=\"150\" src=\"https:\/\/unser-quartier.de\/roehlinghausen\/files\/2021\/08\/mini_golf_aug_2021-5-150x150.jpg\" class=\"attachment-thumbnail size-thumbnail\" alt=\"\" srcset=\"https:\/\/unser-quartier.de\/roehlinghausen\/files\/2021\/08\/mini_golf_aug_2021-5-150x150.jpg 150w, https:\/\/unser-quartier.de\/roehlinghausen\/files\/2021\/08\/mini_golf_aug_2021-5-300x301.jpg 300w, https:\/\/unser-quartier.de\/roehlinghausen\/files\/2021\/08\/mini_golf_aug_2021-5.jpg 574w\" sizes=\"auto, (max-width: 150px) 100vw, 150px\" \/><\/a>\n\t\t\t<\/div><\/figure><figure class='gallery-item'>\n\t\t\t<div class='gallery-icon landscape'>\n\t\t\t\t<a href=\"https:\/\/unser-quartier.de\/roehlinghausen\/zwar\/top-veranstaltungen\/in-2021\/fotogalerie-minigolf\/mini_golf_aug_2021-6\/#main\" data-wpel-link=\"internal\"><img loading=\"lazy\" decoding=\"async\" width=\"150\" height=\"150\" src=\"https:\/\/unser-quartier.de\/roehlinghausen\/files\/2021\/08\/mini_golf_aug_2021-6-150x150.jpg\" class=\"attachment-thumbnail size-thumbnail\" alt=\"\" srcset=\"https:\/\/unser-quartier.de\/roehlinghausen\/files\/2021\/08\/mini_golf_aug_2021-6-150x150.jpg 150w, https:\/\/unser-quartier.de\/roehlinghausen\/files\/2021\/08\/mini_golf_aug_2021-6-300x300.jpg 300w, https:\/\/unser-quartier.de\/roehlinghausen\/files\/2021\/08\/mini_golf_aug_2021-6.jpg 575w\" sizes=\"auto, (max-width: 150px) 100vw, 150px\" \/><\/a>\n\t\t\t<\/div><\/figure><figure class='gallery-item'>\n\t\t\t<div class='gallery-icon landscape'>\n\t\t\t\t<a href=\"https:\/\/unser-quartier.de\/roehlinghausen\/zwar\/top-veranstaltungen\/in-2021\/fotogalerie-minigolf\/mini_golf_aug_2021-7\/#main\" data-wpel-link=\"internal\"><img loading=\"lazy\" decoding=\"async\" width=\"150\" height=\"84\" src=\"https:\/\/unser-quartier.de\/roehlinghausen\/files\/2021\/08\/mini_golf_aug_2021-7-150x84.jpg\" class=\"attachment-thumbnail size-thumbnail\" alt=\"\" srcset=\"https:\/\/unser-quartier.de\/roehlinghausen\/files\/2021\/08\/mini_golf_aug_2021-7-150x84.jpg 150w, https:\/\/unser-quartier.de\/roehlinghausen\/files\/2021\/08\/mini_golf_aug_2021-7-300x169.jpg 300w, https:\/\/unser-quartier.de\/roehlinghausen\/files\/2021\/08\/mini_golf_aug_2021-7-768x433.jpg 768w, https:\/\/unser-quartier.de\/roehlinghausen\/files\/2021\/08\/mini_golf_aug_2021-7.jpg 822w\" sizes=\"auto, (max-width: 150px) 100vw, 150px\" \/><\/a>\n\t\t\t<\/div><\/figure><figure class='gallery-item'>\n\t\t\t<div class='gallery-icon portrait'>\n\t\t\t\t<a href=\"https:\/\/unser-quartier.de\/roehlinghausen\/zwar\/top-veranstaltungen\/in-2021\/fotogalerie-minigolf\/mini_golf_aug_2021-8\/#main\" data-wpel-link=\"internal\"><img loading=\"lazy\" decoding=\"async\" width=\"150\" height=\"150\" src=\"https:\/\/unser-quartier.de\/roehlinghausen\/files\/2021\/08\/mini_golf_aug_2021-8-150x150.jpg\" class=\"attachment-thumbnail size-thumbnail\" alt=\"\" srcset=\"https:\/\/unser-quartier.de\/roehlinghausen\/files\/2021\/08\/mini_golf_aug_2021-8-150x150.jpg 150w, https:\/\/unser-quartier.de\/roehlinghausen\/files\/2021\/08\/mini_golf_aug_2021-8-300x301.jpg 300w, https:\/\/unser-quartier.de\/roehlinghausen\/files\/2021\/08\/mini_golf_aug_2021-8.jpg 574w\" sizes=\"auto, (max-width: 150px) 100vw, 150px\" \/><\/a>\n\t\t\t<\/div><\/figure><figure class='gallery-item'>\n\t\t\t<div class='gallery-icon portrait'>\n\t\t\t\t<a href=\"https:\/\/unser-quartier.de\/roehlinghausen\/zwar\/top-veranstaltungen\/in-2021\/fotogalerie-minigolf\/mini_golf_aug_2021-9\/#main\" data-wpel-link=\"internal\"><img loading=\"lazy\" decoding=\"async\" width=\"150\" height=\"150\" src=\"https:\/\/unser-quartier.de\/roehlinghausen\/files\/2021\/08\/mini_golf_aug_2021-9-150x150.jpg\" class=\"attachment-thumbnail size-thumbnail\" alt=\"\" srcset=\"https:\/\/unser-quartier.de\/roehlinghausen\/files\/2021\/08\/mini_golf_aug_2021-9-150x150.jpg 150w, https:\/\/unser-quartier.de\/roehlinghausen\/files\/2021\/08\/mini_golf_aug_2021-9-300x301.jpg 300w, https:\/\/unser-quartier.de\/roehlinghausen\/files\/2021\/08\/mini_golf_aug_2021-9.jpg 574w\" sizes=\"auto, (max-width: 150px) 100vw, 150px\" \/><\/a>\n\t\t\t<\/div><\/figure><figure class='gallery-item'>\n\t\t\t<div class='gallery-icon portrait'>\n\t\t\t\t<a href=\"https:\/\/unser-quartier.de\/roehlinghausen\/zwar\/top-veranstaltungen\/in-2021\/fotogalerie-minigolf\/mini_golf_aug_2021-10\/#main\" data-wpel-link=\"internal\"><img loading=\"lazy\" decoding=\"async\" width=\"150\" height=\"150\" src=\"https:\/\/unser-quartier.de\/roehlinghausen\/files\/2021\/08\/mini_golf_aug_2021-10-150x150.jpg\" class=\"attachment-thumbnail size-thumbnail\" alt=\"\" srcset=\"https:\/\/unser-quartier.de\/roehlinghausen\/files\/2021\/08\/mini_golf_aug_2021-10-150x150.jpg 150w, https:\/\/unser-quartier.de\/roehlinghausen\/files\/2021\/08\/mini_golf_aug_2021-10-300x301.jpg 300w, https:\/\/unser-quartier.de\/roehlinghausen\/files\/2021\/08\/mini_golf_aug_2021-10.jpg 574w\" sizes=\"auto, (max-width: 150px) 100vw, 150px\" \/><\/a>\n\t\t\t<\/div><\/figure><figure class='gallery-item'>\n\t\t\t<div class='gallery-icon landscape'>\n\t\t\t\t<a href=\"https:\/\/unser-quartier.de\/roehlinghausen\/zwar\/top-veranstaltungen\/in-2021\/fotogalerie-minigolf\/mini_golf_aug_2021-11\/#main\" data-wpel-link=\"internal\"><img loading=\"lazy\" decoding=\"async\" width=\"150\" height=\"84\" src=\"https:\/\/unser-quartier.de\/roehlinghausen\/files\/2021\/08\/mini_golf_aug_2021-11-150x84.jpg\" class=\"attachment-thumbnail size-thumbnail\" alt=\"\" srcset=\"https:\/\/unser-quartier.de\/roehlinghausen\/files\/2021\/08\/mini_golf_aug_2021-11-150x84.jpg 150w, https:\/\/unser-quartier.de\/roehlinghausen\/files\/2021\/08\/mini_golf_aug_2021-11-300x169.jpg 300w, https:\/\/unser-quartier.de\/roehlinghausen\/files\/2021\/08\/mini_golf_aug_2021-11-768x432.jpg 768w, https:\/\/unser-quartier.de\/roehlinghausen\/files\/2021\/08\/mini_golf_aug_2021-11.jpg 884w\" sizes=\"auto, (max-width: 150px) 100vw, 150px\" \/><\/a>\n\t\t\t<\/div><\/figure><figure class='gallery-item'>\n\t\t\t<div class='gallery-icon portrait'>\n\t\t\t\t<a href=\"https:\/\/unser-quartier.de\/roehlinghausen\/zwar\/top-veranstaltungen\/in-2021\/fotogalerie-minigolf\/mini_golf_aug_2021-12\/#main\" data-wpel-link=\"internal\"><img loading=\"lazy\" decoding=\"async\" width=\"150\" height=\"150\" src=\"https:\/\/unser-quartier.de\/roehlinghausen\/files\/2021\/08\/mini_golf_aug_2021-12-150x150.jpg\" class=\"attachment-thumbnail size-thumbnail\" alt=\"\" srcset=\"https:\/\/unser-quartier.de\/roehlinghausen\/files\/2021\/08\/mini_golf_aug_2021-12-150x150.jpg 150w, https:\/\/unser-quartier.de\/roehlinghausen\/files\/2021\/08\/mini_golf_aug_2021-12-300x301.jpg 300w, https:\/\/unser-quartier.de\/roehlinghausen\/files\/2021\/08\/mini_golf_aug_2021-12.jpg 574w\" sizes=\"auto, (max-width: 150px) 100vw, 150px\" \/><\/a>\n\t\t\t<\/div><\/figure><figure class='gallery-item'>\n\t\t\t<div class='gallery-icon landscape'>\n\t\t\t\t<a href=\"https:\/\/unser-quartier.de\/roehlinghausen\/zwar\/top-veranstaltungen\/in-2021\/fotogalerie-minigolf\/mini_golf_aug_2021-13\/#main\" data-wpel-link=\"internal\"><img loading=\"lazy\" decoding=\"async\" width=\"150\" height=\"84\" src=\"https:\/\/unser-quartier.de\/roehlinghausen\/files\/2021\/08\/mini_golf_aug_2021-13-150x84.jpg\" class=\"attachment-thumbnail size-thumbnail\" alt=\"\" srcset=\"https:\/\/unser-quartier.de\/roehlinghausen\/files\/2021\/08\/mini_golf_aug_2021-13-150x84.jpg 150w, https:\/\/unser-quartier.de\/roehlinghausen\/files\/2021\/08\/mini_golf_aug_2021-13-300x168.jpg 300w, https:\/\/unser-quartier.de\/roehlinghausen\/files\/2021\/08\/mini_golf_aug_2021-13-768x431.jpg 768w, https:\/\/unser-quartier.de\/roehlinghausen\/files\/2021\/08\/mini_golf_aug_2021-13.jpg 861w\" sizes=\"auto, (max-width: 150px) 100vw, 150px\" \/><\/a>\n\t\t\t<\/div><\/figure><figure class='gallery-item'>\n\t\t\t<div class='gallery-icon landscape'>\n\t\t\t\t<a href=\"https:\/\/unser-quartier.de\/roehlinghausen\/zwar\/top-veranstaltungen\/in-2021\/fotogalerie-minigolf\/mini_golf_aug_2021-14\/#main\" data-wpel-link=\"internal\"><img loading=\"lazy\" decoding=\"async\" width=\"150\" height=\"84\" src=\"https:\/\/unser-quartier.de\/roehlinghausen\/files\/2021\/08\/mini_golf_aug_2021-14-150x84.jpg\" class=\"attachment-thumbnail size-thumbnail\" alt=\"\" srcset=\"https:\/\/unser-quartier.de\/roehlinghausen\/files\/2021\/08\/mini_golf_aug_2021-14-150x84.jpg 150w, https:\/\/unser-quartier.de\/roehlinghausen\/files\/2021\/08\/mini_golf_aug_2021-14-300x169.jpg 300w, https:\/\/unser-quartier.de\/roehlinghausen\/files\/2021\/08\/mini_golf_aug_2021-14.jpg 762w\" sizes=\"auto, (max-width: 150px) 100vw, 150px\" \/><\/a>\n\t\t\t<\/div><\/figure><figure class='gallery-item'>\n\t\t\t<div class='gallery-icon landscape'>\n\t\t\t\t<a href=\"https:\/\/unser-quartier.de\/roehlinghausen\/zwar\/top-veranstaltungen\/in-2021\/fotogalerie-minigolf\/mini_golf_aug_2021-15\/#main\" data-wpel-link=\"internal\"><img loading=\"lazy\" decoding=\"async\" width=\"150\" height=\"150\" src=\"https:\/\/unser-quartier.de\/roehlinghausen\/files\/2021\/08\/mini_golf_aug_2021-15-150x150.jpg\" class=\"attachment-thumbnail size-thumbnail\" alt=\"\" srcset=\"https:\/\/unser-quartier.de\/roehlinghausen\/files\/2021\/08\/mini_golf_aug_2021-15-150x150.jpg 150w, https:\/\/unser-quartier.de\/roehlinghausen\/files\/2021\/08\/mini_golf_aug_2021-15-300x300.jpg 300w, https:\/\/unser-quartier.de\/roehlinghausen\/files\/2021\/08\/mini_golf_aug_2021-15.jpg 575w\" sizes=\"auto, (max-width: 150px) 100vw, 150px\" \/><\/a>\n\t\t\t<\/div><\/figure><figure class='gallery-item'>\n\t\t\t<div class='gallery-icon landscape'>\n\t\t\t\t<a href=\"https:\/\/unser-quartier.de\/roehlinghausen\/zwar\/top-veranstaltungen\/in-2021\/fotogalerie-minigolf\/mini_golf_aug_2021-16\/#main\" data-wpel-link=\"internal\"><img loading=\"lazy\" decoding=\"async\" width=\"150\" height=\"84\" src=\"https:\/\/unser-quartier.de\/roehlinghausen\/files\/2021\/08\/mini_golf_aug_2021-16-150x84.jpg\" class=\"attachment-thumbnail size-thumbnail\" alt=\"\" srcset=\"https:\/\/unser-quartier.de\/roehlinghausen\/files\/2021\/08\/mini_golf_aug_2021-16-150x84.jpg 150w, https:\/\/unser-quartier.de\/roehlinghausen\/files\/2021\/08\/mini_golf_aug_2021-16-300x169.jpg 300w, https:\/\/unser-quartier.de\/roehlinghausen\/files\/2021\/08\/mini_golf_aug_2021-16-1024x576.jpg 1024w, https:\/\/unser-quartier.de\/roehlinghausen\/files\/2021\/08\/mini_golf_aug_2021-16-768x432.jpg 768w, https:\/\/unser-quartier.de\/roehlinghausen\/files\/2021\/08\/mini_golf_aug_2021-16.jpg 1200w\" sizes=\"auto, (max-width: 150px) 100vw, 150px\" \/><\/a>\n\t\t\t<\/div><\/figure><figure class='gallery-item'>\n\t\t\t<div class='gallery-icon landscape'>\n\t\t\t\t<a href=\"https:\/\/unser-quartier.de\/roehlinghausen\/zwar\/top-veranstaltungen\/in-2021\/fotogalerie-minigolf\/mini_golf_aug_2021-17\/#main\" data-wpel-link=\"internal\"><img loading=\"lazy\" decoding=\"async\" width=\"150\" height=\"84\" src=\"https:\/\/unser-quartier.de\/roehlinghausen\/files\/2021\/08\/mini_golf_aug_2021-17-150x84.jpg\" class=\"attachment-thumbnail size-thumbnail\" alt=\"\" srcset=\"https:\/\/unser-quartier.de\/roehlinghausen\/files\/2021\/08\/mini_golf_aug_2021-17-150x84.jpg 150w, https:\/\/unser-quartier.de\/roehlinghausen\/files\/2021\/08\/mini_golf_aug_2021-17-300x169.jpg 300w, https:\/\/unser-quartier.de\/roehlinghausen\/files\/2021\/08\/mini_golf_aug_2021-17-768x432.jpg 768w, https:\/\/unser-quartier.de\/roehlinghausen\/files\/2021\/08\/mini_golf_aug_2021-17.jpg 793w\" sizes=\"auto, (max-width: 150px) 100vw, 150px\" \/><\/a>\n\t\t\t<\/div><\/figure><figure class='gallery-item'>\n\t\t\t<div class='gallery-icon landscape'>\n\t\t\t\t<a href=\"https:\/\/unser-quartier.de\/roehlinghausen\/zwar\/top-veranstaltungen\/in-2021\/fotogalerie-minigolf\/mini_golf_aug_2021-18\/#main\" data-wpel-link=\"internal\"><img loading=\"lazy\" decoding=\"async\" width=\"150\" height=\"84\" src=\"https:\/\/unser-quartier.de\/roehlinghausen\/files\/2021\/08\/mini_golf_aug_2021-18-150x84.jpg\" class=\"attachment-thumbnail size-thumbnail\" alt=\"\" srcset=\"https:\/\/unser-quartier.de\/roehlinghausen\/files\/2021\/08\/mini_golf_aug_2021-18-150x84.jpg 150w, https:\/\/unser-quartier.de\/roehlinghausen\/files\/2021\/08\/mini_golf_aug_2021-18-300x169.jpg 300w, https:\/\/unser-quartier.de\/roehlinghausen\/files\/2021\/08\/mini_golf_aug_2021-18-1024x576.jpg 1024w, https:\/\/unser-quartier.de\/roehlinghausen\/files\/2021\/08\/mini_golf_aug_2021-18-768x432.jpg 768w, https:\/\/unser-quartier.de\/roehlinghausen\/files\/2021\/08\/mini_golf_aug_2021-18.jpg 1200w\" sizes=\"auto, (max-width: 150px) 100vw, 150px\" \/><\/a>\n\t\t\t<\/div><\/figure><figure class='gallery-item'>\n\t\t\t<div class='gallery-icon landscape'>\n\t\t\t\t<a href=\"https:\/\/unser-quartier.de\/roehlinghausen\/zwar\/top-veranstaltungen\/in-2021\/fotogalerie-minigolf\/mini_golf_aug_2021-19\/#main\" data-wpel-link=\"internal\"><img loading=\"lazy\" decoding=\"async\" width=\"150\" height=\"84\" src=\"https:\/\/unser-quartier.de\/roehlinghausen\/files\/2021\/08\/mini_golf_aug_2021-19-150x84.jpg\" class=\"attachment-thumbnail size-thumbnail\" alt=\"\" srcset=\"https:\/\/unser-quartier.de\/roehlinghausen\/files\/2021\/08\/mini_golf_aug_2021-19-150x84.jpg 150w, https:\/\/unser-quartier.de\/roehlinghausen\/files\/2021\/08\/mini_golf_aug_2021-19-300x169.jpg 300w, https:\/\/unser-quartier.de\/roehlinghausen\/files\/2021\/08\/mini_golf_aug_2021-19-1024x576.jpg 1024w, https:\/\/unser-quartier.de\/roehlinghausen\/files\/2021\/08\/mini_golf_aug_2021-19-768x432.jpg 768w, https:\/\/unser-quartier.de\/roehlinghausen\/files\/2021\/08\/mini_golf_aug_2021-19.jpg 1200w\" sizes=\"auto, (max-width: 150px) 100vw, 150px\" \/><\/a>\n\t\t\t<\/div><\/figure><figure class='gallery-item'>\n\t\t\t<div class='gallery-icon landscape'>\n\t\t\t\t<a href=\"https:\/\/unser-quartier.de\/roehlinghausen\/zwar\/top-veranstaltungen\/in-2021\/fotogalerie-minigolf\/mini_golf_aug_2021-20\/#main\" data-wpel-link=\"internal\"><img loading=\"lazy\" decoding=\"async\" width=\"150\" height=\"84\" src=\"https:\/\/unser-quartier.de\/roehlinghausen\/files\/2021\/08\/mini_golf_aug_2021-20-150x84.jpg\" class=\"attachment-thumbnail size-thumbnail\" alt=\"\" srcset=\"https:\/\/unser-quartier.de\/roehlinghausen\/files\/2021\/08\/mini_golf_aug_2021-20-150x84.jpg 150w, https:\/\/unser-quartier.de\/roehlinghausen\/files\/2021\/08\/mini_golf_aug_2021-20-300x169.jpg 300w, https:\/\/unser-quartier.de\/roehlinghausen\/files\/2021\/08\/mini_golf_aug_2021-20-1024x576.jpg 1024w, https:\/\/unser-quartier.de\/roehlinghausen\/files\/2021\/08\/mini_golf_aug_2021-20-768x432.jpg 768w, https:\/\/unser-quartier.de\/roehlinghausen\/files\/2021\/08\/mini_golf_aug_2021-20.jpg 1200w\" sizes=\"auto, (max-width: 150px) 100vw, 150px\" \/><\/a>\n\t\t\t<\/div><\/figure><figure class='gallery-item'>\n\t\t\t<div class='gallery-icon landscape'>\n\t\t\t\t<a href=\"https:\/\/unser-quartier.de\/roehlinghausen\/zwar\/top-veranstaltungen\/in-2021\/fotogalerie-minigolf\/mini_golf_aug_2021-21\/#main\" data-wpel-link=\"internal\"><img loading=\"lazy\" decoding=\"async\" width=\"150\" height=\"84\" src=\"https:\/\/unser-quartier.de\/roehlinghausen\/files\/2021\/08\/mini_golf_aug_2021-21-150x84.jpg\" class=\"attachment-thumbnail size-thumbnail\" alt=\"\" srcset=\"https:\/\/unser-quartier.de\/roehlinghausen\/files\/2021\/08\/mini_golf_aug_2021-21-150x84.jpg 150w, https:\/\/unser-quartier.de\/roehlinghausen\/files\/2021\/08\/mini_golf_aug_2021-21-300x169.jpg 300w, https:\/\/unser-quartier.de\/roehlinghausen\/files\/2021\/08\/mini_golf_aug_2021-21-1024x576.jpg 1024w, https:\/\/unser-quartier.de\/roehlinghausen\/files\/2021\/08\/mini_golf_aug_2021-21-768x432.jpg 768w, https:\/\/unser-quartier.de\/roehlinghausen\/files\/2021\/08\/mini_golf_aug_2021-21.jpg 1200w\" sizes=\"auto, (max-width: 150px) 100vw, 150px\" \/><\/a>\n\t\t\t<\/div><\/figure><figure class='gallery-item'>\n\t\t\t<div class='gallery-icon landscape'>\n\t\t\t\t<a href=\"https:\/\/unser-quartier.de\/roehlinghausen\/zwar\/top-veranstaltungen\/in-2021\/fotogalerie-minigolf\/mini_golf_aug_2021-22\/#main\" data-wpel-link=\"internal\"><img loading=\"lazy\" decoding=\"async\" width=\"150\" height=\"84\" src=\"https:\/\/unser-quartier.de\/roehlinghausen\/files\/2021\/08\/mini_golf_aug_2021-22-150x84.jpg\" class=\"attachment-thumbnail size-thumbnail\" alt=\"\" srcset=\"https:\/\/unser-quartier.de\/roehlinghausen\/files\/2021\/08\/mini_golf_aug_2021-22-150x84.jpg 150w, https:\/\/unser-quartier.de\/roehlinghausen\/files\/2021\/08\/mini_golf_aug_2021-22-300x169.jpg 300w, https:\/\/unser-quartier.de\/roehlinghausen\/files\/2021\/08\/mini_golf_aug_2021-22-1024x576.jpg 1024w, https:\/\/unser-quartier.de\/roehlinghausen\/files\/2021\/08\/mini_golf_aug_2021-22-768x432.jpg 768w, https:\/\/unser-quartier.de\/roehlinghausen\/files\/2021\/08\/mini_golf_aug_2021-22.jpg 1200w\" sizes=\"auto, (max-width: 150px) 100vw, 150px\" \/><\/a>\n\t\t\t<\/div><\/figure>\n\t\t<\/div>\n\n","protected":false},"excerpt":{"rendered":"<p>Das Ziel des Spiels ist, den Ball mit Hilfe des Schl\u00e4gers mit m\u00f6glichst wenigen Schl\u00e4gen in das Loch zu bewegen. Das haben wir geschafft und hatten viel Spass dabei.<\/p>\n","protected":false},"author":441,"featured_media":0,"parent":23359,"menu_order":4,"comment_status":"closed","ping_status":"closed","template":"","meta":{"generate_page_header":"","footnotes":""},"class_list":["post-23335","page","type-page","status-publish"],"_links":{"self":[{"href":"https:\/\/unser-quartier.de\/roehlinghausen\/wp-json\/wp\/v2\/pages\/23335","targetHints":{"allow":["GET"]}}],"collection":[{"href":"https:\/\/unser-quartier.de\/roehlinghausen\/wp-json\/wp\/v2\/pages"}],"about":[{"href":"https:\/\/unser-quartier.de\/roehlinghausen\/wp-json\/wp\/v2\/types\/page"}],"author":[{"embeddable":true,"href":"https:\/\/unser-quartier.de\/roehlinghausen\/wp-json\/wp\/v2\/users\/441"}],"replies":[{"embeddable":true,"href":"https:\/\/unser-quartier.de\/roehlinghausen\/wp-json\/wp\/v2\/comments?post=23335"}],"version-history":[{"count":1,"href":"https:\/\/unser-quartier.de\/roehlinghausen\/wp-json\/wp\/v2\/pages\/23335\/revisions"}],"predecessor-version":[{"id":29199,"href":"https:\/\/unser-quartier.de\/roehlinghausen\/wp-json\/wp\/v2\/pages\/23335\/revisions\/29199"}],"up":[{"embeddable":true,"href":"https:\/\/unser-quartier.de\/roehlinghausen\/wp-json\/wp\/v2\/pages\/23359"}],"wp:attachment":[{"href":"https:\/\/unser-quartier.de\/roehlinghausen\/wp-json\/wp\/v2\/media?parent=23335"}],"curies":[{"name":"wp","href":"https:\/\/api.w.org\/{rel}","templated":true}]}}