{"id":23359,"date":"2021-08-18T17:21:59","date_gmt":"2021-08-18T15:21:59","guid":{"rendered":"https:\/\/unser-quartier.de\/roehlinghausen\/?page_id=23359"},"modified":"2025-03-02T10:46:07","modified_gmt":"2025-03-02T09:46:07","slug":"in-2021","status":"publish","type":"page","link":"https:\/\/unser-quartier.de\/roehlinghausen\/zwar\/top-veranstaltungen\/in-2021\/","title":{"rendered":"In 2021"},"content":{"rendered":"<p><strong>Tag der Nachbarn 2021<br \/>\n<\/strong>Freitag 28.05.2021<br \/>\nEin sonniger Tag, wir waren dabei am Tag der Nachbarn und haben mit unseren Blumengr\u00fc\u00dfen ein L\u00e4cheln in die Gesichter gezaubert\u2026 es hat Spa\u00df gemacht.<\/p>\n<div id='gallery-1' class='gallery galleryid-23359 gallery-columns-3 gallery-size-thumbnail'><figure class='gallery-item'>\n\t\t\t<div class='gallery-icon portrait'>\n\t\t\t\t<a href=\"https:\/\/unser-quartier.de\/roehlinghausen\/zwar_28-05-2021\/\" data-wpel-link=\"internal\"><img loading=\"lazy\" decoding=\"async\" width=\"150\" height=\"193\" src=\"https:\/\/unser-quartier.de\/roehlinghausen\/files\/2021\/05\/zwar_28.05.2021-150x193.jpg\" class=\"attachment-thumbnail size-thumbnail\" alt=\"Luftballons und bunte Plakate\" aria-describedby=\"gallery-1-22851\" srcset=\"https:\/\/unser-quartier.de\/roehlinghausen\/files\/2021\/05\/zwar_28.05.2021-150x193.jpg 150w, https:\/\/unser-quartier.de\/roehlinghausen\/files\/2021\/05\/zwar_28.05.2021-300x386.jpg 300w, https:\/\/unser-quartier.de\/roehlinghausen\/files\/2021\/05\/zwar_28.05.2021-795x1024.jpg 795w, https:\/\/unser-quartier.de\/roehlinghausen\/files\/2021\/05\/zwar_28.05.2021-768x989.jpg 768w, https:\/\/unser-quartier.de\/roehlinghausen\/files\/2021\/05\/zwar_28.05.2021.jpg 903w\" sizes=\"auto, (max-width: 150px) 100vw, 150px\" \/><\/a>\n\t\t\t<\/div>\n\t\t\t\t<figcaption class='wp-caption-text gallery-caption' id='gallery-1-22851'>\n\t\t\t\tunsere Infotafel\n\t\t\t\t<\/figcaption><\/figure><figure class='gallery-item'>\n\t\t\t<div class='gallery-icon landscape'>\n\t\t\t\t<a href=\"https:\/\/unser-quartier.de\/roehlinghausen\/blumen_zu_mitnehmen\/\" data-wpel-link=\"internal\"><img loading=\"lazy\" decoding=\"async\" width=\"150\" height=\"121\" src=\"https:\/\/unser-quartier.de\/roehlinghausen\/files\/2021\/05\/blumen_zu_mitnehmen-150x121.jpg\" class=\"attachment-thumbnail size-thumbnail\" alt=\"der Blumentisch\" aria-describedby=\"gallery-1-22850\" srcset=\"https:\/\/unser-quartier.de\/roehlinghausen\/files\/2021\/05\/blumen_zu_mitnehmen-150x121.jpg 150w, https:\/\/unser-quartier.de\/roehlinghausen\/files\/2021\/05\/blumen_zu_mitnehmen-300x242.jpg 300w, https:\/\/unser-quartier.de\/roehlinghausen\/files\/2021\/05\/blumen_zu_mitnehmen-1024x825.jpg 1024w, https:\/\/unser-quartier.de\/roehlinghausen\/files\/2021\/05\/blumen_zu_mitnehmen-768x619.jpg 768w, https:\/\/unser-quartier.de\/roehlinghausen\/files\/2021\/05\/blumen_zu_mitnehmen.jpg 1200w\" sizes=\"auto, (max-width: 150px) 100vw, 150px\" \/><\/a>\n\t\t\t<\/div>\n\t\t\t\t<figcaption class='wp-caption-text gallery-caption' id='gallery-1-22850'>\n\t\t\t\tRosen und Gartenpflanzen \n\t\t\t\t<\/figcaption><\/figure><figure class='gallery-item'>\n\t\t\t<div class='gallery-icon landscape'>\n\t\t\t\t<a href=\"https:\/\/unser-quartier.de\/roehlinghausen\/besucher_am_stand\/\" data-wpel-link=\"internal\"><img loading=\"lazy\" decoding=\"async\" width=\"150\" height=\"94\" src=\"https:\/\/unser-quartier.de\/roehlinghausen\/files\/2021\/05\/besucher_am_stand-150x94.jpg\" class=\"attachment-thumbnail size-thumbnail\" alt=\"Unterhaltungen\" aria-describedby=\"gallery-1-22849\" srcset=\"https:\/\/unser-quartier.de\/roehlinghausen\/files\/2021\/05\/besucher_am_stand-150x94.jpg 150w, https:\/\/unser-quartier.de\/roehlinghausen\/files\/2021\/05\/besucher_am_stand-300x188.jpg 300w, https:\/\/unser-quartier.de\/roehlinghausen\/files\/2021\/05\/besucher_am_stand-1024x640.jpg 1024w, https:\/\/unser-quartier.de\/roehlinghausen\/files\/2021\/05\/besucher_am_stand-768x480.jpg 768w, https:\/\/unser-quartier.de\/roehlinghausen\/files\/2021\/05\/besucher_am_stand.jpg 1200w\" sizes=\"auto, (max-width: 150px) 100vw, 150px\" \/><\/a>\n\t\t\t<\/div>\n\t\t\t\t<figcaption class='wp-caption-text gallery-caption' id='gallery-1-22849'>\n\t\t\t\trege Gespr\u00e4che untereinander\n\t\t\t\t<\/figcaption><\/figure><figure class='gallery-item'>\n\t\t\t<div class='gallery-icon landscape'>\n\t\t\t\t<a href=\"https:\/\/unser-quartier.de\/roehlinghausen\/zwar\/top-veranstaltungen\/tag_der_nachbarn_2021\/#main\" data-wpel-link=\"internal\"><img loading=\"lazy\" decoding=\"async\" width=\"150\" height=\"111\" src=\"https:\/\/unser-quartier.de\/roehlinghausen\/files\/2021\/05\/tag_der_nachbarn_2021-150x111.jpg\" class=\"attachment-thumbnail size-thumbnail\" alt=\"Nachbarschaftsfest\" aria-describedby=\"gallery-1-22846\" srcset=\"https:\/\/unser-quartier.de\/roehlinghausen\/files\/2021\/05\/tag_der_nachbarn_2021-150x111.jpg 150w, https:\/\/unser-quartier.de\/roehlinghausen\/files\/2021\/05\/tag_der_nachbarn_2021-300x222.jpg 300w, https:\/\/unser-quartier.de\/roehlinghausen\/files\/2021\/05\/tag_der_nachbarn_2021-1024x758.jpg 1024w, https:\/\/unser-quartier.de\/roehlinghausen\/files\/2021\/05\/tag_der_nachbarn_2021-768x568.jpg 768w, https:\/\/unser-quartier.de\/roehlinghausen\/files\/2021\/05\/tag_der_nachbarn_2021.jpg 1200w\" sizes=\"auto, (max-width: 150px) 100vw, 150px\" \/><\/a>\n\t\t\t<\/div>\n\t\t\t\t<figcaption class='wp-caption-text gallery-caption' id='gallery-1-22846'>\n\t\t\t\tBlumenverschenkaktion zum Tag der Nachbarn\n\t\t\t\t<\/figcaption><\/figure>\n\t\t<\/div>\n\n<p>&nbsp;<\/p>\n<p><strong>Mittsommertag im Therapiegarten<br \/>\n<\/strong>Samstag 26.06.2021<br \/>\nmit Klick auf das Bild zur Galerie<\/p>\n<figure id=\"attachment_23035\" aria-describedby=\"caption-attachment-23035\" style=\"width: 1014px\" class=\"wp-caption aligncenter\"><a href=\"https:\/\/unser-quartier.de\/roehlinghausen\/zwar\/top-veranstaltungen\/in-2021\/der-schwedischste-aller-feiertage-in-roehlinghausen\/\" data-wpel-link=\"internal\"><img loading=\"lazy\" decoding=\"async\" id=\"longdesc-return-23035\" class=\"image-border wp-image-23035 size-large\" tabindex=\"-1\" src=\"https:\/\/unser-quartier.de\/roehlinghausen\/files\/2021\/07\/mittsommer_2021-1024x768.jpg\" alt=\"ein Getr\u00e4nk zur Feier\" width=\"1024\" height=\"768\" longdesc=\"https:\/\/unser-quartier.de\/roehlinghausen?longdesc=23035&amp;referrer=23359\" srcset=\"https:\/\/unser-quartier.de\/roehlinghausen\/files\/2021\/07\/mittsommer_2021-1024x768.jpg 1024w, https:\/\/unser-quartier.de\/roehlinghausen\/files\/2021\/07\/mittsommer_2021-300x225.jpg 300w, https:\/\/unser-quartier.de\/roehlinghausen\/files\/2021\/07\/mittsommer_2021-150x113.jpg 150w, https:\/\/unser-quartier.de\/roehlinghausen\/files\/2021\/07\/mittsommer_2021-768x576.jpg 768w, https:\/\/unser-quartier.de\/roehlinghausen\/files\/2021\/07\/mittsommer_2021.jpg 1200w\" sizes=\"auto, (max-width: 1024px) 100vw, 1024px\" \/><\/a><figcaption id=\"caption-attachment-23035\" class=\"wp-caption-text\">Erfrischendes zum Mittsommertag<\/figcaption><\/figure>\n<p>&nbsp;<\/p>\n<p><strong>Minigolf<br \/>\n<\/strong>Mittwoch 28.07.2021<br \/>\nmit Klick auf das Bild zur Galerie<strong><br \/>\n<\/strong><\/p>\n<figure id=\"attachment_23337\" aria-describedby=\"caption-attachment-23337\" style=\"width: 1014px\" class=\"wp-caption aligncenter\"><a href=\"https:\/\/unser-quartier.de\/roehlinghausen\/zwar\/top-veranstaltungen\/in-2021\/fotogalerie-minigolf\/\" data-wpel-link=\"internal\"><img loading=\"lazy\" decoding=\"async\" id=\"longdesc-return-23337\" class=\"image-border wp-image-23337 size-large\" tabindex=\"-1\" src=\"https:\/\/unser-quartier.de\/roehlinghausen\/files\/2021\/08\/mini_golf_aug_2021-2-1024x577.jpg\" alt=\"Gruppenfoto der Minigolf Teilnehmer\" width=\"1024\" height=\"577\" longdesc=\"https:\/\/unser-quartier.de\/roehlinghausen?longdesc=23337&amp;referrer=23359\" srcset=\"https:\/\/unser-quartier.de\/roehlinghausen\/files\/2021\/08\/mini_golf_aug_2021-2-1024x577.jpg 1024w, https:\/\/unser-quartier.de\/roehlinghausen\/files\/2021\/08\/mini_golf_aug_2021-2-300x169.jpg 300w, https:\/\/unser-quartier.de\/roehlinghausen\/files\/2021\/08\/mini_golf_aug_2021-2-150x84.jpg 150w, https:\/\/unser-quartier.de\/roehlinghausen\/files\/2021\/08\/mini_golf_aug_2021-2-768x432.jpg 768w, https:\/\/unser-quartier.de\/roehlinghausen\/files\/2021\/08\/mini_golf_aug_2021-2.jpg 1085w\" sizes=\"auto, (max-width: 1024px) 100vw, 1024px\" \/><\/a><figcaption id=\"caption-attachment-23337\" class=\"wp-caption-text\">Minigolf Teilnehmer*innen<\/figcaption><\/figure>\n<p>&nbsp;<\/p>\n<p><strong>G\u00e4rtnern im DRK-Therapiegarten<\/strong><br \/>\nMontag 09. und Dienstag 10.08.2021<br \/>\nmit Klick auf das Bild zur Galerie<\/p>\n<figure id=\"attachment_23372\" aria-describedby=\"caption-attachment-23372\" style=\"width: 1014px\" class=\"wp-caption aligncenter\"><a href=\"https:\/\/unser-quartier.de\/roehlinghausen\/zwar\/top-veranstaltungen\/in-2021\/gartenarbeit-im-therapiegarten\/\" data-wpel-link=\"internal\"><img loading=\"lazy\" decoding=\"async\" class=\"image-border wp-image-23372 size-large\" src=\"https:\/\/unser-quartier.de\/roehlinghausen\/files\/2021\/08\/drk_therapiegarten_08_2021-1-1024x576.jpg\" alt=\"g\u00e4rnern im Therapiegarten\" width=\"1024\" height=\"576\" srcset=\"https:\/\/unser-quartier.de\/roehlinghausen\/files\/2021\/08\/drk_therapiegarten_08_2021-1-1024x576.jpg 1024w, https:\/\/unser-quartier.de\/roehlinghausen\/files\/2021\/08\/drk_therapiegarten_08_2021-1-300x169.jpg 300w, https:\/\/unser-quartier.de\/roehlinghausen\/files\/2021\/08\/drk_therapiegarten_08_2021-1-150x84.jpg 150w, https:\/\/unser-quartier.de\/roehlinghausen\/files\/2021\/08\/drk_therapiegarten_08_2021-1-768x432.jpg 768w, https:\/\/unser-quartier.de\/roehlinghausen\/files\/2021\/08\/drk_therapiegarten_08_2021-1.jpg 1200w\" sizes=\"auto, (max-width: 1024px) 100vw, 1024px\" \/><\/a><figcaption id=\"caption-attachment-23372\" class=\"wp-caption-text\">sieht ja schon recht ordentlich aus<\/figcaption><\/figure>\n<p>&nbsp;<\/p>\n<p><strong>Cranger Kirmes Ged\u00e4chtnistreffen<\/strong> <br \/>\nFreitag 13.08.2021<\/p>\n<div id='gallery-2' class='gallery galleryid-23359 gallery-columns-3 gallery-size-thumbnail'><figure class='gallery-item'>\n\t\t\t<div class='gallery-icon landscape'>\n\t\t\t\t<a href=\"https:\/\/unser-quartier.de\/roehlinghausen\/zwar\/top-veranstaltungen\/in-2021\/crange_13-08-1\/#main\" data-wpel-link=\"internal\"><img loading=\"lazy\" decoding=\"async\" width=\"150\" height=\"84\" src=\"https:\/\/unser-quartier.de\/roehlinghausen\/files\/2021\/08\/crange_13.08-1-150x84.jpg\" class=\"attachment-thumbnail size-thumbnail\" alt=\"\" aria-describedby=\"gallery-2-23416\" srcset=\"https:\/\/unser-quartier.de\/roehlinghausen\/files\/2021\/08\/crange_13.08-1-150x84.jpg 150w, https:\/\/unser-quartier.de\/roehlinghausen\/files\/2021\/08\/crange_13.08-1-300x169.jpg 300w, https:\/\/unser-quartier.de\/roehlinghausen\/files\/2021\/08\/crange_13.08-1-1024x576.jpg 1024w, https:\/\/unser-quartier.de\/roehlinghausen\/files\/2021\/08\/crange_13.08-1-768x432.jpg 768w, https:\/\/unser-quartier.de\/roehlinghausen\/files\/2021\/08\/crange_13.08-1.jpg 1200w\" sizes=\"auto, (max-width: 150px) 100vw, 150px\" \/><\/a>\n\t\t\t<\/div>\n\t\t\t\t<figcaption class='wp-caption-text gallery-caption' id='gallery-2-23416'>\n\t\t\t\tein Prosit auf Crange\n\t\t\t\t<\/figcaption><\/figure><figure class='gallery-item'>\n\t\t\t<div class='gallery-icon landscape'>\n\t\t\t\t<a href=\"https:\/\/unser-quartier.de\/roehlinghausen\/zwar\/top-veranstaltungen\/in-2021\/crange_13-08-2\/#main\" data-wpel-link=\"internal\"><img loading=\"lazy\" decoding=\"async\" width=\"150\" height=\"84\" src=\"https:\/\/unser-quartier.de\/roehlinghausen\/files\/2021\/08\/crange_13.08-2-150x84.jpg\" class=\"attachment-thumbnail size-thumbnail\" alt=\"\" aria-describedby=\"gallery-2-23417\" srcset=\"https:\/\/unser-quartier.de\/roehlinghausen\/files\/2021\/08\/crange_13.08-2-150x84.jpg 150w, https:\/\/unser-quartier.de\/roehlinghausen\/files\/2021\/08\/crange_13.08-2-300x168.jpg 300w, https:\/\/unser-quartier.de\/roehlinghausen\/files\/2021\/08\/crange_13.08-2-1024x573.jpg 1024w, https:\/\/unser-quartier.de\/roehlinghausen\/files\/2021\/08\/crange_13.08-2-768x429.jpg 768w, https:\/\/unser-quartier.de\/roehlinghausen\/files\/2021\/08\/crange_13.08-2.jpg 1200w\" sizes=\"auto, (max-width: 150px) 100vw, 150px\" \/><\/a>\n\t\t\t<\/div>\n\t\t\t\t<figcaption class='wp-caption-text gallery-caption' id='gallery-2-23417'>\n\t\t\t\tsch\u00f6n wieder zusammen zu sein\n\t\t\t\t<\/figcaption><\/figure>\n\t\t<\/div>\n\n","protected":false},"excerpt":{"rendered":"<p>Tag der Nachbarn 2021 Freitag 28.05.2021 Ein sonniger Tag, wir waren dabei am Tag der Nachbarn und haben mit unseren Blumengr\u00fc\u00dfen ein L\u00e4cheln in die Gesichter gezaubert\u2026 es hat Spa\u00df gemacht. &nbsp; Mittsommertag im Therapiegarten Samstag 26.06.2021 mit Klick auf das Bild zur Galerie &nbsp; Minigolf Mittwoch 28.07.2021 mit Klick auf das Bild zur Galerie&hellip; <a class=\"continue\" href=\"https:\/\/unser-quartier.de\/roehlinghausen\/zwar\/top-veranstaltungen\/in-2021\/\" data-wpel-link=\"internal\">\u2192 weiter lesen:<span> In 2021<\/span><\/a><\/p>\n","protected":false},"author":441,"featured_media":0,"parent":8701,"menu_order":5,"comment_status":"closed","ping_status":"closed","template":"","meta":{"generate_page_header":"","footnotes":""},"class_list":["post-23359","page","type-page","status-publish"],"_links":{"self":[{"href":"https:\/\/unser-quartier.de\/roehlinghausen\/wp-json\/wp\/v2\/pages\/23359","targetHints":{"allow":["GET"]}}],"collection":[{"href":"https:\/\/unser-quartier.de\/roehlinghausen\/wp-json\/wp\/v2\/pages"}],"about":[{"href":"https:\/\/unser-quartier.de\/roehlinghausen\/wp-json\/wp\/v2\/types\/page"}],"author":[{"embeddable":true,"href":"https:\/\/unser-quartier.de\/roehlinghausen\/wp-json\/wp\/v2\/users\/441"}],"replies":[{"embeddable":true,"href":"https:\/\/unser-quartier.de\/roehlinghausen\/wp-json\/wp\/v2\/comments?post=23359"}],"version-history":[{"count":1,"href":"https:\/\/unser-quartier.de\/roehlinghausen\/wp-json\/wp\/v2\/pages\/23359\/revisions"}],"predecessor-version":[{"id":29198,"href":"https:\/\/unser-quartier.de\/roehlinghausen\/wp-json\/wp\/v2\/pages\/23359\/revisions\/29198"}],"up":[{"embeddable":true,"href":"https:\/\/unser-quartier.de\/roehlinghausen\/wp-json\/wp\/v2\/pages\/8701"}],"wp:attachment":[{"href":"https:\/\/unser-quartier.de\/roehlinghausen\/wp-json\/wp\/v2\/media?parent=23359"}],"curies":[{"name":"wp","href":"https:\/\/api.w.org\/{rel}","templated":true}]}}