{"id":23522,"date":"2021-10-03T07:51:15","date_gmt":"2021-10-03T05:51:15","guid":{"rendered":"https:\/\/unser-quartier.de\/roehlinghausen\/?page_id=23522"},"modified":"2025-03-02T10:21:09","modified_gmt":"2025-03-02T09:21:09","slug":"selbsthilfenews-app","status":"publish","type":"page","link":"https:\/\/unser-quartier.de\/roehlinghausen\/buez-selbsthilfe-in-herne\/selbsthilfenews-app\/","title":{"rendered":"SelbsthilfeNews App"},"content":{"rendered":"<p><b>Die \u201eSelbsthilfeNews Herne\u201c &#8211; Mitmachen ist ausdr\u00fccklich erw\u00fcnscht! <br \/>\n<\/b>Die \u201eSelbsthilfeNews Herne\u201c-auch als App auf Ihrem Smartphone verf\u00fcgbar- erscheinen unter der Redaktion des B\u00fcrger-Selbsthilfe-Zentrums alle zwei Monate. Sie informieren \u00fcber Wissenswertes wie z. B. die Gr\u00fcndung neuer Selbsthilfegruppen, Aktuelles aus der Gesundheitsf\u00f6rderung in Herne, \u00fcber neue Projekte und Veranstaltungen sowie viele wertvolle Erfahrungen aus der Selbsthilfe.<\/p>\n<p>Jetzt kostenlos abonnieren! Der Online-Newsletter ist auch als <br \/>\n<a href=\"https:\/\/www.selbsthilfe-news.de\/app\/\" data-wpel-link=\"external\" target=\"_blank\" rel=\"follow external noopener noreferrer\" title=\"Externer Link: \" class=\"ext-link wpel-icon-right\">App auf Ihrem Smartphone<span class=\"wpel-icon wpel-image wpel-icon-6\"><\/span><\/a> <br \/>\nverf\u00fcgbar. Melden Sie sich einfach \u00fcber die Internetseite <br \/>\n<a class=\"ext-link wpel-icon-right\" title=\"Externer Link: Externer Link: \" href=\"https:\/\/www.selbsthilfe-news.de\/\" rel=\"noopener external noreferrer follow\" data-wpel-link=\"external\" target=\"_blank\"> www.selbsthilfe-news.de<span class=\"wpel-icon wpel-image wpel-icon-6\"><\/span><\/a>\u00a0 <br \/>\nf\u00fcr den Online Selbsthilfe-Newsletter Herne mit Ihrer Mailadresse pers\u00f6nlich an. Nach erfolgreicher Anmeldung erhalten Sie den Newsletter <b>ab 15. Oktober 2021 und danach alle 2 Monate, immer ab dem 15. des Monats.<\/b> <br \/>\nWenn Ihnen der Newsletter gef\u00e4llt, d\u00fcrfen Sie ihn gern weiterempfehlen: an Ihre Gruppenmitglieder, Freunde und Bekannte und \/oder an Gesundheitseinrichtungen und F\u00f6rderer der Selbsthilfe.<br \/>\nNutzen Sie weitere Hinweise in unserem <a class=\"mtli_attachment mtli_pdf ext-link wpel-icon-right mtli_attachment mtli_pdf\" title=\"Externer Link: Externer Link: \" href=\"https:\/\/www.herne.de\/PDF\/Gesundheit\/Selbsthilfe\/SelbsthilfeNews_Faltblatt_Herne.pdf\" rel=\"noopener external noreferrer follow\" data-wpel-link=\"external\" target=\"_blank\"> Flyer (PDF, 3.071 KB)<span class=\"wpel-icon wpel-image wpel-icon-6\"><\/span><\/a><\/p>\n<p><strong>Mitmachen ausdr\u00fccklich erw\u00fcnscht.<\/strong><\/p>\n<ul>\n<li>M\u00f6chten Sie Ihre Selbsthilfegruppe und Ihre ehrenamtliche Arbeit vorstellen?<\/li>\n<li>Sind Sie interessiert, als selbsthilfefreundliche Einrichtung Ihre Themen und Texte zu pr\u00e4sentieren?<\/li>\n<li>Haben Sie eine Veranstaltung (gern online) anzubieten, die f\u00fcr die Selbsthilfe interessant ist?<\/li>\n<\/ul>\n<p>Wenn Sie Ihre Selbsthilfegruppe im Newsletter vorstellen oder Themenvorschl\u00e4ge und Veranstaltungshinweise Ihrer Gruppe oder Ihrer Organisation und Einrichtung ver\u00f6ffentlichen m\u00f6chten, wenden Sie sich bitte an das B\u00fcZ <a href=\"mailto:info@buez-herne.de\">info@buez-herne.de<\/a> , oder Telefon: 0 23 23 \/ 16 \u2013 3636. Nutzen Sie diesen Newsletter als gemeinsame Informations-Plattform f\u00fcr Selbsthilfe und b\u00fcrgerschaftliches Engagement.\u00a0<\/p>\n<p><a href=\"https:\/\/www.selbsthilfe-news.de\/\" data-wpel-link=\"external\" target=\"_blank\" rel=\"follow external noopener noreferrer\" title=\"Externer Link: \" class=\"ext-link\"><img loading=\"lazy\" decoding=\"async\" class=\"alignleft wp-image-23527 size-full\" src=\"https:\/\/unser-quartier.de\/roehlinghausen\/files\/2021\/10\/app_anmelden.png\" alt=\"\" width=\"627\" height=\"96\" srcset=\"https:\/\/unser-quartier.de\/roehlinghausen\/files\/2021\/10\/app_anmelden.png 627w, https:\/\/unser-quartier.de\/roehlinghausen\/files\/2021\/10\/app_anmelden-300x46.png 300w, https:\/\/unser-quartier.de\/roehlinghausen\/files\/2021\/10\/app_anmelden-150x23.png 150w\" sizes=\"auto, (max-width: 627px) 100vw, 627px\" \/><\/a><\/p>\n<p>&nbsp;<\/p>\n<p>&nbsp;<\/p>\n<p>&nbsp;<\/p>\n","protected":false},"excerpt":{"rendered":"<p>Die \u201eSelbsthilfeNews Herne\u201c &#8211; Mitmachen ist ausdr\u00fccklich erw\u00fcnscht! Die \u201eSelbsthilfeNews Herne\u201c-auch als App auf Ihrem Smartphone verf\u00fcgbar- erscheinen unter der Redaktion des B\u00fcrger-Selbsthilfe-Zentrums alle zwei Monate. Sie informieren \u00fcber Wissenswertes wie z. B. die Gr\u00fcndung neuer Selbsthilfegruppen, Aktuelles aus der Gesundheitsf\u00f6rderung in Herne, \u00fcber neue Projekte und Veranstaltungen sowie viele wertvolle Erfahrungen aus der Selbsthilfe.&hellip; <a class=\"continue\" href=\"https:\/\/unser-quartier.de\/roehlinghausen\/buez-selbsthilfe-in-herne\/selbsthilfenews-app\/\" data-wpel-link=\"internal\">\u2192 weiter lesen:<span> SelbsthilfeNews App<\/span><\/a><\/p>\n","protected":false},"author":441,"featured_media":0,"parent":23512,"menu_order":2,"comment_status":"closed","ping_status":"closed","template":"","meta":{"generate_page_header":"","footnotes":""},"class_list":["post-23522","page","type-page","status-publish"],"_links":{"self":[{"href":"https:\/\/unser-quartier.de\/roehlinghausen\/wp-json\/wp\/v2\/pages\/23522","targetHints":{"allow":["GET"]}}],"collection":[{"href":"https:\/\/unser-quartier.de\/roehlinghausen\/wp-json\/wp\/v2\/pages"}],"about":[{"href":"https:\/\/unser-quartier.de\/roehlinghausen\/wp-json\/wp\/v2\/types\/page"}],"author":[{"embeddable":true,"href":"https:\/\/unser-quartier.de\/roehlinghausen\/wp-json\/wp\/v2\/users\/441"}],"replies":[{"embeddable":true,"href":"https:\/\/unser-quartier.de\/roehlinghausen\/wp-json\/wp\/v2\/comments?post=23522"}],"version-history":[{"count":1,"href":"https:\/\/unser-quartier.de\/roehlinghausen\/wp-json\/wp\/v2\/pages\/23522\/revisions"}],"predecessor-version":[{"id":29190,"href":"https:\/\/unser-quartier.de\/roehlinghausen\/wp-json\/wp\/v2\/pages\/23522\/revisions\/29190"}],"up":[{"embeddable":true,"href":"https:\/\/unser-quartier.de\/roehlinghausen\/wp-json\/wp\/v2\/pages\/23512"}],"wp:attachment":[{"href":"https:\/\/unser-quartier.de\/roehlinghausen\/wp-json\/wp\/v2\/media?parent=23522"}],"curies":[{"name":"wp","href":"https:\/\/api.w.org\/{rel}","templated":true}]}}