{"id":23917,"date":"2022-02-19T22:14:42","date_gmt":"2022-02-19T21:14:42","guid":{"rendered":"https:\/\/unser-quartier.de\/roehlinghausen\/?page_id=23917"},"modified":"2026-03-21T19:18:25","modified_gmt":"2026-03-21T18:18:25","slug":"audiotour-3","status":"publish","type":"page","link":"https:\/\/unser-quartier.de\/roehlinghausen\/hoemma-herne\/audiotour-3\/","title":{"rendered":"Audiotour 3"},"content":{"rendered":"<div class=\"wp-block-image\">\n<figure id=\"attachment_23934\" aria-describedby=\"caption-attachment-23934\" style=\"width: 290px\" class=\"wp-caption alignnone\"><img loading=\"lazy\" decoding=\"async\" class=\"wpa-warning wpa-image-missing-alt wp-image-23934 size-medium\" src=\"https:\/\/unser-quartier.de\/roehlinghausen\/files\/2022\/02\/koran-300x169.jpg\" alt=\"\" width=\"300\" height=\"169\" data-warning=\"Missing alt text\" srcset=\"https:\/\/unser-quartier.de\/roehlinghausen\/files\/2022\/02\/koran-300x169.jpg 300w, https:\/\/unser-quartier.de\/roehlinghausen\/files\/2022\/02\/koran-1024x576.jpg 1024w, https:\/\/unser-quartier.de\/roehlinghausen\/files\/2022\/02\/koran-150x84.jpg 150w, https:\/\/unser-quartier.de\/roehlinghausen\/files\/2022\/02\/koran-768x432.jpg 768w, https:\/\/unser-quartier.de\/roehlinghausen\/files\/2022\/02\/koran.jpg 1200w\" sizes=\"auto, (max-width: 300px) 100vw, 300px\" \/><figcaption id=\"caption-attachment-23934\" class=\"wp-caption-text\">Koran<\/figcaption><\/figure>\n<\/div>\n<h2>Wanne &#8222;InterkulTOUR&#8220;<\/h2>\n<p>Zum Reinh\u00f6ren die <a href=\"https:\/\/hoemma-herne.de\/tour-5-wanne-interkultour\" data-wpel-link=\"external\" target=\"_blank\" rel=\"follow external noopener noreferrer\" title=\"Externer Link: \" class=\"ext-link wpel-icon-right\">Audiospur &#8222;InterkulTOUR&#8220;<span class=\"wpel-icon wpel-image wpel-icon-6\"><\/span><\/a> alle f\u00fcnf Stationen,<\/p>\n<p>Lesen Sie unseren Beitrag. <a href=\"https:\/\/unser-quartier.de\/roehlinghausen\/2022\/02\/wanne-interkultour\/\" data-wpel-link=\"internal\">Eine Stadtgeschichte H\u00f6mma Herne<\/a><\/p>\n","protected":false},"excerpt":{"rendered":"<p>Wanne &#8222;InterkulTOUR&#8220; Zum Reinh\u00f6ren die Audiospur &#8222;InterkulTOUR&#8220; alle f\u00fcnf Stationen, Lesen Sie unseren Beitrag. Eine Stadtgeschichte H\u00f6mma Herne<\/p>\n","protected":false},"author":441,"featured_media":0,"parent":23851,"menu_order":3,"comment_status":"closed","ping_status":"closed","template":"","meta":{"generate_page_header":"","footnotes":""},"class_list":["post-23917","page","type-page","status-publish"],"_links":{"self":[{"href":"https:\/\/unser-quartier.de\/roehlinghausen\/wp-json\/wp\/v2\/pages\/23917","targetHints":{"allow":["GET"]}}],"collection":[{"href":"https:\/\/unser-quartier.de\/roehlinghausen\/wp-json\/wp\/v2\/pages"}],"about":[{"href":"https:\/\/unser-quartier.de\/roehlinghausen\/wp-json\/wp\/v2\/types\/page"}],"author":[{"embeddable":true,"href":"https:\/\/unser-quartier.de\/roehlinghausen\/wp-json\/wp\/v2\/users\/441"}],"replies":[{"embeddable":true,"href":"https:\/\/unser-quartier.de\/roehlinghausen\/wp-json\/wp\/v2\/comments?post=23917"}],"version-history":[{"count":3,"href":"https:\/\/unser-quartier.de\/roehlinghausen\/wp-json\/wp\/v2\/pages\/23917\/revisions"}],"predecessor-version":[{"id":31822,"href":"https:\/\/unser-quartier.de\/roehlinghausen\/wp-json\/wp\/v2\/pages\/23917\/revisions\/31822"}],"up":[{"embeddable":true,"href":"https:\/\/unser-quartier.de\/roehlinghausen\/wp-json\/wp\/v2\/pages\/23851"}],"wp:attachment":[{"href":"https:\/\/unser-quartier.de\/roehlinghausen\/wp-json\/wp\/v2\/media?parent=23917"}],"curies":[{"name":"wp","href":"https:\/\/api.w.org\/{rel}","templated":true}]}}