{"id":24224,"date":"2022-05-29T10:13:16","date_gmt":"2022-05-29T08:13:16","guid":{"rendered":"https:\/\/unser-quartier.de\/roehlinghausen\/?page_id=24224"},"modified":"2025-03-18T21:57:29","modified_gmt":"2025-03-18T20:57:29","slug":"unsere-kleinen-radtouren-2022","status":"publish","type":"page","link":"https:\/\/unser-quartier.de\/roehlinghausen\/zwar\/gruppe-radfahren\/unsere-kleinen-radtouren-2022\/","title":{"rendered":"Unsere kleinen Radtouren 2022"},"content":{"rendered":"<p><strong>Eine kleine Radtour am 14.05.2022<\/strong><\/p>\n<div>\n<figure id=\"attachment_24226\" aria-describedby=\"caption-attachment-24226\" style=\"width: 1014px\" class=\"wp-caption aligncenter\"><a href=\"https:\/\/unser-quartier.de\/roehlinghausen\/?attachment_id=24226#main\" data-wpel-link=\"internal\"><img loading=\"lazy\" decoding=\"async\" class=\"wp-image-24226 size-large\" src=\"https:\/\/unser-quartier.de\/roehlinghausen\/files\/2022\/05\/20220514_radtour-1024x576.jpg\" alt=\"Ein Bild der Fahrradfreunde\" width=\"1024\" height=\"576\" srcset=\"https:\/\/unser-quartier.de\/roehlinghausen\/files\/2022\/05\/20220514_radtour-1024x576.jpg 1024w, https:\/\/unser-quartier.de\/roehlinghausen\/files\/2022\/05\/20220514_radtour-300x169.jpg 300w, https:\/\/unser-quartier.de\/roehlinghausen\/files\/2022\/05\/20220514_radtour-150x84.jpg 150w, https:\/\/unser-quartier.de\/roehlinghausen\/files\/2022\/05\/20220514_radtour-768x432.jpg 768w, https:\/\/unser-quartier.de\/roehlinghausen\/files\/2022\/05\/20220514_radtour.jpg 1200w\" sizes=\"auto, (max-width: 1024px) 100vw, 1024px\" \/><\/a><figcaption id=\"caption-attachment-24226\" class=\"wp-caption-text\">v.l. Lothar, Barbara, Angelika und Ruth. Es fehlt der Fotograf Reinhard<\/figcaption><\/figure><br \/>\nWir fuhren heute zu f\u00fcnft bei super, sch\u00f6nen Fahrrad-Wetter und sehr wenig Verkehr, unsere Tour \u00fcber die Erzbahntrasse in Richtung Kanal. Von dort \u00fcber die Grimberger Sichel auf die andere Seite in den Resser-Wald! Es wehte eine leicht Briese, noch mit dem Fr\u00fchlingsduft des Waldes! Am liebsten w\u00e4ren wir immer nur im Kreis gefahren, um alles noch mehr zu genie\u00dfen. Die Pause am See war unser Zwischenstop! Gut gelaunt ging es weiter zur n\u00e4chsten Rast an der Zeche Ewald. Auf dem R\u00fcckweg fuhren wir nat\u00fcrlich an der Schleuse Crange vorbei und unterwegs holten wir uns noch ein leckeres Eis aus dem H\u00f6rnchen an der von uns angesteuerten Eisdiele! Einfach lecker! Es wurde eine fr\u00f6hliche Heimfahrt.<\/div>\n<div>Beitrag von Reinhard Sch\u00f6ngarth<\/div>\n","protected":false},"excerpt":{"rendered":"<p>Eine kleine Radtour am 14.05.2022 Wir fuhren heute zu f\u00fcnft bei super, sch\u00f6nen Fahrrad-Wetter und sehr wenig Verkehr, unsere Tour \u00fcber die Erzbahntrasse in Richtung Kanal. Von dort \u00fcber die Grimberger Sichel auf die andere Seite in den Resser-Wald! Es wehte eine leicht Briese, noch mit dem Fr\u00fchlingsduft des Waldes! Am liebsten w\u00e4ren wir immer&hellip; <a class=\"continue\" href=\"https:\/\/unser-quartier.de\/roehlinghausen\/zwar\/gruppe-radfahren\/unsere-kleinen-radtouren-2022\/\" data-wpel-link=\"internal\">\u2192 weiter lesen:<span> Unsere kleinen Radtouren 2022<\/span><\/a><\/p>\n","protected":false},"author":441,"featured_media":0,"parent":8032,"menu_order":3,"comment_status":"closed","ping_status":"closed","template":"","meta":{"generate_page_header":"","footnotes":""},"class_list":["post-24224","page","type-page","status-publish"],"_links":{"self":[{"href":"https:\/\/unser-quartier.de\/roehlinghausen\/wp-json\/wp\/v2\/pages\/24224","targetHints":{"allow":["GET"]}}],"collection":[{"href":"https:\/\/unser-quartier.de\/roehlinghausen\/wp-json\/wp\/v2\/pages"}],"about":[{"href":"https:\/\/unser-quartier.de\/roehlinghausen\/wp-json\/wp\/v2\/types\/page"}],"author":[{"embeddable":true,"href":"https:\/\/unser-quartier.de\/roehlinghausen\/wp-json\/wp\/v2\/users\/441"}],"replies":[{"embeddable":true,"href":"https:\/\/unser-quartier.de\/roehlinghausen\/wp-json\/wp\/v2\/comments?post=24224"}],"version-history":[{"count":1,"href":"https:\/\/unser-quartier.de\/roehlinghausen\/wp-json\/wp\/v2\/pages\/24224\/revisions"}],"predecessor-version":[{"id":29194,"href":"https:\/\/unser-quartier.de\/roehlinghausen\/wp-json\/wp\/v2\/pages\/24224\/revisions\/29194"}],"up":[{"embeddable":true,"href":"https:\/\/unser-quartier.de\/roehlinghausen\/wp-json\/wp\/v2\/pages\/8032"}],"wp:attachment":[{"href":"https:\/\/unser-quartier.de\/roehlinghausen\/wp-json\/wp\/v2\/media?parent=24224"}],"curies":[{"name":"wp","href":"https:\/\/api.w.org\/{rel}","templated":true}]}}