{"id":24893,"date":"2023-01-07T22:12:38","date_gmt":"2023-01-07T21:12:38","guid":{"rendered":"https:\/\/unser-quartier.de\/roehlinghausen\/?page_id=24893"},"modified":"2025-03-02T10:41:56","modified_gmt":"2025-03-02T09:41:56","slug":"gruppe-spaziergaenge","status":"publish","type":"page","link":"https:\/\/unser-quartier.de\/roehlinghausen\/zwar\/gruppe-spaziergaenge\/","title":{"rendered":"Gruppe Spazierg\u00e4nge"},"content":{"rendered":"<figure id=\"attachment_21493\" aria-describedby=\"caption-attachment-21493\" style=\"width: 1014px\" class=\"wp-caption aligncenter\"><img loading=\"lazy\" decoding=\"async\" id=\"longdesc-return-21493\" class=\"image-border wp-image-21493 size-large\" tabindex=\"-1\" src=\"https:\/\/unser-quartier.de\/roehlinghausen\/files\/2020\/02\/wandergruppe-1024x768.jpg\" alt=\"Spaziergang\" width=\"1024\" height=\"768\" longdesc=\"https:\/\/unser-quartier.de\/roehlinghausen?longdesc=21493&amp;referrer=24893\" srcset=\"https:\/\/unser-quartier.de\/roehlinghausen\/files\/2020\/02\/wandergruppe-1024x768.jpg 1024w, https:\/\/unser-quartier.de\/roehlinghausen\/files\/2020\/02\/wandergruppe-300x225.jpg 300w, https:\/\/unser-quartier.de\/roehlinghausen\/files\/2020\/02\/wandergruppe-150x113.jpg 150w, https:\/\/unser-quartier.de\/roehlinghausen\/files\/2020\/02\/wandergruppe-768x576.jpg 768w, https:\/\/unser-quartier.de\/roehlinghausen\/files\/2020\/02\/wandergruppe.jpg 1200w\" sizes=\"auto, (max-width: 1024px) 100vw, 1024px\" \/><figcaption id=\"caption-attachment-21493\" class=\"wp-caption-text\">Spaziergang mit der ZWAR Gruppe<\/figcaption><\/figure>\n<p>Heute am 07. Januar 2023 hat die Gruppe mit 12 Personen und einen Hund bei bestem Wetter ihren ersten Spaziergang gemacht. Anschlie\u00dfend wurde bei Kaffee und Kuchen f\u00fcr die Spazierg\u00e4nge ein 14-Tage-Rhythmus vereinbart. Der Treffpunkt ist vorerst das DRK Altenhilfezentrum in R\u00f6hlinghausen, Bergmannstr. 20, Samstags um 14 Uhr.<br \/>\nHier geht es zum <a href=\"https:\/\/unser-quartier.de\/roehlinghausen\/veranstaltungen\/kalenderblatt-farblich\/\" rel=\"nofollow\" data-wpel-link=\"internal\">Veranstaltungskalender<\/a><br \/>\nBei Fragen: <a href=\"mailto:edeltraut.krause@gmx.de\">edeltraut.krause@gmx.de<\/a> <br \/>\noder <a href=\"https:\/\/unser-quartier.de\/roehlinghausen\/kontakt\/\" data-wpel-link=\"internal\">Nehmen Sie Kontakt zu uns auf<\/a><\/p>\n","protected":false},"excerpt":{"rendered":"<p>Heute am 07. Januar 2023 hat die Gruppe mit 12 Personen und einen Hund bei bestem Wetter ihren ersten Spaziergang gemacht. Anschlie\u00dfend wurde bei Kaffee und Kuchen f\u00fcr die Spazierg\u00e4nge ein 14-Tage-Rhythmus vereinbart. Der Treffpunkt ist vorerst das DRK Altenhilfezentrum in R\u00f6hlinghausen, Bergmannstr. 20, Samstags um 14 Uhr. Hier geht es zum Veranstaltungskalender Bei Fragen:&hellip; <a class=\"continue\" href=\"https:\/\/unser-quartier.de\/roehlinghausen\/zwar\/gruppe-spaziergaenge\/\" data-wpel-link=\"internal\">\u2192 weiter lesen:<span> Gruppe Spazierg\u00e4nge<\/span><\/a><\/p>\n","protected":false},"author":441,"featured_media":0,"parent":7921,"menu_order":6,"comment_status":"closed","ping_status":"closed","template":"","meta":{"generate_page_header":"","footnotes":""},"class_list":["post-24893","page","type-page","status-publish"],"_links":{"self":[{"href":"https:\/\/unser-quartier.de\/roehlinghausen\/wp-json\/wp\/v2\/pages\/24893","targetHints":{"allow":["GET"]}}],"collection":[{"href":"https:\/\/unser-quartier.de\/roehlinghausen\/wp-json\/wp\/v2\/pages"}],"about":[{"href":"https:\/\/unser-quartier.de\/roehlinghausen\/wp-json\/wp\/v2\/types\/page"}],"author":[{"embeddable":true,"href":"https:\/\/unser-quartier.de\/roehlinghausen\/wp-json\/wp\/v2\/users\/441"}],"replies":[{"embeddable":true,"href":"https:\/\/unser-quartier.de\/roehlinghausen\/wp-json\/wp\/v2\/comments?post=24893"}],"version-history":[{"count":3,"href":"https:\/\/unser-quartier.de\/roehlinghausen\/wp-json\/wp\/v2\/pages\/24893\/revisions"}],"predecessor-version":[{"id":24905,"href":"https:\/\/unser-quartier.de\/roehlinghausen\/wp-json\/wp\/v2\/pages\/24893\/revisions\/24905"}],"up":[{"embeddable":true,"href":"https:\/\/unser-quartier.de\/roehlinghausen\/wp-json\/wp\/v2\/pages\/7921"}],"wp:attachment":[{"href":"https:\/\/unser-quartier.de\/roehlinghausen\/wp-json\/wp\/v2\/media?parent=24893"}],"curies":[{"name":"wp","href":"https:\/\/api.w.org\/{rel}","templated":true}]}}