{"id":25071,"date":"2023-02-19T20:02:29","date_gmt":"2023-02-19T19:02:29","guid":{"rendered":"https:\/\/unser-quartier.de\/roehlinghausen\/?page_id=25071"},"modified":"2025-03-02T10:20:46","modified_gmt":"2025-03-02T09:20:46","slug":"radio-werkstatt","status":"publish","type":"page","link":"https:\/\/unser-quartier.de\/roehlinghausen\/buez-selbsthilfe-in-herne\/radio-werkstatt\/","title":{"rendered":"Radio-Werkstatt"},"content":{"rendered":"<p>Radio-Werkstatt Selbsthilfe<\/p>\n<div data-search=\"Description_text\">\nDer Arbeitskreis \u00d6ffentlichkeitsarbeit der Herner Selbsthilfe produziert in Kooperation mit der vhs Herne Radioberichte und Interviews, um die Selbsthilfe st\u00e4rker in die \u00d6ffentlichkeit zu bringen. Der Beitrag mit Musik dauerte etwa eine Stunde und kann hier abgerufen und nachgeh\u00f6rt werden.<\/p>\n<p><a href=\"https:\/\/www.herne.de\/Stadt-und-Leben\/Gesundheit\/Selbsthilfe\/Selbsthilfejournal\/\" data-wpel-link=\"external\" target=\"_blank\" rel=\"follow external noopener noreferrer\" title=\"Externer Link: \" class=\"ext-link wpel-icon-right\">Wir haben estwas zu sagen<span class=\"wpel-icon wpel-image wpel-icon-6\"><\/span><\/a><br \/>\nDie erste Sendung der &#8222;Radiowerkstatt Selbsthilfe &#8211; Wir haben etwas zu sagen&#8220; ging am 4. September 2022 im B\u00fcrgerfunk &#8211; Radio Herne 90,8 &#8211; \u00fcber den \u00c4ther.<br \/>\nDie zweite Sendung der &#8222;Radiowerkstatt Selbsthilfe &#8211; Wir haben etwas zu sagen&#8220; ging am 5. Februar 2023 im B\u00fcrgerfunk &#8211; Radio Herne 90,8 &#8211; \u00fcber den \u00c4ther. <br \/>\nNun l\u00e4uft am <strong>Sonntag<\/strong>, <strong>07. Mai 2023<\/strong>, <strong>ab 19:00 Uhr<\/strong>, bereits unsere dritte Sendung im B\u00fcrgerfunk\/ Radio Herne 90,8. Also bitte Radio einschalten und nicht verpassen!\u00a0\n<\/div>\n","protected":false},"excerpt":{"rendered":"<p>Radio-Werkstatt Selbsthilfe Der Arbeitskreis \u00d6ffentlichkeitsarbeit der Herner Selbsthilfe produziert in Kooperation mit der vhs Herne Radioberichte und Interviews, um die Selbsthilfe st\u00e4rker in die \u00d6ffentlichkeit zu bringen. Der Beitrag mit Musik dauerte etwa eine Stunde und kann hier abgerufen und nachgeh\u00f6rt werden. Wir haben estwas zu sagen Die erste Sendung der &#8222;Radiowerkstatt Selbsthilfe &#8211; Wir&hellip; <a class=\"continue\" href=\"https:\/\/unser-quartier.de\/roehlinghausen\/buez-selbsthilfe-in-herne\/radio-werkstatt\/\" data-wpel-link=\"internal\">\u2192 weiter lesen:<span> Radio-Werkstatt<\/span><\/a><\/p>\n","protected":false},"author":441,"featured_media":0,"parent":23512,"menu_order":1,"comment_status":"closed","ping_status":"closed","template":"","meta":{"generate_page_header":"","footnotes":""},"class_list":["post-25071","page","type-page","status-publish"],"_links":{"self":[{"href":"https:\/\/unser-quartier.de\/roehlinghausen\/wp-json\/wp\/v2\/pages\/25071","targetHints":{"allow":["GET"]}}],"collection":[{"href":"https:\/\/unser-quartier.de\/roehlinghausen\/wp-json\/wp\/v2\/pages"}],"about":[{"href":"https:\/\/unser-quartier.de\/roehlinghausen\/wp-json\/wp\/v2\/types\/page"}],"author":[{"embeddable":true,"href":"https:\/\/unser-quartier.de\/roehlinghausen\/wp-json\/wp\/v2\/users\/441"}],"replies":[{"embeddable":true,"href":"https:\/\/unser-quartier.de\/roehlinghausen\/wp-json\/wp\/v2\/comments?post=25071"}],"version-history":[{"count":3,"href":"https:\/\/unser-quartier.de\/roehlinghausen\/wp-json\/wp\/v2\/pages\/25071\/revisions"}],"predecessor-version":[{"id":25221,"href":"https:\/\/unser-quartier.de\/roehlinghausen\/wp-json\/wp\/v2\/pages\/25071\/revisions\/25221"}],"up":[{"embeddable":true,"href":"https:\/\/unser-quartier.de\/roehlinghausen\/wp-json\/wp\/v2\/pages\/23512"}],"wp:attachment":[{"href":"https:\/\/unser-quartier.de\/roehlinghausen\/wp-json\/wp\/v2\/media?parent=25071"}],"curies":[{"name":"wp","href":"https:\/\/api.w.org\/{rel}","templated":true}]}}