{"id":2764,"date":"2017-02-05T09:15:21","date_gmt":"2017-02-05T08:15:21","guid":{"rendered":"https:\/\/unser-quartier.de\/roehlinghausen\/?page_id=2764"},"modified":"2024-09-10T10:44:34","modified_gmt":"2024-09-10T08:44:34","slug":"kooperationspartner","status":"publish","type":"page","link":"https:\/\/unser-quartier.de\/roehlinghausen\/ueber-uns\/kooperationspartner\/","title":{"rendered":"Kooperationspartner"},"content":{"rendered":"<p>Das Projekt Quartier R\u00f6hlinghausen arbeitet eng mit\u00a0 der<\/p>\n<ul>\n<li><a href=\"https:\/\/unser-quartier.de\/roehlinghausen\/adresse\/evangelische-kirchengemeinde-roehlinghausen\/\" data-wpel-link=\"internal\"> evangelischen Kirche<\/a> , der<\/li>\n<li><a href=\"https:\/\/unser-quartier.de\/roehlinghausen\/adresse\/katholische-gemeinde-in-roehlinghausen\/\" data-wpel-link=\"internal\"> katholischen Kirche<\/a>\u00a0 und der<\/li>\n<li><a href=\"https:\/\/unser-quartier.de\/roehlinghausen\/adresse\/neuapostolische-gemeinde-in-roehlinghausen\/\" data-wpel-link=\"internal\">neuapostolischen Gemeinde <\/a>zusammen.<\/li>\n<\/ul>\n<p>Es besteht ein Kooperationvertrag mit der<a href=\"https:\/\/unser-quartier.de\/roehlinghausen\/adresse\/islamische-gemeinde-in-roehlinghausen\/\" data-wpel-link=\"internal\"> Islamischen Gemeinde <\/a>.<\/p>\n<figure id=\"attachment_1557\" aria-describedby=\"caption-attachment-1557\" style=\"width: 290px\" class=\"wp-caption alignnone\"><img loading=\"lazy\" decoding=\"async\" id=\"longdesc-return-1557\" class=\"size-medium wp-image-1557\" tabindex=\"-1\" src=\"https:\/\/unser-quartier.de\/roehlinghausen\/files\/2016\/10\/DRK-Islamische-Gemeinde-300x200.jpg\" alt=\"die islamische Gemeinde\" width=\"300\" height=\"200\" longdesc=\"https:\/\/unser-quartier.de\/roehlinghausen?longdesc=1557&amp;referrer=2764\" srcset=\"https:\/\/unser-quartier.de\/roehlinghausen\/files\/2016\/10\/DRK-Islamische-Gemeinde-300x200.jpg 300w, https:\/\/unser-quartier.de\/roehlinghausen\/files\/2016\/10\/DRK-Islamische-Gemeinde-150x100.jpg 150w, https:\/\/unser-quartier.de\/roehlinghausen\/files\/2016\/10\/DRK-Islamische-Gemeinde-600x400.jpg 600w, https:\/\/unser-quartier.de\/roehlinghausen\/files\/2016\/10\/DRK-Islamische-Gemeinde-272x182.jpg 272w, https:\/\/unser-quartier.de\/roehlinghausen\/files\/2016\/10\/DRK-Islamische-Gemeinde.jpg 690w\" sizes=\"auto, (max-width: 300px) 100vw, 300px\" \/><figcaption id=\"caption-attachment-1557\" class=\"wp-caption-text\">DRK und islamische Gemeinde<\/figcaption><\/figure>\n<p>Das Quartier R\u00f6hlinghausen und der <br \/>\n<a href=\"https:\/\/www.ahpd-herne.de\/\" data-wpel-link=\"external\" target=\"_blank\" rel=\"follow external noopener noreferrer\" title=\"Externer Link: \" class=\"ext-link wpel-icon-right\">Ambulante Hospiz- und Palliativdienst &#8211; AHPD &#8211;<span class=\"wpel-icon wpel-image wpel-icon-6\"><\/span><\/a><\/p>\n<figure id=\"attachment_5195\" aria-describedby=\"caption-attachment-5195\" style=\"width: 290px\" class=\"wp-caption alignnone\"><img loading=\"lazy\" decoding=\"async\" id=\"longdesc-return-5195\" class=\"size-medium wp-image-5195\" tabindex=\"-1\" src=\"https:\/\/unser-quartier.de\/roehlinghausen\/files\/2017\/06\/AHPD-300x248.jpg\" alt=\"Unterst\u00fctzung und Erg\u00e4nzung\" width=\"300\" height=\"248\" longdesc=\"https:\/\/unser-quartier.de\/roehlinghausen?longdesc=5195&amp;referrer=2764\" srcset=\"https:\/\/unser-quartier.de\/roehlinghausen\/files\/2017\/06\/AHPD-300x248.jpg 300w, https:\/\/unser-quartier.de\/roehlinghausen\/files\/2017\/06\/AHPD-150x124.jpg 150w, https:\/\/unser-quartier.de\/roehlinghausen\/files\/2017\/06\/AHPD-768x636.jpg 768w, https:\/\/unser-quartier.de\/roehlinghausen\/files\/2017\/06\/AHPD.jpg 928w\" sizes=\"auto, (max-width: 300px) 100vw, 300px\" \/><figcaption id=\"caption-attachment-5195\" class=\"wp-caption-text\">Annegret M\u00fcller (AHPD),<br \/>\nYvonne Oleszak (AHPD),<br \/>\nSabine Bonk (DRK),<br \/>\nEdeltraut Krause (Ehrenamt DRK)<\/figcaption><\/figure>\n<p>\nhaben eine inhaltliche Unterst\u00fctzung und Erg\u00e4nzung vereinbart.<\/p>\n","protected":false},"excerpt":{"rendered":"<p>Das Projekt Quartier R\u00f6hlinghausen arbeitet eng mit\u00a0 der evangelischen Kirche , der katholischen Kirche\u00a0 und der neuapostolischen Gemeinde zusammen. Es besteht ein Kooperationvertrag mit der Islamischen Gemeinde . Das Quartier R\u00f6hlinghausen und der Ambulante Hospiz- und Palliativdienst &#8211; AHPD &#8211; haben eine inhaltliche Unterst\u00fctzung und Erg\u00e4nzung vereinbart.<\/p>\n","protected":false},"author":499,"featured_media":0,"parent":3323,"menu_order":5,"comment_status":"closed","ping_status":"closed","template":"","meta":{"generate_page_header":"","footnotes":""},"class_list":["post-2764","page","type-page","status-publish"],"_links":{"self":[{"href":"https:\/\/unser-quartier.de\/roehlinghausen\/wp-json\/wp\/v2\/pages\/2764","targetHints":{"allow":["GET"]}}],"collection":[{"href":"https:\/\/unser-quartier.de\/roehlinghausen\/wp-json\/wp\/v2\/pages"}],"about":[{"href":"https:\/\/unser-quartier.de\/roehlinghausen\/wp-json\/wp\/v2\/types\/page"}],"author":[{"embeddable":true,"href":"https:\/\/unser-quartier.de\/roehlinghausen\/wp-json\/wp\/v2\/users\/499"}],"replies":[{"embeddable":true,"href":"https:\/\/unser-quartier.de\/roehlinghausen\/wp-json\/wp\/v2\/comments?post=2764"}],"version-history":[{"count":1,"href":"https:\/\/unser-quartier.de\/roehlinghausen\/wp-json\/wp\/v2\/pages\/2764\/revisions"}],"predecessor-version":[{"id":27890,"href":"https:\/\/unser-quartier.de\/roehlinghausen\/wp-json\/wp\/v2\/pages\/2764\/revisions\/27890"}],"up":[{"embeddable":true,"href":"https:\/\/unser-quartier.de\/roehlinghausen\/wp-json\/wp\/v2\/pages\/3323"}],"wp:attachment":[{"href":"https:\/\/unser-quartier.de\/roehlinghausen\/wp-json\/wp\/v2\/media?parent=2764"}],"curies":[{"name":"wp","href":"https:\/\/api.w.org\/{rel}","templated":true}]}}