{"id":30382,"date":"2025-10-04T17:11:31","date_gmt":"2025-10-04T15:11:31","guid":{"rendered":"https:\/\/unser-quartier.de\/roehlinghausen\/?page_id=30382"},"modified":"2025-10-04T18:36:23","modified_gmt":"2025-10-04T16:36:23","slug":"unsere-grossen-radtouren-2023","status":"publish","type":"page","link":"https:\/\/unser-quartier.de\/roehlinghausen\/zwar\/gruppe-radfahren\/unsere-grossen-radtouren-2023\/","title":{"rendered":"Unsere gro\u00dfen Radtouren 2023"},"content":{"rendered":"<p><strong>Freitag, 14.04.2023<\/strong><\/p>\n<figure id=\"attachment_21932\" aria-describedby=\"caption-attachment-21932\" style=\"width: 290px\" class=\"wp-caption alignleft\"><img loading=\"lazy\" decoding=\"async\" id=\"longdesc-return-21932\" class=\"size-medium wp-image-21932\" tabindex=\"-1\" src=\"https:\/\/unser-quartier.de\/roehlinghausen\/files\/2020\/10\/Scherlebeck-300x286.jpg\" alt=\"ZWAR-Radtour\" width=\"300\" height=\"286\" longdesc=\"https:\/\/unser-quartier.de\/roehlinghausen?longdesc=21932&amp;referrer=30382\" srcset=\"https:\/\/unser-quartier.de\/roehlinghausen\/files\/2020\/10\/Scherlebeck-300x286.jpg 300w, https:\/\/unser-quartier.de\/roehlinghausen\/files\/2020\/10\/Scherlebeck-150x143.jpg 150w, https:\/\/unser-quartier.de\/roehlinghausen\/files\/2020\/10\/Scherlebeck-768x732.jpg 768w, https:\/\/unser-quartier.de\/roehlinghausen\/files\/2020\/10\/Scherlebeck.jpg 808w\" sizes=\"auto, (max-width: 300px) 100vw, 300px\" \/><figcaption id=\"caption-attachment-21932\" class=\"wp-caption-text\">47 km nach Herten-Scherlebeck<\/figcaption><\/figure>\n<p>nach Herten-Scherlebeck zum Bauernhofcaf\u00e9 Schulte oder Bauer S\u00fcdfeld<\/p>\n<p>Tourl\u00e4nge 47 km<\/p>\n<p>&nbsp;<\/p>\n<p>&nbsp;<\/p>\n<p>&nbsp;<\/p>\n<p>&nbsp;<\/p>\n<p><strong>Freitag, 16. Juni 2023<\/strong><\/p>\n<figure id=\"attachment_25337\" aria-describedby=\"caption-attachment-25337\" style=\"width: 290px\" class=\"wp-caption alignleft\"><img loading=\"lazy\" decoding=\"async\" id=\"longdesc-return-25337\" class=\"size-medium wp-image-25337\" tabindex=\"-1\" src=\"https:\/\/unser-quartier.de\/roehlinghausen\/files\/2023\/06\/emscherland-300x201.jpg\" alt=\"eine Parklandschaft\" width=\"300\" height=\"201\" longdesc=\"https:\/\/unser-quartier.de\/roehlinghausen?longdesc=25337&amp;referrer=30382\" srcset=\"https:\/\/unser-quartier.de\/roehlinghausen\/files\/2023\/06\/emscherland-300x201.jpg 300w, https:\/\/unser-quartier.de\/roehlinghausen\/files\/2023\/06\/emscherland-150x100.jpg 150w, https:\/\/unser-quartier.de\/roehlinghausen\/files\/2023\/06\/emscherland-272x182.jpg 272w, https:\/\/unser-quartier.de\/roehlinghausen\/files\/2023\/06\/emscherland.jpg 640w\" sizes=\"auto, (max-width: 300px) 100vw, 300px\" \/><figcaption id=\"caption-attachment-25337\" class=\"wp-caption-text\">Der Ausflugspark Emscherland<\/figcaption><\/figure>\n<p>Tour nach Henrichenburg zum neuen Erlebnispark Emscher anbieten. Wir fahren sowohl die K\u00f6nig Ludwig Trasse als auch den Emscher Radweg entlang. Einkehren k\u00f6nnen wir entweder beim Ionos (Grieche) oder am Gastrobus in Waltrop.<\/p>\n<p>Tourl\u00e4nge ca. 48 km\u00a0<\/p>\n<p>&nbsp;<\/p>\n<p><strong>Freitag, 7. Juli 2023<\/strong><\/p>\n<figure id=\"attachment_25367\" aria-describedby=\"caption-attachment-25367\" style=\"width: 290px\" class=\"wp-caption alignleft\"><img loading=\"lazy\" decoding=\"async\" id=\"longdesc-return-25367\" class=\"size-medium wp-image-25367\" tabindex=\"-1\" src=\"https:\/\/unser-quartier.de\/roehlinghausen\/files\/2023\/07\/boente-300x199.jpg\" alt=\"Gasthaus\" width=\"300\" height=\"199\" longdesc=\"https:\/\/unser-quartier.de\/roehlinghausen?longdesc=25367&amp;referrer=30382\" srcset=\"https:\/\/unser-quartier.de\/roehlinghausen\/files\/2023\/07\/boente-300x199.jpg 300w, https:\/\/unser-quartier.de\/roehlinghausen\/files\/2023\/07\/boente-1024x679.jpg 1024w, https:\/\/unser-quartier.de\/roehlinghausen\/files\/2023\/07\/boente-150x100.jpg 150w, https:\/\/unser-quartier.de\/roehlinghausen\/files\/2023\/07\/boente-768x509.jpg 768w, https:\/\/unser-quartier.de\/roehlinghausen\/files\/2023\/07\/boente.jpg 1200w\" sizes=\"auto, (max-width: 300px) 100vw, 300px\" \/><figcaption id=\"caption-attachment-25367\" class=\"wp-caption-text\">Haubrauerei Boente- Subergs, Altstadt Recklinghausen. Foto: Krusebild<\/figcaption><\/figure>\n<p>Ziel Brauereigasthof Boente f\u00fchrt diesmal \u00fcber Herten und die Allee des Wandels in Richtung Recklinghausen.<\/p>\n<p>Tourl\u00e4nge ca. 46 km<\/p>\n<p>&nbsp;<\/p>\n<p>&nbsp;<\/p>\n<p>&nbsp;<\/p>\n<p><strong>Samstag, 29.07.2023<\/strong><\/p>\n<figure id=\"attachment_24166\" aria-describedby=\"caption-attachment-24166\" style=\"width: 290px\" class=\"wp-caption alignleft\"><img loading=\"lazy\" decoding=\"async\" id=\"longdesc-return-24166\" class=\"size-medium wp-image-24166\" tabindex=\"-1\" src=\"https:\/\/unser-quartier.de\/roehlinghausen\/files\/2022\/05\/tour_20220422-300x282.jpg\" alt=\"eine Radtour\" width=\"300\" height=\"282\" longdesc=\"https:\/\/unser-quartier.de\/roehlinghausen?longdesc=24166&amp;referrer=30382\" srcset=\"https:\/\/unser-quartier.de\/roehlinghausen\/files\/2022\/05\/tour_20220422-300x282.jpg 300w, https:\/\/unser-quartier.de\/roehlinghausen\/files\/2022\/05\/tour_20220422-150x141.jpg 150w, https:\/\/unser-quartier.de\/roehlinghausen\/files\/2022\/05\/tour_20220422.jpg 689w\" sizes=\"auto, (max-width: 300px) 100vw, 300px\" \/><figcaption id=\"caption-attachment-24166\" class=\"wp-caption-text\">eine E-Bike Tagestour &#8222;Von Ruhr zur Ruhr &#8222;<\/figcaption><\/figure>\n<p>Erzbahntrasse\u2026 Parkband West\u2026bis Hattingen\u2026 bis Sprockh\u00f6vel\u2026\u201cVilla Dong-Hai\u201c Mittagspause\u2026bis zum Kemnader See\u2026durch Lottental wieder heimw\u00e4rts<\/p>\n<p>&nbsp;<\/p>\n<p>&nbsp;<\/p>\n<p>&nbsp;<\/p>\n<p>&nbsp;<\/p>\n<p>&nbsp;<\/p>\n<p>&nbsp;<\/p>\n","protected":false},"excerpt":{"rendered":"<p>Freitag, 14.04.2023 nach Herten-Scherlebeck zum Bauernhofcaf\u00e9 Schulte oder Bauer S\u00fcdfeld Tourl\u00e4nge 47 km &nbsp; &nbsp; &nbsp; &nbsp; Freitag, 16. Juni 2023 Tour nach Henrichenburg zum neuen Erlebnispark Emscher anbieten. Wir fahren sowohl die K\u00f6nig Ludwig Trasse als auch den Emscher Radweg entlang. Einkehren k\u00f6nnen wir entweder beim Ionos (Grieche) oder am Gastrobus in Waltrop. Tourl\u00e4nge&hellip; <a class=\"continue\" href=\"https:\/\/unser-quartier.de\/roehlinghausen\/zwar\/gruppe-radfahren\/unsere-grossen-radtouren-2023\/\" data-wpel-link=\"internal\">\u2192 weiter lesen:<span> Unsere gro\u00dfen Radtouren 2023<\/span><\/a><\/p>\n","protected":false},"author":441,"featured_media":0,"parent":8032,"menu_order":3,"comment_status":"closed","ping_status":"closed","template":"","meta":{"generate_page_header":"","footnotes":""},"class_list":["post-30382","page","type-page","status-publish"],"_links":{"self":[{"href":"https:\/\/unser-quartier.de\/roehlinghausen\/wp-json\/wp\/v2\/pages\/30382","targetHints":{"allow":["GET"]}}],"collection":[{"href":"https:\/\/unser-quartier.de\/roehlinghausen\/wp-json\/wp\/v2\/pages"}],"about":[{"href":"https:\/\/unser-quartier.de\/roehlinghausen\/wp-json\/wp\/v2\/types\/page"}],"author":[{"embeddable":true,"href":"https:\/\/unser-quartier.de\/roehlinghausen\/wp-json\/wp\/v2\/users\/441"}],"replies":[{"embeddable":true,"href":"https:\/\/unser-quartier.de\/roehlinghausen\/wp-json\/wp\/v2\/comments?post=30382"}],"version-history":[{"count":3,"href":"https:\/\/unser-quartier.de\/roehlinghausen\/wp-json\/wp\/v2\/pages\/30382\/revisions"}],"predecessor-version":[{"id":30403,"href":"https:\/\/unser-quartier.de\/roehlinghausen\/wp-json\/wp\/v2\/pages\/30382\/revisions\/30403"}],"up":[{"embeddable":true,"href":"https:\/\/unser-quartier.de\/roehlinghausen\/wp-json\/wp\/v2\/pages\/8032"}],"wp:attachment":[{"href":"https:\/\/unser-quartier.de\/roehlinghausen\/wp-json\/wp\/v2\/media?parent=30382"}],"curies":[{"name":"wp","href":"https:\/\/api.w.org\/{rel}","templated":true}]}}