{"id":30385,"date":"2025-10-04T17:35:26","date_gmt":"2025-10-04T15:35:26","guid":{"rendered":"https:\/\/unser-quartier.de\/roehlinghausen\/?page_id=30385"},"modified":"2025-10-04T18:11:41","modified_gmt":"2025-10-04T16:11:41","slug":"unsere-grossen-radtouren-2024","status":"publish","type":"page","link":"https:\/\/unser-quartier.de\/roehlinghausen\/zwar\/gruppe-radfahren\/unsere-grossen-radtouren-2024\/","title":{"rendered":"Unsere gro\u00dfen Radtouren 2024"},"content":{"rendered":"<p><strong>Freitag 16. Juni 2023<\/strong><\/p>\n<figure id=\"attachment_25337\" aria-describedby=\"caption-attachment-25337\" style=\"width: 290px\" class=\"wp-caption alignleft\"><img loading=\"lazy\" decoding=\"async\" class=\"size-medium wp-image-25337\" src=\"https:\/\/unser-quartier.de\/roehlinghausen\/files\/2023\/06\/emscherland-300x201.jpg\" alt=\"eine Parklandschaft\" width=\"300\" height=\"201\" srcset=\"https:\/\/unser-quartier.de\/roehlinghausen\/files\/2023\/06\/emscherland-300x201.jpg 300w, https:\/\/unser-quartier.de\/roehlinghausen\/files\/2023\/06\/emscherland-150x100.jpg 150w, https:\/\/unser-quartier.de\/roehlinghausen\/files\/2023\/06\/emscherland-272x182.jpg 272w, https:\/\/unser-quartier.de\/roehlinghausen\/files\/2023\/06\/emscherland.jpg 640w\" sizes=\"auto, (max-width: 300px) 100vw, 300px\" \/><figcaption id=\"caption-attachment-25337\" class=\"wp-caption-text\">Der Ausflugspark Emscherland<\/figcaption><\/figure>\n<p>Henrichenburg zum neuen Erlebnispark Emscher anbieten, wir fahren sowohl die K\u00f6nig Ludwig Trasse als auch den Emscher Radweg entlang. Einkehren k\u00f6nnen wir entweder beim Ionos (Grieche) oder am Gastrobus in Waltrop.<br \/>\nTourl\u00e4nge ca. 48 km\u00a0<\/p>\n<p>&nbsp;<\/p>\n<p>&nbsp;<\/p>\n<p>&nbsp;<\/p>\n<p>&nbsp;<\/p>\n<p>&nbsp;<\/p>\n","protected":false},"excerpt":{"rendered":"<p>Freitag 16. Juni 2023 Henrichenburg zum neuen Erlebnispark Emscher anbieten, wir fahren sowohl die K\u00f6nig Ludwig Trasse als auch den Emscher Radweg entlang. Einkehren k\u00f6nnen wir entweder beim Ionos (Grieche) oder am Gastrobus in Waltrop. Tourl\u00e4nge ca. 48 km\u00a0 &nbsp; &nbsp; &nbsp; &nbsp; &nbsp;<\/p>\n","protected":false},"author":441,"featured_media":0,"parent":8032,"menu_order":2,"comment_status":"closed","ping_status":"closed","template":"","meta":{"generate_page_header":"","footnotes":""},"class_list":["post-30385","page","type-page","status-publish"],"_links":{"self":[{"href":"https:\/\/unser-quartier.de\/roehlinghausen\/wp-json\/wp\/v2\/pages\/30385","targetHints":{"allow":["GET"]}}],"collection":[{"href":"https:\/\/unser-quartier.de\/roehlinghausen\/wp-json\/wp\/v2\/pages"}],"about":[{"href":"https:\/\/unser-quartier.de\/roehlinghausen\/wp-json\/wp\/v2\/types\/page"}],"author":[{"embeddable":true,"href":"https:\/\/unser-quartier.de\/roehlinghausen\/wp-json\/wp\/v2\/users\/441"}],"replies":[{"embeddable":true,"href":"https:\/\/unser-quartier.de\/roehlinghausen\/wp-json\/wp\/v2\/comments?post=30385"}],"version-history":[{"count":2,"href":"https:\/\/unser-quartier.de\/roehlinghausen\/wp-json\/wp\/v2\/pages\/30385\/revisions"}],"predecessor-version":[{"id":30388,"href":"https:\/\/unser-quartier.de\/roehlinghausen\/wp-json\/wp\/v2\/pages\/30385\/revisions\/30388"}],"up":[{"embeddable":true,"href":"https:\/\/unser-quartier.de\/roehlinghausen\/wp-json\/wp\/v2\/pages\/8032"}],"wp:attachment":[{"href":"https:\/\/unser-quartier.de\/roehlinghausen\/wp-json\/wp\/v2\/media?parent=30385"}],"curies":[{"name":"wp","href":"https:\/\/api.w.org\/{rel}","templated":true}]}}