{"id":30404,"date":"2025-10-04T18:41:36","date_gmt":"2025-10-04T16:41:36","guid":{"rendered":"https:\/\/unser-quartier.de\/roehlinghausen\/?page_id=30404"},"modified":"2025-10-04T18:56:14","modified_gmt":"2025-10-04T16:56:14","slug":"unsere-grossen-radtouren-2022","status":"publish","type":"page","link":"https:\/\/unser-quartier.de\/roehlinghausen\/zwar\/gruppe-radfahren\/unsere-grossen-radtouren-2022\/","title":{"rendered":"Unsere gro\u00dfen Radtouren 2022"},"content":{"rendered":"<p><strong>Freitag, 22.04.2022<\/strong><\/p>\n<figure id=\"attachment_24166\" aria-describedby=\"caption-attachment-24166\" style=\"width: 290px\" class=\"wp-caption alignleft\"><img loading=\"lazy\" decoding=\"async\" id=\"longdesc-return-24166\" class=\"wp-image-24166 size-medium\" tabindex=\"-1\" src=\"https:\/\/unser-quartier.de\/roehlinghausen\/files\/2022\/05\/tour_20220422-300x282.jpg\" alt=\"eine Radtour\" width=\"300\" height=\"282\" longdesc=\"https:\/\/unser-quartier.de\/roehlinghausen?longdesc=24166&amp;referrer=30404\" srcset=\"https:\/\/unser-quartier.de\/roehlinghausen\/files\/2022\/05\/tour_20220422-300x282.jpg 300w, https:\/\/unser-quartier.de\/roehlinghausen\/files\/2022\/05\/tour_20220422-150x141.jpg 150w, https:\/\/unser-quartier.de\/roehlinghausen\/files\/2022\/05\/tour_20220422.jpg 689w\" sizes=\"auto, (max-width: 300px) 100vw, 300px\" \/><figcaption id=\"caption-attachment-24166\" class=\"wp-caption-text\">\u00fcber die Erzbahntrasse bis zur Ruhr<\/figcaption><\/figure>\n<p>\u00fcber die Erzbahntrasse bis zum Westpark, ein St\u00fcck die K\u00f6nigsallee entlang und dann durchs Lottental bis zur Ruhr.<\/p>\n<p>&nbsp;<\/p>\n<p>&nbsp;<\/p>\n<p>&nbsp;<\/p>\n<p>&nbsp;<\/p>\n<p>&nbsp;<\/p>\n<p><strong>Freitag, 20.05.2022\u00a0<\/strong><\/p>\n<figure id=\"attachment_24166\" aria-describedby=\"caption-attachment-24166\" style=\"width: 290px\" class=\"wp-caption alignleft\"><img loading=\"lazy\" decoding=\"async\" id=\"longdesc-return-24166\" class=\"size-medium wp-image-24166\" tabindex=\"-1\" src=\"https:\/\/unser-quartier.de\/roehlinghausen\/files\/2022\/05\/tour_20220422-300x282.jpg\" alt=\"eine Radtour\" width=\"300\" height=\"282\" longdesc=\"https:\/\/unser-quartier.de\/roehlinghausen?longdesc=24166&amp;referrer=30404\" srcset=\"https:\/\/unser-quartier.de\/roehlinghausen\/files\/2022\/05\/tour_20220422-300x282.jpg 300w, https:\/\/unser-quartier.de\/roehlinghausen\/files\/2022\/05\/tour_20220422-150x141.jpg 150w, https:\/\/unser-quartier.de\/roehlinghausen\/files\/2022\/05\/tour_20220422.jpg 689w\" sizes=\"auto, (max-width: 300px) 100vw, 300px\" \/><figcaption id=\"caption-attachment-24166\" class=\"wp-caption-text\">eine E-Bike Tagestour &#8222;Von Ruhr zur Ruhr &#8222;<\/figcaption><\/figure>\n<p>Erzbahntrasse&#8230; Parkband West&#8230;bis Hattingen&#8230; bis Sprockh\u00f6vel&#8230;&#8220;Villa Dong-Hai&#8220; Mittagspause&#8230;bis zum Kemnader See&#8230;durch Lottental wieder heimw\u00e4rts<\/p>\n<p>&nbsp;<\/p>\n<p>&nbsp;<\/p>\n<p>&nbsp;<\/p>\n<p>&nbsp;<\/p>\n<p>&nbsp;<\/p>\n<p>&nbsp;<\/p>\n","protected":false},"excerpt":{"rendered":"<p>Freitag, 22.04.2022 \u00fcber die Erzbahntrasse bis zum Westpark, ein St\u00fcck die K\u00f6nigsallee entlang und dann durchs Lottental bis zur Ruhr. &nbsp; &nbsp; &nbsp; &nbsp; &nbsp; Freitag, 20.05.2022\u00a0 Erzbahntrasse&#8230; Parkband West&#8230;bis Hattingen&#8230; bis Sprockh\u00f6vel&#8230;&#8220;Villa Dong-Hai&#8220; Mittagspause&#8230;bis zum Kemnader See&#8230;durch Lottental wieder heimw\u00e4rts &nbsp; &nbsp; &nbsp; &nbsp; &nbsp; &nbsp;<\/p>\n","protected":false},"author":441,"featured_media":0,"parent":8032,"menu_order":4,"comment_status":"closed","ping_status":"closed","template":"","meta":{"generate_page_header":"","footnotes":""},"class_list":["post-30404","page","type-page","status-publish"],"_links":{"self":[{"href":"https:\/\/unser-quartier.de\/roehlinghausen\/wp-json\/wp\/v2\/pages\/30404","targetHints":{"allow":["GET"]}}],"collection":[{"href":"https:\/\/unser-quartier.de\/roehlinghausen\/wp-json\/wp\/v2\/pages"}],"about":[{"href":"https:\/\/unser-quartier.de\/roehlinghausen\/wp-json\/wp\/v2\/types\/page"}],"author":[{"embeddable":true,"href":"https:\/\/unser-quartier.de\/roehlinghausen\/wp-json\/wp\/v2\/users\/441"}],"replies":[{"embeddable":true,"href":"https:\/\/unser-quartier.de\/roehlinghausen\/wp-json\/wp\/v2\/comments?post=30404"}],"version-history":[{"count":2,"href":"https:\/\/unser-quartier.de\/roehlinghausen\/wp-json\/wp\/v2\/pages\/30404\/revisions"}],"predecessor-version":[{"id":30406,"href":"https:\/\/unser-quartier.de\/roehlinghausen\/wp-json\/wp\/v2\/pages\/30404\/revisions\/30406"}],"up":[{"embeddable":true,"href":"https:\/\/unser-quartier.de\/roehlinghausen\/wp-json\/wp\/v2\/pages\/8032"}],"wp:attachment":[{"href":"https:\/\/unser-quartier.de\/roehlinghausen\/wp-json\/wp\/v2\/media?parent=30404"}],"curies":[{"name":"wp","href":"https:\/\/api.w.org\/{rel}","templated":true}]}}