{"id":31836,"date":"2026-03-21T20:52:42","date_gmt":"2026-03-21T19:52:42","guid":{"rendered":"https:\/\/unser-quartier.de\/roehlinghausen\/?page_id=31836"},"modified":"2026-03-21T20:59:00","modified_gmt":"2026-03-21T19:59:00","slug":"hoemma-herne-stadtgeschichten","status":"publish","type":"page","link":"https:\/\/unser-quartier.de\/roehlinghausen\/hoemma-herne-stadtgeschichten\/","title":{"rendered":"H\u00f6mma Herne Stadtgeschichten"},"content":{"rendered":"<p><strong>Laufen, Lauschen, Stadtgeschichte erleben<\/strong><\/p>\n<p>Mit den Herner Audiotouren k\u00f6nnen Sie Stadtgeschichte und Stadtgeschichten ganz unabh\u00e4ngig von einem gef\u00fchrten Rundgang auf eigene Faust erleben. Neben historischen Informationen werden Anekdoten und lebendiger Strukturwandel vermittelt. Wir laden Sie ein, nehmen Sie Ihr Smartphone und Kopfh\u00f6rer zur Hand und los geht\u2019s!<\/p>\n<p>Alle Audiotouren der Reihe \u201eH\u00f6mma Herne!\u201c sind jetzt auf einer neuen digitalen Plattform geb\u00fcndelt. Dort sind sie einfacher und f\u00fcr Smartphones optimiert zug\u00e4nglich.<\/p>\n<p><a href=\"https:\/\/hoemma-herne.de\/tourenuebersicht\" data-wpel-link=\"external\" target=\"_blank\" rel=\"follow external noopener noreferrer\" title=\"Externer Link: \" class=\"ext-link wpel-icon-right\">Hier finden Sie die Touren\u00fcbersicht<span class=\"wpel-icon wpel-image wpel-icon-6\"><\/span><\/a><\/p>\n","protected":false},"excerpt":{"rendered":"<p>Laufen, Lauschen, Stadtgeschichte erleben Mit den Herner Audiotouren k\u00f6nnen Sie Stadtgeschichte und Stadtgeschichten ganz unabh\u00e4ngig von einem gef\u00fchrten Rundgang auf eigene Faust erleben. Neben historischen Informationen werden Anekdoten und lebendiger Strukturwandel vermittelt. Wir laden Sie ein, nehmen Sie Ihr Smartphone und Kopfh\u00f6rer zur Hand und los geht\u2019s! Alle Audiotouren der Reihe \u201eH\u00f6mma Herne!\u201c sind jetzt&hellip; <a class=\"continue\" href=\"https:\/\/unser-quartier.de\/roehlinghausen\/hoemma-herne-stadtgeschichten\/\" data-wpel-link=\"internal\">\u2192 weiter lesen:<span> H\u00f6mma Herne Stadtgeschichten<\/span><\/a><\/p>\n","protected":false},"author":441,"featured_media":0,"parent":0,"menu_order":26,"comment_status":"closed","ping_status":"closed","template":"","meta":{"generate_page_header":"","footnotes":""},"class_list":["post-31836","page","type-page","status-publish"],"_links":{"self":[{"href":"https:\/\/unser-quartier.de\/roehlinghausen\/wp-json\/wp\/v2\/pages\/31836","targetHints":{"allow":["GET"]}}],"collection":[{"href":"https:\/\/unser-quartier.de\/roehlinghausen\/wp-json\/wp\/v2\/pages"}],"about":[{"href":"https:\/\/unser-quartier.de\/roehlinghausen\/wp-json\/wp\/v2\/types\/page"}],"author":[{"embeddable":true,"href":"https:\/\/unser-quartier.de\/roehlinghausen\/wp-json\/wp\/v2\/users\/441"}],"replies":[{"embeddable":true,"href":"https:\/\/unser-quartier.de\/roehlinghausen\/wp-json\/wp\/v2\/comments?post=31836"}],"version-history":[{"count":2,"href":"https:\/\/unser-quartier.de\/roehlinghausen\/wp-json\/wp\/v2\/pages\/31836\/revisions"}],"predecessor-version":[{"id":31839,"href":"https:\/\/unser-quartier.de\/roehlinghausen\/wp-json\/wp\/v2\/pages\/31836\/revisions\/31839"}],"wp:attachment":[{"href":"https:\/\/unser-quartier.de\/roehlinghausen\/wp-json\/wp\/v2\/media?parent=31836"}],"curies":[{"name":"wp","href":"https:\/\/api.w.org\/{rel}","templated":true}]}}