{"id":3304,"date":"2017-03-11T18:44:37","date_gmt":"2017-03-11T17:44:37","guid":{"rendered":"https:\/\/unser-quartier.de\/roehlinghausen\/?page_id=3304"},"modified":"2017-03-12T10:50:35","modified_gmt":"2017-03-12T09:50:35","slug":"veranstaltungsarchiv","status":"publish","type":"page","link":"https:\/\/unser-quartier.de\/roehlinghausen\/veranstaltungen\/veranstaltungsarchiv\/","title":{"rendered":"Veranstaltungsarchiv"},"content":{"rendered":"<p>Auf dieser Seite k\u00f6nnen Sie noch einmal vergangene Veranstaltungen recherchieren.<\/p>\n<div class=\"em em-view-container\" id=\"em-view-637337177\" data-view=\"list-grouped\">\r\n\t<div class=\"em pixelbones em-list em-events-list em-events-list-grouped\" id=\"em-events-list-grouped-637337177\">\r\n\t<h2>Mai 2026<\/h2><table cellpadding=\"0\" cellspacing=\"0\" class=\"events-table\" >\r\n    <thead>\r\n        <tr>\r\n\t\t\t<th class=\"event-time\" width=\"150\">Datum\/Zeit<\/th>\r\n\t\t\t<th class=\"event-description\" width=\"*\">Veranstaltung<\/th>\r\n\t\t<\/tr>\r\n   \t<\/thead>\r\n    <tbody><tr>\r\n\t\t\t<td>\r\n                Samstag 09. Mai 2026<br\/>\r\n                14:00 - 16:00 Uhr\r\n            <\/td>\r\n            <td>\r\n                <a href=\"https:\/\/unser-quartier.de\/roehlinghausen\/events\/zwar-spaziergaenge-32\/\" data-wpel-link=\"internal\">ZWAR Spazierg\u00e4nge<\/a>\r\n                <br\/><i>DRK Altenhilfezentrum K\u00f6nigsgruber Park, Herne<\/i>\r\n            <\/td>\r\n        <\/tr><tr>\r\n\t\t\t<td>\r\n                Freitag 08. Mai 2026<br\/>\r\n                17:00 - 21:00 Uhr\r\n            <\/td>\r\n            <td>\r\n                <a href=\"https:\/\/unser-quartier.de\/roehlinghausen\/events\/zwar-kochen-fuer-maenner-10\/\" data-wpel-link=\"internal\">ZWAR Kochen f\u00fcr M\u00e4nner<\/a>\r\n                <br\/><i>DRK Altenhilfezentrum K\u00f6nigsgruber Park, Herne<\/i>\r\n            <\/td>\r\n        <\/tr><tr>\r\n\t\t\t<td>\r\n                Freitag 08. Mai 2026<br\/>\r\n                09:00 - 12:00 Uhr\r\n            <\/td>\r\n            <td>\r\n                <a href=\"https:\/\/unser-quartier.de\/roehlinghausen\/events\/gemeinsames-fruehstueck-fuer-senioren-60-9\/\" data-wpel-link=\"internal\">Gemeinsames Fr\u00fchst\u00fcck f\u00fcr Senioren 60+<\/a>\r\n                <br\/><i>Quartiersb\u00fcro Wanne- Eickel, Herne<\/i>\r\n            <\/td>\r\n        <\/tr><tr>\r\n\t\t\t<td>\r\n                Donnerstag 07. Mai 2026<br\/>\r\n                18:00 - 21:30 Uhr\r\n            <\/td>\r\n            <td>\r\n                <a href=\"https:\/\/unser-quartier.de\/roehlinghausen\/events\/zwar-gruppe-gesellschaftsspiele-donnerstag-32\/\" data-wpel-link=\"internal\">ZWAR-Gruppe Gesellschaftsspiele Donnerstag<\/a>\r\n                <br\/><i>DRK Altenhilfezentrum K\u00f6nigsgruber Park, Herne<\/i>\r\n            <\/td>\r\n        <\/tr><tr>\r\n\t\t\t<td>\r\n                Mittwoch 06. Mai 2026<br\/>\r\n                17:00 - 18:00 Uhr\r\n            <\/td>\r\n            <td>\r\n                <a href=\"https:\/\/unser-quartier.de\/roehlinghausen\/events\/nordic-walking-fuer-zwarlerinnen-mit-anmeldung-29\/\" data-wpel-link=\"internal\">Nordic Walking f\u00fcr ZWARler*innen mit Anmeldung<\/a>\r\n                <br\/><i>Restaurant am Stadtgarten, Herne<\/i>\r\n            <\/td>\r\n        <\/tr><tr>\r\n\t\t\t<td>\r\n                Mittwoch 06. Mai 2026<br\/>\r\n                16:30 - 18:30 Uhr\r\n            <\/td>\r\n            <td>\r\n                <a href=\"https:\/\/unser-quartier.de\/roehlinghausen\/events\/strickcafe-5\/\" data-wpel-link=\"internal\">Strickcaf\u00e9<\/a>\r\n                <br\/><i>Quartiersb\u00fcro Wanne- Eickel, Herne<\/i>\r\n            <\/td>\r\n        <\/tr><tr>\r\n\t\t\t<td>\r\n                Mittwoch 06. Mai 2026<br\/>\r\n                12:00 - 13:00 Uhr\r\n            <\/td>\r\n            <td>\r\n                <a href=\"https:\/\/unser-quartier.de\/roehlinghausen\/events\/bewegungsangebot-5\/\" data-wpel-link=\"internal\">Bewegungsangebot<\/a>\r\n                \r\n            <\/td>\r\n        <\/tr><tr>\r\n\t\t\t<td>\r\n                Mittwoch 06. Mai 2026<br\/>\r\n                10:00 - 11:00 Uhr\r\n            <\/td>\r\n            <td>\r\n                <a href=\"https:\/\/unser-quartier.de\/roehlinghausen\/events\/tanzspass-fuer-seniorinnen-und-senioren-4\/\" data-wpel-link=\"internal\">Tanzspa\u00df f\u00fcr Seniorinnen und Senioren<\/a>\r\n                <br\/><i>Stadtteilzentrum Pluto, Herne<\/i>\r\n            <\/td>\r\n        <\/tr><tr>\r\n\t\t\t<td>\r\n                Dienstag 05. Mai 2026<br\/>\r\n                11:15 - 12:15 Uhr\r\n            <\/td>\r\n            <td>\r\n                <a href=\"https:\/\/unser-quartier.de\/roehlinghausen\/events\/zumba-gold-fuer-senioren-43\/\" data-wpel-link=\"internal\">Zumba Gold f\u00fcr Senioren<\/a>\r\n                <br\/><i>Stadtteilzentrum Pluto, Herne<\/i>\r\n            <\/td>\r\n        <\/tr><tr>\r\n\t\t\t<td>\r\n                Dienstag 05. Mai 2026<br\/>\r\n                10:00 - 11:00 Uhr\r\n            <\/td>\r\n            <td>\r\n                <a href=\"https:\/\/unser-quartier.de\/roehlinghausen\/events\/zumba-gold-fuer-senioren-42\/\" data-wpel-link=\"internal\">Zumba Gold f\u00fcr Senioren<\/a>\r\n                <br\/><i>Stadtteilzentrum Pluto, Herne<\/i>\r\n            <\/td>\r\n        <\/tr><tr>\r\n\t\t\t<td>\r\n                Montag 04. Mai 2026<br\/>\r\n                12:30 - 15:30 Uhr\r\n            <\/td>\r\n            <td>\r\n                <a href=\"https:\/\/unser-quartier.de\/roehlinghausen\/events\/begegnungscafe-5\/\" data-wpel-link=\"internal\">Begegnungscaf\u00e9<\/a>\r\n                <br\/><i>Quartiersb\u00fcro Wanne- Eickel, Herne<\/i>\r\n            <\/td>\r\n        <\/tr><tr>\r\n\t\t\t<td>\r\n                Montag 04. Mai 2026<br\/>\r\n                11:15 - 12:15 Uhr\r\n            <\/td>\r\n            <td>\r\n                <a href=\"https:\/\/unser-quartier.de\/roehlinghausen\/events\/zumba-gold-fuer-senioren-45\/\" data-wpel-link=\"internal\">Zumba Gold f\u00fcr Senioren<\/a>\r\n                <br\/><i>Senioren Freizeit Zentrum, Herne<\/i>\r\n            <\/td>\r\n        <\/tr><tr>\r\n\t\t\t<td>\r\n                Montag 04. Mai 2026<br\/>\r\n                10:00 - 11:00 Uhr\r\n            <\/td>\r\n            <td>\r\n                <a href=\"https:\/\/unser-quartier.de\/roehlinghausen\/events\/zumba-gold-fuer-senioren-44\/\" data-wpel-link=\"internal\">Zumba Gold f\u00fcr Senioren<\/a>\r\n                <br\/><i>Senioren Freizeit Zentrum, Herne<\/i>\r\n            <\/td>\r\n        <\/tr><tr>\r\n\t\t\t<td>\r\n                Samstag 02. Mai 2026<br\/>\r\n                14:00 - 18:00 Uhr\r\n            <\/td>\r\n            <td>\r\n                <a href=\"https:\/\/unser-quartier.de\/roehlinghausen\/events\/wandern-fuer-zwarlerinnen-mit-anmeldung-29\/\" data-wpel-link=\"internal\">Wandern f\u00fcr ZWARler*innen mit Anmeldung<\/a>\r\n                <br\/><i>Gesamtschule Wanne-Eickel, Herne<\/i>\r\n            <\/td>\r\n        <\/tr><\/tbody><\/table><h2>April 2026<\/h2><table cellpadding=\"0\" cellspacing=\"0\" class=\"events-table\" >\r\n    <thead>\r\n        <tr>\r\n\t\t\t<th class=\"event-time\" width=\"150\">Datum\/Zeit<\/th>\r\n\t\t\t<th class=\"event-description\" width=\"*\">Veranstaltung<\/th>\r\n\t\t<\/tr>\r\n   \t<\/thead>\r\n    <tbody><tr>\r\n\t\t\t<td>\r\n                Donnerstag 30. Apr. 2026<br\/>\r\n                15:00 - 18:00 Uhr\r\n            <\/td>\r\n            <td>\r\n                <a href=\"https:\/\/unser-quartier.de\/roehlinghausen\/events\/boule-spielen-16\/\" data-wpel-link=\"internal\">Boule spielen<\/a>\r\n                <br\/><i>Funpark Eickel am Heisterkamp, Herne<\/i>\r\n            <\/td>\r\n        <\/tr><tr>\r\n\t\t\t<td>\r\n                Mittwoch 29. Apr. 2026<br\/>\r\n                18:00 - 20:00 Uhr\r\n            <\/td>\r\n            <td>\r\n                <a href=\"https:\/\/unser-quartier.de\/roehlinghausen\/events\/zwar-basisgruppentreffen-7\/\" data-wpel-link=\"internal\">ZWAR Basisgruppentreffen<\/a>\r\n                <br\/><i>DRK Altenhilfezentrum K\u00f6nigsgruber Park, Herne<\/i>\r\n            <\/td>\r\n        <\/tr><tr>\r\n\t\t\t<td>\r\n                Mittwoch 29. Apr. 2026<br\/>\r\n                13:00 - 16:00 Uhr\r\n            <\/td>\r\n            <td>\r\n                <a href=\"https:\/\/unser-quartier.de\/roehlinghausen\/events\/spielenachmittag-10\/\" data-wpel-link=\"internal\">Spielenachmittag<\/a>\r\n                <br\/><i>Quartiersb\u00fcro Wanne- Eickel, Herne<\/i>\r\n            <\/td>\r\n        <\/tr><tr>\r\n\t\t\t<td>\r\n                Mittwoch 29. Apr. 2026<br\/>\r\n                10:00 - 11:00 Uhr\r\n            <\/td>\r\n            <td>\r\n                <a href=\"https:\/\/unser-quartier.de\/roehlinghausen\/events\/tanzspass-fuer-seniorinnen-und-senioren-3\/\" data-wpel-link=\"internal\">Tanzspa\u00df f\u00fcr Seniorinnen und Senioren<\/a>\r\n                <br\/><i>Stadtteilzentrum Pluto, Herne<\/i>\r\n            <\/td>\r\n        <\/tr><tr>\r\n\t\t\t<td>\r\n                Dienstag 28. Apr. 2026<br\/>\r\n                18:00 - 22:00 Uhr\r\n            <\/td>\r\n            <td>\r\n                <a href=\"https:\/\/unser-quartier.de\/roehlinghausen\/events\/zwar-gruppe-gesellschaftsspiele-dienstag-6\/\" data-wpel-link=\"internal\">ZWAR-Gruppe Gesellschaftsspiele Dienstag<\/a>\r\n                <br\/><i>ev. Kirchengemeinde R\u00f6hlinghausen, Herne<\/i>\r\n            <\/td>\r\n        <\/tr><tr>\r\n\t\t\t<td>\r\n                Dienstag 28. Apr. 2026<br\/>\r\n                17:00 - 18:30 Uhr\r\n            <\/td>\r\n            <td>\r\n                <a href=\"https:\/\/unser-quartier.de\/roehlinghausen\/events\/singen-macht-gluecklich-3\/\" data-wpel-link=\"internal\">Singen macht gl\u00fccklich<\/a>\r\n                <br\/><i>Kirchengemeinde St. Laurentius, Herne<\/i>\r\n            <\/td>\r\n        <\/tr><tr>\r\n\t\t\t<td>\r\n                Dienstag 28. Apr. 2026<br\/>\r\n                11:15 - 12:15 Uhr\r\n            <\/td>\r\n            <td>\r\n                <a href=\"https:\/\/unser-quartier.de\/roehlinghausen\/events\/zumba-gold-fuer-senioren-41\/\" data-wpel-link=\"internal\">Zumba Gold f\u00fcr Senioren<\/a>\r\n                <br\/><i>Stadtteilzentrum Pluto, Herne<\/i>\r\n            <\/td>\r\n        <\/tr><tr>\r\n\t\t\t<td>\r\n                Dienstag 28. Apr. 2026<br\/>\r\n                10:00 - 11:00 Uhr\r\n            <\/td>\r\n            <td>\r\n                <a href=\"https:\/\/unser-quartier.de\/roehlinghausen\/events\/zumba-gold-fuer-senioren-40\/\" data-wpel-link=\"internal\">Zumba Gold f\u00fcr Senioren<\/a>\r\n                <br\/><i>Stadtteilzentrum Pluto, Herne<\/i>\r\n            <\/td>\r\n        <\/tr><tr>\r\n\t\t\t<td>\r\n                Montag 27. Apr. 2026<br\/>\r\n                16:00 - 18:00 Uhr\r\n            <\/td>\r\n            <td>\r\n                <a href=\"https:\/\/unser-quartier.de\/roehlinghausen\/events\/offenes-plenum-der-herner-selbsthilfe-9\/\" data-wpel-link=\"internal\">Offenes Plenum der Herner Selbsthilfe<\/a>\r\n                <br\/><i>B\u00fcZ Zentrum, Herne<\/i>\r\n            <\/td>\r\n        <\/tr><tr>\r\n\t\t\t<td>\r\n                Montag 27. Apr. 2026<br\/>\r\n                15:00 - 17:00 Uhr\r\n            <\/td>\r\n            <td>\r\n                <a href=\"https:\/\/unser-quartier.de\/roehlinghausen\/events\/digital-cafe-56\/\" data-wpel-link=\"internal\">Digital Caf\u00e9<\/a>\r\n                <br\/><i>AWO-Begegnungsst\u00e4tte, Herne<\/i>\r\n            <\/td>\r\n        <\/tr><tr>\r\n\t\t\t<td>\r\n                Montag 27. Apr. 2026<br\/>\r\n                11:15 - 12:15 Uhr\r\n            <\/td>\r\n            <td>\r\n                <a href=\"https:\/\/unser-quartier.de\/roehlinghausen\/events\/zumba-gold-fuer-senioren-39\/\" data-wpel-link=\"internal\">Zumba Gold f\u00fcr Senioren<\/a>\r\n                <br\/><i>Senioren Freizeit Zentrum, Herne<\/i>\r\n            <\/td>\r\n        <\/tr><\/tbody><\/table><div class=\"em-pagination em-ajax\" data-em-ajax=\"id=637337177&amp;scope=past&amp;order=DESC&amp;mode=monthly&amp;header_format=%3Ch2%3E%23s%3C%2Fh2%3E&amp;date_format=F+Y&amp;action=search_events_grouped\"> <span class=\"page-numbers current\">1<\/span><span class=\"not-current second-half\"> <a class=\"page-numbers\" href=\"\/roehlinghausen\/wp-json\/wp\/v2\/pages\/3304?pno=2\" title=\"2\" data-wpel-link=\"internal\">2<\/a>  <a class=\"page-numbers\" href=\"\/roehlinghausen\/wp-json\/wp\/v2\/pages\/3304?pno=3\" title=\"3\" data-wpel-link=\"internal\">3<\/a>  <a class=\"page-numbers\" href=\"\/roehlinghausen\/wp-json\/wp\/v2\/pages\/3304?pno=4\" title=\"4\" data-wpel-link=\"internal\">4<\/a>  <a class=\"page-numbers\" href=\"\/roehlinghausen\/wp-json\/wp\/v2\/pages\/3304?pno=5\" title=\"5\" data-wpel-link=\"internal\">5<\/a>  <a class=\"page-numbers\" href=\"\/roehlinghausen\/wp-json\/wp\/v2\/pages\/3304?pno=6\" title=\"6\" data-wpel-link=\"internal\">6<\/a>  <a class=\"page-numbers\" href=\"\/roehlinghausen\/wp-json\/wp\/v2\/pages\/3304?pno=7\" title=\"7\" data-wpel-link=\"internal\">7<\/a>  <a class=\"page-numbers\" href=\"\/roehlinghausen\/wp-json\/wp\/v2\/pages\/3304?pno=8\" title=\"8\" data-wpel-link=\"internal\">8<\/a>  <a class=\"page-numbers\" href=\"\/roehlinghausen\/wp-json\/wp\/v2\/pages\/3304?pno=9\" title=\"9\" data-wpel-link=\"internal\">9<\/a>  <a class=\"page-numbers\" href=\"\/roehlinghausen\/wp-json\/wp\/v2\/pages\/3304?pno=10\" title=\"10\" data-wpel-link=\"internal\">10<\/a> <\/span> <a class=\"page-numbers\" href=\"\/roehlinghausen\/wp-json\/wp\/v2\/pages\/3304?pno=11\" title=\"11\" data-wpel-link=\"internal\">11<\/a>  <a class=\"page-numbers\" href=\"\/roehlinghausen\/wp-json\/wp\/v2\/pages\/3304?pno=12\" title=\"12\" data-wpel-link=\"internal\">12<\/a>  <a class=\"next page-numbers\" href=\"\/roehlinghausen\/wp-json\/wp\/v2\/pages\/3304?pno=2\" title=\"2\" data-wpel-link=\"internal\">&gt;<\/a>  <a class=\"next last page-numbers\" href=\"\/roehlinghausen\/wp-json\/wp\/v2\/pages\/3304?pno=24\" title=\"24\" data-wpel-link=\"internal\">&gt;&gt;<\/a> <\/div>\t<\/div>\r\n<\/div>\n","protected":false},"excerpt":{"rendered":"<p>Auf dieser Seite k\u00f6nnen Sie noch einmal vergangene Veranstaltungen recherchieren.<\/p>\n","protected":false},"author":441,"featured_media":0,"parent":3,"menu_order":10,"comment_status":"closed","ping_status":"closed","template":"","meta":{"generate_page_header":"","footnotes":""},"class_list":["post-3304","page","type-page","status-publish"],"_links":{"self":[{"href":"https:\/\/unser-quartier.de\/roehlinghausen\/wp-json\/wp\/v2\/pages\/3304","targetHints":{"allow":["GET"]}}],"collection":[{"href":"https:\/\/unser-quartier.de\/roehlinghausen\/wp-json\/wp\/v2\/pages"}],"about":[{"href":"https:\/\/unser-quartier.de\/roehlinghausen\/wp-json\/wp\/v2\/types\/page"}],"author":[{"embeddable":true,"href":"https:\/\/unser-quartier.de\/roehlinghausen\/wp-json\/wp\/v2\/users\/441"}],"replies":[{"embeddable":true,"href":"https:\/\/unser-quartier.de\/roehlinghausen\/wp-json\/wp\/v2\/comments?post=3304"}],"version-history":[{"count":0,"href":"https:\/\/unser-quartier.de\/roehlinghausen\/wp-json\/wp\/v2\/pages\/3304\/revisions"}],"up":[{"embeddable":true,"href":"https:\/\/unser-quartier.de\/roehlinghausen\/wp-json\/wp\/v2\/pages\/3"}],"wp:attachment":[{"href":"https:\/\/unser-quartier.de\/roehlinghausen\/wp-json\/wp\/v2\/media?parent=3304"}],"curies":[{"name":"wp","href":"https:\/\/api.w.org\/{rel}","templated":true}]}}