{"id":3312,"date":"2017-03-12T12:45:26","date_gmt":"2017-03-12T11:45:26","guid":{"rendered":"https:\/\/unser-quartier.de\/roehlinghausen\/?page_id=3312"},"modified":"2017-06-13T22:26:07","modified_gmt":"2017-06-13T20:26:07","slug":"die-struktur-des-quartieres-roehlinghausen","status":"publish","type":"page","link":"https:\/\/unser-quartier.de\/roehlinghausen\/ueber-uns\/die-struktur-des-quartieres-roehlinghausen\/","title":{"rendered":"Die Struktur des Quartieres R\u00f6hlinghausen"},"content":{"rendered":"<p>R\u00f6hlinghausen geh\u00f6rt zum Stadtbezirk Eickel. F\u00fcr statistische Aussagen zur Bev\u00f6lkerungsstruktur wurden Daten des Stadtstrukturatlas Herne \u2013 Abschnitt Bev\u00f6lkerung (2012) herangezogen. Dabei wurden die Zahlen der statistischen Bezirke <em><strong>R\u00f6hlinghausen-Kern<\/strong> <\/em>und <em><strong>K\u00f6nigsgrube<\/strong><\/em> zu Grunde gelegt.<\/p>\n<p>Eine Bewertung der Daten steht dabei unter dem Vorbehalt, dass sich Quartiersgrenzen nicht zwingend mit Stadtteilgrenzen und schon gar nicht mit statistischen Grenzen \u00fcberein bringen lassen. Nach unserer Definition ist ein Quartier keine statische Gr\u00f6\u00dfe, die sich anhand von kommunalen Grenzen darstellen l\u00e4sst, sondern vielmehr ein Gebiet, das durch die Bewohner eines Stadtteils definiert wird. Aufgabe der Quartiersentwicklung muss es daher sein, diese durch die Bewohner definierten Grenzen zu erkennen und bei den weiteren Planungen zu ber\u00fccksichtigen.<\/p>\n<p>In den beiden statistischen Gebieten <em><strong>R\u00f6hlinghausen-Kern und K\u00f6nigsgrube<\/strong><\/em> lebten zum Erhebungszeitpunkt insgesamt 8.277 Einwohner (5,2 % der Herner Gesamtbev\u00f6lkerung). Davon waren 1.706 Einwohner \u00e4lter als 65 Jahre (20,6 %) und 5.564 Einwohner (67,2 %) zwischen 15 und 65 Jahre alt.<\/p>\n<p>Wie in allen Stadtteilen ist zu erwarten, dass durch demografische Faktoren der Anteil der \u00e4lteren Bev\u00f6lkerung in den n\u00e4chsten Jahren stetig zunimmt. Durch die Schaffung geeigneter Versorgungsstrukturen im Zuge der Quartiersentwicklung soll dieser Entwicklung entgegen gewirkt werden.<\/p>\n<p>Von den 4.006 Haushalten in den statistischen Bezirken sind 1.629 Einpersonen-Haushalte (40,6 %). Zahlen \u00fcber die Altersverteilung liegen hier nicht vor. Es ist aber davon auszugehen, dass die Faktoren Einpersonen-Haushalt und \u00e4lter werdende Bev\u00f6lkerung zu weiteren Herausforderungen in der Quartiersentwicklung f\u00fchren werden.<\/p>\n<p>Von den 733 Menschen mit Migrationshintergrund in den beschriebenen Bezirken geh\u00f6rten 96 der Altersgruppe \u00fcber 65 Jahre an. Dies entspricht einem Anteil von 13,1 % was f\u00fcr die Stadt Herne als leicht \u00fcberdurchschnittlich angesehen werden kann. Ein Bestandteil von Quartiersentwicklung muss auch die Integration von Menschen mit Migrationshintergrund in die Ma\u00dfnahmen zur Quartiersentwicklung sein.<\/p>\n<p>Gerade die Pflegebed\u00fcrftigkeit und die Gesundheitsversorgung dieser Personengruppe aber auch niederschwellige Angebote im Zuge einer interkulturellen \u00d6ffnung m\u00fcssen als wichtige Aspekte Ber\u00fccksichtigung finden.<\/p>\n<p>Die Versorgung der Bewohner des Stadtteils R\u00f6hlinghausen erfolgt in den Lebensbereichen<\/p>\n<ul>\n<li>Versorgung<\/li>\n<li>Wohnen<\/li>\n<li>Religiosit\u00e4t<\/li>\n<li>Kultur<\/li>\n<li>Gemeinschaftserleben<\/li>\n<li>Beratung<\/li>\n<\/ul>\n<p>wohnortnah und bildet somit die Bed\u00fcrfnisse des Menschen als Ganzes ab. Ein Gef\u00fchl der gesellschaftlichen Verantwortung entsteht durch Beteiligung und Mitbestimmung f\u00fcr die Menschen des Quartiers und f\u00fcr das Quartier als Lebensraum.<\/p>\n<p>Eine st\u00e4ndige \u00dcberpr\u00fcfung, ggfs. Korrektur und Weiterentwicklung der Ma\u00dfnahmen m\u00fcssen selbstverst\u00e4ndlich sein. Die Nachhaltigkeit ist durch Evaluation und \u00dcberpr\u00fcfung auf \u00dcbertragbarkeit in andere kommunale Quartiere gegeben.<\/p>\n","protected":false},"excerpt":{"rendered":"<p>R\u00f6hlinghausen geh\u00f6rt zum Stadtbezirk Eickel. F\u00fcr statistische Aussagen zur Bev\u00f6lkerungsstruktur wurden Daten des Stadtstrukturatlas Herne \u2013 Abschnitt Bev\u00f6lkerung (2012) herangezogen. Dabei wurden die Zahlen der statistischen Bezirke R\u00f6hlinghausen-Kern und K\u00f6nigsgrube zu Grunde gelegt. Eine Bewertung der Daten steht dabei unter dem Vorbehalt, dass sich Quartiersgrenzen nicht zwingend mit Stadtteilgrenzen und schon gar nicht mit statistischen&hellip; <a class=\"continue\" href=\"https:\/\/unser-quartier.de\/roehlinghausen\/ueber-uns\/die-struktur-des-quartieres-roehlinghausen\/\" data-wpel-link=\"internal\">\u2192 weiter lesen:<span> Die Struktur des Quartieres R\u00f6hlinghausen<\/span><\/a><\/p>\n","protected":false},"author":441,"featured_media":0,"parent":3323,"menu_order":2,"comment_status":"closed","ping_status":"closed","template":"","meta":{"generate_page_header":"","footnotes":""},"class_list":["post-3312","page","type-page","status-publish"],"_links":{"self":[{"href":"https:\/\/unser-quartier.de\/roehlinghausen\/wp-json\/wp\/v2\/pages\/3312","targetHints":{"allow":["GET"]}}],"collection":[{"href":"https:\/\/unser-quartier.de\/roehlinghausen\/wp-json\/wp\/v2\/pages"}],"about":[{"href":"https:\/\/unser-quartier.de\/roehlinghausen\/wp-json\/wp\/v2\/types\/page"}],"author":[{"embeddable":true,"href":"https:\/\/unser-quartier.de\/roehlinghausen\/wp-json\/wp\/v2\/users\/441"}],"replies":[{"embeddable":true,"href":"https:\/\/unser-quartier.de\/roehlinghausen\/wp-json\/wp\/v2\/comments?post=3312"}],"version-history":[{"count":0,"href":"https:\/\/unser-quartier.de\/roehlinghausen\/wp-json\/wp\/v2\/pages\/3312\/revisions"}],"up":[{"embeddable":true,"href":"https:\/\/unser-quartier.de\/roehlinghausen\/wp-json\/wp\/v2\/pages\/3323"}],"wp:attachment":[{"href":"https:\/\/unser-quartier.de\/roehlinghausen\/wp-json\/wp\/v2\/media?parent=3312"}],"curies":[{"name":"wp","href":"https:\/\/api.w.org\/{rel}","templated":true}]}}