{"id":3323,"date":"2017-03-12T13:43:48","date_gmt":"2017-03-12T12:43:48","guid":{"rendered":"https:\/\/unser-quartier.de\/roehlinghausen\/?page_id=3323"},"modified":"2018-02-22T22:23:37","modified_gmt":"2018-02-22T21:23:37","slug":"ueber-uns","status":"publish","type":"page","link":"https:\/\/unser-quartier.de\/roehlinghausen\/ueber-uns\/","title":{"rendered":"\u00dcber uns"},"content":{"rendered":"<p>Hier finden Sie Informationen \u00fcber das Thema Quartiersentwicklung R\u00f6hlinghausen, die Idee und zu den Personen, die diese Seite gestalten, sowie unsere Ziele !<\/p>\n<p><a href=\"https:\/\/unser-quartier.de\/roehlinghausen\/ueber-uns\/die-struktur-des-quartieres-roehlinghausen\/\" target=\"_blank\" rel=\"noopener\" data-wpel-link=\"internal\">Die Struktur des Quartieres R\u00f6hlinghausen.<\/a><\/p>\n<p><a href=\"https:\/\/unser-quartier.de\/roehlinghausen\/ueber-uns\/diese-seite\/\" target=\"_blank\" rel=\"noopener\" data-wpel-link=\"internal\">Die Idee,<\/a> Stadtteile sollen f\u00fcr \u00e4ltere Menschen attraktiv bleiben.<\/p>\n<p><a href=\"https:\/\/unser-quartier.de\/roehlinghausen\/ueber-uns\/die-redaktion\/\" target=\"_blank\" rel=\"noopener\" data-wpel-link=\"internal\">Das Redaktionsteam.<\/a><\/p>\n<p><a href=\"https:\/\/unser-quartier.de\/roehlinghausen\/ueber-uns\/redaktionsstatus\/\" target=\"_blank\" rel=\"noopener\" data-wpel-link=\"internal\">Unser Redaktionsstatus.<\/a><\/p>\n<p><a href=\"https:\/\/unser-quartier.de\/roehlinghausen\/ueber-uns\/kooperationspartner\/\" target=\"_blank\" rel=\"noopener\" data-wpel-link=\"internal\">Unsere Kooperationspartner.<\/a><\/p>\n<p>Sie haben Spa\u00df am Fotografieren, Texte Schreiben und Sie m\u00f6chten die Internetseite pflegen? F\u00fcr Ihre Fragen, Anregungen und falls wir Ihr Interesse geweckt haben sollten in unserem Redaktionsteam mitzuwirken, nehmen Sie <a href=\"https:\/\/unser-quartier.de\/roehlinghausen\/kontaktimpressum\/kontakt\/\" target=\"_blank\" rel=\"noopener\" data-wpel-link=\"internal\">Kontakt zu uns <\/a>auf. Wir freuen uns auf Sie!<\/p>\n","protected":false},"excerpt":{"rendered":"<p>Hier finden Sie Informationen \u00fcber das Thema Quartiersentwicklung R\u00f6hlinghausen, die Idee und zu den Personen, die diese Seite gestalten, sowie unsere Ziele ! Die Struktur des Quartieres R\u00f6hlinghausen. Die Idee, Stadtteile sollen f\u00fcr \u00e4ltere Menschen attraktiv bleiben. Das Redaktionsteam. Unser Redaktionsstatus. Unsere Kooperationspartner. Sie haben Spa\u00df am Fotografieren, Texte Schreiben und Sie m\u00f6chten die Internetseite&hellip; <a class=\"continue\" href=\"https:\/\/unser-quartier.de\/roehlinghausen\/ueber-uns\/\" data-wpel-link=\"internal\">\u2192 weiter lesen:<span> \u00dcber uns<\/span><\/a><\/p>\n","protected":false},"author":441,"featured_media":0,"parent":0,"menu_order":13,"comment_status":"closed","ping_status":"closed","template":"","meta":{"generate_page_header":"","footnotes":""},"class_list":["post-3323","page","type-page","status-publish"],"_links":{"self":[{"href":"https:\/\/unser-quartier.de\/roehlinghausen\/wp-json\/wp\/v2\/pages\/3323","targetHints":{"allow":["GET"]}}],"collection":[{"href":"https:\/\/unser-quartier.de\/roehlinghausen\/wp-json\/wp\/v2\/pages"}],"about":[{"href":"https:\/\/unser-quartier.de\/roehlinghausen\/wp-json\/wp\/v2\/types\/page"}],"author":[{"embeddable":true,"href":"https:\/\/unser-quartier.de\/roehlinghausen\/wp-json\/wp\/v2\/users\/441"}],"replies":[{"embeddable":true,"href":"https:\/\/unser-quartier.de\/roehlinghausen\/wp-json\/wp\/v2\/comments?post=3323"}],"version-history":[{"count":0,"href":"https:\/\/unser-quartier.de\/roehlinghausen\/wp-json\/wp\/v2\/pages\/3323\/revisions"}],"wp:attachment":[{"href":"https:\/\/unser-quartier.de\/roehlinghausen\/wp-json\/wp\/v2\/media?parent=3323"}],"curies":[{"name":"wp","href":"https:\/\/api.w.org\/{rel}","templated":true}]}}