{"id":3335,"date":"2017-03-13T08:26:04","date_gmt":"2017-03-13T07:26:04","guid":{"rendered":"https:\/\/unser-quartier.de\/roehlinghausen\/?page_id=3335"},"modified":"2018-03-26T12:32:49","modified_gmt":"2018-03-26T10:32:49","slug":"fuer-senioren-2","status":"publish","type":"page","link":"https:\/\/unser-quartier.de\/roehlinghausen\/fuer-senioren-2\/","title":{"rendered":"F\u00fcr Senioren"},"content":{"rendered":"<p>\u00c4lter werden in Herne \/ R\u00f6hlinghausen . Viele Fragen &#8211; hier finden Sie Antworten f\u00fcr einige besondere Situationen.<\/p>\n<p><a href=\"https:\/\/unser-quartier.de\/roehlinghausen\/fuer-senioren-2\/wichtige-telefonnummern\/\" data-wpel-link=\"internal\">Wichtige Telefonnummern<\/a><\/p>\n<p><a href=\"https:\/\/unser-quartier.de\/roehlinghausen\/fuer-senioren-2\/wohnen-im-alter\/\" data-wpel-link=\"internal\">Wohnen im Alter<\/a><\/p>\n<p><a href=\"https:\/\/unser-quartier.de\/roehlinghausen\/fuer-senioren-2\/gesundheit\/\" data-wpel-link=\"internal\">Gesundheit und Vorsorge<\/a><\/p>\n<p><a href=\"https:\/\/unser-quartier.de\/roehlinghausen\/fuer-senioren-2\/unterstuetzung-im-alter\/\" target=\"_blank\" rel=\"noopener noreferrer\" data-wpel-link=\"internal\">Unterst\u00fctzung im Alter<\/a><\/p>\n<p><a href=\"https:\/\/unser-quartier.de\/roehlinghausen\/fuer-senioren-2\/der-beirat\/\" data-wpel-link=\"internal\">Der Beirat f\u00fcr Seniorinnen und Senioren<\/a><\/p>\n<p><a href=\"https:\/\/unser-quartier.de\/roehlinghausen\/fuer-senioren-2\/freizeit\/\" data-wpel-link=\"internal\">Freizeit und Bildung<\/a><\/p>\n","protected":false},"excerpt":{"rendered":"<p>\u00c4lter werden in Herne \/ R\u00f6hlinghausen . Viele Fragen &#8211; hier finden Sie Antworten f\u00fcr einige besondere Situationen. Wichtige Telefonnummern Wohnen im Alter Gesundheit und Vorsorge Unterst\u00fctzung im Alter Der Beirat f\u00fcr Seniorinnen und Senioren Freizeit und Bildung<\/p>\n","protected":false},"author":441,"featured_media":0,"parent":0,"menu_order":9,"comment_status":"closed","ping_status":"closed","template":"","meta":{"generate_page_header":"","footnotes":""},"class_list":["post-3335","page","type-page","status-publish"],"_links":{"self":[{"href":"https:\/\/unser-quartier.de\/roehlinghausen\/wp-json\/wp\/v2\/pages\/3335","targetHints":{"allow":["GET"]}}],"collection":[{"href":"https:\/\/unser-quartier.de\/roehlinghausen\/wp-json\/wp\/v2\/pages"}],"about":[{"href":"https:\/\/unser-quartier.de\/roehlinghausen\/wp-json\/wp\/v2\/types\/page"}],"author":[{"embeddable":true,"href":"https:\/\/unser-quartier.de\/roehlinghausen\/wp-json\/wp\/v2\/users\/441"}],"replies":[{"embeddable":true,"href":"https:\/\/unser-quartier.de\/roehlinghausen\/wp-json\/wp\/v2\/comments?post=3335"}],"version-history":[{"count":0,"href":"https:\/\/unser-quartier.de\/roehlinghausen\/wp-json\/wp\/v2\/pages\/3335\/revisions"}],"wp:attachment":[{"href":"https:\/\/unser-quartier.de\/roehlinghausen\/wp-json\/wp\/v2\/media?parent=3335"}],"curies":[{"name":"wp","href":"https:\/\/api.w.org\/{rel}","templated":true}]}}