{"id":3493,"date":"2017-03-17T10:34:30","date_gmt":"2017-03-17T09:34:30","guid":{"rendered":"https:\/\/unser-quartier.de\/roehlinghausen\/?page_id=3493"},"modified":"2024-12-29T20:34:20","modified_gmt":"2024-12-29T19:34:20","slug":"freizeit","status":"publish","type":"page","link":"https:\/\/unser-quartier.de\/roehlinghausen\/fuer-senioren-2\/freizeit\/","title":{"rendered":"Freizeit"},"content":{"rendered":"\n<h2><strong><span style=\"color: #993366;\">Begegnungen<\/span><\/strong><\/h2>\n<p>Reisen mit dem DRK-Kreisverband\u00a0 <br \/>\nEs ist eine Seniorenerholungsma\u00dfnahme. Reiseziele und Unterk\u00fcnfte haben eine freundliche und famili\u00e4re Atmosph\u00e4re.<\/p>\n<h2><strong><span style=\"color: #993366;\">Bildung<\/span><\/strong><\/h2>\n<p><a href=\"http:\/\/www.herne.de\/Familie-und-Bildung\/Au%C3%9Ferschulische-Bildung\/Stadtbibliothek\/\" target=\"_blank\" rel=\"noopener noreferrer follow external\" data-wpel-link=\"external\" title=\"Externer Link: \" class=\"ext-link wpel-icon-right\">Die Stadtbibliothek<span class=\"wpel-icon wpel-image wpel-icon-6\"><\/span><\/a><\/p>\n<p><a href=\"http:\/\/www.herne.de\/Familie-und-Bildung\/Au%C3%9Ferschulische-Bildung\/Musikschule\/\" target=\"_blank\" rel=\"noopener noreferrer follow external\" data-wpel-link=\"external\" title=\"Externer Link: \" class=\"ext-link wpel-icon-right\">Die st\u00e4dtische Musikschule<span class=\"wpel-icon wpel-image wpel-icon-6\"><\/span><\/a><\/p>\n<p><a href=\"http:\/\/www.vhs-herne.de\/\" target=\"_blank\" rel=\"noopener noreferrer follow external\" data-wpel-link=\"external\" title=\"Externer Link: \" class=\"ext-link wpel-icon-right\">Die Volkshochschule<span class=\"wpel-icon wpel-image wpel-icon-6\"><\/span><\/a>\u00a0 <br \/>\nFast 14.500 Hernerinnen und Herner fanden im letzten Jahr den Weg in die VHS. Ein vielf\u00e4ltiges Kursangebot. F\u00fcr jeden etwas, hei\u00dft in der VHS auch: f\u00fcr jeden bezahlbar.<acronym title=\"Volkshochschule\"><\/acronym><\/p>\n<h2><strong><span style=\"color: #993366;\">Kultur<\/span><\/strong><\/h2>\n<p><a href=\"http:\/\/www.herne.de\/Kultur-und-Freizeit\/Kulturorte\/\" target=\"_blank\" rel=\"noopener noreferrer follow external\" data-wpel-link=\"external\" title=\"Externer Link: \" class=\"ext-link wpel-icon-right\">Kulturorte der Stadt Herne.de<span class=\"wpel-icon wpel-image wpel-icon-6\"><\/span><\/a>. <br \/>\nEin vielf\u00e4ltiges Angebot.<\/p>\n<p><a href=\"https:\/\/www.stadtmarketing-herne.de\/entdecken\/\" data-wpel-link=\"external\" target=\"_blank\" rel=\"follow external noopener noreferrer\" title=\"Externer Link: \" class=\"ext-link wpel-icon-right\">Stadtmarketing Herne Kultur entdecken<span class=\"wpel-icon wpel-image wpel-icon-6\"><\/span><\/a><br \/>\nEin \u00dcberblick \u00fcber Ausfl\u00fcge per Bus, Segway oder zu Fu\u00df. \u00dcber Orte und Veranstaltungen.<\/p>\n<p><a href=\"https:\/\/inherne.net\/\" data-wpel-link=\"external\" target=\"_blank\" rel=\"follow external noopener noreferrer\" title=\"Externer Link: \" class=\"ext-link wpel-icon-right\">inHerne<span class=\"wpel-icon wpel-image wpel-icon-6\"><\/span><\/a><br \/>\ndas Stadtmagazin<\/p>\n<h2><strong><span style=\"color: #993366;\">Sport<\/span><\/strong><\/h2>\n<p>Willkommen in der<a href=\"http:\/\/www.herne.de\/Kultur-und-Freizeit\/Sport\/\" target=\"_blank\" rel=\"noopener noreferrer follow external\" data-wpel-link=\"external\" title=\"Externer Link: \" class=\"ext-link wpel-icon-right\"> Sportstadt Herne.<span class=\"wpel-icon wpel-image wpel-icon-6\"><\/span><\/a><\/p>\n<p><a href=\"http:\/\/www.ssb-herne.de\/programme-des-ssb\/bewegt-aelter-werden\/\" target=\"_blank\" rel=\"noopener noreferrer follow external\" data-wpel-link=\"external\" title=\"Externer Link: \" class=\"ext-link wpel-icon-right\">Stadtsportbund Herne <span class=\"wpel-icon wpel-image wpel-icon-6\"><\/span><\/a><br \/>\nBewegt \u00c4LTER werden <br \/>\nDas Programm zielt darauf ab, Sportvereine zu ermuntern, vielf\u00e4ltige altersgerechte Bewegungs-, Spiel- und Sportangebote anzubieten und einen Vereinsschwerpunkt \u201eSport f\u00fcr \u00c4ltere\u201c einzurichten. Durch altersgerechte Angebote sollen ein aktives Leben bis ins hohe Alter erm\u00f6glicht und das soziale Potenzial \u00e4lterer Menschen f\u00fcr ehrenamtliches Engagement genutzt werden.<\/p>\n<p>Ihre Ansprechpartnerin:<\/p>\n<p>Elke Edlinger<br \/>\nKoordinatorin\u00a0Bewegt \u00c4LTER werden<br \/>\n<a href=\"mailto:elke.edlinger@sssb-herne.de\">elke.edlinger@sssb-herne.de<\/a><br \/>\nTelefon: 02323 9180630<br \/>\nMontags\u00a0 09.00 \u2013 15.00 Uhr<\/p>\n<p><a href=\"http:\/\/www.aq-nrw.de\/quartier-gestalten\/modulbaukasten\/modul-187-barfuss-sinnepfad-im-quartier\/\" data-wpel-link=\"external\" target=\"_blank\" rel=\"follow external noopener noreferrer\" title=\"Externer Link: \" class=\"ext-link wpel-icon-right\">Der Sinnesfu\u00dfpfad in R\u00f6hlinghausen<span class=\"wpel-icon wpel-image wpel-icon-6\"><\/span><\/a> <br \/>\nDas Projekt \u201eBarfu\u00dfsinnespfad\u201c des Turnvereins Wanne 1885 e. V., ist Teil des Entwicklungsprojektes \u201eSportvereine im Quartier\u201c des Landessportbundes Nordrhein-Westfalen.\u00a0Grundlage ist der Masterplan \u201ealtengerechte Quartiere\u201c der NRW-Landesregierung.<\/p>\n","protected":false},"excerpt":{"rendered":"<p>Begegnungen Reisen mit dem DRK-Kreisverband\u00a0 Es ist eine Seniorenerholungsma\u00dfnahme. Reiseziele und Unterk\u00fcnfte haben eine freundliche und famili\u00e4re Atmosph\u00e4re. Bildung Die Stadtbibliothek Die st\u00e4dtische Musikschule Die Volkshochschule\u00a0 Fast 14.500 Hernerinnen und Herner fanden im letzten Jahr den Weg in die VHS. Ein vielf\u00e4ltiges Kursangebot. F\u00fcr jeden etwas, hei\u00dft in der VHS auch: f\u00fcr jeden bezahlbar. Kultur&hellip; <a class=\"continue\" href=\"https:\/\/unser-quartier.de\/roehlinghausen\/fuer-senioren-2\/freizeit\/\" data-wpel-link=\"internal\">\u2192 weiter lesen:<span> Freizeit<\/span><\/a><\/p>\n","protected":false},"author":441,"featured_media":0,"parent":3335,"menu_order":7,"comment_status":"closed","ping_status":"closed","template":"","meta":{"generate_page_header":"","footnotes":""},"class_list":["post-3493","page","type-page","status-publish"],"_links":{"self":[{"href":"https:\/\/unser-quartier.de\/roehlinghausen\/wp-json\/wp\/v2\/pages\/3493","targetHints":{"allow":["GET"]}}],"collection":[{"href":"https:\/\/unser-quartier.de\/roehlinghausen\/wp-json\/wp\/v2\/pages"}],"about":[{"href":"https:\/\/unser-quartier.de\/roehlinghausen\/wp-json\/wp\/v2\/types\/page"}],"author":[{"embeddable":true,"href":"https:\/\/unser-quartier.de\/roehlinghausen\/wp-json\/wp\/v2\/users\/441"}],"replies":[{"embeddable":true,"href":"https:\/\/unser-quartier.de\/roehlinghausen\/wp-json\/wp\/v2\/comments?post=3493"}],"version-history":[{"count":2,"href":"https:\/\/unser-quartier.de\/roehlinghausen\/wp-json\/wp\/v2\/pages\/3493\/revisions"}],"predecessor-version":[{"id":28609,"href":"https:\/\/unser-quartier.de\/roehlinghausen\/wp-json\/wp\/v2\/pages\/3493\/revisions\/28609"}],"up":[{"embeddable":true,"href":"https:\/\/unser-quartier.de\/roehlinghausen\/wp-json\/wp\/v2\/pages\/3335"}],"wp:attachment":[{"href":"https:\/\/unser-quartier.de\/roehlinghausen\/wp-json\/wp\/v2\/media?parent=3493"}],"curies":[{"name":"wp","href":"https:\/\/api.w.org\/{rel}","templated":true}]}}