{"id":9619,"date":"2018-10-12T09:14:12","date_gmt":"2018-10-12T07:14:12","guid":{"rendered":"https:\/\/unser-quartier.de\/roehlinghausen\/?page_id=9619"},"modified":"2025-03-18T22:22:04","modified_gmt":"2025-03-18T21:22:04","slug":"unsere-kleine-radzour-2018","status":"publish","type":"page","link":"https:\/\/unser-quartier.de\/roehlinghausen\/zwar\/gruppe-radfahren\/unsere-kleine-radzour-2018\/","title":{"rendered":"Unsere kleine Radtour 2018"},"content":{"rendered":"<p>Die Tour wurde geplant von Reinhard Herget.<\/p>\n<p>Wir trafen uns wie \u00fcblich am Altenhilfezentrum in R\u00f6hlinghausen und radelten in einer fr\u00f6hlichen 7er Gruppe mit reiner Muskelkraft \u00fcber die sch\u00f6ne Erzbahntrasse&nbsp;in Richtung Ruhrzoo bis zum Kanal. Dort entlang bis zur Marina Gelsenkirchen, mit einem kleinen Zwischenstopp, um die Aussicht von der neuen Br\u00fccke zu genie\u00dfen.<\/p>\n<p>Von dort radelten wir \u00fcber die Schleuse Gelsenkirchen zum ehemaligen BuGa Gel\u00e4nde, dem heutigen Nordsternpark. Da \u00fcbermannte uns pl\u00f6tzlich der Spieltrieb und wir machten eine kleine Flo\u00dffahrt. Hier war mal nicht die Kraft in den Beinen sondern Muskelkraft in den Armen gefragt. Aber gemeinsam schafften wir auch das! Wir hatten auf jeden Fall sehr viel Spa\u00df!<\/p>\n<p>Nach einer sch\u00f6nen, ausgiebigen Pause fuhren wir \u00fcber die neue Trasse in Richtung Zollverein, vorbei am Revierpark Nienhausen. Immer sch\u00f6n gem\u00fctlich ohne Hast! Am Ph\u00e4nomenia Erfahrungsfeld mit seinem alten F\u00f6rderschacht machten wir noch eine kleine Pause. Weiter ging es dann in Richtung Quartier R\u00f6hlinghausen.<\/p>\n<p>Es war eine sch\u00f6ne Radtour, bei der auch etwas unge\u00fcbte Radler, nur mit Muskelkraft, gut mitkamen. Insgesamt kann man sagen: Viel Spa\u00df und am Ende noch gute Laune! Das ist es, was z\u00e4hlt.&nbsp;&nbsp;<\/p>\n<p>Verfasser: Reinhard Sch\u00f6ngarth<\/p>\n<p>Bildergalerie<\/p>\n<div id='gallery-1' class='gallery galleryid-9619 gallery-columns-2 gallery-size-medium'><figure class='gallery-item'>\n\t\t\t<div class='gallery-icon landscape'>\n\t\t\t\t<a href=\"https:\/\/unser-quartier.de\/roehlinghausen\/radtour-8-9-2\/\" data-wpel-link=\"internal\"><img loading=\"lazy\" decoding=\"async\" width=\"300\" height=\"169\" src=\"https:\/\/unser-quartier.de\/roehlinghausen\/files\/2018\/10\/Radtour-8.9-2-300x169.jpg\" class=\"attachment-medium size-medium\" alt=\"ZWAR Radtour\" aria-describedby=\"gallery-1-9630\" srcset=\"https:\/\/unser-quartier.de\/roehlinghausen\/files\/2018\/10\/Radtour-8.9-2-300x169.jpg 300w, https:\/\/unser-quartier.de\/roehlinghausen\/files\/2018\/10\/Radtour-8.9-2-150x84.jpg 150w, https:\/\/unser-quartier.de\/roehlinghausen\/files\/2018\/10\/Radtour-8.9-2-768x432.jpg 768w, https:\/\/unser-quartier.de\/roehlinghausen\/files\/2018\/10\/Radtour-8.9-2-1024x576.jpg 1024w, https:\/\/unser-quartier.de\/roehlinghausen\/files\/2018\/10\/Radtour-8.9-2.jpg 1200w\" sizes=\"auto, (max-width: 300px) 100vw, 300px\" \/><\/a>\n\t\t\t<\/div>\n\t\t\t\t<figcaption class='wp-caption-text gallery-caption' id='gallery-1-9630'>\n\t\t\t\tein kleiner Zwischenstopp\n\t\t\t\t<\/figcaption><\/figure><figure class='gallery-item'>\n\t\t\t<div class='gallery-icon landscape'>\n\t\t\t\t<a href=\"https:\/\/unser-quartier.de\/roehlinghausen\/radtour-8-9-1\/\" data-wpel-link=\"internal\"><img loading=\"lazy\" decoding=\"async\" width=\"300\" height=\"169\" src=\"https:\/\/unser-quartier.de\/roehlinghausen\/files\/2018\/10\/Radtour-8.9-1-300x169.jpg\" class=\"attachment-medium size-medium\" alt=\"ZWAR Radtour\" aria-describedby=\"gallery-1-9629\" srcset=\"https:\/\/unser-quartier.de\/roehlinghausen\/files\/2018\/10\/Radtour-8.9-1-300x169.jpg 300w, https:\/\/unser-quartier.de\/roehlinghausen\/files\/2018\/10\/Radtour-8.9-1-150x84.jpg 150w, https:\/\/unser-quartier.de\/roehlinghausen\/files\/2018\/10\/Radtour-8.9-1-768x432.jpg 768w, https:\/\/unser-quartier.de\/roehlinghausen\/files\/2018\/10\/Radtour-8.9-1-1024x576.jpg 1024w, https:\/\/unser-quartier.de\/roehlinghausen\/files\/2018\/10\/Radtour-8.9-1.jpg 1200w\" sizes=\"auto, (max-width: 300px) 100vw, 300px\" \/><\/a>\n\t\t\t<\/div>\n\t\t\t\t<figcaption class='wp-caption-text gallery-caption' id='gallery-1-9629'>\n\t\t\t\tsch\u00f6nes Wetter, gute Laune, l\u00e4cheln f\u00fcr den Fotografen\n\t\t\t\t<\/figcaption><\/figure><figure class='gallery-item'>\n\t\t\t<div class='gallery-icon landscape'>\n\t\t\t\t<a href=\"https:\/\/unser-quartier.de\/roehlinghausen\/radtour-8-9-3\/\" data-wpel-link=\"internal\"><img loading=\"lazy\" decoding=\"async\" width=\"300\" height=\"169\" src=\"https:\/\/unser-quartier.de\/roehlinghausen\/files\/2018\/10\/Radtour-8.9-3-300x169.jpg\" class=\"attachment-medium size-medium\" alt=\"ZWAR Radtour\" aria-describedby=\"gallery-1-9631\" srcset=\"https:\/\/unser-quartier.de\/roehlinghausen\/files\/2018\/10\/Radtour-8.9-3-300x169.jpg 300w, https:\/\/unser-quartier.de\/roehlinghausen\/files\/2018\/10\/Radtour-8.9-3-150x84.jpg 150w, https:\/\/unser-quartier.de\/roehlinghausen\/files\/2018\/10\/Radtour-8.9-3-768x432.jpg 768w, https:\/\/unser-quartier.de\/roehlinghausen\/files\/2018\/10\/Radtour-8.9-3-1024x576.jpg 1024w, https:\/\/unser-quartier.de\/roehlinghausen\/files\/2018\/10\/Radtour-8.9-3.jpg 1200w\" sizes=\"auto, (max-width: 300px) 100vw, 300px\" \/><\/a>\n\t\t\t<\/div>\n\t\t\t\t<figcaption class='wp-caption-text gallery-caption' id='gallery-1-9631'>\n\t\t\t\tgemeinsam gut ausbalanciert\n\t\t\t\t<\/figcaption><\/figure><figure class='gallery-item'>\n\t\t\t<div class='gallery-icon landscape'>\n\t\t\t\t<a href=\"https:\/\/unser-quartier.de\/roehlinghausen\/radtour-8-9-5\/\" data-wpel-link=\"internal\"><img loading=\"lazy\" decoding=\"async\" width=\"300\" height=\"225\" src=\"https:\/\/unser-quartier.de\/roehlinghausen\/files\/2018\/10\/Radtour-8.9-5-300x225.jpg\" class=\"attachment-medium size-medium\" alt=\"ZWAR Radtour\" aria-describedby=\"gallery-1-9633\" srcset=\"https:\/\/unser-quartier.de\/roehlinghausen\/files\/2018\/10\/Radtour-8.9-5-300x225.jpg 300w, https:\/\/unser-quartier.de\/roehlinghausen\/files\/2018\/10\/Radtour-8.9-5-150x113.jpg 150w, https:\/\/unser-quartier.de\/roehlinghausen\/files\/2018\/10\/Radtour-8.9-5-768x576.jpg 768w, https:\/\/unser-quartier.de\/roehlinghausen\/files\/2018\/10\/Radtour-8.9-5-1024x768.jpg 1024w, https:\/\/unser-quartier.de\/roehlinghausen\/files\/2018\/10\/Radtour-8.9-5.jpg 1200w\" sizes=\"auto, (max-width: 300px) 100vw, 300px\" \/><\/a>\n\t\t\t<\/div>\n\t\t\t\t<figcaption class='wp-caption-text gallery-caption' id='gallery-1-9633'>\n\t\t\t\tna, die Gewichtsverteilung stimmt nicht ganz&#8230;\n\t\t\t\t<\/figcaption><\/figure><figure class='gallery-item'>\n\t\t\t<div class='gallery-icon landscape'>\n\t\t\t\t<a href=\"https:\/\/unser-quartier.de\/roehlinghausen\/radtour-8-9-4\/\" data-wpel-link=\"internal\"><img loading=\"lazy\" decoding=\"async\" width=\"300\" height=\"169\" src=\"https:\/\/unser-quartier.de\/roehlinghausen\/files\/2018\/10\/Radtour-8.9-4-300x169.jpg\" class=\"attachment-medium size-medium\" alt=\"ZWAR Radtour\" aria-describedby=\"gallery-1-9632\" srcset=\"https:\/\/unser-quartier.de\/roehlinghausen\/files\/2018\/10\/Radtour-8.9-4-300x169.jpg 300w, https:\/\/unser-quartier.de\/roehlinghausen\/files\/2018\/10\/Radtour-8.9-4-150x84.jpg 150w, https:\/\/unser-quartier.de\/roehlinghausen\/files\/2018\/10\/Radtour-8.9-4-768x432.jpg 768w, https:\/\/unser-quartier.de\/roehlinghausen\/files\/2018\/10\/Radtour-8.9-4-1024x576.jpg 1024w, https:\/\/unser-quartier.de\/roehlinghausen\/files\/2018\/10\/Radtour-8.9-4.jpg 1200w\" sizes=\"auto, (max-width: 300px) 100vw, 300px\" \/><\/a>\n\t\t\t<\/div>\n\t\t\t\t<figcaption class='wp-caption-text gallery-caption' id='gallery-1-9632'>\n\t\t\t\tausgiebige Pause, eine fr\u00f6hliche Runde\n\t\t\t\t<\/figcaption><\/figure>\n\t\t<\/div>\n\n","protected":false},"excerpt":{"rendered":"<p>Die Tour wurde geplant von Reinhard Herget. Wir trafen uns wie \u00fcblich am Altenhilfezentrum in R\u00f6hlinghausen und radelten in einer fr\u00f6hlichen 7er Gruppe mit reiner Muskelkraft \u00fcber die sch\u00f6ne Erzbahntrasse&nbsp;in Richtung Ruhrzoo bis zum Kanal. Dort entlang bis zur Marina Gelsenkirchen, mit einem kleinen Zwischenstopp, um die Aussicht von der neuen Br\u00fccke zu genie\u00dfen. Von&hellip; <a class=\"continue\" href=\"https:\/\/unser-quartier.de\/roehlinghausen\/zwar\/gruppe-radfahren\/unsere-kleine-radzour-2018\/\" data-wpel-link=\"internal\">\u2192 weiter lesen:<span> Unsere kleine Radtour 2018<\/span><\/a><\/p>\n","protected":false},"author":441,"featured_media":0,"parent":8032,"menu_order":5,"comment_status":"closed","ping_status":"closed","template":"","meta":{"generate_page_header":"","footnotes":""},"class_list":["post-9619","page","type-page","status-publish"],"_links":{"self":[{"href":"https:\/\/unser-quartier.de\/roehlinghausen\/wp-json\/wp\/v2\/pages\/9619","targetHints":{"allow":["GET"]}}],"collection":[{"href":"https:\/\/unser-quartier.de\/roehlinghausen\/wp-json\/wp\/v2\/pages"}],"about":[{"href":"https:\/\/unser-quartier.de\/roehlinghausen\/wp-json\/wp\/v2\/types\/page"}],"author":[{"embeddable":true,"href":"https:\/\/unser-quartier.de\/roehlinghausen\/wp-json\/wp\/v2\/users\/441"}],"replies":[{"embeddable":true,"href":"https:\/\/unser-quartier.de\/roehlinghausen\/wp-json\/wp\/v2\/comments?post=9619"}],"version-history":[{"count":2,"href":"https:\/\/unser-quartier.de\/roehlinghausen\/wp-json\/wp\/v2\/pages\/9619\/revisions"}],"predecessor-version":[{"id":29339,"href":"https:\/\/unser-quartier.de\/roehlinghausen\/wp-json\/wp\/v2\/pages\/9619\/revisions\/29339"}],"up":[{"embeddable":true,"href":"https:\/\/unser-quartier.de\/roehlinghausen\/wp-json\/wp\/v2\/pages\/8032"}],"wp:attachment":[{"href":"https:\/\/unser-quartier.de\/roehlinghausen\/wp-json\/wp\/v2\/media?parent=9619"}],"curies":[{"name":"wp","href":"https:\/\/api.w.org\/{rel}","templated":true}]}}