{"id":14,"date":"2014-01-22T08:47:35","date_gmt":"2014-01-22T07:47:35","guid":{"rendered":"http:\/\/unser-quartier.de\/havaube\/?page_id=14"},"modified":"2022-09-01T17:33:25","modified_gmt":"2022-09-01T15:33:25","slug":"kontakt","status":"publish","type":"page","link":"https:\/\/unser-quartier.de\/seniorenclub-duempten\/kontakt\/","title":{"rendered":"Kontakt"},"content":{"rendered":"<p>&nbsp;<\/p>\n<p><strong>SeniorenClub\u00a0 D\u00fcmpten e. V.<\/strong><\/p>\n<p>Oberheidstr. 136<img loading=\"lazy\" decoding=\"async\" class=\"size-full wp-image-3245 alignright\" src=\"https:\/\/unser-quartier.de\/seniorenclub-duempten\/files\/2022\/07\/Bild1-1.jpg\" alt=\"\" width=\"136\" height=\"130\" \/><\/p>\n<p>45475 M\u00fclheim-D\u00fcmpten<\/p>\n<p>Tel.: \u00a0 0208 \/ 75 43 33<\/p>\n<p>Mail: seniorenclub-duempten@gmx.de<\/p>\n","protected":false},"excerpt":{"rendered":"<p>&nbsp; SeniorenClub\u00a0 D\u00fcmpten e. V. Oberheidstr. 136 45475 M\u00fclheim-D\u00fcmpten Tel.: \u00a0 0208 \/ 75 43 33 Mail: seniorenclub-duempten@gmx.de<\/p>\n","protected":false},"author":51,"featured_media":0,"parent":0,"menu_order":6,"comment_status":"closed","ping_status":"closed","template":"","meta":{"generate_page_header":"","footnotes":""},"class_list":["post-14","page","type-page","status-publish"],"_links":{"self":[{"href":"https:\/\/unser-quartier.de\/seniorenclub-duempten\/wp-json\/wp\/v2\/pages\/14","targetHints":{"allow":["GET"]}}],"collection":[{"href":"https:\/\/unser-quartier.de\/seniorenclub-duempten\/wp-json\/wp\/v2\/pages"}],"about":[{"href":"https:\/\/unser-quartier.de\/seniorenclub-duempten\/wp-json\/wp\/v2\/types\/page"}],"author":[{"embeddable":true,"href":"https:\/\/unser-quartier.de\/seniorenclub-duempten\/wp-json\/wp\/v2\/users\/51"}],"replies":[{"embeddable":true,"href":"https:\/\/unser-quartier.de\/seniorenclub-duempten\/wp-json\/wp\/v2\/comments?post=14"}],"version-history":[{"count":0,"href":"https:\/\/unser-quartier.de\/seniorenclub-duempten\/wp-json\/wp\/v2\/pages\/14\/revisions"}],"wp:attachment":[{"href":"https:\/\/unser-quartier.de\/seniorenclub-duempten\/wp-json\/wp\/v2\/media?parent=14"}],"curies":[{"name":"wp","href":"https:\/\/api.w.org\/{rel}","templated":true}]}}